{"id":210038,"date":"2024-02-16T10:45:00","date_gmt":"2024-02-16T10:45:00","guid":{"rendered":"https:\/\/www.tele-radio.com\/informacije-o-kemijskim-propisima-donesenim-od-strane-europske-unije-reach\/"},"modified":"2024-02-19T09:19:06","modified_gmt":"2024-02-19T09:19:06","slug":"informacije-o-kemijskim-propisima-donesenim-od-strane-europske-unije-reach","status":"publish","type":"page","link":"https:\/\/www.tele-radio.com\/hr\/informacije-o-kemijskim-propisima-donesenim-od-strane-europske-unije-reach\/","title":{"rendered":"Informacije o kemijskim propisima donesenim od strane Europske Unije, REACH"},"content":{"rendered":"\n<h2 class=\"wp-block-heading\">Informacije o kemijskim propisima donesenim od strane Europske Unije, REACH<\/h2>\n\n\n\n<p>Tele-Radio i Lysekil AB, mi razvijamo, proizvodimo i prodajemo sisteme radijske kontrole za industrijsku upotrebu. Odr\u017eivost je princip kojim se vodimo. Od samog po\u010detka preuzimamo punu odgovornost za \u017eivotni ciklus proizvoda, dizajniraju\u0107i rje\u0161enja koja minimaliziraju utjecaj na okoli\u0161. <\/p>\n\n\n\n<p>Pridr\u017eavamo se zakona kao \u0161to je kemijska regulativa Europske unije (EU), REACH (registracija, evaluacija, autorizacija i ograni\u010denje kemikalija) koja je stupila na snagu 1. lipnja 2007. Popis kandidata u skladu s \u010dlankom 59. uredbe REACH objavljen je 28. listopada 2008. i redovito je mijenjan, posljednji put 14. lipnja 2023. REACH zahtjeva od Tele-Radio i Lysekil AB da obavijesti kupce te im pru\u017ei informacije ako proizvodi sadr\u017ee vi\u0161e od 0,1% (w\/w) tvari koje izazivaju visoku zabrinutost (SVHC) s popisa kandidata.<\/p>\n\n\n\n<p><strong>Za pristup SVHC deklaraciji, kontaktirajte<\/strong><\/p>\n\n\n<div class=\"wp-block-image\">\n<figure class=\"aligncenter size-large is-resized\"><img loading=\"lazy\" decoding=\"async\" width=\"1200\" height=\"217\" src=\"https:\/\/www.tele-radio.com\/app\/uploads\/\/Middel-1-3-1200x217.png\" alt=\"\" class=\"wp-image-158276\" style=\"width:382px;height:68px\" srcset=\"https:\/\/www.tele-radio.com\/app\/uploads\/Middel-1-3-1200x217.png 1200w, https:\/\/www.tele-radio.com\/app\/uploads\/Middel-1-3-400x72.png 400w, https:\/\/www.tele-radio.com\/app\/uploads\/Middel-1-3-768x139.png 768w, https:\/\/www.tele-radio.com\/app\/uploads\/Middel-1-3-1536x278.png 1536w, https:\/\/www.tele-radio.com\/app\/uploads\/Middel-1-3-750x136.png 750w, https:\/\/www.tele-radio.com\/app\/uploads\/Middel-1-3-500x91.png 500w, https:\/\/www.tele-radio.com\/app\/uploads\/Middel-1-3-1600x290.png 1600w, https:\/\/www.tele-radio.com\/app\/uploads\/Middel-1-3-800x145.png 800w, https:\/\/www.tele-radio.com\/app\/uploads\/Middel-1-3.png 1629w\" sizes=\"auto, (max-width: 1200px) 100vw, 1200px\" \/><\/figure><\/div>","protected":false},"excerpt":{"rendered":"<p>Informacije o kemijskim propisima donesenim od strane Europske Unije, REACH Tele-Radio i Lysekil AB, mi razvijamo, proizvodimo i prodajemo sisteme radijske kontrole za industrijsku upotrebu. Odr\u017eivost je princip kojim se vodimo. Od samog po\u010detka preuzimamo punu odgovornost za \u017eivotni ciklus proizvoda, dizajniraju\u0107i rje\u0161enja koja minimaliziraju utjecaj na okoli\u0161. Pridr\u017eavamo se zakona kao \u0161to je kemijska [&hellip;]<\/p>\n","protected":false},"author":29,"featured_media":0,"parent":0,"menu_order":0,"comment_status":"closed","ping_status":"closed","template":"","meta":{"_acf_changed":false,"footnotes":""},"class_list":["post-210038","page","type-page","status-publish","hentry"],"acf":[],"_links":{"self":[{"href":"https:\/\/www.tele-radio.com\/hr\/wp-json\/wp\/v2\/pages\/210038","targetHints":{"allow":["GET"]}}],"collection":[{"href":"https:\/\/www.tele-radio.com\/hr\/wp-json\/wp\/v2\/pages"}],"about":[{"href":"https:\/\/www.tele-radio.com\/hr\/wp-json\/wp\/v2\/types\/page"}],"author":[{"embeddable":true,"href":"https:\/\/www.tele-radio.com\/hr\/wp-json\/wp\/v2\/users\/29"}],"replies":[{"embeddable":true,"href":"https:\/\/www.tele-radio.com\/hr\/wp-json\/wp\/v2\/comments?post=210038"}],"version-history":[{"count":3,"href":"https:\/\/www.tele-radio.com\/hr\/wp-json\/wp\/v2\/pages\/210038\/revisions"}],"predecessor-version":[{"id":210067,"href":"https:\/\/www.tele-radio.com\/hr\/wp-json\/wp\/v2\/pages\/210038\/revisions\/210067"}],"wp:attachment":[{"href":"https:\/\/www.tele-radio.com\/hr\/wp-json\/wp\/v2\/media?parent=210038"}],"curies":[{"name":"wp","href":"https:\/\/api.w.org\/{rel}","templated":true}]}}