{"id":199265,"date":"2020-05-06T10:54:53","date_gmt":"2020-05-06T10:54:53","guid":{"rendered":"https:\/\/www.tele-radio.com\/custom-foils\/"},"modified":"2023-12-14T10:50:14","modified_gmt":"2023-12-14T10:50:14","slug":"folije-radene-po-narudzbi","status":"publish","type":"page","link":"https:\/\/www.tele-radio.com\/hr\/folije-radene-po-narudzbi\/","title":{"rendered":"Folije ra\u0111ene po narud\u017ebi"},"content":{"rendered":"\n<h1 class=\"wp-block-heading\">Folije ra\u0111ene po narud\u017ebi<\/h1>\n\n\n<h2><em>Va\u0161 logo, boje, simboli ili tekst. Za dodatnu za\u0161titu, sigurnost i prepoznatljivost!<\/em><\/h2>\n<p>\u00a0<\/p>\n<p><img loading=\"lazy\" decoding=\"async\" class=\"alignnone wp-image-199269 size-medium\" src=\"https:\/\/www.tele-radio.com\/app\/uploads\/\/Custom-foils-button-1-400x85.jpg\" alt=\"\" width=\"400\" height=\"85\" srcset=\"https:\/\/www.tele-radio.com\/app\/uploads\/Custom-foils-button-1-400x85.jpg 400w, https:\/\/www.tele-radio.com\/app\/uploads\/Custom-foils-button-1-1200x255.jpg 1200w, https:\/\/www.tele-radio.com\/app\/uploads\/Custom-foils-button-1-768x163.jpg 768w, https:\/\/www.tele-radio.com\/app\/uploads\/Custom-foils-button-1-1536x326.jpg 1536w, https:\/\/www.tele-radio.com\/app\/uploads\/Custom-foils-button-1-750x159.jpg 750w, https:\/\/www.tele-radio.com\/app\/uploads\/Custom-foils-button-1-500x106.jpg 500w, https:\/\/www.tele-radio.com\/app\/uploads\/Custom-foils-button-1-800x170.jpg 800w, https:\/\/www.tele-radio.com\/app\/uploads\/Custom-foils-button-1.jpg 1592w\" sizes=\"auto, (max-width: 400px) 100vw, 400px\" \/><\/p>\n<p style=\"padding-left: 390px;\">Svi na\u0161i predajnici i prijemnici mogu biti isporu\u010deni s folijama koje su dizajnirane po va\u0161oj \u017eelji. Folije slu\u017ee za za\u0161titu predajnika, osiguravaju lak\u0161u i sigurniju upotrebu i doprinose prepoznatljivosti. Izra\u0111ene su od <strong>visoko kvalitetnog industrijskog (3M) materijala<\/strong>. odli\u010dno podnose intenzivnu upotrebu i otporne su na teku\u0107ine i blije\u0111enje. \u00a0Folije nude dodatni za\u0161titni sloj proizvodima. Dizajnirane folije imaju i <strong>sigurnosnu funkciju<\/strong>. Kori\u0161tenjem jasnih simbola, dizajniranih prema va\u0161oj aplikaciji smanjuje se mogu\u0107nost gre\u0161ke. I tako\u0111er ne manje bitno, predajnici sadr\u017ee Va\u0161 korporativni potpis sa logom i bojama.\u00a0 \u00a0 \u00a0<\/p>\n<p><img loading=\"lazy\" decoding=\"async\" class=\"alignnone wp-image-199294 size-medium\" src=\"https:\/\/www.tele-radio.com\/app\/uploads\/\/Custom-foils-button-2-1-400x85.jpg\" alt=\"\" width=\"400\" height=\"85\" srcset=\"https:\/\/www.tele-radio.com\/app\/uploads\/Custom-foils-button-2-1-400x85.jpg 400w, https:\/\/www.tele-radio.com\/app\/uploads\/Custom-foils-button-2-1-1200x255.jpg 1200w, https:\/\/www.tele-radio.com\/app\/uploads\/Custom-foils-button-2-1-768x163.jpg 768w, https:\/\/www.tele-radio.com\/app\/uploads\/Custom-foils-button-2-1-1536x326.jpg 1536w, https:\/\/www.tele-radio.com\/app\/uploads\/Custom-foils-button-2-1-750x159.jpg 750w, https:\/\/www.tele-radio.com\/app\/uploads\/Custom-foils-button-2-1-500x106.jpg 500w, https:\/\/www.tele-radio.com\/app\/uploads\/Custom-foils-button-2-1-800x170.jpg 800w, https:\/\/www.tele-radio.com\/app\/uploads\/Custom-foils-button-2-1.jpg 1592w\" sizes=\"auto, (max-width: 400px) 100vw, 400px\" \/><\/p>\n<p style=\"padding-left: 390px;\">Dizajnirane folije se mogu isporu\u010divati po komadu. Sloboda izbora u dizajnu <strong>kod boja, loga, simbola tipki, fonta teksta, slika ili nekih drugih \u017eeljenih obilje\u017eja<\/strong>. po\u0161aljite nam va\u0161 dizajn ili zamolite nas da dizajniramo foliju prema Va\u0161im idejama.\u00a0<\/p>\n<p>\u00a0<\/p>\n<p><img loading=\"lazy\" decoding=\"async\" class=\"alignnone wp-image-199319 \" src=\"https:\/\/www.tele-radio.com\/app\/uploads\/\/Contact-button-1-400x85.jpg\" alt=\"\" width=\"396\" height=\"84\" srcset=\"https:\/\/www.tele-radio.com\/app\/uploads\/Contact-button-1-400x85.jpg 400w, https:\/\/www.tele-radio.com\/app\/uploads\/Contact-button-1-1200x255.jpg 1200w, https:\/\/www.tele-radio.com\/app\/uploads\/Contact-button-1-768x163.jpg 768w, https:\/\/www.tele-radio.com\/app\/uploads\/Contact-button-1-1536x326.jpg 1536w, https:\/\/www.tele-radio.com\/app\/uploads\/Contact-button-1-750x159.jpg 750w, https:\/\/www.tele-radio.com\/app\/uploads\/Contact-button-1-500x106.jpg 500w, https:\/\/www.tele-radio.com\/app\/uploads\/Contact-button-1-800x170.jpg 800w, https:\/\/www.tele-radio.com\/app\/uploads\/Contact-button-1.jpg 1592w\" sizes=\"auto, (max-width: 396px) 100vw, 396px\" \/><\/p>\n<p>Mo\u017eemo Vam ponuditi dizajniranu foliju za svaki predajnik i prijemnik kao dodatak. ako \u017eelite naru\u010diti prilago\u0111enu foliju <a href=\"https:\/\/www.tele-radio.com\/hr\/kontakt\/\">kontaktirajte<\/a> lokalnog dobavlja\u010da. oni \u0107e Vam ponuditi cijenu, upute, obrasce ili digitalni dizajnerski materijal. Ovisno o Va\u0161im \u017eeljama i uputama napravi se dizajn i \u0161alje se na provjeru.\u00a0<\/p>\n<p>\u00a0<\/p>\n<p><img loading=\"lazy\" decoding=\"async\" class=\"aligncenter wp-image-144020\" src=\"https:\/\/www.tele-radio.com\/app\/uploads\/\/24694-TELE-RADIO-leaflet-custom-foils-A4_2-400x78.jpg\" alt=\"\" width=\"985\" height=\"192\" srcset=\"https:\/\/www.tele-radio.com\/app\/uploads\/24694-TELE-RADIO-leaflet-custom-foils-A4_2-400x78.jpg 400w, https:\/\/www.tele-radio.com\/app\/uploads\/24694-TELE-RADIO-leaflet-custom-foils-A4_2-1200x234.jpg 1200w, https:\/\/www.tele-radio.com\/app\/uploads\/24694-TELE-RADIO-leaflet-custom-foils-A4_2-768x149.jpg 768w, https:\/\/www.tele-radio.com\/app\/uploads\/24694-TELE-RADIO-leaflet-custom-foils-A4_2-1536x299.jpg 1536w, https:\/\/www.tele-radio.com\/app\/uploads\/24694-TELE-RADIO-leaflet-custom-foils-A4_2-2048x399.jpg 2048w, https:\/\/www.tele-radio.com\/app\/uploads\/24694-TELE-RADIO-leaflet-custom-foils-A4_2-750x146.jpg 750w, https:\/\/www.tele-radio.com\/app\/uploads\/24694-TELE-RADIO-leaflet-custom-foils-A4_2-500x97.jpg 500w, https:\/\/www.tele-radio.com\/app\/uploads\/24694-TELE-RADIO-leaflet-custom-foils-A4_2-1600x311.jpg 1600w, https:\/\/www.tele-radio.com\/app\/uploads\/24694-TELE-RADIO-leaflet-custom-foils-A4_2-800x156.jpg 800w\" sizes=\"auto, (max-width: 985px) 100vw, 985px\" \/><\/p>\n<table style=\"height: 181px;\" width=\"996\">\n<tbody>\n<tr style=\"height: 27px;\">\n<td style=\"background-color: #fabb00; width: 302px; height: 27px;\" width=\"302\"><strong>FOLIJE OD PLEKSIGLASA<\/strong><\/td>\n<td style=\"background-color: #fabb00; width: 302px; height: 27px;\" width=\"302\"><strong>PU FOLIJE<\/strong><\/td>\n<\/tr>\n<tr style=\"height: 167px;\">\n<td style=\"height: 167px;\" width=\"302\">Folija od pleksiglasa ne prekriva tipke ve\u0107 ih okru\u017euje. Dostupno u <strong>tri debljine<\/strong>. Sa najdebljom verzijom tipke su manje ispup\u010dene i na taj na\u010din se sprje\u010dava slu\u010dajan i ne\u017eeljen pritisak tipke. Pleksi folije se koriste na razli\u010ditim veli\u010dinama predajnika. Od manjih Panther predajnika do velikih joystick predajnika.\u00a0<\/td>\n<td style=\"height: 167px;\" width=\"302\">Folije napravljene od fleksibilne, <strong>visokokvalitetne gume (PU) <\/strong>koja je otporna na <strong>izbjeljivanje i teku\u0107ine<\/strong>. Folija potpuno prekriva tipke. koriste se na najve\u0107im ru\u010dnim predajnicima, ali mogu\u0107e ih je i napraviti za <a href=\"https:\/\/www.tele-radio.com\/hr\/products\/panther\/\">manje predajnike<\/a> kao alternativna pleksi folija ako se \u017eele prekriti tipke zbog dodatne za\u0161tite.\u00a0\u00a0<\/td>\n<\/tr>\n<\/tbody>\n<\/table>\n\n\n<div class=\"wp-block-columns is-layout-flex wp-container-core-columns-is-layout-9d6595d7 wp-block-columns-is-layout-flex\">\n<div class=\"wp-block-column is-layout-flow wp-block-column-is-layout-flow\">\n<figure class=\"wp-block-video\"><video autoplay loop muted src=\"https:\/\/www.tele-radio.com\/app\/uploads\/Custom_Foils_3.mp4\"><\/video><\/figure>\n<\/div>\n\n\n\n<div class=\"wp-block-column is-layout-flow wp-block-column-is-layout-flow\">\n<figure class=\"wp-block-video\"><video autoplay loop muted src=\"https:\/\/www.tele-radio.com\/app\/uploads\/Custom_Foils_2.mp4\"><\/video><\/figure>\n<\/div>\n<\/div>\n","protected":false},"excerpt":{"rendered":"<p>Folije ra\u0111ene po narud\u017ebi Va\u0161 logo, boje, simboli ili tekst. Za dodatnu za\u0161titu, sigurnost i prepoznatljivost! \u00a0 Svi na\u0161i predajnici i prijemnici mogu biti isporu\u010deni s folijama koje su dizajnirane po va\u0161oj \u017eelji. Folije slu\u017ee za za\u0161titu predajnika, osiguravaju lak\u0161u i sigurniju upotrebu i doprinose prepoznatljivosti. Izra\u0111ene su od visoko kvalitetnog industrijskog (3M) materijala. odli\u010dno [&hellip;]<\/p>\n","protected":false},"author":29,"featured_media":29178,"parent":0,"menu_order":0,"comment_status":"closed","ping_status":"closed","template":"","meta":{"_acf_changed":false,"footnotes":""},"class_list":["post-199265","page","type-page","status-publish","has-post-thumbnail","hentry"],"acf":[],"_links":{"self":[{"href":"https:\/\/www.tele-radio.com\/hr\/wp-json\/wp\/v2\/pages\/199265","targetHints":{"allow":["GET"]}}],"collection":[{"href":"https:\/\/www.tele-radio.com\/hr\/wp-json\/wp\/v2\/pages"}],"about":[{"href":"https:\/\/www.tele-radio.com\/hr\/wp-json\/wp\/v2\/types\/page"}],"author":[{"embeddable":true,"href":"https:\/\/www.tele-radio.com\/hr\/wp-json\/wp\/v2\/users\/29"}],"replies":[{"embeddable":true,"href":"https:\/\/www.tele-radio.com\/hr\/wp-json\/wp\/v2\/comments?post=199265"}],"version-history":[{"count":7,"href":"https:\/\/www.tele-radio.com\/hr\/wp-json\/wp\/v2\/pages\/199265\/revisions"}],"predecessor-version":[{"id":199351,"href":"https:\/\/www.tele-radio.com\/hr\/wp-json\/wp\/v2\/pages\/199265\/revisions\/199351"}],"wp:featuredmedia":[{"embeddable":true,"href":"https:\/\/www.tele-radio.com\/hr\/wp-json\/wp\/v2\/media\/29178"}],"wp:attachment":[{"href":"https:\/\/www.tele-radio.com\/hr\/wp-json\/wp\/v2\/media?parent=199265"}],"curies":[{"name":"wp","href":"https:\/\/api.w.org\/{rel}","templated":true}]}}