{"id":168000,"date":"2022-05-06T10:22:20","date_gmt":"2022-05-06T10:22:20","guid":{"rendered":"https:\/\/www.tele-radio.com\/gmt-equipment\/"},"modified":"2023-11-23T11:23:18","modified_gmt":"2023-11-23T11:23:18","slug":"gmt-sjekaci-stabala","status":"publish","type":"page","link":"https:\/\/www.tele-radio.com\/hr\/gmt-sjekaci-stabala\/","title":{"rendered":"GMT OPREMA"},"content":{"rendered":"\n<div style=\"height:67px\" aria-hidden=\"true\" class=\"wp-block-spacer\"><\/div>\n\n\n\n<h1 class=\"wp-block-heading has-text-align-center\">GMT OPREMA<\/h1>\n\n\n\n<pre class=\"wp-block-verse has-text-align-center has-black-color has-text-color has-medium-font-size\">\u201cRad s drve\u0107em postaje sigurniji i u\u010dinkovitiji\u201d<\/pre>\n\n\n\n<p style=\"font-size:25px\">Vi\u0161e od deset godina, \u2018GMTov sjeka\u010d stabala\u2019 uvijek je bila najbolje rje\u0161enje za sigurno i u\u010dinkovito uklanjanje stabala u urbanim podru\u010djima uz \u017eeljeznice, autoceste i u gradovima. Glava za sje\u010du je izdr\u017eljiv i potpuno hidrauli\u010dki pokretan sustav koji se mo\u017ee montirati na bilo koje vozilo s dizalicom.<\/p>\n\n\n<div class=\"wp-block-image is-style-default\">\n<figure class=\"alignright size-large is-resized\"><img loading=\"lazy\" decoding=\"async\" src=\"https:\/\/www.tele-radio.com\/app\/uploads\/GMT_WEB_800x800px-1200x1200.jpg\" alt=\"\" class=\"wp-image-101055\" width=\"498\" height=\"498\" srcset=\"https:\/\/www.tele-radio.com\/app\/uploads\/GMT_WEB_800x800px-1200x1200.jpg 1200w, https:\/\/www.tele-radio.com\/app\/uploads\/GMT_WEB_800x800px-400x400.jpg 400w, https:\/\/www.tele-radio.com\/app\/uploads\/GMT_WEB_800x800px-150x150.jpg 150w, https:\/\/www.tele-radio.com\/app\/uploads\/GMT_WEB_800x800px-768x768.jpg 768w, https:\/\/www.tele-radio.com\/app\/uploads\/GMT_WEB_800x800px-1536x1536.jpg 1536w, https:\/\/www.tele-radio.com\/app\/uploads\/GMT_WEB_800x800px-2048x2048.jpg 2048w, https:\/\/www.tele-radio.com\/app\/uploads\/GMT_WEB_800x800px-250x250.jpg 250w, https:\/\/www.tele-radio.com\/app\/uploads\/GMT_WEB_800x800px-750x750.jpg 750w, https:\/\/www.tele-radio.com\/app\/uploads\/GMT_WEB_800x800px-500x500.jpg 500w, https:\/\/www.tele-radio.com\/app\/uploads\/GMT_WEB_800x800px-1600x1600.jpg 1600w, https:\/\/www.tele-radio.com\/app\/uploads\/GMT_WEB_800x800px-800x800.jpg 800w\" sizes=\"auto, (max-width: 498px) 100vw, 498px\" \/><\/figure><\/div>\n\n\n<p>Zadnje dvije godine koristi se novi TTC sustav (potpuna kontrola drve\u0107a). Dok se prije glava za sje\u010du mogla samo fleksibilno ljuljati, sada se mo\u017ee u\u010diniti potpuno krutom pritiskom na gumb. Time se dijelovi stabla zadr\u017eavaju u polo\u017eaju u kojem su piljeni. Osim toga, imat \u0107ete bolju kontrolu prilikom naginjanja stabla. Ta se sila zadr\u017eavanja ostvaruje hidrauli\u010dki, ali za njeno aktiviranje potreban je elektroni\u010dki signal koji upravlja ventilom. Nemaju sva vozila s kranom opciju kori\u0161tenja dodatnog elektri\u010dnog signala ili mogu\u0107nost integracije u svoje trenutne operacije. Tele Radio komponente daljinskog upravljanja pokazale su se kao savr\u0161eno rje\u0161enje za rje\u0161avanje ovog problema.<\/p>\n\n\n\n<p>Gert-Jan Nekkers (vi\u0161i projektni in\u017eenjer) i Ingar Luttik (menad\u017eer poslovnog razvoja) iz GMT Equipmenta dijele sjajna iskustva u vezi sa svojom suradnjom s Tele Radiom. Ova kompanije nije imala prija\u0161njeg iskustva u radu s predajnicima.<\/p>\n\n\n\n<p>U GMT Equipmentu sva oprema radi hidrauli\u010dki. To je zbog pozadine i iskustva tvrtke u podru\u010dju hidraulike. Me\u0111utim, nova funkcionalnost strojeva natjerala ih je da pogledaju dalje od same hidraulike. Iako su u po\u010detku radnici oklijevali po\u010deti raditi s drugom tehnikom, bila je potrebna odgovaraju\u0107a prilagodba rada sa signalom \u0161to je dovelo do pronalaska idealnog predajnika i prijamnika.<\/p>\n\n\n\n<p>Nadalje, osoblje je preferiralo kompaktne i izdr\u017eljive alate koji su lako stali u d\u017eep, za razliku od velikih i nezgrapnih ure\u0111aja. Tele Radio asortiman proizvoda prepoznaje oba zahtjeva. Zajedno s Tele Radio tehni\u010dkim timom naporno smo radili na rje\u0161enju. Slijedom toga, novi TTC sustav pu\u0161ten je u upotrebu u rujnu 2022.<\/p>\n\n\n\n<p>Na zahtjev velikog broja kupaca, ve\u0107 je napravljeno nekoliko prilagodbi od uvo\u0111enja novog sustava; dobar primjer kontinuiranog razvoja proizvoda. Tele Radio voli razmi\u0161ljati zajedno s kupcem i koristi prakti\u010dno iskustvo u kombinaciji sa svojim sustavima za pobolj\u0161anje proizvoda, bez potrebe za drugim istra\u017eivanjem ili razvojem.<\/p>\n\n\n\n<p>GMT je vi\u0161e nego sretan s na\u0161om radnom etikom jer i oni sami vole raditi na isti na\u010din, razmi\u0161ljati o rje\u0161enju radije nego o problemu.<\/p>\n\n\n\n<div style=\"height:57px\" aria-hidden=\"true\" class=\"wp-block-spacer\"><\/div>\n\n\n\n<div class=\"wp-block-cover\"><span aria-hidden=\"true\" class=\"wp-block-cover__background has-black-background-color has-background-dim-100 has-background-dim\"><\/span><div class=\"wp-block-cover__inner-container is-layout-flow wp-block-cover-is-layout-flow\">\n<h2 class=\"wp-block-heading has-text-align-center\"><strong>Sjeka\u010d stabala<\/strong><\/h2>\n\n\n\n<p class=\"has-text-align-center\">Funkcije hvataljke i pile hidrauli\u010dki su potpuno integrirani u glavu za obaranje. To zna\u010di da se nekoliko operacija mo\u017ee izvr\u0161iti naknadno. Kori\u0161tenjem Tele Radio oda\u0161ilja\u010da, postaje mogu\u0107e zaklju\u010dati ili zaustaviti sustav ko\u010denja jedinice u bilo kojem trenutku. To sprje\u010dava pomicanje ili prevrtanje kro\u0161nje. To je vrlo va\u017eno pri uklanjanju o\u0161te\u0107enih ili sasu\u0161enih stabala u urbanim ili prenaseljenim podru\u010djima. Ovo rje\u0161enje osigurava da kro\u0161nja drveta nije izlo\u017eena nekontroliranom padu; umjesto toga, grajfer se precizno transportira na predvi\u0111eno mjesto.<\/p>\n\n\n\n<p class=\"has-text-align-center\"><br>\u010cini cijeli proces puno sigurnijim, ne samo za lokalno stanovni\u0161tvo, ve\u0107 posebno za osobu koja obavlja ove aktivnosti. &nbsp;Vi\u0161e nije potrebno popesti se na drvo pomo\u0107u dizalice sa zra\u010dnom platformom. Danas sve sve mo\u017ee obavljati sa zemlje. Dakle, osim \u0161to je sigurniji, on je i u\u010dinkovitiji. Nije slu\u010dajno \u0161to ovo uklju\u010duje slogan tvrtke.<\/p>\n<\/div><\/div>\n\n\n\n<div style=\"height:100px\" aria-hidden=\"true\" class=\"wp-block-spacer\"><\/div>\n\n\n\n<h2 class=\"wp-block-heading has-text-align-center\">Vi\u0161e informacija?<\/h2>\n\n\n<div class=\"wp-block-image is-style-default\">\n<figure class=\"aligncenter size-full is-resized\"><a href=\"https:\/\/www.tele-radio.com\/hr\/kontakt\/\"><img loading=\"lazy\" decoding=\"async\" src=\"https:\/\/www.tele-radio.com\/app\/uploads\/KONTAKT-3.png\" alt=\"\" class=\"wp-image-168052\" width=\"377\" height=\"142\" srcset=\"https:\/\/www.tele-radio.com\/app\/uploads\/KONTAKT-3.png 502w, https:\/\/www.tele-radio.com\/app\/uploads\/KONTAKT-3-400x151.png 400w, https:\/\/www.tele-radio.com\/app\/uploads\/KONTAKT-3-500x189.png 500w\" sizes=\"auto, (max-width: 377px) 100vw, 377px\" \/><\/a><\/figure><\/div>","protected":false},"excerpt":{"rendered":"<p>GMT OPREMA \u201cRad s drve\u0107em postaje sigurniji i u\u010dinkovitiji\u201d Vi\u0161e od deset godina, \u2018GMTov sjeka\u010d stabala\u2019 uvijek je bila najbolje rje\u0161enje za sigurno i u\u010dinkovito uklanjanje stabala u urbanim podru\u010djima uz \u017eeljeznice, autoceste i u gradovima. Glava za sje\u010du je izdr\u017eljiv i potpuno hidrauli\u010dki pokretan sustav koji se mo\u017ee montirati na bilo koje vozilo s [&hellip;]<\/p>\n","protected":false},"author":29,"featured_media":101081,"parent":0,"menu_order":0,"comment_status":"closed","ping_status":"closed","template":"","meta":{"_acf_changed":false,"footnotes":""},"class_list":["post-168000","page","type-page","status-publish","has-post-thumbnail","hentry"],"acf":[],"_links":{"self":[{"href":"https:\/\/www.tele-radio.com\/hr\/wp-json\/wp\/v2\/pages\/168000","targetHints":{"allow":["GET"]}}],"collection":[{"href":"https:\/\/www.tele-radio.com\/hr\/wp-json\/wp\/v2\/pages"}],"about":[{"href":"https:\/\/www.tele-radio.com\/hr\/wp-json\/wp\/v2\/types\/page"}],"author":[{"embeddable":true,"href":"https:\/\/www.tele-radio.com\/hr\/wp-json\/wp\/v2\/users\/29"}],"replies":[{"embeddable":true,"href":"https:\/\/www.tele-radio.com\/hr\/wp-json\/wp\/v2\/comments?post=168000"}],"version-history":[{"count":3,"href":"https:\/\/www.tele-radio.com\/hr\/wp-json\/wp\/v2\/pages\/168000\/revisions"}],"predecessor-version":[{"id":168078,"href":"https:\/\/www.tele-radio.com\/hr\/wp-json\/wp\/v2\/pages\/168000\/revisions\/168078"}],"wp:featuredmedia":[{"embeddable":true,"href":"https:\/\/www.tele-radio.com\/hr\/wp-json\/wp\/v2\/media\/101081"}],"wp:attachment":[{"href":"https:\/\/www.tele-radio.com\/hr\/wp-json\/wp\/v2\/media?parent=168000"}],"curies":[{"name":"wp","href":"https:\/\/api.w.org\/{rel}","templated":true}]}}