{"id":167877,"date":"2023-11-22T12:59:42","date_gmt":"2023-11-22T12:59:42","guid":{"rendered":"https:\/\/www.tele-radio.com\/?page_id=167877"},"modified":"2023-11-22T13:17:58","modified_gmt":"2023-11-22T13:17:58","slug":"bolji-pregled-i-vise-sigurnosti-za-teleskopske-utovarivace-s-versateq-joystick-predajnikom","status":"publish","type":"page","link":"https:\/\/www.tele-radio.com\/hr\/bolji-pregled-i-vise-sigurnosti-za-teleskopske-utovarivace-s-versateq-joystick-predajnikom\/","title":{"rendered":"BOLJI PREGLED I VI\u0160E SIGURNOSTI ZA TELESKOPSKE UTOVARIVA\u010cE S VERSATEQ JOYSTICK PREDAJNIKOM"},"content":{"rendered":"\n<h1 class=\"wp-block-heading\">BOLJI PREGLED I VI\u0160E SIGURNOSTI ZA TELESKOPSKE UTOVARIVA\u010cE S VERSATEQ JOYSTICK PREDAJNIKOM<\/h1>\n\n\n<div class=\"wp-block-image is-style-rounded\">\n<figure class=\"alignright size-large is-resized\"><img loading=\"lazy\" decoding=\"async\" src=\"https:\/\/www.tele-radio.com\/app\/uploads\/\/PM_TW57_T26B_0002-1200x1200.png\" alt=\"\" class=\"wp-image-114989\" width=\"309\" height=\"309\" srcset=\"https:\/\/www.tele-radio.com\/app\/uploads\/PM_TW57_T26B_0002-1200x1200.png 1200w, https:\/\/www.tele-radio.com\/app\/uploads\/PM_TW57_T26B_0002-400x400.png 400w, https:\/\/www.tele-radio.com\/app\/uploads\/PM_TW57_T26B_0002-150x150.png 150w, https:\/\/www.tele-radio.com\/app\/uploads\/PM_TW57_T26B_0002-768x768.png 768w, https:\/\/www.tele-radio.com\/app\/uploads\/PM_TW57_T26B_0002-1536x1536.png 1536w, https:\/\/www.tele-radio.com\/app\/uploads\/PM_TW57_T26B_0002-250x250.png 250w, https:\/\/www.tele-radio.com\/app\/uploads\/PM_TW57_T26B_0002-750x750.png 750w, https:\/\/www.tele-radio.com\/app\/uploads\/PM_TW57_T26B_0002-500x500.png 500w, https:\/\/www.tele-radio.com\/app\/uploads\/PM_TW57_T26B_0002-1600x1600.png 1600w, https:\/\/www.tele-radio.com\/app\/uploads\/PM_TW57_T26B_0002-800x800.png 800w, https:\/\/www.tele-radio.com\/app\/uploads\/PM_TW57_T26B_0002.png 1800w\" sizes=\"auto, (max-width: 309px) 100vw, 309px\" \/><\/figure><\/div>\n\n\n<p><em>Teleskopski vilju\u0161kari kopanije Carlo Indrustrie, smje\u0161tene u Stompetorenu u Nizozemskoj, koriste se za sve vrste projekata ru\u0161enja, izgradnje i obnove u podru\u010dju industrije. &nbsp;Budu\u0107i da vlasnik Carlo K\u00f6hne voli raditi brzo i promi\u0161ljeno, prije otprilike dvije godine kupio je prigodan daljinski upravlja\u010d. &nbsp;<\/em><a href=\"https:\/\/www.tele-radio.com\/hr\/versateq\/\"><em>TW57 VersaTEQ joystick predajnik<\/em><\/a><em> sa 6 proporcionalnih pedala je nezamjenjiv, jer tele-vilju\u0161kar stavlja nadohvat ruke.<\/em><\/p>\n\n\n\n<p>Teleskopski vilju\u0161kar su super vje\u0161ti strojevi za pomicanje te\u0161kog tereta s vilju\u0161kama ili rada na platformi. Na\u017ealost iz kabine \u010desto nemate dobar pregled posla, zasigurno ne kada sami obavljate sav posao. U takvim slu\u010dajevima, joystick pojasni predajnik postaje pravo rje\u0161enje, Carlo ostaj na radnom mjestu ili bira onaj koji nudi jo\u0161 bolju vidljivost i jednostavnost upravljanja daljinski teleskopskim vilju\u0161karom. Lupnite prema gore, malo udesno, malo produ\u017eite i pustite da teret padne. <\/p>\n\n\n\n<div style=\"height:34px\" aria-hidden=\"true\" class=\"wp-block-spacer\"><\/div>\n\n\n\n<blockquote class=\"wp-block-quote has-text-align-center is-layout-flow wp-block-quote-is-layout-flow\">\n<p><em>\u201cUpravljanje tele-vilju\u0161karom sa sigurne udaljenosti pomo\u0107u joystick predajnika idealan je na\u010din.<\/em><\/p>\n\n\n\n<p><em>Imate pregled posla koji obavljate i u isto vrijeme ste na sigurnoj udaljenosti od obavljanja radnje.\u2019\u2019<\/em><\/p>\n<\/blockquote>\n\n\n\n<div style=\"height:62px\" aria-hidden=\"true\" class=\"wp-block-spacer\"><\/div>\n\n\n\n<h2 class=\"wp-block-heading\">Rad sa sigurne udaljenosti<\/h2>\n\n\n\n<p>Carlo dozvoljava teleskopskom vilju\u0161karu, da jednostavno prenosi te\u017eak teret, gdje god da se on nalazio. Carlos upravlja tele-vilju\u0161karom tako da premje\u0161ta teret i dovodi ga k njemu gdje god se on nalazio, u hali, u sigurnosnoj ku\u0107ici, na krovu&#8230; Jo\u0161 va\u017enije je kori\u0161tenje<a href=\"https:\/\/www.tele-radio.com\/hr\/versateq\/\"> TW57 VersaTEQ joystick predajnika<\/a> tijekom radova ru\u0161enja. O\u0161te\u0107enje vilju\u0161kara padom zida je lako savladati, ali ozljeda zaposlenika je neprihvatljiva. Upravljanje vilju\u0161karom iz sigurne udaljenosti uz pomo\u0107 joystick predajnika je idealno. Mo\u017ee\u0161 vidjeti \u0161to radi\u0161 iz sigurnosne udaljenosti.<\/p>\n\n\n\n<h2 class=\"wp-block-heading\">Projekt za Contsinerbox.nl<\/h2>\n\n\n\n<p>Teleskopski vilju\u0161kar Carlo Industrie je Manitou NRT 1850 turbo. Ovo je 11.5 tona te\u017eak rotiraju\u0107i tele-vilju\u0161kar ranije generacije. S lako\u0107om mo\u017ee podi\u0107i do 5 tona na visinu od pribli\u017eno 18 metara. Slike su slikane tijekom projekta Containerbox.nl, iznajmljiva\u010d privremenog skladi\u0161nog prostora za pojedince i tvrtke. Postoji velika potra\u017enja za tim, pa je Carlo Industrie dopu\u0161teno da preuzme brigu o pro\u0161irenju u gradu Alkmaaru. S jedne strane, to zna\u010di adaptaciju boksova u postoje\u0107oj hali, s druge strane, ru\u0161enje zastarjele susjedne hale kako bi se tu mogla graditi nova.<\/p>\n\n\n\n<h2 class=\"wp-block-heading\">Inovativna rje\u0161enja<\/h2>\n\n\n\n<p>Daljinski upravlja\u010d koji se koristi u Carlo Industrie je <a href=\"https:\/\/www.tele-radio.com\/hr\/versateq\/\">TW57 VersaTEQ joystick predajnik<\/a> tvrtke Tele Radio sa 6 proporcionalnih pedala. Pojasni predajnik je otprilike 24 centimetra \u0161irok te ima ru\u010dke koje prirodno le\u017ee u ruci. Pedalama je jednostavno upravljati i nude razli\u010dite funkcije. Kako bi se osigurala sigurnost, svaki <a href=\"https:\/\/www.tele-radio.com\/hr\/versateq\/\">VersaTEQ<\/a> predajnik opremljen je neovisnom certificiranom funkcijom sigurnosnog zaustavljanja PLd+Cat3.<\/p>\n\n\n\n<p>Ako ste zainteresirani u \u010ditavi asortiman Tele Radio joystick proizvoda i svih njihovih mogu\u0107nosti <a href=\"https:\/\/www.tele-radio.com\/hr\/teq-predajnici\/\">kliknite ovdje.<\/a> &nbsp;<\/p>\n\n\n\n<div class=\"wp-block-buttons is-layout-flex wp-block-buttons-is-layout-flex\">\n<div class=\"wp-block-button\"><a class=\"wp-block-button__link has-black-color has-luminous-vivid-amber-background-color has-text-color has-background wp-element-button\" href=\"https:\/\/www.tele-radio.com\/hr\/kontakt\/\" style=\"border-radius:12px\"><strong>Kontaktirajte nas<\/strong><\/a><\/div>\n<\/div>\n","protected":false},"excerpt":{"rendered":"<p>BOLJI PREGLED I VI\u0160E SIGURNOSTI ZA TELESKOPSKE UTOVARIVA\u010cE S VERSATEQ JOYSTICK PREDAJNIKOM Teleskopski vilju\u0161kari kopanije Carlo Indrustrie, smje\u0161tene u Stompetorenu u Nizozemskoj, koriste se za sve vrste projekata ru\u0161enja, izgradnje i obnove u podru\u010dju industrije. &nbsp;Budu\u0107i da vlasnik Carlo K\u00f6hne voli raditi brzo i promi\u0161ljeno, prije otprilike dvije godine kupio je prigodan daljinski upravlja\u010d. &nbsp;TW57 [&hellip;]<\/p>\n","protected":false},"author":63,"featured_media":114942,"parent":0,"menu_order":0,"comment_status":"closed","ping_status":"closed","template":"","meta":{"_acf_changed":false,"footnotes":""},"class_list":["post-167877","page","type-page","status-publish","has-post-thumbnail","hentry"],"acf":[],"_links":{"self":[{"href":"https:\/\/www.tele-radio.com\/hr\/wp-json\/wp\/v2\/pages\/167877","targetHints":{"allow":["GET"]}}],"collection":[{"href":"https:\/\/www.tele-radio.com\/hr\/wp-json\/wp\/v2\/pages"}],"about":[{"href":"https:\/\/www.tele-radio.com\/hr\/wp-json\/wp\/v2\/types\/page"}],"author":[{"embeddable":true,"href":"https:\/\/www.tele-radio.com\/hr\/wp-json\/wp\/v2\/users\/63"}],"replies":[{"embeddable":true,"href":"https:\/\/www.tele-radio.com\/hr\/wp-json\/wp\/v2\/comments?post=167877"}],"version-history":[{"count":8,"href":"https:\/\/www.tele-radio.com\/hr\/wp-json\/wp\/v2\/pages\/167877\/revisions"}],"predecessor-version":[{"id":167908,"href":"https:\/\/www.tele-radio.com\/hr\/wp-json\/wp\/v2\/pages\/167877\/revisions\/167908"}],"wp:featuredmedia":[{"embeddable":true,"href":"https:\/\/www.tele-radio.com\/hr\/wp-json\/wp\/v2\/media\/114942"}],"wp:attachment":[{"href":"https:\/\/www.tele-radio.com\/hr\/wp-json\/wp\/v2\/media?parent=167877"}],"curies":[{"name":"wp","href":"https:\/\/api.w.org\/{rel}","templated":true}]}}