{"id":167664,"date":"2022-12-23T08:49:13","date_gmt":"2022-12-23T08:49:13","guid":{"rendered":"https:\/\/www.tele-radio.com\/efficient-hydraulic-seeding-with-a-tele-radio-remote-control\/"},"modified":"2023-11-24T11:06:51","modified_gmt":"2023-11-24T11:06:51","slug":"ucinkovito-hidraulicno-sijanje-steleradio-daljinskim-upravljacem","status":"publish","type":"page","link":"https:\/\/www.tele-radio.com\/hr\/ucinkovito-hidraulicno-sijanje-steleradio-daljinskim-upravljacem\/","title":{"rendered":"U\u010dinkovita hidrauli\u010dna sjetva s Tele Radio daljinskim upravlja\u010dima"},"content":{"rendered":"\n<h1 class=\"wp-block-heading\">U\u010dinkovita hidrauli\u010dna sjetva s Tele Radio daljinskim upravlja\u010dima<\/h1>\n\n\n\n<p><em><span><b>Konvencionalan na\u010din sjetve nije mogu\u0107 na nasipima. Strojevi kojima se <\/b><\/span><strong>uobi\u010dajeno radi mogu sijati samo horizontalno, a suho sjeme se lako otpuhne ili ga odnese voda. Inovativno rje\u0161enje je hidrauli\u010dka sjetva. Sjeme se prska po podlozi u mje\u0161avini vode, gnojiva i \u201eljepila\u201c bez obzira na nagib&#8230;<\/strong><\/em><\/p>\n\n\n\n<p><em><strong>Patrick Peters radi za <a href=\"https:\/\/hydroseeding.eu\/\">Hydroseeding.eu<\/a> u Nizozemskoj od 2001 i specijalist je u podru\u010dju hidrauli\u010dke sjetve. Ve\u0107 neko vrijeme svoj posao obavlja mnogo u\u010dinkovitije zahvaljuju\u0107i kori\u0161tenju daljinskog upravlja\u010da Tele Radio.<\/strong><\/em><\/p>\n\n\n\n<p>U Hydroseeding postoje razne zasebne pumpe instalacije koje se mogu postaviti na kamion, ponton ili iza traktora. Strojevi u kombinaciji sa 175 metara dugim crijevima za prskanje \u010dine sve lokacije lako dostupnim.<\/p>\n\n\n\n<figure class=\"wp-block-pullquote\"><blockquote><p><em>&#8221;Trenutno imamo toliko iskustva da mo\u017eemo odraditi bilo koji posao, bez obzira na situaciju. Da bi posao bio obavljan jo\u0161 efikasnije, na\u0161i strojevi su opremljeni s radio daljinskim upravlja\u010dima Tele Radija.&#8221;<\/em><\/p><cite>&#8211; Patrick<\/cite><\/blockquote><\/figure>\n\n\n\n<div class=\"wp-block-group\"><div class=\"wp-block-group__inner-container is-layout-flow wp-block-group-is-layout-flow\">\n<div class=\"wp-block-group has-black-color has-text-color\"><div class=\"wp-block-group__inner-container is-layout-flow wp-block-group-is-layout-flow\">\n<div class=\"wp-block-group has-black-background-color has-background\"><div class=\"wp-block-group__inner-container is-layout-flow wp-block-group-is-layout-flow\">\n<div class=\"wp-block-columns has-white-color has-black-background-color has-text-color has-background is-layout-flex wp-container-core-columns-is-layout-9d6595d7 wp-block-columns-is-layout-flex\">\n<div class=\"wp-block-column is-vertically-aligned-top is-layout-flow wp-block-column-is-layout-flow\" style=\"flex-basis:33.33%\">\n<div style=\"height:10px\" aria-hidden=\"true\" class=\"wp-block-spacer\"><\/div>\n\n\n<div class=\"wp-block-image\">\n<figure class=\"aligncenter size-large\"><img loading=\"lazy\" decoding=\"async\" width=\"1200\" height=\"1200\" src=\"https:\/\/www.tele-radio.com\/app\/uploads\/\/Naamloos-2-1200x1200.png\" alt=\"\" class=\"wp-image-121009\" srcset=\"https:\/\/www.tele-radio.com\/app\/uploads\/Naamloos-2-1200x1200.png 1200w, https:\/\/www.tele-radio.com\/app\/uploads\/Naamloos-2-400x400.png 400w, https:\/\/www.tele-radio.com\/app\/uploads\/Naamloos-2-150x150.png 150w, https:\/\/www.tele-radio.com\/app\/uploads\/Naamloos-2-768x768.png 768w, https:\/\/www.tele-radio.com\/app\/uploads\/Naamloos-2-1536x1536.png 1536w\" sizes=\"auto, (max-width: 1200px) 100vw, 1200px\" \/><\/figure><\/div><\/div>\n\n\n\n<div class=\"wp-block-column is-layout-flow wp-block-column-is-layout-flow\" style=\"flex-basis:66.67%\">\n<h2 class=\"wp-block-heading\">PREDNOST DALJINSKOG UPRAVLJANJA<\/h2>\n\n\n\n<p>Hydroseeding radi s <a href=\"https:\/\/www.tele-radio.com\/hr\/products\/panther\/panther-predajnik-10x1-stepene-tipke-3\/\">Panther PN-T21-10<\/a> ru\u010dnim predajnikom. Sa na\u0161im Panther ru\u010dnim predajnikom, instalacijom crpke upravlja se daljinski. U kombinaciji sa 175 metara dugim crijevom za prskanje imamo pogodnosti u obavljanju posla. Patrick obja\u0161njava: \u201cMogu oti\u0107i daleko od stroja i dalje upravljaju\u0107i njim. Nema vi\u0161e tr\u010danja prema stroju da bi ga isklju\u010dio. S Tele Radio Pantherom ja i dalje mogu odmah djelovati u slu\u010daju za\u010depljenja i mogu prilagoditi tlak ili isklju\u010diti stroj. Sada \u010dak mogu manje poslove obavljati sam, a to \u0161tedi tro\u0161kove.\u201d.<\/p>\n\n\n\n<h2 class=\"wp-block-heading\">BE\u017dI\u010cNO DALJINSKO UPRAVLJANJE JE BUDU\u0106NOST<\/h2>\n\n\n\n<p>Patrickove potrebe je zadovoljio Panther predajni koji staje u ruku, njegov posao je u\u010dinio efikasniji. U budu\u0107nosti, razmi\u0161lja oti\u0107i korak dalje s joystick predajnikom Tele Radia. Sa <a href=\"https:\/\/www.tele-radio.com\/hr\/tele-radio-volvo-exster\/\">Tele Radio Exster<\/a> sistemima ne samo da mo\u017ee daljinski upravljati strojevima za hidrauli\u010dku sjetvu s jednim te istim oda\u0161ilja\u010dem, ve\u0107 mo\u017ee kontrolirati i pomicati svoj kamion izvana. Jedino akcija za koju jo\u0161 uvijek mora pro\u0161etati do kamiona, sjesti u kamion je kad privremeno izgubi kontrolu nad sjetvom. Ovo bi bilo sprije\u010deno joystick TEQ predajnikom.<\/p>\n<\/div>\n<\/div>\n<\/div><\/div>\n<\/div><\/div>\n<\/div><\/div>\n\n\n\n<div style=\"height:35px\" aria-hidden=\"true\" class=\"wp-block-spacer\"><\/div>\n\n\n\n<h2 class=\"wp-block-heading\">TELE RADIO PANTHER, FLEKSIBILAN I LAK ZA KORI\u0160TENJE<\/h2>\n\n\n\n<p>Hydroseeding izabire Panther predajnik zbog njegove jednostavne upotrebe i fleksibilnosti. Panther radi na 2.4 GHz i koristi tehnologiju koja omogu\u0107uje rad bez smetnji na velikim udaljenostima. S razinom za\u0161tite IP67, predajnik je otporan na pra\u0161inu, vodu i ostalu prljav\u0161tinu, a za <a href=\"https:\/\/hydroseeding.eu\/\">Hydroseeding.eu<\/a> je opremljen s visoko kvalitetnim personaliziranim folijama preko tipki da bi ih se za\u0161titilo i lak\u0161e s njima rukovalo.<\/p>\n\n\n\n<div class=\"wp-block-columns is-layout-flex wp-container-core-columns-is-layout-9d6595d7 wp-block-columns-is-layout-flex\">\n<div class=\"wp-block-column is-layout-flow wp-block-column-is-layout-flow\" style=\"flex-basis:66.66%\">\n<p>Ovdje prikazani <a href=\"https:\/\/www.tele-radio.com\/hr\/products\/panther\/panther-predajnik-10x1-stepene-tipke-3\/\">Panther PN-T21-10<\/a> je mali ru\u010dni predajnik s 10 tipki. Ovaj predajnik je jedan od mnogih be\u017ei\u010dnih daljinskih upravlja\u010da koje Tele Radio dobavlja za industrijske pogone te upravlja s certificiranom ili necertificiranom tipkom za sigurnosno zaustavljanje. Tele Radio tako\u0111er nudi i personaliziranu liniju po mjeri kupca. Predajnici su robusni i pouzdani i zbog toga ekstremno pogodni za rad u Hydroseeding kompaniji.<\/p>\n\n\n\n<h2 class=\"wp-block-heading\">HYDROSEEDING, SPECIJALIST NA PODRU\u010cJU HIDRAULI\u010cNE SJETVE<\/h2>\n\n\n\n<p>Jaap Sterk, vlasnik &nbsp;Hydroseeding, je posljednjih godina razvio kompaniju koja je specijalizirana na podru\u010dju hidrauli\u010dke sjetve u Nizozemskoj, Belgiji i velikim dijelovima Njemacke. Hydroseeding osigurava izgradnju travnatih i cvjetnih polja za op\u0107ine, izvo\u0111a\u010de i vrtlare.<\/p>\n<\/div>\n\n\n\n<div class=\"wp-block-column is-layout-flow wp-block-column-is-layout-flow\" style=\"flex-basis:33.33%\">\n<figure class=\"wp-block-image size-large\"><img loading=\"lazy\" decoding=\"async\" width=\"1200\" height=\"1200\" src=\"https:\/\/www.tele-radio.com\/app\/uploads\/\/Web_800_x_800_300dpi_2-1200x1200.png\" alt=\"\" class=\"wp-image-121093\" srcset=\"https:\/\/www.tele-radio.com\/app\/uploads\/Web_800_x_800_300dpi_2-1200x1200.png 1200w, https:\/\/www.tele-radio.com\/app\/uploads\/Web_800_x_800_300dpi_2-400x400.png 400w, https:\/\/www.tele-radio.com\/app\/uploads\/Web_800_x_800_300dpi_2-150x150.png 150w, https:\/\/www.tele-radio.com\/app\/uploads\/Web_800_x_800_300dpi_2-768x768.png 768w, https:\/\/www.tele-radio.com\/app\/uploads\/Web_800_x_800_300dpi_2-1536x1536.png 1536w, https:\/\/www.tele-radio.com\/app\/uploads\/Web_800_x_800_300dpi_2-2048x2048.png 2048w, https:\/\/www.tele-radio.com\/app\/uploads\/Web_800_x_800_300dpi_2-250x250.png 250w, https:\/\/www.tele-radio.com\/app\/uploads\/Web_800_x_800_300dpi_2-750x750.png 750w, https:\/\/www.tele-radio.com\/app\/uploads\/Web_800_x_800_300dpi_2-500x500.png 500w, https:\/\/www.tele-radio.com\/app\/uploads\/Web_800_x_800_300dpi_2-1600x1600.png 1600w, https:\/\/www.tele-radio.com\/app\/uploads\/Web_800_x_800_300dpi_2-800x800.png 800w\" sizes=\"auto, (max-width: 1200px) 100vw, 1200px\" \/><\/figure>\n<\/div>\n<\/div>\n\n\n\n<div class=\"wp-block-group\"><div class=\"wp-block-group__inner-container is-layout-flow wp-block-group-is-layout-flow\">\n<div style=\"height:35px\" aria-hidden=\"true\" class=\"wp-block-spacer\"><\/div>\n<\/div><\/div>\n\n\n\n<div style=\"height:100px\" aria-hidden=\"true\" class=\"wp-block-spacer\"><\/div>\n","protected":false},"excerpt":{"rendered":"<p>U\u010dinkovita hidrauli\u010dna sjetva s Tele Radio daljinskim upravlja\u010dima Konvencionalan na\u010din sjetve nije mogu\u0107 na nasipima. Strojevi kojima se uobi\u010dajeno radi mogu sijati samo horizontalno, a suho sjeme se lako otpuhne ili ga odnese voda. Inovativno rje\u0161enje je hidrauli\u010dka sjetva. Sjeme se prska po podlozi u mje\u0161avini vode, gnojiva i \u201eljepila\u201c bez obzira na nagib&#8230; Patrick [&hellip;]<\/p>\n","protected":false},"author":29,"featured_media":121044,"parent":0,"menu_order":0,"comment_status":"closed","ping_status":"closed","template":"","meta":{"_acf_changed":false,"footnotes":""},"class_list":["post-167664","page","type-page","status-publish","has-post-thumbnail","hentry"],"acf":[],"_links":{"self":[{"href":"https:\/\/www.tele-radio.com\/hr\/wp-json\/wp\/v2\/pages\/167664","targetHints":{"allow":["GET"]}}],"collection":[{"href":"https:\/\/www.tele-radio.com\/hr\/wp-json\/wp\/v2\/pages"}],"about":[{"href":"https:\/\/www.tele-radio.com\/hr\/wp-json\/wp\/v2\/types\/page"}],"author":[{"embeddable":true,"href":"https:\/\/www.tele-radio.com\/hr\/wp-json\/wp\/v2\/users\/29"}],"replies":[{"embeddable":true,"href":"https:\/\/www.tele-radio.com\/hr\/wp-json\/wp\/v2\/comments?post=167664"}],"version-history":[{"count":13,"href":"https:\/\/www.tele-radio.com\/hr\/wp-json\/wp\/v2\/pages\/167664\/revisions"}],"predecessor-version":[{"id":168215,"href":"https:\/\/www.tele-radio.com\/hr\/wp-json\/wp\/v2\/pages\/167664\/revisions\/168215"}],"wp:featuredmedia":[{"embeddable":true,"href":"https:\/\/www.tele-radio.com\/hr\/wp-json\/wp\/v2\/media\/121044"}],"wp:attachment":[{"href":"https:\/\/www.tele-radio.com\/hr\/wp-json\/wp\/v2\/media?parent=167664"}],"curies":[{"name":"wp","href":"https:\/\/api.w.org\/{rel}","templated":true}]}}