{"id":166038,"date":"2022-06-29T12:40:34","date_gmt":"2022-06-29T12:40:34","guid":{"rendered":"https:\/\/www.tele-radio.com\/custom-line-solutions\/"},"modified":"2023-11-09T13:27:30","modified_gmt":"2023-11-09T13:27:30","slug":"linija-po-mjeri-korisnika","status":"publish","type":"page","link":"https:\/\/www.tele-radio.com\/hr\/linija-po-mjeri-korisnika\/","title":{"rendered":"LINIJA PO MJERI KORISNIKA"},"content":{"rendered":"\n<h1 class=\"wp-block-heading\">LINIJA PO MJERI KORISNIKA<\/h1>\n\n\n\n<div style=\"height:24px\" aria-hidden=\"true\" class=\"wp-block-spacer\"><\/div>\n\n\n\n<div class=\"wp-block-cover\" style=\"min-height:698px;aspect-ratio:unset;\"><span aria-hidden=\"true\" class=\"wp-block-cover__background has-black-background-color has-background-dim-10 has-background-dim\"><\/span><img loading=\"lazy\" decoding=\"async\" width=\"2560\" height=\"1707\" class=\"wp-block-cover__image-background wp-image-106791\" alt=\"\" src=\"https:\/\/www.tele-radio.com\/app\/uploads\/TW78_4-scaled.jpg\" data-object-fit=\"cover\" srcset=\"https:\/\/www.tele-radio.com\/app\/uploads\/TW78_4-scaled.jpg 2560w, https:\/\/www.tele-radio.com\/app\/uploads\/TW78_4-400x267.jpg 400w, https:\/\/www.tele-radio.com\/app\/uploads\/TW78_4-1200x800.jpg 1200w, https:\/\/www.tele-radio.com\/app\/uploads\/TW78_4-768x512.jpg 768w, https:\/\/www.tele-radio.com\/app\/uploads\/TW78_4-1536x1024.jpg 1536w\" sizes=\"auto, (max-width: 2560px) 100vw, 2560px\" \/><div class=\"wp-block-cover__inner-container is-layout-flow wp-block-cover-is-layout-flow\">\n<h2 class=\"wp-block-heading has-text-align-center has-large-font-size\">Prilagodba do najsitnijih detalja<\/h2>\n<\/div><\/div>\n\n\n\n<div style=\"height:37px\" aria-hidden=\"true\" class=\"wp-block-spacer\"><\/div>\n\n\n\n<h2 class=\"wp-block-heading\"><meta charset=\"utf-8\"><\/meta>Za na\u0161 VERSATEQ i SUPRATEQ asortiman<\/h2>\n\n\n\n<p>Zbog modularne konstrukcije i VersaTEQa i SupraTEQa, fleksibilnost proizvoda je ekstremna. Po\u010dinjete s izboron ku\u0107i\u0161\u0107a, veliki SupraTEQ ili srednji VersaTEQ. Zatim, ispod haube predajnika mo\u017eete birati izme\u0111u \u0161irokog raspona tehni\u010dkih mogu\u0107nosti. Svi predajnici mogu se konfigurirati prema va\u0161im to\u010dnim specifikacijama. Naravno, pored ovih tehni\u010dkih opcija, svi standardni upravlja\u010dki elementi koji se mogu zamisliti su ostvarivi, sve do zadnje tipke, joysticka ili pedala. Prednja plo\u010da mo\u017ee se izraditi po mjeri korisnika, u boji, izbor je Va\u0161.<\/p>\n\n\n\n<p>Kompaktni predajnici su tako\u0111er vrlo prilagodljivi va\u0161im \u017eeljama: svi ulazi i izlazi su programibilni, vi\u0161e fieldbus protokola, mogu\u0107a je vanjska antena i prilago\u0111eno kabliranje.<\/p>\n\n\n\n<p>Va\u0161a prilago\u0111ena linija joystick sistema besprijekorno odgovara svim va\u0161im potrebama. To je snaga personalizacije koju nudimo za sustave VersaTEQ i SupraTEQ.<\/p>\n\n\n\n<div style=\"height:33px\" aria-hidden=\"true\" class=\"wp-block-spacer\"><\/div>\n\n\n\n<h2 class=\"wp-block-heading has-text-align-center has-luminous-vivid-amber-color has-black-background-color has-text-color has-background has-large-font-size\">OTKRIJ FLEKSIBILNOST U IZRADI POJASNIK JOYSTICK PREDAJNIKA<\/h2>\n\n\n\n<div style=\"height:39px\" aria-hidden=\"true\" class=\"wp-block-spacer\"><\/div>\n\n\n\n<h2 class=\"wp-block-heading has-text-align-center\">IZABERI SVOJE KU\u0106I\u0160TE<\/h2>\n\n\n\n<div style=\"height:46px\" aria-hidden=\"true\" class=\"wp-block-spacer\"><\/div>\n\n\n\n<figure class=\"wp-block-table is-style-stripes\"><table class=\"has-black-color has-luminous-vivid-amber-background-color has-text-color has-background\"><thead><tr><th class=\"has-text-align-center\" data-align=\"center\"><meta charset=\"utf-8\"><strong>VersaTEQ TW57<\/strong><\/th><th class=\"has-text-align-center\" data-align=\"center\"><meta charset=\"utf-8\"><strong>SupraTEQ TW77<\/strong><\/th><th class=\"has-text-align-center\" data-align=\"center\"><meta charset=\"utf-8\"><strong>SupraTEQ TW78<\/strong><\/th><\/tr><\/thead><tbody><tr><td class=\"has-text-align-center\" data-align=\"center\">24 cm<\/td><td class=\"has-text-align-center\" data-align=\"center\">33 cm<\/td><td class=\"has-text-align-center\" data-align=\"center\">33 cm<\/td><\/tr><tr><td class=\"has-text-align-center\" data-align=\"center\">320 x 240 px zaslon<\/td><td class=\"has-text-align-center\" data-align=\"center\">320 x 240 px zaslon<\/td><td class=\"has-text-align-center\" data-align=\"center\">480 x 272 px zaslon<\/td><\/tr><\/tbody><\/table><\/figure>\n\n\n\n<div style=\"height:68px\" aria-hidden=\"true\" class=\"wp-block-spacer\"><\/div>\n\n\n\n<h2 class=\"wp-block-heading has-text-align-center\">UGRADBENE OPCIJE<\/h2>\n\n\n\n<div style=\"height:67px\" aria-hidden=\"true\" class=\"wp-block-spacer\"><\/div>\n\n\n<div class=\"wp-block-image\">\n<figure class=\"aligncenter size-large is-resized\"><img loading=\"lazy\" decoding=\"async\" src=\"https:\/\/www.tele-radio.com\/app\/uploads\/\/PUMA_CUSTOM_OPTIONS-1200x632.png\" alt=\"UPPT\u00c4CK FLEXIBLITETEN MED V\u00c5RA PUMA\u00a0CUSTOM LINE-S\u00c4NDARE\" class=\"wp-image-42772\" width=\"680\" height=\"358\" srcset=\"https:\/\/www.tele-radio.com\/app\/uploads\/PUMA_CUSTOM_OPTIONS-1200x632.png 1200w, https:\/\/www.tele-radio.com\/app\/uploads\/PUMA_CUSTOM_OPTIONS-400x211.png 400w, https:\/\/www.tele-radio.com\/app\/uploads\/PUMA_CUSTOM_OPTIONS-768x405.png 768w, https:\/\/www.tele-radio.com\/app\/uploads\/PUMA_CUSTOM_OPTIONS-750x395.png 750w, https:\/\/www.tele-radio.com\/app\/uploads\/PUMA_CUSTOM_OPTIONS-500x264.png 500w, https:\/\/www.tele-radio.com\/app\/uploads\/PUMA_CUSTOM_OPTIONS-1600x843.png 1600w, https:\/\/www.tele-radio.com\/app\/uploads\/PUMA_CUSTOM_OPTIONS-800x422.png 800w, https:\/\/www.tele-radio.com\/app\/uploads\/PUMA_CUSTOM_OPTIONS.png 2000w\" sizes=\"auto, (max-width: 680px) 100vw, 680px\" \/><\/figure><\/div>\n\n\n<div style=\"height:28px\" aria-hidden=\"true\" class=\"wp-block-spacer\"><\/div>\n\n\n<div class=\"wp-block-image\">\n<figure class=\"aligncenter size-full is-resized\"><img loading=\"lazy\" decoding=\"async\" src=\"https:\/\/www.tele-radio.com\/app\/uploads\/Dodajte-podnaslov.jpg\" alt=\"\" class=\"wp-image-166074\" width=\"577\" height=\"128\" srcset=\"https:\/\/www.tele-radio.com\/app\/uploads\/Dodajte-podnaslov.jpg 1200w, https:\/\/www.tele-radio.com\/app\/uploads\/Dodajte-podnaslov-400x89.jpg 400w, https:\/\/www.tele-radio.com\/app\/uploads\/Dodajte-podnaslov-768x170.jpg 768w, https:\/\/www.tele-radio.com\/app\/uploads\/Dodajte-podnaslov-750x166.jpg 750w, https:\/\/www.tele-radio.com\/app\/uploads\/Dodajte-podnaslov-500x111.jpg 500w, https:\/\/www.tele-radio.com\/app\/uploads\/Dodajte-podnaslov-800x177.jpg 800w\" sizes=\"auto, (max-width: 577px) 100vw, 577px\" \/><\/figure><\/div>\n\n\n<div style=\"height:100px\" aria-hidden=\"true\" class=\"wp-block-spacer\"><\/div>\n\n\n\n<figure class=\"wp-block-table\"><table><tbody><tr><td><img decoding=\"async\" src=\"https:\/\/www.tele-radio.com\/app\/uploads\/PM_PM_HY-T24_0002.jpg\" alt=\"\" style=\"width: 500px;\"><\/td><td><span style=\"text-decoration: underline;\"><strong>Fleksibilno<\/strong><br><\/span><br>Linija po Va\u0161oj mjeri nudi nevi\u0111ene mogu\u0107nosti u podru\u010dju prilagodbi softvera. U dogovoru s na\u0161im odjelom prodaje, sami odre\u0111ujete \u017eeljenu funkcije sustava, prilago\u0111enu va\u0161im \u017eeljama i mogu\u0107nostima upravljanog stroja, dizalice, vozila ili plovila.<br>Na primjer, postoji mogu\u0107nost prikaza povratnih signala va\u0161e aplikacije na zaslonu. Postoje mnoge mogu\u0107nosti za postavke upravljanja od predajnika do va\u0161eg stroja, a LCD zaslon mo\u017ee se dizajnirati prema va\u0161im \u017eeljama. Tako\u0111er, ku\u0107i\u0161te \u00a0Tako\u0111er, stil va\u0161eg ku\u0107i\u0161ta mo\u017ee se ugraditi u sustav, signali se mogu prikazati kao grafikoni, mogu\u0107e su animacije i mnogo vi\u0161e.<\/td><\/tr><\/tbody><\/table><\/figure>\n\n\n\n<figure class=\"wp-block-table\"><table><tbody><tr><td><img decoding=\"async\" src=\"https:\/\/www.tele-radio.com\/app\/uploads\/PM_PM_HY-T24_0006.jpg\" alt=\"\" style=\"width: 603px;\"><\/td><td><strong><span style=\"text-decoration: underline;\">Prilagodba hardvera<\/span><\/strong><br><br>Pored izbora uobi\u010dajenog ili velikog ku\u0107i\u0161ta za predajnik, velik dio hardvera mo\u017ee se prilagoditi va\u0161im vlastitim zahtjevima i potrebama. Tele Radio pojasni predajnici su pripremljeni za mnoge posebne zna\u010dajke.<br>Na primjer, ru\u010dke predajnika mogu se opremiti LED svje\u0107icama koje osvjetljavaju prednju plo\u010du i kontrole u slu\u010daju mraka. Vibracijski motor se mo\u017ee ugraditi za taktilni povratni signal. Za sprje\u010davanje neovla\u0161tenog kori\u0161tenja predajnika mo\u017ee se ugraditi sklopka s klju\u010dem.Naravno, prijemnik se mo\u017ee prilagoditi i va\u0161im \u017eeljama. Mo\u017ee biti opremljen unutarnjom ili vanjskom antenom, aktivnom antenom, dodatnim relejima, BUS modulima ili posebnom vrstom kabliranja.<\/td><\/tr><\/tbody><\/table><\/figure>\n\n\n\n<figure class=\"wp-block-table\"><table><tbody><tr><td><img decoding=\"async\" src=\"https:\/\/www.tele-radio.com\/app\/uploads\/PM_PM_HY-T24_0004-1.jpg\" alt=\"\" style=\"width: 500px;\"><\/td><td>Kontrolni elementi<strong><span style=\"text-decoration: underline;\"><br><\/span><\/strong><br>Kontorlni elementi uvelike odre\u0111uju lako\u0107u s kojom mo\u017eete upravljati svojim strojem, ure\u0111ajem, vozilom ili plovilom. Va\u017eno je pa\u017eljivo odabrati i postaviti komponente. Imamo \u0161irok asortiman kontrolnih elemenata za odabir.<br>Svoj predajnik mo\u017eete opremiti razli\u010ditim tipovima upravlja\u010dkih palica i sa ili bez gumba na prednjoj plo\u010di, \u00a0You can provide your transmitter with different types of joysticks with or without a button on the top, postoje palice, prekida\u010di s vi\u0161e polo\u017eaja, potenciometri itd. Neki upravlja\u010dki elementi mogu biti opremljeni ugra\u0111enim LED indikatorom pored tipke na prednjoj plo\u010di. Gumbi tako\u0111er mogu biti u bojama po va\u0161oj \u017eelji.<\/td><\/tr><\/tbody><\/table><\/figure>\n\n\n\n<figure class=\"wp-block-table\"><table><tbody><tr><td><img decoding=\"async\" src=\"https:\/\/www.tele-radio.com\/app\/uploads\/PH_PM_HY-T24_0016.jpg\" alt=\"\" style=\"width: 449px;\"><\/td><td><strong><span style=\"text-decoration: underline;\">Prednja plo\u010da<\/span><\/strong><br><br>Prednja plo\u010da predajnika prepoznatljiv je dio linije po mjeri. Dizajniranjem i izradom prednje plo\u010de prema va\u0161im \u017eeljama, predajnik dobiva na jednostavnosti kori\u0161tenja i izgledu. Na prednjoj plo\u010di mo\u017eete obraditi vlastiti korporativni identitet. Ispravnim oznakama i ikonama na prednjoj plo\u010di osiguravate u\u010dinkovitiju i sigurniju upotrebu.<br>Prednja plo\u010da mo\u017ee biti tiskana. Postoji potpuna sloboda u pogledu vrste ikona, logotipa, fontova itd. Prednja plo\u010da, kao i ostatak oda\u0161ilja\u010da, vrlo je otporna na prljav\u0161tinu, teku\u0107ine, masno\u0107u itd. Na\u0161 odjel prodaje rado \u0107e vas savjetovati o najboljem mogu\u0107em sustavu.<\/td><\/tr><\/tbody><\/table><\/figure>\n\n\n\n<figure class=\"wp-block-table\"><table><tbody><tr><td><img decoding=\"async\" src=\"https:\/\/www.tele-radio.com\/app\/uploads\/Certificaten.jpg\" alt=\"\" style=\"width: 348px;\"><\/td><td><strong><span style=\"text-decoration: underline;\">Certifikati<\/span><\/strong><br><br>Tele radio sustavi \u010desto se koriste u visokorizi\u010dnim zonama. U takvim situacijama uvijek biste se trebali mo\u0107i osloniti na sigurnost sustava. U hitnim slu\u010dajevima, sigurnosna tipka za zaustavljanja trebala bi raditi ono za \u0161to je dizajnirana; zaustaviti zadatak u slu\u010daju opasnosti.<br>Pouzdanost sigurnosnog zaustavljanja oda\u0161ilja\u010da prikazana je u razli\u010ditim slu\u017ebeno definiranim sigurnosnim razinama <strong>(SIL3, PLd, PLe itd.)<\/strong>.<br>Verzija po Va\u0161oj mjeri mo\u017ee se osigurati s \u017eeljenom razinom sigurnosti. Na ovaj na\u010din sistemi se mogu koristiti sigurno u svim okolnostima.<\/td><\/tr><\/tbody><\/table><\/figure>\n\n\n\n<div style=\"height:71px\" aria-hidden=\"true\" class=\"wp-block-spacer\"><\/div>\n\n\n\n<h2 class=\"wp-block-heading has-text-align-center has-luminous-vivid-amber-color has-black-background-color has-text-color has-background\">DODANA VRIJEDNOST NA\u0160IH PROIZVODA<\/h2>\n\n\n\n<div style=\"height:50px\" aria-hidden=\"true\" class=\"wp-block-spacer\"><\/div>\n\n\n<div class=\"wp-block-image is-style-rounded\">\n<figure class=\"alignleft size-full is-resized\"><img loading=\"lazy\" decoding=\"async\" src=\"https:\/\/www.tele-radio.com\/app\/uploads\/Contact-1.png\" alt=\"\" class=\"wp-image-106305\" width=\"111\" height=\"111\" srcset=\"https:\/\/www.tele-radio.com\/app\/uploads\/Contact-1.png 417w, https:\/\/www.tele-radio.com\/app\/uploads\/Contact-1-400x400.png 400w, https:\/\/www.tele-radio.com\/app\/uploads\/Contact-1-150x150.png 150w, https:\/\/www.tele-radio.com\/app\/uploads\/Contact-1-250x250.png 250w\" sizes=\"auto, (max-width: 111px) 100vw, 111px\" \/><\/figure><\/div>\n\n\n<p><strong>Pouzdani savjeti na\u0161eg odjela prodaje<\/strong><\/p>\n\n\n\n<p><a href=\"https:\/\/www.tele-radio.com\/hr\/kontakt\/\">Obratite nam se<\/a>\u00a0za savjet o najboljem sustavu za Va\u0161e potrebe.<\/p>\n\n\n\n<p><\/p>\n\n\n\n<p><\/p>\n\n\n\n<div style=\"height:15px\" aria-hidden=\"true\" class=\"wp-block-spacer\"><\/div>\n\n\n<div class=\"wp-block-image is-style-rounded\">\n<figure class=\"alignleft is-resized\"><img loading=\"lazy\" decoding=\"async\" src=\"https:\/\/www.tele-radio.com\/app\/uploads\/Signaal2.png\" alt=\"\" class=\"wp-image-40681\" width=\"111\" height=\"111\" srcset=\"https:\/\/www.tele-radio.com\/app\/uploads\/Signaal2.png 162w, https:\/\/www.tele-radio.com\/app\/uploads\/Signaal2-150x150.png 150w\" sizes=\"auto, (max-width: 111px) 100vw, 111px\" \/><\/figure><\/div>\n\n\n<h3 class=\"wp-block-heading\"><strong>Na\u0161 tehni\u010dki servis<\/strong><\/h3>\n\n\n\n<p>Tele Radio ima vlastitu tehni\u010dku slu\u017ebu za podr\u0161ku i servis.<\/p>\n\n\n\n<p><\/p>\n\n\n\n<p><\/p>\n\n\n\n<div style=\"height:15px\" aria-hidden=\"true\" class=\"wp-block-spacer\"><\/div>\n\n\n<div class=\"wp-block-image is-style-rounded\">\n<figure class=\"alignleft is-resized\"><img loading=\"lazy\" decoding=\"async\" src=\"https:\/\/www.tele-radio.com\/app\/uploads\/Icon_safety.png\" alt=\"\" class=\"wp-image-42940\" width=\"111\" height=\"111\" srcset=\"https:\/\/www.tele-radio.com\/app\/uploads\/Icon_safety.png 162w, https:\/\/www.tele-radio.com\/app\/uploads\/Icon_safety-150x150.png 150w\" sizes=\"auto, (max-width: 111px) 100vw, 111px\" \/><\/figure><\/div>\n\n\n<h3 class=\"wp-block-heading\"><strong><br>Razni neovisni sigurnosni certifikati<\/strong><\/h3>\n\n\n\n<p>Za sve Tele Radio proizvode sa sigurnosnom certifikacijom, mo\u017eemo vam dati izvje\u0161\u0107a o odobrenju neovisnog tijela za testiranje. Pro\u010ditajte vi\u0161e o tome\u00a0<a href=\"https:\/\/www.tele-radio.com\/hr\/iso-certifikati\/\">OVDJE<\/a>.<\/p>\n\n\n\n<p><\/p>\n\n\n\n<p><\/p>\n\n\n\n<p><\/p>\n\n\n\n<div style=\"height:55px\" aria-hidden=\"true\" class=\"wp-block-spacer\"><\/div>\n\n\n\n<div class=\"wp-block-columns is-layout-flex wp-container-core-columns-is-layout-9d6595d7 wp-block-columns-is-layout-flex\">\n<div class=\"wp-block-column is-layout-flow wp-block-column-is-layout-flow\"><div class=\"wp-block-image is-style-default\">\n<figure class=\"aligncenter size-large\"><a href=\"https:\/\/www.tele-radio.com\/hr\/suprateq\/\"><img loading=\"lazy\" decoding=\"async\" width=\"1200\" height=\"1032\" src=\"https:\/\/www.tele-radio.com\/app\/uploads\/\/SAZNAJ-VISE-O-1-1200x1032.jpg\" alt=\"\" class=\"wp-image-166100\" srcset=\"https:\/\/www.tele-radio.com\/app\/uploads\/SAZNAJ-VISE-O-1-1200x1032.jpg 1200w, https:\/\/www.tele-radio.com\/app\/uploads\/SAZNAJ-VISE-O-1-400x344.jpg 400w, https:\/\/www.tele-radio.com\/app\/uploads\/SAZNAJ-VISE-O-1-768x661.jpg 768w, https:\/\/www.tele-radio.com\/app\/uploads\/SAZNAJ-VISE-O-1-750x645.jpg 750w, https:\/\/www.tele-radio.com\/app\/uploads\/SAZNAJ-VISE-O-1-500x430.jpg 500w, https:\/\/www.tele-radio.com\/app\/uploads\/SAZNAJ-VISE-O-1-800x688.jpg 800w, https:\/\/www.tele-radio.com\/app\/uploads\/SAZNAJ-VISE-O-1.jpg 1425w\" sizes=\"auto, (max-width: 1200px) 100vw, 1200px\" \/><\/a><\/figure><\/div><\/div>\n\n\n\n<div class=\"wp-block-column is-layout-flow wp-block-column-is-layout-flow\"><div class=\"wp-block-image is-style-default\">\n<figure class=\"aligncenter size-large\"><a href=\"https:\/\/www.tele-radio.com\/hr\/versateq\/\"><img loading=\"lazy\" decoding=\"async\" width=\"1200\" height=\"1032\" src=\"https:\/\/www.tele-radio.com\/app\/uploads\/\/SAZNAJ-VISE-O-1200x1032.jpg\" alt=\"\" class=\"wp-image-166124\" srcset=\"https:\/\/www.tele-radio.com\/app\/uploads\/SAZNAJ-VISE-O-1200x1032.jpg 1200w, https:\/\/www.tele-radio.com\/app\/uploads\/SAZNAJ-VISE-O-400x344.jpg 400w, https:\/\/www.tele-radio.com\/app\/uploads\/SAZNAJ-VISE-O-768x660.jpg 768w, https:\/\/www.tele-radio.com\/app\/uploads\/SAZNAJ-VISE-O-750x645.jpg 750w, https:\/\/www.tele-radio.com\/app\/uploads\/SAZNAJ-VISE-O-500x430.jpg 500w, https:\/\/www.tele-radio.com\/app\/uploads\/SAZNAJ-VISE-O-800x688.jpg 800w, https:\/\/www.tele-radio.com\/app\/uploads\/SAZNAJ-VISE-O.jpg 1426w\" sizes=\"auto, (max-width: 1200px) 100vw, 1200px\" \/><\/a><\/figure><\/div><\/div>\n<\/div>\n","protected":false},"excerpt":{"rendered":"<p>LINIJA PO MJERI KORISNIKA Za na\u0161 VERSATEQ i SUPRATEQ asortiman Zbog modularne konstrukcije i VersaTEQa i SupraTEQa, fleksibilnost proizvoda je ekstremna. Po\u010dinjete s izboron ku\u0107i\u0161\u0107a, veliki SupraTEQ ili srednji VersaTEQ. Zatim, ispod haube predajnika mo\u017eete birati izme\u0111u \u0161irokog raspona tehni\u010dkih mogu\u0107nosti. Svi predajnici mogu se konfigurirati prema va\u0161im to\u010dnim specifikacijama. Naravno, pored ovih tehni\u010dkih opcija, [&hellip;]<\/p>\n","protected":false},"author":29,"featured_media":0,"parent":0,"menu_order":0,"comment_status":"closed","ping_status":"closed","template":"","meta":{"_acf_changed":false,"footnotes":""},"class_list":["post-166038","page","type-page","status-publish","hentry"],"acf":[],"_links":{"self":[{"href":"https:\/\/www.tele-radio.com\/hr\/wp-json\/wp\/v2\/pages\/166038","targetHints":{"allow":["GET"]}}],"collection":[{"href":"https:\/\/www.tele-radio.com\/hr\/wp-json\/wp\/v2\/pages"}],"about":[{"href":"https:\/\/www.tele-radio.com\/hr\/wp-json\/wp\/v2\/types\/page"}],"author":[{"embeddable":true,"href":"https:\/\/www.tele-radio.com\/hr\/wp-json\/wp\/v2\/users\/29"}],"replies":[{"embeddable":true,"href":"https:\/\/www.tele-radio.com\/hr\/wp-json\/wp\/v2\/comments?post=166038"}],"version-history":[{"count":4,"href":"https:\/\/www.tele-radio.com\/hr\/wp-json\/wp\/v2\/pages\/166038\/revisions"}],"predecessor-version":[{"id":166149,"href":"https:\/\/www.tele-radio.com\/hr\/wp-json\/wp\/v2\/pages\/166038\/revisions\/166149"}],"wp:attachment":[{"href":"https:\/\/www.tele-radio.com\/hr\/wp-json\/wp\/v2\/media?parent=166038"}],"curies":[{"name":"wp","href":"https:\/\/api.w.org\/{rel}","templated":true}]}}