{"id":165066,"date":"2022-06-30T13:50:49","date_gmt":"2022-06-30T13:50:49","guid":{"rendered":"https:\/\/www.tele-radio.com\/suprateq\/"},"modified":"2023-11-09T13:04:44","modified_gmt":"2023-11-09T13:04:44","slug":"suprateq","status":"publish","type":"page","link":"https:\/\/www.tele-radio.com\/hr\/suprateq\/","title":{"rendered":"SUPRATEQ"},"content":{"rendered":"\n<div style=\"height:15px\" aria-hidden=\"true\" class=\"wp-block-spacer\"><\/div>\n\n\n<div class=\"wp-block-image is-style-rounded\">\n<figure class=\"alignright size-large is-resized\"><img loading=\"lazy\" decoding=\"async\" src=\"https:\/\/www.tele-radio.com\/app\/uploads\/\/SupraTEQ_Collage_v2-1200x1200.png\" alt=\"\" class=\"wp-image-106741\" width=\"422\" height=\"422\" srcset=\"https:\/\/www.tele-radio.com\/app\/uploads\/SupraTEQ_Collage_v2.png 1200w, https:\/\/www.tele-radio.com\/app\/uploads\/SupraTEQ_Collage_v2-400x400.png 400w, https:\/\/www.tele-radio.com\/app\/uploads\/SupraTEQ_Collage_v2-150x150.png 150w, https:\/\/www.tele-radio.com\/app\/uploads\/SupraTEQ_Collage_v2-768x768.png 768w, https:\/\/www.tele-radio.com\/app\/uploads\/SupraTEQ_Collage_v2-250x250.png 250w, https:\/\/www.tele-radio.com\/app\/uploads\/SupraTEQ_Collage_v2-750x750.png 750w, https:\/\/www.tele-radio.com\/app\/uploads\/SupraTEQ_Collage_v2-500x500.png 500w, https:\/\/www.tele-radio.com\/app\/uploads\/SupraTEQ_Collage_v2-800x800.png 800w\" sizes=\"auto, (max-width: 422px) 100vw, 422px\" \/><\/figure><\/div>\n\n\n<h1 class=\"wp-block-heading has-text-align-left has-huge-font-size\">SUPRATEQ<\/h1>\n\n\n\n<h2 class=\"wp-block-heading\"><strong>Na\u0161 najve\u0107i, vrhunski joystick predajnik s pojasom oko struka <\/strong><\/h2>\n\n\n\n<p>Na\u0161 najsuvremeniji svestrani ure\u0111aj iz asorimana TEQ predajnika s pojasom oko struka. Veli\u010dine oko 33 centimetra s prirodno oblikovanim rukohvatima i zakrivljenim, ergonomski dizajniranim ku\u0107i\u0161tem. Zbog veli\u010dine nudi dovoljno prostora na prednjoj plo\u010di za veliki broj kontrola koje mogu podnijeti i najop\u0161irnije zadatke. SupraTEQ va\u0161e je rje\u0161enje za upravljanje slo\u017eenim hidrauli\u010dkim, mobilnim i industrijskim strojevima. SupraTEQ robusan je i siguran, prema standardima, certificiran je od strane neovisnog akreditiranog tijela za ocjenu sukladnosti PLe\/CAT3, SIL3 sigurnosne tipke za zaustavljanje u nu\u017edi.&nbsp;&nbsp;<\/p>\n\n\n\n<div style=\"height:35px\" aria-hidden=\"true\" class=\"wp-block-spacer\"><\/div>\n\n\n\n<h2 class=\"wp-block-heading has-text-align-center has-large-font-size\">JEDINSTVENA TEHNOLOGIJA<\/h2>\n\n\n\n<p>Vjerujemo u inovacije. Tele Radio razvio je razne aplikacije koje omogu\u0107avaju bolje upravljanje i kontrolu va\u0161e opreme koriste\u0107i najnoviju tehnologiju. Tele Radio SupraTEQ ima, uz standardne sisteme, posebne zna\u010dajke i mogu\u0107nosti.<\/p>\n\n\n<div class=\"wp-block-image is-style-rounded\">\n<figure class=\"alignleft is-resized\"><img loading=\"lazy\" decoding=\"async\" src=\"https:\/\/www.tele-radio.com\/app\/uploads\/Webpaginaopbouw_Puma-1.png\" alt=\"\" class=\"wp-image-38105\" width=\"110\" height=\"110\" srcset=\"https:\/\/www.tele-radio.com\/app\/uploads\/Webpaginaopbouw_Puma-1.png 162w, https:\/\/www.tele-radio.com\/app\/uploads\/Webpaginaopbouw_Puma-1-150x150.png 150w\" sizes=\"auto, (max-width: 110px) 100vw, 110px\" \/><\/figure><\/div>\n\n\n<h3 class=\"wp-block-heading\">Aktivna antena<\/h3>\n\n\n\n<p>Aktivna antena mo\u017ee slu\u017eiti kao samostalni repetitor. Aktivna antena zna\u010dajno pove\u0107ava domet izme\u0111u predajnika i prijamnika. \u010cini mogu\u0107im kori\u0161tenje ovih sustava u vrlo zahtjevnim okolnostima, poput rudarenja, u planinskim podru\u010djima ili u velikim zgradama, bez gubitka signala.<\/p>\n\n\n\n<p><\/p>\n\n\n\n<div style=\"height:20px\" aria-hidden=\"true\" class=\"wp-block-spacer\"><\/div>\n\n\n<div class=\"wp-block-image is-style-rounded\">\n<figure class=\"alignleft is-resized\"><img loading=\"lazy\" decoding=\"async\" src=\"https:\/\/www.tele-radio.com\/app\/uploads\/RFID-ICON.png\" alt=\"\" class=\"wp-image-38126\" width=\"110\" height=\"110\" srcset=\"https:\/\/www.tele-radio.com\/app\/uploads\/RFID-ICON.png 162w, https:\/\/www.tele-radio.com\/app\/uploads\/RFID-ICON-150x150.png 150w\" sizes=\"auto, (max-width: 110px) 100vw, 110px\" \/><\/figure><\/div>\n\n\n<h3 class=\"wp-block-heading\">RFID kontrola <\/h3>\n\n\n\n<p>RFID je be\u017ei\u010dna tehnologija prepoznavanja jedinstvenog koda sustava, proizvoda ili korisnika. Postavke korisnika mogu se spremiti na pametnu karticu s RFID-om koju sustav prepoznaje tijekom kori\u0161tenja. Mogu se postaviti razli\u010dite razine korisnika.<\/p>\n\n\n\n<div style=\"height:21px\" aria-hidden=\"true\" class=\"wp-block-spacer\"><\/div>\n\n\n<div class=\"wp-block-image is-style-rounded\">\n<figure class=\"alignleft is-resized\"><img loading=\"lazy\" decoding=\"async\" src=\"https:\/\/www.tele-radio.com\/app\/uploads\/BUS-Systemen.png\" alt=\"\" class=\"wp-image-38147\" width=\"110\" height=\"110\" srcset=\"https:\/\/www.tele-radio.com\/app\/uploads\/BUS-Systemen.png 162w, https:\/\/www.tele-radio.com\/app\/uploads\/BUS-Systemen-150x150.png 150w\" sizes=\"auto, (max-width: 110px) 100vw, 110px\" \/><\/figure><\/div>\n\n\n<h3 class=\"wp-block-heading\">BUS sustav<\/h3>\n\n\n\n<p>Da bi bili u korak s trenutnim industrijskim standardima, kontrole Tele Radio SupraTEQ daljinskih upravlja\u010da su komaptibilne sa \u0161orokim spektorm BUS sustava. Jam\u010dimo Vam jednostavnu komunikaciju sa softverom va\u0161eg stroja. Tele Radio SupraTEQ daljinski upravlja\u010di mogu upravljati CANOPEN, MODBUS i SAE J1939.<\/p>\n\n\n\n<div style=\"height:111px\" aria-hidden=\"true\" class=\"wp-block-spacer\"><\/div>\n\n\n\n<div class=\"wp-block-cover is-light\" style=\"min-height:472px;aspect-ratio:unset;\"><span aria-hidden=\"true\" class=\"wp-block-cover__background has-luminous-vivid-amber-background-color has-background-dim-100 has-background-dim\"><\/span><div class=\"wp-block-cover__inner-container is-layout-flow wp-block-cover-is-layout-flow\">\n<p class=\"has-black-color has-text-color has-medium-font-size\">Ovisno o va\u0161oj primjeni, mo\u017eete odabrati SupraTEQ TW77 standardne modele ili se odlu\u010diti za verziju po mjeri. Verzija po mjeri Vam nudi potpunu slobodu u konfiguriranju va\u0161eg hardvera i softvera unutar ovog ku\u0107i\u0161ta predajnika i povezanih prijamnika. Mo\u017eete \u010dak nadograditi svoj sustav ve\u0107im zaslonom od 4.3 in\u010da (SupraTEQ TW78 po mjeri). Na\u0161 Tele Radio odjel prodaje mo\u017ee Vas savjetovati koja su najbolja rje\u0161enja za Va\u0161e potrebe.<\/p>\n\n\n\n<p class=\"has-black-color has-text-color has-medium-font-size\"><strong>SUPRATEQ STANDARDNE SPECIFIKACIJE<\/strong><\/p>\n\n\n\n<div class=\"wp-block-columns is-layout-flex wp-container-core-columns-is-layout-9d6595d7 wp-block-columns-is-layout-flex\">\n<div class=\"wp-block-column is-layout-flow wp-block-column-is-layout-flow\">\n<p class=\"has-black-color has-text-color\">\u2713 Veli\u010dina 330 x 147 x 179 mm<br>\u2713 Te\u017eina, 2.000 grama<br>\u2713 Frekvencija 2,4 GHz, 16 kanala<br>\u2713 2\u201d zaslon u boji<br>\u2713 IP65 za\u0161tita<br>\u2713 PLe\/CAT3, SIL3 sigurnosna tipka za zaustavljanje u nu\u017edi<br><meta charset=\"utf-8\"><\/meta><meta charset=\"utf-8\"><\/meta>\u2713 Vibracija za upozorenje i alarm<\/p>\n<\/div>\n\n\n\n<div class=\"wp-block-column is-layout-flow wp-block-column-is-layout-flow\">\n<p class=\"has-black-color has-text-color\">\u2713 Duplex komunikacija za povratnu informaciju<br>\u2713 M12 konektor za kontrolu kabela<br>\u2713 Osvjetljena prednja plo\u010da<br>\u2713 LED svje\u0107ice na ru\u010dici za osvjetljenje plo\u010de<br><meta charset=\"utf-8\"><\/meta>\u2713 Baterija koja je zamjenjiva i mo\u017ee se puniti<br><meta charset=\"utf-8\"><\/meta>\u2713 do 10 sati radi s jednom baterijom, ovisno o konfiguraciji<\/p>\n<\/div>\n<\/div>\n<\/div><\/div>\n\n\n\n<div style=\"height:32px\" aria-hidden=\"true\" class=\"wp-block-spacer\"><\/div>\n\n\n\n<h2 class=\"wp-block-heading has-text-align-center has-luminous-vivid-amber-color has-black-background-color has-text-color has-background has-large-font-size\">UPOZNAJ TELE RADIO SUPRATEQ STANDARDNU LINIJU<\/h2>\n\n\n\n<div style=\"height:15px\" aria-hidden=\"true\" class=\"wp-block-spacer\"><\/div>\n\n\n\n<p class=\"has-text-align-center has-medium-font-size\">Pogodan za zahtjevne radnje te cijena zadovoljava kvalitetu. Opremljen standardnim kontrolnim elementima, zaslonom u boji i crnom prednjom plo\u010dom. Ako \u017eelite iskoristiti detaljne, grafi\u010dke povratne informacije o oda\u0161ilja\u010du, savjetujemo rje\u0161enje po mjeri SupraTEQ TW78 sa 4,3\u201d zaslonom u boji.<\/p>\n\n\n\n<div style=\"height:29px\" aria-hidden=\"true\" class=\"wp-block-spacer\"><\/div>\n\n\n\n<h2 class=\"wp-block-heading has-text-align-center\">NA\u0160 SUPRATEQ STANDARDNI PREDAJNIK<\/h2>\n\n\n\n<div class=\"wp-block-columns is-layout-flex wp-container-core-columns-is-layout-9d6595d7 wp-block-columns-is-layout-flex\">\n<div class=\"wp-block-column is-layout-flow wp-block-column-is-layout-flow\"><div class=\"wp-block-image is-style-default\">\n<figure class=\"aligncenter size-large\"><img loading=\"lazy\" decoding=\"async\" width=\"632\" height=\"1200\" src=\"https:\/\/www.tele-radio.com\/app\/uploads\/Versateq_TW57_Product_Description-1-3-632x1200.jpg\" alt=\"\" class=\"wp-image-165695\" srcset=\"https:\/\/www.tele-radio.com\/app\/uploads\/Versateq_TW57_Product_Description-1-3-632x1200.jpg 632w, https:\/\/www.tele-radio.com\/app\/uploads\/Versateq_TW57_Product_Description-1-3-211x400.jpg 211w, https:\/\/www.tele-radio.com\/app\/uploads\/Versateq_TW57_Product_Description-1-3-768x1459.jpg 768w, https:\/\/www.tele-radio.com\/app\/uploads\/Versateq_TW57_Product_Description-1-3-809x1536.jpg 809w, https:\/\/www.tele-radio.com\/app\/uploads\/Versateq_TW57_Product_Description-1-3-1078x2048.jpg 1078w, https:\/\/www.tele-radio.com\/app\/uploads\/Versateq_TW57_Product_Description-1-3-395x750.jpg 395w, https:\/\/www.tele-radio.com\/app\/uploads\/Versateq_TW57_Product_Description-1-3-263x500.jpg 263w, https:\/\/www.tele-radio.com\/app\/uploads\/Versateq_TW57_Product_Description-1-3-842x1600.jpg 842w, https:\/\/www.tele-radio.com\/app\/uploads\/Versateq_TW57_Product_Description-1-3-421x800.jpg 421w, https:\/\/www.tele-radio.com\/app\/uploads\/Versateq_TW57_Product_Description-1-3-scaled.jpg 1348w\" sizes=\"auto, (max-width: 632px) 100vw, 632px\" \/><\/figure><\/div><\/div>\n<\/div>\n\n\n\n<div style=\"height:43px\" aria-hidden=\"true\" class=\"wp-block-spacer\"><\/div>\n\n\n\n<h2 class=\"wp-block-heading has-text-align-center\">NA\u0160I ODGOVARAJU\u0106I STANDARDNI PRIJEMNICI<\/h2>\n\n\n\n<div class=\"wp-block-columns is-layout-flex wp-container-core-columns-is-layout-9d6595d7 wp-block-columns-is-layout-flex\">\n<div class=\"wp-block-column is-layout-flow wp-block-column-is-layout-flow\"><div class=\"wp-block-image\">\n<figure class=\"aligncenter size-large\"><a href=\"https:\/\/www.tele-radio.com\/hr\/products\/teq\/r20-rs01-prijemnik\/\"><img loading=\"lazy\" decoding=\"async\" width=\"640\" height=\"1200\" src=\"https:\/\/www.tele-radio.com\/app\/uploads\/Receivers_Product_Description-2-2-640x1200.jpg\" alt=\"\" class=\"wp-image-165839\" srcset=\"https:\/\/www.tele-radio.com\/app\/uploads\/Receivers_Product_Description-2-2-640x1200.jpg 640w, https:\/\/www.tele-radio.com\/app\/uploads\/Receivers_Product_Description-2-2-213x400.jpg 213w, https:\/\/www.tele-radio.com\/app\/uploads\/Receivers_Product_Description-2-2-768x1439.jpg 768w, https:\/\/www.tele-radio.com\/app\/uploads\/Receivers_Product_Description-2-2-820x1536.jpg 820w, https:\/\/www.tele-radio.com\/app\/uploads\/Receivers_Product_Description-2-2-1093x2048.jpg 1093w, https:\/\/www.tele-radio.com\/app\/uploads\/Receivers_Product_Description-2-2-400x750.jpg 400w, https:\/\/www.tele-radio.com\/app\/uploads\/Receivers_Product_Description-2-2-267x500.jpg 267w, https:\/\/www.tele-radio.com\/app\/uploads\/Receivers_Product_Description-2-2-854x1600.jpg 854w, https:\/\/www.tele-radio.com\/app\/uploads\/Receivers_Product_Description-2-2-427x800.jpg 427w, https:\/\/www.tele-radio.com\/app\/uploads\/Receivers_Product_Description-2-2-scaled.jpg 1366w\" sizes=\"auto, (max-width: 640px) 100vw, 640px\" \/><\/a><\/figure><\/div><\/div>\n\n\n\n<div class=\"wp-block-column is-layout-flow wp-block-column-is-layout-flow\"><div class=\"wp-block-image\">\n<figure class=\"aligncenter size-large\"><a href=\"https:\/\/www.tele-radio.com\/hr\/products\/teq\/r21-rs01-prijemnik\/\"><img loading=\"lazy\" decoding=\"async\" width=\"644\" height=\"1200\" src=\"https:\/\/www.tele-radio.com\/app\/uploads\/Receivers_Product_Description-2-1-3-644x1200.jpg\" alt=\"\" class=\"wp-image-165887\" srcset=\"https:\/\/www.tele-radio.com\/app\/uploads\/Receivers_Product_Description-2-1-3-644x1200.jpg 644w, https:\/\/www.tele-radio.com\/app\/uploads\/Receivers_Product_Description-2-1-3-215x400.jpg 215w, https:\/\/www.tele-radio.com\/app\/uploads\/Receivers_Product_Description-2-1-3-768x1430.jpg 768w, https:\/\/www.tele-radio.com\/app\/uploads\/Receivers_Product_Description-2-1-3-825x1536.jpg 825w, https:\/\/www.tele-radio.com\/app\/uploads\/Receivers_Product_Description-2-1-3-1100x2048.jpg 1100w, https:\/\/www.tele-radio.com\/app\/uploads\/Receivers_Product_Description-2-1-3-403x750.jpg 403w, https:\/\/www.tele-radio.com\/app\/uploads\/Receivers_Product_Description-2-1-3-268x500.jpg 268w, https:\/\/www.tele-radio.com\/app\/uploads\/Receivers_Product_Description-2-1-3-859x1600.jpg 859w, https:\/\/www.tele-radio.com\/app\/uploads\/Receivers_Product_Description-2-1-3-430x800.jpg 430w, https:\/\/www.tele-radio.com\/app\/uploads\/Receivers_Product_Description-2-1-3-scaled.jpg 1374w\" sizes=\"auto, (max-width: 644px) 100vw, 644px\" \/><\/a><\/figure><\/div><\/div>\n<\/div>\n\n\n\n<div style=\"height:87px\" aria-hidden=\"true\" class=\"wp-block-spacer\"><\/div>\n\n\n\n<h2 class=\"wp-block-heading has-text-align-center has-luminous-vivid-amber-color has-black-background-color has-text-color has-background\">DODANA VRIJEDNOST NA\u0160IH PROIZVODA<\/h2>\n\n\n\n<div style=\"height:50px\" aria-hidden=\"true\" class=\"wp-block-spacer\"><\/div>\n\n\n<div class=\"wp-block-image\">\n<figure class=\"alignleft size-full is-resized\"><img loading=\"lazy\" decoding=\"async\" src=\"https:\/\/www.tele-radio.com\/app\/uploads\/Contact-1.png\" alt=\"\" class=\"wp-image-106305\" width=\"111\" height=\"111\" srcset=\"https:\/\/www.tele-radio.com\/app\/uploads\/Contact-1.png 417w, https:\/\/www.tele-radio.com\/app\/uploads\/Contact-1-400x400.png 400w, https:\/\/www.tele-radio.com\/app\/uploads\/Contact-1-150x150.png 150w, https:\/\/www.tele-radio.com\/app\/uploads\/Contact-1-250x250.png 250w\" sizes=\"auto, (max-width: 111px) 100vw, 111px\" \/><\/figure><\/div>\n\n\n<p><strong>Pouzdani savjeti na\u0161eg odjela prodaje<\/strong><\/p>\n\n\n\n<p><a href=\"https:\/\/www.tele-radio.com\/hr\/kontakt\/\">Obratite nam se<\/a> za savjet o najboljem sustavu za Va\u0161e potrebe.<\/p>\n\n\n\n<p><\/p>\n\n\n\n<p><\/p>\n\n\n\n<div style=\"height:15px\" aria-hidden=\"true\" class=\"wp-block-spacer\"><\/div>\n\n\n<div class=\"wp-block-image\">\n<figure class=\"alignleft is-resized\"><img loading=\"lazy\" decoding=\"async\" src=\"https:\/\/www.tele-radio.com\/app\/uploads\/Signaal2.png\" alt=\"\" class=\"wp-image-40681\" width=\"111\" height=\"111\" srcset=\"https:\/\/www.tele-radio.com\/app\/uploads\/Signaal2.png 162w, https:\/\/www.tele-radio.com\/app\/uploads\/Signaal2-150x150.png 150w\" sizes=\"auto, (max-width: 111px) 100vw, 111px\" \/><\/figure><\/div>\n\n\n<h3 class=\"wp-block-heading\"><strong>Na\u0161 tehni\u010dki servis<\/strong><\/h3>\n\n\n\n<p>Tele Radio ima vlastitu tehni\u010dku slu\u017ebu za podr\u0161ku i servis.<\/p>\n\n\n\n<p><\/p>\n\n\n\n<p><\/p>\n\n\n\n<div style=\"height:15px\" aria-hidden=\"true\" class=\"wp-block-spacer\"><\/div>\n\n\n<div class=\"wp-block-image\">\n<figure class=\"alignleft is-resized\"><img loading=\"lazy\" decoding=\"async\" src=\"https:\/\/www.tele-radio.com\/app\/uploads\/Icon_safety.png\" alt=\"\" class=\"wp-image-42940\" width=\"111\" height=\"111\" srcset=\"https:\/\/www.tele-radio.com\/app\/uploads\/Icon_safety.png 162w, https:\/\/www.tele-radio.com\/app\/uploads\/Icon_safety-150x150.png 150w\" sizes=\"auto, (max-width: 111px) 100vw, 111px\" \/><\/figure><\/div>\n\n\n<h3 class=\"wp-block-heading\"><strong>Razni neovisni sigurnosni certifikati<\/strong><\/h3>\n\n\n\n<p>Za sve Tele Radio proizvode sa sigurnosnom certifikacijom, mo\u017eemo vam dati izvje\u0161\u0107a o odobrenju neovisnog tijela za testiranje. Pro\u010ditajte vi\u0161e o tome <a href=\"https:\/\/www.tele-radio.com\/hr\/iso-certifikati\/\">OVDJE<\/a>.<\/p>\n\n\n\n<div style=\"height:60px\" aria-hidden=\"true\" class=\"wp-block-spacer\"><\/div>\n\n\n\n<figure class=\"wp-block-image size-large is-style-default\"><a href=\"https:\/\/www.tele-radio.com\/custom-line-solutions\/\"><img loading=\"lazy\" decoding=\"async\" width=\"1200\" height=\"430\" src=\"https:\/\/www.tele-radio.com\/app\/uploads\/\/1-1-1200x430.png\" alt=\"\" class=\"wp-image-165815\" srcset=\"https:\/\/www.tele-radio.com\/app\/uploads\/1-1-1200x430.png 1200w, https:\/\/www.tele-radio.com\/app\/uploads\/1-1-400x143.png 400w, https:\/\/www.tele-radio.com\/app\/uploads\/1-1-768x275.png 768w, https:\/\/www.tele-radio.com\/app\/uploads\/1-1-1536x550.png 1536w, https:\/\/www.tele-radio.com\/app\/uploads\/1-1-2048x734.png 2048w, https:\/\/www.tele-radio.com\/app\/uploads\/1-1-750x269.png 750w, https:\/\/www.tele-radio.com\/app\/uploads\/1-1-500x179.png 500w, https:\/\/www.tele-radio.com\/app\/uploads\/1-1-1600x573.png 1600w, https:\/\/www.tele-radio.com\/app\/uploads\/1-1-800x287.png 800w\" sizes=\"auto, (max-width: 1200px) 100vw, 1200px\" \/><\/a><\/figure>\n","protected":false},"excerpt":{"rendered":"<p>SUPRATEQ Na\u0161 najve\u0107i, vrhunski joystick predajnik s pojasom oko struka Na\u0161 najsuvremeniji svestrani ure\u0111aj iz asorimana TEQ predajnika s pojasom oko struka. Veli\u010dine oko 33 centimetra s prirodno oblikovanim rukohvatima i zakrivljenim, ergonomski dizajniranim ku\u0107i\u0161tem. Zbog veli\u010dine nudi dovoljno prostora na prednjoj plo\u010di za veliki broj kontrola koje mogu podnijeti i najop\u0161irnije zadatke. SupraTEQ va\u0161e [&hellip;]<\/p>\n","protected":false},"author":29,"featured_media":0,"parent":0,"menu_order":0,"comment_status":"closed","ping_status":"closed","template":"","meta":{"_acf_changed":false,"footnotes":""},"class_list":["post-165066","page","type-page","status-publish","hentry"],"acf":[],"_links":{"self":[{"href":"https:\/\/www.tele-radio.com\/hr\/wp-json\/wp\/v2\/pages\/165066","targetHints":{"allow":["GET"]}}],"collection":[{"href":"https:\/\/www.tele-radio.com\/hr\/wp-json\/wp\/v2\/pages"}],"about":[{"href":"https:\/\/www.tele-radio.com\/hr\/wp-json\/wp\/v2\/types\/page"}],"author":[{"embeddable":true,"href":"https:\/\/www.tele-radio.com\/hr\/wp-json\/wp\/v2\/users\/29"}],"replies":[{"embeddable":true,"href":"https:\/\/www.tele-radio.com\/hr\/wp-json\/wp\/v2\/comments?post=165066"}],"version-history":[{"count":8,"href":"https:\/\/www.tele-radio.com\/hr\/wp-json\/wp\/v2\/pages\/165066\/revisions"}],"predecessor-version":[{"id":166099,"href":"https:\/\/www.tele-radio.com\/hr\/wp-json\/wp\/v2\/pages\/165066\/revisions\/166099"}],"wp:attachment":[{"href":"https:\/\/www.tele-radio.com\/hr\/wp-json\/wp\/v2\/media?parent=165066"}],"curies":[{"name":"wp","href":"https:\/\/api.w.org\/{rel}","templated":true}]}}