{"id":165010,"date":"2022-05-18T08:44:44","date_gmt":"2022-05-18T08:44:44","guid":{"rendered":"https:\/\/www.tele-radio.com\/groupe-industriel-premiums-success-story\/"},"modified":"2023-10-23T12:11:54","modified_gmt":"2023-10-23T12:11:54","slug":"groupe-industriel-premiums-success-story","status":"publish","type":"page","link":"https:\/\/www.tele-radio.com\/hr\/groupe-industriel-premiums-success-story\/","title":{"rendered":"PRI\u010cA O USPJEHU GROUPE INDUSTRIEL PREMIUM"},"content":{"rendered":"\n<h1 class=\"wp-block-heading\">PRI\u010cA O USPJEHU GROUPE INDUSTRIEL PREMIUM<\/h1>\n\n\n\n<p class=\"has-medium-font-size\"><em><em>Tele Radio daljinski upravlja\u010di rukovode 18 elektri\u010dnih nadzemnih dizalica (EOT)<\/em> <em>u novom pogonu za proizvodnju opreme Nortek Air Solutions u Qu\u00e9becu, Kanada.<\/em><\/em><\/p>\n\n\n\n<p>Svaka dizalica opremljena je s tri Panther prijemnika- jedan je za komandni most, drugi je za kolica\/vitlo 1, a tre\u0107i za kolica\/vitlo 2- sa sva tri prijemnika upravlja jedan predajnik i tako olak\u0161ava uporabu. Dizalice se koriste za podizanje raznih tereta u proizvodnji sustava za klimatizaciju, ventilaciju i grijanje u nedavno pro\u0161irenoj tvornici od 200 000 kvadratnih metara u Montrealu.<\/p>\n\n\n<div class=\"wp-block-image is-style-default\">\n<figure class=\"alignright size-full is-resized\"><img loading=\"lazy\" decoding=\"async\" src=\"https:\/\/www.tele-radio.com\/app\/uploads\/Resized_20190920_145257-2-2.jpg\" alt=\"\" class=\"wp-image-103187\" width=\"547\" height=\"604\" srcset=\"https:\/\/www.tele-radio.com\/app\/uploads\/Resized_20190920_145257-2-2.jpg 742w, https:\/\/www.tele-radio.com\/app\/uploads\/Resized_20190920_145257-2-2-362x400.jpg 362w, https:\/\/www.tele-radio.com\/app\/uploads\/Resized_20190920_145257-2-2-679x750.jpg 679w, https:\/\/www.tele-radio.com\/app\/uploads\/Resized_20190920_145257-2-2-452x500.jpg 452w, https:\/\/www.tele-radio.com\/app\/uploads\/Resized_20190920_145257-2-2-724x800.jpg 724w\" sizes=\"auto, (max-width: 547px) 100vw, 547px\" \/><\/figure><\/div>\n\n\n<p>Proizvo\u0111a\u010d dizalica CanStahl, dio <a href=\"https:\/\/groupeindustrielpremium.com\/en\/\">Groupe Industriel Premium Inc. <\/a>obitelji i predstavnik njema\u010dkog proizvo\u0111a\u010da dizalica Stahl CraneSystems, montirali su dizalice. Group Industriel Premium je dugogodi\u0161nji partner Tele Radia a odlu\u010dili su se za liniju proizvoda <a href=\"https:\/\/www.tele-radio.com\/hr\/products\/panther\/\">Panther<\/a>, koja nudi domet do 500 metara i certificirana je prema EN ISO 13849-1, Funkcionalna sigurnost strojeva, kao CAT3, PLd.<\/p>\n\n\n\n<p>Od 18 jednogrednih EOT kranova, 15 radi u tandemu s dvije dizalice. Naime, u Sjevernoj Americi, unutarnji kranovi su tradicionalno opremljene dizalicama sa \u017ei\u010danom u\u017eadi. Me\u0111utim, kako bi se mogli podizati tereti u tandemskom radu bez bo\u010dnog pomicanja kuke\u2014kako bi se osigurao mali prostor izme\u0111u kuka za teret i kako bi se dimenzija prilaza s obje strane mosta dizalice svela na minimum\u2014odabrane su lan\u010dane dizalice.<\/p>\n\n\n\n<p>Ukupno je instalirano 35 novih lan\u010danih dizalica nosivosti izme\u0111u 2,000 i 5,000 kilograma. Rasponi mosnih dizalica su do 66 stopa. (20,12 m). Visina dizanja pojedina\u010dnih dizalica je izme\u0111u 19,7 ft. (6m) i 26,2 ft. (8m). Sve dizalice su opremljene Tele Radio daljinskim upravlja\u010dima s 12 tipki.<\/p>\n\n\n\n<div style=\"height:42px\" aria-hidden=\"true\" class=\"wp-block-spacer\"><\/div>\n\n\n\n<blockquote class=\"wp-block-quote is-layout-flow wp-block-quote-is-layout-flow\">\n<p><em><em>\u201cTele Radio sustavi nam omogu\u0107avaju izradu mostnih kranova s vi\u0161e dizalica i bez ukr\u0161tavanja, \u0161to je po\u017eeljno smanjenje tro\u0161kova tako\u0111er pobolj\u0161ava izgled i kvalitetu proizvoda koje isporu\u010dujemo kupcima. Koristimo Tele Radio proizvode od rujna 2009. i nastavljamo to \u010diniti na temelju kvalitete, robusnosti, sigurnosti i dostupnosti rezervnih dijelova.\u201c<\/em><\/em><\/p>\n<cite><br><em><em>-Alain Leclerc, predsjednik Groupe Industriel Premium<\/em><\/em><\/cite><\/blockquote>\n\n\n\n<div style=\"height:38px\" aria-hidden=\"true\" class=\"wp-block-spacer\"><\/div>\n\n\n\n<p>Leclerc je ponovio kako se Panther sustavi mogu prilagoditi gotovo svim standardnim EOT dizalicama. Sustav je iznimno svestran, prilago\u0111ava se do 95% svih uobi\u010dajenih primjena dizalica (kran s jednim ili dva vitla, tandem dizalice, s do \u010detiri dizalice s jednim predajnikom). Za te\u017ea upravlja\u010dka rje\u0161enja, Tele Radio nudi SIL3 PLe-certificiranu Tiger liniju proizvoda, omogu\u0107uju\u0107i beskrajne prilago\u0111ene konfiguracije koje zadovoljavaju najslo\u017eenije zahtjeve industrijskog daljinskog upravljanja.<\/p>\n\n\n\n<p>Nortek je jedan od vode\u0107ih kanadskih dobavlja\u010da inovativne opreme prilago\u0111ene korisniku za grijanja, ventilacije i klimatizacije i isporu\u010duje visokokvalitetne proizvode i usluge za \u0161irok raspon primjena od 1998. Nakon gore opisane uspje\u0161ne instalacije, budu\u0107i projekti s Groupe Industriel Premium, CanStahl i Tele Radio ve\u0107 su u planu.<\/p>\n\n\n\n<p><\/p>\n\n\n\n<div style=\"height:48px\" aria-hidden=\"true\" class=\"wp-block-spacer\"><\/div>\n\n\n\n<figure class=\"wp-block-image size-large is-style-default\"><img loading=\"lazy\" decoding=\"async\" width=\"1200\" height=\"431\" src=\"https:\/\/www.tele-radio.com\/app\/uploads\/\/20190920_140335-3-2048x735-1-1200x431.jpg\" alt=\"\" class=\"wp-image-103045\" srcset=\"https:\/\/www.tele-radio.com\/app\/uploads\/20190920_140335-3-2048x735-1-1200x431.jpg 1200w, https:\/\/www.tele-radio.com\/app\/uploads\/20190920_140335-3-2048x735-1-400x144.jpg 400w, https:\/\/www.tele-radio.com\/app\/uploads\/20190920_140335-3-2048x735-1-768x276.jpg 768w, https:\/\/www.tele-radio.com\/app\/uploads\/20190920_140335-3-2048x735-1-1536x551.jpg 1536w, https:\/\/www.tele-radio.com\/app\/uploads\/20190920_140335-3-2048x735-1-750x269.jpg 750w, https:\/\/www.tele-radio.com\/app\/uploads\/20190920_140335-3-2048x735-1-500x179.jpg 500w, https:\/\/www.tele-radio.com\/app\/uploads\/20190920_140335-3-2048x735-1-1600x574.jpg 1600w, https:\/\/www.tele-radio.com\/app\/uploads\/20190920_140335-3-2048x735-1-800x287.jpg 800w, https:\/\/www.tele-radio.com\/app\/uploads\/20190920_140335-3-2048x735-1.jpg 2048w\" sizes=\"auto, (max-width: 1200px) 100vw, 1200px\" \/><\/figure>\n\n\n\n<div style=\"height:100px\" aria-hidden=\"true\" class=\"wp-block-spacer\"><\/div>\n","protected":false},"excerpt":{"rendered":"<p>PRI\u010cA O USPJEHU GROUPE INDUSTRIEL PREMIUM Tele Radio daljinski upravlja\u010di rukovode 18 elektri\u010dnih nadzemnih dizalica (EOT) u novom pogonu za proizvodnju opreme Nortek Air Solutions u Qu\u00e9becu, Kanada. Svaka dizalica opremljena je s tri Panther prijemnika- jedan je za komandni most, drugi je za kolica\/vitlo 1, a tre\u0107i za kolica\/vitlo 2- sa sva tri prijemnika [&hellip;]<\/p>\n","protected":false},"author":29,"featured_media":103025,"parent":0,"menu_order":0,"comment_status":"closed","ping_status":"closed","template":"","meta":{"_acf_changed":false,"footnotes":""},"class_list":["post-165010","page","type-page","status-publish","has-post-thumbnail","hentry"],"acf":[],"_links":{"self":[{"href":"https:\/\/www.tele-radio.com\/hr\/wp-json\/wp\/v2\/pages\/165010","targetHints":{"allow":["GET"]}}],"collection":[{"href":"https:\/\/www.tele-radio.com\/hr\/wp-json\/wp\/v2\/pages"}],"about":[{"href":"https:\/\/www.tele-radio.com\/hr\/wp-json\/wp\/v2\/types\/page"}],"author":[{"embeddable":true,"href":"https:\/\/www.tele-radio.com\/hr\/wp-json\/wp\/v2\/users\/29"}],"replies":[{"embeddable":true,"href":"https:\/\/www.tele-radio.com\/hr\/wp-json\/wp\/v2\/comments?post=165010"}],"version-history":[{"count":10,"href":"https:\/\/www.tele-radio.com\/hr\/wp-json\/wp\/v2\/pages\/165010\/revisions"}],"predecessor-version":[{"id":165027,"href":"https:\/\/www.tele-radio.com\/hr\/wp-json\/wp\/v2\/pages\/165010\/revisions\/165027"}],"wp:featuredmedia":[{"embeddable":true,"href":"https:\/\/www.tele-radio.com\/hr\/wp-json\/wp\/v2\/media\/103025"}],"wp:attachment":[{"href":"https:\/\/www.tele-radio.com\/hr\/wp-json\/wp\/v2\/media?parent=165010"}],"curies":[{"name":"wp","href":"https:\/\/api.w.org\/{rel}","templated":true}]}}