{"id":164955,"date":"2023-09-28T14:03:54","date_gmt":"2023-09-28T14:03:54","guid":{"rendered":"https:\/\/www.tele-radio.com\/sustainable-innovation-fully-electric-excavators-with-remote-control\/"},"modified":"2024-01-31T12:03:40","modified_gmt":"2024-01-31T12:03:40","slug":"odrzivo-i-inovativno-potpuno-elektricni-bageri-s-daljinskim-upravljanjem","status":"publish","type":"page","link":"https:\/\/www.tele-radio.com\/hr\/odrzivo-i-inovativno-potpuno-elektricni-bageri-s-daljinskim-upravljanjem\/","title":{"rendered":"Odr\u017eivo i inovativno: potpuno elektri\u010dni bageri s daljinskim upravljanjem"},"content":{"rendered":"\n<h1 class=\"wp-block-heading\">Odr\u017eivo i inovativno: potpuno elektri\u010dni bageri s daljinskim upravljanjem<\/h1>\n\n\n\n<p class=\"has-text-align-left has-medium-font-size\"><em>U potrazi za odr\u017eivim rije\u0161enjima u gra\u0111evinskom i infrastrukturnom sektoru, Limach od 2018. razvija elektri\u010dne bagere. Uz integraciju paketa baterija, elektro-hidrauli\u010dkog pogonskog sklopa i naprednog elektroni\u010dkog sustava Limach, bageri su opremljeni sustavima zamjenjivih baterija. Ovo ne samo da \u010dini Limach bagere bez emisija, ve\u0107 jedinstveno inovativnim.<\/em><\/p>\n\n\n\n<div style=\"height:0px\" aria-hidden=\"true\" class=\"wp-block-spacer\"><\/div>\n\n\n<div class=\"wp-block-image\">\n<figure class=\"alignright size-large is-resized\"><img loading=\"lazy\" decoding=\"async\" width=\"1200\" height=\"800\" src=\"https:\/\/www.tele-radio.com\/app\/uploads\/\/Limach_E140.1_rev1_03_2022-scaled-1-1200x800.webp\" alt=\"\" class=\"wp-image-163688\" style=\"width:418px;height:279px\" srcset=\"https:\/\/www.tele-radio.com\/app\/uploads\/Limach_E140.1_rev1_03_2022-scaled-1-1200x800.webp 1200w, https:\/\/www.tele-radio.com\/app\/uploads\/Limach_E140.1_rev1_03_2022-scaled-1-400x267.webp 400w, https:\/\/www.tele-radio.com\/app\/uploads\/Limach_E140.1_rev1_03_2022-scaled-1-768x512.webp 768w, https:\/\/www.tele-radio.com\/app\/uploads\/Limach_E140.1_rev1_03_2022-scaled-1-1536x1024.webp 1536w, https:\/\/www.tele-radio.com\/app\/uploads\/Limach_E140.1_rev1_03_2022-scaled-1-2048x1366.webp 2048w, https:\/\/www.tele-radio.com\/app\/uploads\/Limach_E140.1_rev1_03_2022-scaled-1-750x500.webp 750w, https:\/\/www.tele-radio.com\/app\/uploads\/Limach_E140.1_rev1_03_2022-scaled-1-500x333.webp 500w, https:\/\/www.tele-radio.com\/app\/uploads\/Limach_E140.1_rev1_03_2022-scaled-1-1600x1067.webp 1600w, https:\/\/www.tele-radio.com\/app\/uploads\/Limach_E140.1_rev1_03_2022-scaled-1-800x533.webp 800w\" sizes=\"auto, (max-width: 1200px) 100vw, 1200px\" \/><\/figure><\/div>\n\n\n<p><strong>Kori\u0161tenje be\u017ei\u010dnih daljinskih upravlja\u010da Tele Radia igra glavnu ulogu u sustavima zamjenjivih baterija. &nbsp;<\/strong><\/p>\n\n\n\n<p>Limach prednja\u010di u inovacijama proizvode\u0107i vrhunske bagere bez emisija koji zna\u010dajno pove\u0107avaju odr\u017eivost gra\u0111evinske i infrastrukturne industrije. \u2018\u2019U Limachu svaki dan radimo na stvaranju boljeg radnog i \u017eivotnog okru\u017eenja za sve. Kombinacijom dokazanog in\u017eenjeringa i napredne tehnologije, neprestano razvijamo i fino pode\u0161avamo svoje proizvode unutar ku\u0107e&#8221;, ka\u017ee Norbert ten Hove, voditelj istra\u017eivanja i razvoja i softverski in\u017eenjer u Limachu, s kojim smo razgovarali.<\/p>\n\n\n\n<p><\/p>\n\n\n\n<h2 class=\"wp-block-heading\"><strong>Iako je radio daljinski upravlja\u010d samo mala komponenta bagera, za\u0161to ga je Limach odlu\u010dio ugraditi?<\/strong><\/h2>\n\n\n\n<p>\u2018\u2019Predajnik koji je jednostavan za kori\u0161tenje \u010dini upravljanje jedinstvenim sustavom zamjene baterija na bageru lakim. Tele radio daljinski upravlja\u010d upravlja s \u010detiri funkcije: podizanjem\/spu\u0161tanjem i zaklju\u010davanjem\/otklju\u010davanjem baterija. Nadalje, operater se mo\u017ee kretati oko stroja dok postavlja ili uklanja baterije, pru\u017eaju\u0107i slobodu da uvijek ima najbolji pregled, omogu\u0107uju\u0107i neovisan i siguran rad. Ukratko, kori\u0161tenje industrijskog daljinskog upravlja\u010da na bageru nudi brojne prednosti, uklju\u010duju\u0107i slobodu, sigurnost i pove\u0107anu u\u010dinkovitost tijekom rada.\u201c<\/p>\n\n\n\n<p><\/p>\n\n\n<div class=\"wp-block-image is-style-rounded\">\n<figure class=\"alignleft size-large is-resized\"><img loading=\"lazy\" decoding=\"async\" width=\"1200\" height=\"1200\" src=\"https:\/\/www.tele-radio.com\/app\/uploads\/\/Web_800_x_800_300dpi-20-1200x1200.jpg\" alt=\"\" class=\"wp-image-163738\" style=\"width:337px;height:337px\" srcset=\"https:\/\/www.tele-radio.com\/app\/uploads\/Web_800_x_800_300dpi-20-1200x1200.jpg 1200w, https:\/\/www.tele-radio.com\/app\/uploads\/Web_800_x_800_300dpi-20-400x400.jpg 400w, https:\/\/www.tele-radio.com\/app\/uploads\/Web_800_x_800_300dpi-20-150x150.jpg 150w, https:\/\/www.tele-radio.com\/app\/uploads\/Web_800_x_800_300dpi-20-768x768.jpg 768w, https:\/\/www.tele-radio.com\/app\/uploads\/Web_800_x_800_300dpi-20-1536x1536.jpg 1536w, https:\/\/www.tele-radio.com\/app\/uploads\/Web_800_x_800_300dpi-20-2048x2048.jpg 2048w, https:\/\/www.tele-radio.com\/app\/uploads\/Web_800_x_800_300dpi-20-250x250.jpg 250w, https:\/\/www.tele-radio.com\/app\/uploads\/Web_800_x_800_300dpi-20-750x750.jpg 750w, https:\/\/www.tele-radio.com\/app\/uploads\/Web_800_x_800_300dpi-20-500x500.jpg 500w, https:\/\/www.tele-radio.com\/app\/uploads\/Web_800_x_800_300dpi-20-1600x1600.jpg 1600w, https:\/\/www.tele-radio.com\/app\/uploads\/Web_800_x_800_300dpi-20-800x800.jpg 800w\" sizes=\"auto, (max-width: 1200px) 100vw, 1200px\" \/><\/figure><\/div>\n\n\n<h2 class=\"wp-block-heading\"><strong>Za\u0161to je Limach izabrao Tele Radio?<\/strong><\/h2>\n\n\n\n<p>\u2018\u2019Bili smo uvjereni da je izbor Tele Radia najbolji izbor na temelju pozitivnog iskustva na\u0161ih partnera. &nbsp;Osim toga, prijemnik ima CANopen su\u010delje, \u0161to je integraciju s na\u0161im sustavom u\u010dinilo jednostavnim zadatkom.\u2019\u2019<\/p>\n\n\n\n<p><\/p>\n\n\n\n<h2 class=\"wp-block-heading\"><strong>Biste li predlo\u017eili drugim kompanijama kori\u0161tenje na\u0161ih be\u017ei\u010dnih daljinskih upravlja\u010da i za\u0161to?<\/strong><\/h2>\n\n\n\n<p>\u2018\u2019Apsolutno. Daljinski upravlja\u010d stalno radi te ima dobar domet, a integracija u vlastiti sustav lako se posti\u017ee kori\u0161tenjem CANopena.&#8221;<\/p>\n\n\n\n<p class=\"has-text-align-left has-black-color has-white-background-color has-text-color has-background\">Norbert ten Hove odgovoran je za vo\u0111enje tima za istra\u017eivanje i razvoj u Limachu, a tako\u0111er pi\u0161e softver za elektri\u010dne komponente Limach strojeva. Kao softverski in\u017eenjer, osigurava integraciju s vanjskim sustavima, kao \u0161to su daljinski upravlja\u010di Tele Radio.<\/p>\n\n\n\n<figure class=\"wp-block-video\"><video autoplay controls loop src=\"https:\/\/www.tele-radio.com\/app\/uploads\/Social_1920_x_1080_Animation_ENG-2.mp4\"><\/video><\/figure>\n\n\n\n<h2 class=\"wp-block-heading has-text-align-center\"><strong>Zanima Vas Limachov bager bez emisija?<\/strong><\/h2>\n\n\n\n<div class=\"wp-block-buttons is-content-justification-center is-layout-flex wp-container-core-buttons-is-layout-16018d1d wp-block-buttons-is-layout-flex\">\n<div class=\"wp-block-button is-style-fill\"><a class=\"wp-block-button__link has-black-background-color has-background wp-element-button\" href=\"https:\/\/limach.nl\/producten\/e140-1\" style=\"border-radius:12px\" target=\"_blank\" rel=\"noreferrer noopener\">KLIKNI OVDJE<\/a><\/div>\n<\/div>\n\n\n\n<div style=\"height:100px\" aria-hidden=\"true\" class=\"wp-block-spacer\"><\/div>\n\n\n\n<h2 class=\"wp-block-heading has-text-align-center has-white-color has-black-background-color has-text-color has-background\">Tele Radio TIGER sustav<\/h2>\n\n\n\n<p>Predajnik koji koristi Limach je Tele Radio TIGER (TG-T9). Ovaj PLe, SIL3-certificirani daljinski upravlja\u010d ima tipke od 8\u00d72 koraka koji kontroliraju 16 razli\u010ditih funkcija, ima robusno ku\u0107i\u0161te, ima IP66 stupanj za\u0161tite i dostupan je s frekvencijom od 433 ili 915 MHz. Kliknite <a href=\"https:\/\/www.tele-radio.com\/hr\/products\/tiger-g2\/tiger-g2-predajnik-8x2-stepene-tipke-ple-sil3\/\">ovdje<\/a> za vi\u0161e detalja.<\/p>\n\n\n\n<p>Prijemnik (TG-R4) ima 7 releja, PLe i SIL3 certifikat, ima stupanj za\u0161tite IP66 i dostupan je s frekvencijom od 433 i 915 MHz. Za vi\u0161e detalja kliknite <a href=\"https:\/\/www.tele-radio.com\/hr\/products\/tiger-g2\/tiger-g2-prijemnik-7-funkcijskih-releja\/\">ovdje<\/a>.<\/p>\n\n\n\n<div class=\"wp-block-columns is-layout-flex wp-container-core-columns-is-layout-9d6595d7 wp-block-columns-is-layout-flex\">\n<div class=\"wp-block-column is-layout-flow wp-block-column-is-layout-flow\" style=\"flex-basis:50%\">\n<h2 class=\"wp-block-heading\">Tele Radio<\/h2>\n\n\n\n<p>Tele Radio pru\u017ea univerzalne be\u017ei\u010dne daljinske upravlja\u010de koji su prilagodljivi industrijskim pogonima na\u0161i proizvodi doprinose ugodnijem i sigurnijem radnom okru\u017eenju. <\/p>\n<\/div>\n\n\n\n<div class=\"wp-block-column is-layout-flow wp-block-column-is-layout-flow\" style=\"flex-basis:50%\"><div class=\"wp-block-image\">\n<figure class=\"aligncenter size-large is-resized\"><img loading=\"lazy\" decoding=\"async\" width=\"1125\" height=\"1200\" src=\"https:\/\/www.tele-radio.com\/app\/uploads\/\/PH_TH55_T9-1C_0002_Limach-1125x1200.png\" alt=\"\" class=\"wp-image-164599\" style=\"width:196px;height:208px\" srcset=\"https:\/\/www.tele-radio.com\/app\/uploads\/PH_TH55_T9-1C_0002_Limach-1125x1200.png 1125w, https:\/\/www.tele-radio.com\/app\/uploads\/PH_TH55_T9-1C_0002_Limach-375x400.png 375w, https:\/\/www.tele-radio.com\/app\/uploads\/PH_TH55_T9-1C_0002_Limach-768x819.png 768w, https:\/\/www.tele-radio.com\/app\/uploads\/PH_TH55_T9-1C_0002_Limach-1440x1536.png 1440w, https:\/\/www.tele-radio.com\/app\/uploads\/PH_TH55_T9-1C_0002_Limach-1920x2048.png 1920w, https:\/\/www.tele-radio.com\/app\/uploads\/PH_TH55_T9-1C_0002_Limach-703x750.png 703w, https:\/\/www.tele-radio.com\/app\/uploads\/PH_TH55_T9-1C_0002_Limach-469x500.png 469w, https:\/\/www.tele-radio.com\/app\/uploads\/PH_TH55_T9-1C_0002_Limach-1500x1600.png 1500w, https:\/\/www.tele-radio.com\/app\/uploads\/PH_TH55_T9-1C_0002_Limach-750x800.png 750w\" sizes=\"auto, (max-width: 1125px) 100vw, 1125px\" \/><\/figure><\/div><\/div>\n<\/div>\n\n\n\n<p><\/p>\n\n\n\n<h2 class=\"wp-block-heading\"><a href=\"https:\/\/www.tele-radio.com\/hr\/kontakt\/\">Vi\u0161e informacija<\/a><\/h2>\n\n\n\n<p><\/p>\n\n\n\n<p><\/p>\n","protected":false},"excerpt":{"rendered":"<p>Odr\u017eivo i inovativno: potpuno elektri\u010dni bageri s daljinskim upravljanjem U potrazi za odr\u017eivim rije\u0161enjima u gra\u0111evinskom i infrastrukturnom sektoru, Limach od 2018. razvija elektri\u010dne bagere. Uz integraciju paketa baterija, elektro-hidrauli\u010dkog pogonskog sklopa i naprednog elektroni\u010dkog sustava Limach, bageri su opremljeni sustavima zamjenjivih baterija. Ovo ne samo da \u010dini Limach bagere bez emisija, ve\u0107 jedinstveno inovativnim. [&hellip;]<\/p>\n","protected":false},"author":29,"featured_media":163741,"parent":0,"menu_order":0,"comment_status":"closed","ping_status":"closed","template":"","meta":{"_acf_changed":false,"footnotes":""},"class_list":["post-164955","page","type-page","status-publish","has-post-thumbnail","hentry"],"acf":[],"_links":{"self":[{"href":"https:\/\/www.tele-radio.com\/hr\/wp-json\/wp\/v2\/pages\/164955","targetHints":{"allow":["GET"]}}],"collection":[{"href":"https:\/\/www.tele-radio.com\/hr\/wp-json\/wp\/v2\/pages"}],"about":[{"href":"https:\/\/www.tele-radio.com\/hr\/wp-json\/wp\/v2\/types\/page"}],"author":[{"embeddable":true,"href":"https:\/\/www.tele-radio.com\/hr\/wp-json\/wp\/v2\/users\/29"}],"replies":[{"embeddable":true,"href":"https:\/\/www.tele-radio.com\/hr\/wp-json\/wp\/v2\/comments?post=164955"}],"version-history":[{"count":10,"href":"https:\/\/www.tele-radio.com\/hr\/wp-json\/wp\/v2\/pages\/164955\/revisions"}],"predecessor-version":[{"id":207992,"href":"https:\/\/www.tele-radio.com\/hr\/wp-json\/wp\/v2\/pages\/164955\/revisions\/207992"}],"wp:featuredmedia":[{"embeddable":true,"href":"https:\/\/www.tele-radio.com\/hr\/wp-json\/wp\/v2\/media\/163741"}],"wp:attachment":[{"href":"https:\/\/www.tele-radio.com\/hr\/wp-json\/wp\/v2\/media?parent=164955"}],"curies":[{"name":"wp","href":"https:\/\/api.w.org\/{rel}","templated":true}]}}