{"id":164044,"date":"2023-04-05T11:24:55","date_gmt":"2023-04-05T11:24:55","guid":{"rendered":"https:\/\/www.tele-radio.com\/rom-bv-worldwide-specialist-in-high-pressure-and-vacuum-techniques\/"},"modified":"2024-04-16T10:12:17","modified_gmt":"2024-04-16T10:12:17","slug":"rom-bv-globalni-strucnjak-za-visokotlacne-i-vakumske-tehnike","status":"publish","type":"page","link":"https:\/\/www.tele-radio.com\/hr\/rom-bv-globalni-strucnjak-za-visokotlacne-i-vakumske-tehnike\/","title":{"rendered":"ROM BV globalni stru\u010dnjak za visokotla\u010dne i vakumske tehnike"},"content":{"rendered":"\n<h1 class=\"wp-block-heading\">ROM BV globalni stru\u010dnjak za visokotla\u010dne i vakumske tehnike<\/h1>\n\n\n\n<p><strong><a aria-label=\"undefined (opens in a new tab)\" href=\"https:\/\/rombv.com\/en\" target=\"_blank\" rel=\"noreferrer noopener\"><em>ROM BV<\/em><\/a><em>  <\/em><\/strong><em><strong>je aktivan globalni stru\u010dnjak za visokotla\u010dne i vakumske tehnike. Tvornice Nizozemske i \u010ce\u0161ke proizvode i opskrbljuju profesionalnu industriju \u010di\u0161\u0107enja i sektor javne uprave opremom za \u010di\u0161\u0107enje. Mnoge aplikacije ROM BV, kao visokotla\u010dni \u010dista\u010di kanalizacije i strojevi za od\u010depljivanje kanalizacije, su opremljeni daljinskim upravlja\u010dem. Korisnici ROM-a moraju se u svim slu\u010dajima osloniti na pouzdan i siguran rad.<\/strong><\/em><\/p>\n\n\n\n<p>S be\u017ei\u010dnim daljinskim upravlja\u010dem, korisnici ROM BV u\u017eivaju u ve\u0107oj slobodi pokreta, tako\u0111er dr\u017eanjem udaljenosti smanje se rizik od mogu\u0107nosti fizi\u010dkih ozljeda. Osim u\u010dinkovitijeg i sigurnijeg rada, be\u017ei\u010dni rad u aplikacijama za visokotla\u010dno \u010di\u0161\u0107enje i \u010di\u0161\u0107enje kanalizacije donosi vi\u0161e dobrobiti.<\/p>\n\n\n\n<h2 class=\"wp-block-heading\">PREDNOSTI<\/h2>\n\n\n\n<div style=\"height:16px\" aria-hidden=\"true\" class=\"wp-block-spacer\"><\/div>\n\n\n\n<div class=\"wp-block-group\"><div class=\"wp-block-group__inner-container is-layout-flow wp-block-group-is-layout-flow\">\n<div class=\"wp-block-columns is-layout-flex wp-container-core-columns-is-layout-9d6595d7 wp-block-columns-is-layout-flex\">\n<div class=\"wp-block-column is-layout-flow wp-block-column-is-layout-flow\" style=\"flex-basis:66.66%\">\n<blockquote class=\"wp-block-quote is-style-plain\">\n<p><strong>U\u010dinkovitost<\/strong><\/p>\n<p>-Daljinsko upravljanje strojem za od\u010depljivanje kanalizacije ili visokotla\u010dnim \u010dista\u010dem kanalizacije \u010duva vrijeme.<\/p>\n<p>\u200e\u3164<\/p>\n<p><strong>U\u0161teda<\/strong><\/p>\n<p>-S daljinskim upravlja\u010dem mo\u017eete obaviti isti posao s manje ljudi.<\/p>\n<p>\u200e\u3164<\/p>\n<p><strong>Za\u0161tita<\/strong><\/p>\n<p>-Sustav s razinom za\u0161tite do IP67 \u010duva od pra\u0161ine, vode i padova.<\/p>\n<p>\u3164<\/p>\n<p><strong>Kratko vrijeme uklju\u010divanja<\/strong><\/p>\n<p>-Ograni\u010dava potro\u0161nju vode i sprje\u010dava nepotrebno plavljenje<\/p>\n<p>\u3164<\/p>\n<p><strong>Sigurnost<\/strong><\/p>\n<p>-Certificirana <a href=\"https:\/\/www.tele-radio.com\/hr\/koja-je-vaznost-certificiranje-tipke-za-zaustavljanje-u-nuzdi-na-industrijskom-daljinskom-upravljanju\/\">tipka za zaustavljanje u nu\u017edi<\/a> na daljinskom upravlja\u010du je klju\u010dna kada se govori o sigurnosti i jam\u010di stalnu, aktivnu komunikaciju s prijemnikom koji je u skladu s PLd i SIL3 sigurnosnim standardima.<\/p>\n<\/blockquote>\n<\/div>\n\n\n\n<div class=\"wp-block-column is-layout-flow wp-block-column-is-layout-flow\" style=\"flex-basis:33.33%\">\n<div style=\"height:50px\" aria-hidden=\"true\" class=\"wp-block-spacer\"><\/div>\n\n\n<div class=\"wp-block-image\">\n<figure class=\"aligncenter size-large\"><img loading=\"lazy\" decoding=\"async\" width=\"1200\" height=\"1200\" src=\"https:\/\/www.tele-radio.com\/app\/uploads\/\/Web_800_x_800_300dpi-5-1200x1200.jpg\" alt=\"\" class=\"wp-image-139328\" srcset=\"https:\/\/www.tele-radio.com\/app\/uploads\/Web_800_x_800_300dpi-5-1200x1200.jpg 1200w, https:\/\/www.tele-radio.com\/app\/uploads\/Web_800_x_800_300dpi-5-400x400.jpg 400w, https:\/\/www.tele-radio.com\/app\/uploads\/Web_800_x_800_300dpi-5-150x150.jpg 150w, https:\/\/www.tele-radio.com\/app\/uploads\/Web_800_x_800_300dpi-5-768x768.jpg 768w, https:\/\/www.tele-radio.com\/app\/uploads\/Web_800_x_800_300dpi-5-1536x1536.jpg 1536w, https:\/\/www.tele-radio.com\/app\/uploads\/Web_800_x_800_300dpi-5-2048x2048.jpg 2048w, https:\/\/www.tele-radio.com\/app\/uploads\/Web_800_x_800_300dpi-5-250x250.jpg 250w, https:\/\/www.tele-radio.com\/app\/uploads\/Web_800_x_800_300dpi-5-750x750.jpg 750w, https:\/\/www.tele-radio.com\/app\/uploads\/Web_800_x_800_300dpi-5-500x500.jpg 500w, https:\/\/www.tele-radio.com\/app\/uploads\/Web_800_x_800_300dpi-5-1600x1600.jpg 1600w, https:\/\/www.tele-radio.com\/app\/uploads\/Web_800_x_800_300dpi-5-800x800.jpg 800w\" sizes=\"auto, (max-width: 1200px) 100vw, 1200px\" \/><\/figure><\/div><\/div>\n<\/div>\n<\/div><\/div>\n\n\n\n<div class=\"wp-block-group\"><div class=\"wp-block-group__inner-container is-layout-flow wp-block-group-is-layout-flow\"><\/div><\/div>\n\n\n\n<div style=\"height:47px\" aria-hidden=\"true\" class=\"wp-block-spacer\"><\/div>\n\n\n\n<div class=\"wp-block-group\"><div class=\"wp-block-group__inner-container is-layout-flow wp-block-group-is-layout-flow\">\n<div class=\"wp-block-columns has-black-background-color has-background is-layout-flex wp-container-core-columns-is-layout-9d6595d7 wp-block-columns-is-layout-flex\">\n<div class=\"wp-block-column is-layout-flow wp-block-column-is-layout-flow\">\n<figure class=\"wp-block-image size-full\"><img loading=\"lazy\" decoding=\"async\" width=\"800\" height=\"496\" src=\"https:\/\/www.tele-radio.com\/app\/uploads\/Web_ROM.jpg\" alt=\"\" class=\"wp-image-143771\" srcset=\"https:\/\/www.tele-radio.com\/app\/uploads\/Web_ROM.jpg 800w, https:\/\/www.tele-radio.com\/app\/uploads\/Web_ROM-400x248.jpg 400w, https:\/\/www.tele-radio.com\/app\/uploads\/Web_ROM-768x476.jpg 768w, https:\/\/www.tele-radio.com\/app\/uploads\/Web_ROM-750x465.jpg 750w, https:\/\/www.tele-radio.com\/app\/uploads\/Web_ROM-500x310.jpg 500w\" sizes=\"auto, (max-width: 800px) 100vw, 800px\" \/><\/figure>\n<\/div>\n\n\n\n<div class=\"wp-block-column is-vertically-aligned-center is-layout-flow wp-block-column-is-layout-flow\">\n<p class=\"has-text-align-center has-white-color has-black-background-color has-text-color has-background\"><strong><em>&#8221;Daljinski upravlja\u010d \u010dini se kao mali dio na\u0161eg proizvoda, ali korisnicima na\u0161e opreme za \u010di\u0161\u0107enje nudi mnoge prednosti&#8221;<\/em><\/strong><\/p>\n<\/div>\n<\/div>\n<\/div><\/div>\n\n\n\n<p>ROM BV ima mnogo tipova <a href=\"https:\/\/rombv.com\/en\/rom-remote-controls?AreaID=40&amp;switchLanguage=en-GB\">alata i dodatne opreme<\/a> za \u010di\u0161\u0107enje kanalizacije. Kod od\u010depljivanja i \u010di\u0161\u0107enja daljinski upravlja\u010d je neophodan alat za osobu specijaliziranu za \u010di\u0161\u0107enje.<\/p>\n\n\n\n<h2 class=\"wp-block-heading\">ROM BV<\/h2>\n\n\n\n<p>Od svog osnutka 1980. godine, obiteljski posao ROM BV,\u00a0 koji danas djeluje na globalnoj razini, vrijedno radi na ostvarenju svoje vizije: stvaranje pametnih rje\u0161enja za industriju usluga kanalizacije i mobilnih WC-a kontinuiranim razvojem i marketingom novih tehnologija, proizvoda i metoda diljem svijeta.<\/p>\n\n\n\n<p>ROM BV korisnici su ra\u0161ireni diljem Europe, Azije, Afrike i Amerike. Uz Nizozemske i \u010ce\u0161ke podru\u017enice, Rom radi s mre\u017eom vi\u0161e od 50 specijaliziranih partnera u vi\u0161e od 35 zemalja.<\/p>\n\n\n\n<div class=\"wp-block-group\"><div class=\"wp-block-group__inner-container is-layout-flow wp-block-group-is-layout-flow\">\n<div style=\"height:20px\" aria-hidden=\"true\" class=\"wp-block-spacer\"><\/div>\n\n\n\n<blockquote class=\"wp-block-quote has-text-align-center is-layout-flow wp-block-quote-is-layout-flow\">\n<p><strong><em><strong><em>&#8220;Kod od\u010depljivanja i \u010di\u0161\u0107enja, daljinski upravlja\u010d je neophodan alat za osobu specijaliziranu za \u010di\u0161\u0107enje&#8221;<\/em><\/strong><\/em><\/strong><\/p>\n<\/blockquote>\n\n\n\n<div style=\"height:20px\" aria-hidden=\"true\" class=\"wp-block-spacer\"><\/div>\n<\/div><\/div>\n\n\n\n<h2 class=\"wp-block-heading\"><meta charset=\"utf-8\">TELE RADIO<\/h2>\n\n\n\n<p><meta charset=\"utf-8\"><\/meta>Tele Radio je ponosni dobavlja\u010d daljinskih upravlja\u010da za razne strojeve ROM BV. Na\u0161i proizvodi su neovisno certificirani SIL3, PLd i PLe sigurnosnim razinama za funkcije zaustavljanja. S vi\u0161e od 60 godina iskustva, imamo solidno znanje o radio-upravljanim sustavima i imamo veliki asortiman predajnika od manjih ru\u010dnih, srednjih daljinskih ure\u0111aja s gumbima do pojasnih joystick predajnika.<\/p>\n\n\n\n<div style=\"height:20px\" aria-hidden=\"true\" class=\"wp-block-spacer\"><\/div>\n\n\n\n<figure class=\"wp-block-image size-large\"><img loading=\"lazy\" decoding=\"async\" width=\"1200\" height=\"346\" src=\"https:\/\/www.tele-radio.com\/app\/uploads\/\/Family-photo-1200x346.jpg\" alt=\"\" class=\"wp-image-121991\" srcset=\"https:\/\/www.tele-radio.com\/app\/uploads\/Family-photo-1200x346.jpg 1200w, https:\/\/www.tele-radio.com\/app\/uploads\/Family-photo-400x115.jpg 400w, https:\/\/www.tele-radio.com\/app\/uploads\/Family-photo-768x221.jpg 768w, https:\/\/www.tele-radio.com\/app\/uploads\/Family-photo-1536x443.jpg 1536w, https:\/\/www.tele-radio.com\/app\/uploads\/Family-photo-750x216.jpg 750w, https:\/\/www.tele-radio.com\/app\/uploads\/Family-photo-500x144.jpg 500w, https:\/\/www.tele-radio.com\/app\/uploads\/Family-photo-800x231.jpg 800w, https:\/\/www.tele-radio.com\/app\/uploads\/Family-photo.jpg 1600w\" sizes=\"auto, (max-width: 1200px) 100vw, 1200px\" \/><\/figure>\n","protected":false},"excerpt":{"rendered":"<p>ROM BV globalni stru\u010dnjak za visokotla\u010dne i vakumske tehnike ROM BV je aktivan globalni stru\u010dnjak za visokotla\u010dne i vakumske tehnike. Tvornice Nizozemske i \u010ce\u0161ke proizvode i opskrbljuju profesionalnu industriju \u010di\u0161\u0107enja i sektor javne uprave opremom za \u010di\u0161\u0107enje. Mnoge aplikacije ROM BV, kao visokotla\u010dni \u010dista\u010di kanalizacije i strojevi za od\u010depljivanje kanalizacije, su opremljeni daljinskim upravlja\u010dem. Korisnici [&hellip;]<\/p>\n","protected":false},"author":29,"featured_media":143798,"parent":0,"menu_order":0,"comment_status":"closed","ping_status":"closed","template":"","meta":{"_acf_changed":false,"footnotes":""},"class_list":["post-164044","page","type-page","status-publish","has-post-thumbnail","hentry"],"acf":[],"_links":{"self":[{"href":"https:\/\/www.tele-radio.com\/hr\/wp-json\/wp\/v2\/pages\/164044","targetHints":{"allow":["GET"]}}],"collection":[{"href":"https:\/\/www.tele-radio.com\/hr\/wp-json\/wp\/v2\/pages"}],"about":[{"href":"https:\/\/www.tele-radio.com\/hr\/wp-json\/wp\/v2\/types\/page"}],"author":[{"embeddable":true,"href":"https:\/\/www.tele-radio.com\/hr\/wp-json\/wp\/v2\/users\/29"}],"replies":[{"embeddable":true,"href":"https:\/\/www.tele-radio.com\/hr\/wp-json\/wp\/v2\/comments?post=164044"}],"version-history":[{"count":6,"href":"https:\/\/www.tele-radio.com\/hr\/wp-json\/wp\/v2\/pages\/164044\/revisions"}],"predecessor-version":[{"id":215703,"href":"https:\/\/www.tele-radio.com\/hr\/wp-json\/wp\/v2\/pages\/164044\/revisions\/215703"}],"wp:featuredmedia":[{"embeddable":true,"href":"https:\/\/www.tele-radio.com\/hr\/wp-json\/wp\/v2\/media\/143798"}],"wp:attachment":[{"href":"https:\/\/www.tele-radio.com\/hr\/wp-json\/wp\/v2\/media?parent=164044"}],"curies":[{"name":"wp","href":"https:\/\/api.w.org\/{rel}","templated":true}]}}