{"id":116119,"date":"2022-06-13T07:32:16","date_gmt":"2022-06-13T07:32:16","guid":{"rendered":"https:\/\/www.tele-radio.com\/teq-waist-transmitters\/"},"modified":"2023-11-20T12:43:40","modified_gmt":"2023-11-20T12:43:40","slug":"teq-predajnici","status":"publish","type":"page","link":"https:\/\/www.tele-radio.com\/hr\/teq-predajnici\/","title":{"rendered":"TEQ PREDAJNICI"},"content":{"rendered":"\n<h1 class=\"wp-block-heading\">TEQ PREDAJNICI<\/h1>\n\n\n<div class=\"wp-block-image is-style-rounded\">\n<figure class=\"alignright size-large is-resized\"><img loading=\"lazy\" decoding=\"async\" src=\"https:\/\/www.tele-radio.com\/app\/uploads\/\/Waist_Band_Transmitter_Collage_v2-2-1200x1200.png\" alt=\"\" class=\"wp-image-105482\" width=\"425\" height=\"425\" srcset=\"https:\/\/www.tele-radio.com\/app\/uploads\/Waist_Band_Transmitter_Collage_v2-2.png 1200w, https:\/\/www.tele-radio.com\/app\/uploads\/Waist_Band_Transmitter_Collage_v2-2-400x400.png 400w, https:\/\/www.tele-radio.com\/app\/uploads\/Waist_Band_Transmitter_Collage_v2-2-150x150.png 150w, https:\/\/www.tele-radio.com\/app\/uploads\/Waist_Band_Transmitter_Collage_v2-2-768x768.png 768w, https:\/\/www.tele-radio.com\/app\/uploads\/Waist_Band_Transmitter_Collage_v2-2-250x250.png 250w, https:\/\/www.tele-radio.com\/app\/uploads\/Waist_Band_Transmitter_Collage_v2-2-750x750.png 750w, https:\/\/www.tele-radio.com\/app\/uploads\/Waist_Band_Transmitter_Collage_v2-2-500x500.png 500w, https:\/\/www.tele-radio.com\/app\/uploads\/Waist_Band_Transmitter_Collage_v2-2-800x800.png 800w\" sizes=\"auto, (max-width: 425px) 100vw, 425px\" \/><\/figure><\/div>\n\n\n<h2 class=\"wp-block-heading\">Za jo\u0161 \u0161iri raspon primjena<\/h2>\n\n\n\n<p>S vi\u0161e od 65 godina iskustva na podru\u010dju radio daljinskog upravljanja Tele Radio ima \u0161irok asortiman predajnika. Me\u0111u njima TEQ predajnici su besprijekorno skrojeni prema \u017eeljama korisnika i specifi\u010dnim zahtjevima namjene i aplikacije za koju se koriste.<\/p>\n\n\n\n<p>Tele Radio<strong> TEQ predajnici<\/strong> su prikladni za izrazito zahtjevna upravlja\u010dka rje\u0161enja. Ovi predajnici se nose koriste\u0107i remene koji mogu i\u0107i oko vrata, ramena ili struka. Za razliku od ru\u010dnih predajnika, <strong>na\u0161i industrijski TEQ predajnici<\/strong> nude mogu\u0107nost upravljanja s obje ruke i nudi lako\u0107u upravljanja. Velike, \u010dvrste ru\u010dke jam\u010de opu\u0161ten radni polo\u017eaj.<\/p>\n\n\n\n<p>Na\u0161e<strong> TEQ joystick predajnike<\/strong> isporu\u010dujemo u tri razli\u010dite veli\u010dine. Dostupni su u standardnom izdanju ili izra\u0111eni isklju\u010divo za va\u0161u aplikaciju uklju\u010duju\u0107i tipke, prekida\u010de, upravlja\u010dke pedale, povratne informacije itd. Izbor je va\u0161: ili odaberite kompaktan i stoga prakti\u010dan predajnik ili jednu od ve\u0107ih verzija koje uklju\u010duju prostor za sve dodatne kontrole i zaslon do 4,3 in\u010da za povratne informacije od kontroliranog stroja ili vozila.<\/p>\n\n\n\n<p>S <strong>TeleRadio predajnicima<\/strong> mogu\u0107nosti aplikacija su skoro pa beskrajne.&nbsp;&nbsp;&nbsp;&nbsp;<\/p>\n\n\n\n<div style=\"height:37px\" aria-hidden=\"true\" class=\"wp-block-spacer\"><\/div>\n\n\n\n<div class=\"wp-block-columns is-layout-flex wp-container-core-columns-is-layout-9d6595d7 wp-block-columns-is-layout-flex\">\n<div class=\"wp-block-column is-layout-flow wp-block-column-is-layout-flow\">\n<h2 class=\"wp-block-heading has-text-align-center has-luminous-vivid-amber-color has-black-background-color has-text-color has-background\" style=\"font-size:30px\">ODABERITE SVOJ MODEL<\/h2>\n\n\n\n<div style=\"height:52px\" aria-hidden=\"true\" class=\"wp-block-spacer\"><\/div>\n\n\n\n<div class=\"wp-block-columns is-layout-flex wp-container-core-columns-is-layout-9d6595d7 wp-block-columns-is-layout-flex\">\n<div class=\"wp-block-column is-layout-flow wp-block-column-is-layout-flow\">\n<figure class=\"wp-block-image size-large is-style-default\"><a href=\"https:\/\/www.tele-radio.com\/primateq-2\/\"><img loading=\"lazy\" decoding=\"async\" width=\"697\" height=\"1200\" src=\"https:\/\/www.tele-radio.com\/app\/uploads\/\/SAZNAJ-VISE-O-2-697x1200.jpg\" alt=\"\" class=\"wp-image-166550\" srcset=\"https:\/\/www.tele-radio.com\/app\/uploads\/SAZNAJ-VISE-O-2-697x1200.jpg 697w, https:\/\/www.tele-radio.com\/app\/uploads\/SAZNAJ-VISE-O-2-232x400.jpg 232w, https:\/\/www.tele-radio.com\/app\/uploads\/SAZNAJ-VISE-O-2-435x750.jpg 435w, https:\/\/www.tele-radio.com\/app\/uploads\/SAZNAJ-VISE-O-2-290x500.jpg 290w, https:\/\/www.tele-radio.com\/app\/uploads\/SAZNAJ-VISE-O-2-464x800.jpg 464w, https:\/\/www.tele-radio.com\/app\/uploads\/SAZNAJ-VISE-O-2.jpg 713w\" sizes=\"auto, (max-width: 697px) 100vw, 697px\" \/><\/a><\/figure>\n<\/div>\n\n\n\n<div class=\"wp-block-column is-layout-flow wp-block-column-is-layout-flow\">\n<figure class=\"wp-block-image size-large is-style-default\"><a href=\"https:\/\/www.tele-radio.com\/hr\/versateq\/\"><img loading=\"lazy\" decoding=\"async\" width=\"697\" height=\"1200\" src=\"https:\/\/www.tele-radio.com\/app\/uploads\/\/SAZNAJ-VISE-O-1-1-697x1200.png\" alt=\"\" class=\"wp-image-166526\" srcset=\"https:\/\/www.tele-radio.com\/app\/uploads\/SAZNAJ-VISE-O-1-1-697x1200.png 697w, https:\/\/www.tele-radio.com\/app\/uploads\/SAZNAJ-VISE-O-1-1-232x400.png 232w, https:\/\/www.tele-radio.com\/app\/uploads\/SAZNAJ-VISE-O-1-1-768x1323.png 768w, https:\/\/www.tele-radio.com\/app\/uploads\/SAZNAJ-VISE-O-1-1-892x1536.png 892w, https:\/\/www.tele-radio.com\/app\/uploads\/SAZNAJ-VISE-O-1-1-435x750.png 435w, https:\/\/www.tele-radio.com\/app\/uploads\/SAZNAJ-VISE-O-1-1-290x500.png 290w, https:\/\/www.tele-radio.com\/app\/uploads\/SAZNAJ-VISE-O-1-1-929x1600.png 929w, https:\/\/www.tele-radio.com\/app\/uploads\/SAZNAJ-VISE-O-1-1-464x800.png 464w, https:\/\/www.tele-radio.com\/app\/uploads\/SAZNAJ-VISE-O-1-1.png 1189w\" sizes=\"auto, (max-width: 697px) 100vw, 697px\" \/><\/a><\/figure>\n<\/div>\n\n\n\n<div class=\"wp-block-column is-layout-flow wp-block-column-is-layout-flow\">\n<figure class=\"wp-block-image size-large is-style-default\"><a href=\"https:\/\/www.tele-radio.com\/hr\/suprateq\/\"><img loading=\"lazy\" decoding=\"async\" width=\"696\" height=\"1200\" src=\"https:\/\/www.tele-radio.com\/app\/uploads\/\/SAZNAJ-VISE-O-696x1200.png\" alt=\"\" class=\"wp-image-166502\" srcset=\"https:\/\/www.tele-radio.com\/app\/uploads\/SAZNAJ-VISE-O-696x1200.png 696w, https:\/\/www.tele-radio.com\/app\/uploads\/SAZNAJ-VISE-O-232x400.png 232w, https:\/\/www.tele-radio.com\/app\/uploads\/SAZNAJ-VISE-O-768x1324.png 768w, https:\/\/www.tele-radio.com\/app\/uploads\/SAZNAJ-VISE-O-891x1536.png 891w, https:\/\/www.tele-radio.com\/app\/uploads\/SAZNAJ-VISE-O-435x750.png 435w, https:\/\/www.tele-radio.com\/app\/uploads\/SAZNAJ-VISE-O-290x500.png 290w, https:\/\/www.tele-radio.com\/app\/uploads\/SAZNAJ-VISE-O-928x1600.png 928w, https:\/\/www.tele-radio.com\/app\/uploads\/SAZNAJ-VISE-O-464x800.png 464w, https:\/\/www.tele-radio.com\/app\/uploads\/SAZNAJ-VISE-O.png 1188w\" sizes=\"auto, (max-width: 696px) 100vw, 696px\" \/><\/a><\/figure>\n<\/div>\n<\/div>\n\n\n\n<hr class=\"wp-block-separator has-text-color has-black-color has-css-opacity has-black-background-color has-background aligncenter is-style-thick\"\/>\n\n\n\n<div style=\"height:67px\" aria-hidden=\"true\" class=\"wp-block-spacer\"><\/div>\n\n\n\n<div class=\"wp-block-columns is-layout-flex wp-container-core-columns-is-layout-9d6595d7 wp-block-columns-is-layout-flex\">\n<div class=\"wp-block-column is-layout-flow wp-block-column-is-layout-flow\">\n<h2 class=\"wp-block-heading has-text-align-center has-luminous-vivid-amber-color has-black-background-color has-text-color has-background\" style=\"font-size:30px\">ODLU\u010cITE SE ZA STANDARDNU LINIJU ILI VERZIJU PO MJERI<\/h2>\n<\/div>\n<\/div>\n\n\n\n<div style=\"height:16px\" aria-hidden=\"true\" class=\"wp-block-spacer\"><\/div>\n\n\n\n<p>Trebate li predajnik za (manje-vi\u0161e) standardne aplikacije? Preporu\u010dujemo Vam da odaberete <strong>Prima TEQ, VersaTEQ i SupraTEQ standardnu liniju<\/strong>. Ovi predajnici imaju fiksni skup komandi, visoko su prilagodljivi i imaju certificiranu tipku za zaustavljanje u nu\u017edi. Nudimo Vam najbolji omjer cijene i kvalitete.<\/p>\n\n\n\n<p><meta charset=\"utf-8\"><\/meta>Da bi zadovoljili trenutne industrijske standarde, Tele Radio joystic predajnik su kompatibilni sa \u0161irokim rasponom BUS sistema.<\/p>\n\n\n\n<p>Ako imate specifi\u010dne \u017eelje za svoje aplikacije, preporu\u010dujemo Vam da napravite <strong>vlastitu prilago\u0111enu verzija<\/strong> u dogovoru s na\u0161im stru\u010dnjacima.<\/p>\n\n\n\n<p>Pogledajte glavne razlike:<\/p>\n\n\n\n<div class=\"wp-block-columns is-layout-flex wp-container-core-columns-is-layout-9d6595d7 wp-block-columns-is-layout-flex\">\n<div class=\"wp-block-column is-layout-flow wp-block-column-is-layout-flow\">\n<h2 class=\"wp-block-heading has-text-align-center has-medium-font-size\"><\/h2>\n\n\n\n<h2 class=\"wp-block-heading has-text-align-center has-luminous-vivid-amber-color has-text-color has-medium-font-size\"><strong>STANDARDNA LINIJA<\/strong><\/h2>\n<\/div>\n\n\n\n<div class=\"wp-block-column is-layout-flow wp-block-column-is-layout-flow\">\n<h2 class=\"wp-block-heading has-text-align-center has-medium-font-size\"><\/h2>\n\n\n\n<h2 class=\"wp-block-heading has-text-align-center has-luminous-vivid-amber-color has-text-color has-medium-font-size\"><strong>LINIJA PO MJERI<\/strong><\/h2>\n<\/div>\n<\/div>\n\n\n\n<div class=\"wp-block-columns is-layout-flex wp-container-core-columns-is-layout-9d6595d7 wp-block-columns-is-layout-flex\">\n<div class=\"wp-block-column is-layout-flow wp-block-column-is-layout-flow\">\n<figure class=\"wp-block-table is-style-stripes\"><table class=\"has-fixed-layout\"><thead><tr><th class=\"has-text-align-center\" data-align=\"center\"><meta charset=\"utf-8\"><\/meta>PREDAJNIK<\/th><th class=\"has-text-align-center\" data-align=\"center\"><meta charset=\"utf-8\"><\/meta>PRIJEMNIK<\/th><\/tr><\/thead><tbody><tr><td class=\"has-text-align-center\" data-align=\"center\">Prikladno za ve\u0107inu aplikacija<\/td><td class=\"has-text-align-center\" data-align=\"center\"><meta charset=\"utf-8\"><\/meta>Unaprijed programiran I\/O\u2019s<\/td><\/tr><tr><td class=\"has-text-align-center\" data-align=\"center\">Standardni komandni elementi<\/td><td class=\"has-text-align-center\" data-align=\"center\">M12 konektor, spreman za kabele<\/td><\/tr><tr><td class=\"has-text-align-center\" data-align=\"center\">Crna prednja plo\u010da s mogu\u0107no\u0161\u0107u dizajnirane folije<\/td><td class=\"has-text-align-center\" data-align=\"center\">RPSMA konektor, spreman za vanjsku antenu<\/td><\/tr><tr><td class=\"has-text-align-center\" data-align=\"center\">Omjer cijene i kvalitete<\/td><td class=\"has-text-align-center\" data-align=\"center\">Izbor izme\u0111u dva tipa prijemnika<\/td><\/tr><\/tbody><\/table><\/figure>\n<\/div>\n\n\n\n<div class=\"wp-block-column is-layout-flow wp-block-column-is-layout-flow\">\n<figure class=\"wp-block-table is-style-stripes\"><table class=\"has-fixed-layout\"><thead><tr><th class=\"has-text-align-center\" data-align=\"center\"><meta charset=\"utf-8\"><\/meta>PREDAJNIK<\/th><th class=\"has-text-align-center\" data-align=\"center\"><meta charset=\"utf-8\"><\/meta>PRIJEMNIK<\/th><\/tr><\/thead><tbody><tr><td class=\"has-text-align-center\" data-align=\"center\">Ra\u0111eno prema narud\u017ebi<\/td><td class=\"has-text-align-center\" data-align=\"center\">Vi\u0161e programibilnih I\/O&#8217;s<\/td><\/tr><tr><td class=\"has-text-align-center\" data-align=\"center\">Mogu\u0107nost izbora svi komandnih elemenata<\/td><td class=\"has-text-align-center\" data-align=\"center\">Mogu\u0107nost vi\u0161e fieldbus protokola<\/td><\/tr><tr><td class=\"has-text-align-center\" data-align=\"center\">Mogu\u0107nost dizajniranja folije<br><\/td><td class=\"has-text-align-center\" data-align=\"center\">Mogu\u0107i svi ulazi i izlazi<br><\/td><\/tr><tr><td class=\"has-text-align-center\" data-align=\"center\">Cijena ovisi o Va\u0161im zahtjevima<\/td><td class=\"has-text-align-center\" data-align=\"center\">Prilago\u0111eno o\u017ei\u010deno rje\u0161enje<\/td><\/tr><\/tbody><\/table><\/figure>\n<\/div>\n<\/div>\n<\/div>\n<\/div>\n\n\n\n<div style=\"height:20px\" aria-hidden=\"true\" class=\"wp-block-spacer\"><\/div>\n\n\n\n<h2 class=\"wp-block-heading has-text-align-center has-luminous-vivid-amber-color has-black-background-color has-text-color has-background\" style=\"font-size:30px\">IZABERI SVOJU DODATNU OPREMU<\/h2>\n\n\n\n<div style=\"height:21px\" aria-hidden=\"true\" class=\"wp-block-spacer\"><\/div>\n\n\n\n<p class=\"has-text-align-center has-medium-font-size\">Nudimo Vam veliki asortiman dodatne opreme za Va\u0161e sustave, uklju\u010duju\u0107i repetitor\/aktivnu antenu, baterijski sustav, vanjsku antenu itd.<\/p>\n\n\n\n<div style=\"height:13px\" aria-hidden=\"true\" class=\"wp-block-spacer\"><\/div>\n\n\n\n<div class=\"wp-block-columns is-layout-flex wp-container-core-columns-is-layout-9d6595d7 wp-block-columns-is-layout-flex\">\n<div class=\"wp-block-column is-layout-flow wp-block-column-is-layout-flow\">\n<div class=\"wp-block-media-text alignwide is-stacked-on-mobile is-vertically-aligned-center\" style=\"grid-template-columns:41% auto\"><figure class=\"wp-block-media-text__media\"><a href=\"https:\/\/www.tele-radio.com\/products\/accessories\/d5-21\/\"><img decoding=\"async\" src=\"https:\/\/www.tele-radio.com\/app\/uploads\/New_logo_Repeater_Active_Antenna_vrijstaand-kopi\u00ebren-1200x1200.jpg\" alt=\"\" class=\"wp-image-106551 size-full\"\/><\/a><\/figure><div class=\"wp-block-media-text__content\">\n<p class=\"has-normal-font-size\"><strong>AKTIVNA ANTENA<\/strong><br>Repetitor\/aktivna antena je efektni na\u010din da poja\u010date domet rada do 2 kilometra na terenu (s maksimumom od 16 repetitora).<\/p>\n\n\n\n<ul class=\"wp-block-list\">\n<li>Aktivna antena u istom ku\u0107i\u0161tu<\/li>\n\n\n\n<li>Domet rada do 2 kilometra<\/li>\n\n\n\n<li>Kompatibilna s vi\u0161e antena<\/li>\n<\/ul>\n<\/div><\/div>\n\n\n\n<p><\/p>\n<\/div>\n\n\n\n<div class=\"wp-block-column is-layout-flow wp-block-column-is-layout-flow\">\n<div class=\"wp-block-media-text alignwide is-stacked-on-mobile is-vertically-aligned-center\"><figure class=\"wp-block-media-text__media\"><a href=\"https:\/\/www.tele-radio.com\/products\/accessories\/m769755-2\/\"><img loading=\"lazy\" decoding=\"async\" width=\"1200\" height=\"830\" src=\"https:\/\/www.tele-radio.com\/app\/uploads\/\/PM_M769755_2-1-1200x830.png\" alt=\"\" class=\"wp-image-106528 size-full\" srcset=\"https:\/\/www.tele-radio.com\/app\/uploads\/PM_M769755_2-1-1200x830.png 1200w, https:\/\/www.tele-radio.com\/app\/uploads\/PM_M769755_2-1-400x277.png 400w, https:\/\/www.tele-radio.com\/app\/uploads\/PM_M769755_2-1-768x531.png 768w, https:\/\/www.tele-radio.com\/app\/uploads\/PM_M769755_2-1-1536x1062.png 1536w, https:\/\/www.tele-radio.com\/app\/uploads\/PM_M769755_2-1-750x519.png 750w, https:\/\/www.tele-radio.com\/app\/uploads\/PM_M769755_2-1-500x346.png 500w, https:\/\/www.tele-radio.com\/app\/uploads\/PM_M769755_2-1-1600x1107.png 1600w, https:\/\/www.tele-radio.com\/app\/uploads\/PM_M769755_2-1-800x553.png 800w, https:\/\/www.tele-radio.com\/app\/uploads\/PM_M769755_2-1.png 1800w\" sizes=\"auto, (max-width: 1200px) 100vw, 1200px\" \/><\/a><\/figure><div class=\"wp-block-media-text__content\">\n<p class=\"has-normal-font-size\"><strong>BATERIJSKI SUSTAV<\/strong><\/p>\n\n\n\n<p class=\"has-normal-font-size\">Li-ionske baterije velikog kapaciteta za Tele Radio TEQ opremljene su RFID* oznakama i tako\u0111er se mogu zamijeniti bez prekida za neometanu kontrolu.<\/p>\n\n\n\n<ul class=\"has-normal-font-size wp-block-list\">\n<li>Hot-swappable<\/li>\n\n\n\n<li>RFID<\/li>\n\n\n\n<li>Dostupan zidni punja\u010d<\/li>\n<\/ul>\n\n\n\n<p>*Nije standardno<\/p>\n<\/div><\/div>\n<\/div>\n<\/div>\n\n\n\n<div class=\"wp-block-columns is-layout-flex wp-container-core-columns-is-layout-9d6595d7 wp-block-columns-is-layout-flex\">\n<div class=\"wp-block-column is-layout-flow wp-block-column-is-layout-flow\">\n<div class=\"wp-block-media-text alignwide is-stacked-on-mobile\"><figure class=\"wp-block-media-text__media\"><img loading=\"lazy\" decoding=\"async\" width=\"1200\" height=\"1200\" src=\"https:\/\/www.tele-radio.com\/app\/uploads\/\/Belly_Belt-1200x1200.png\" alt=\"\" class=\"wp-image-106576 size-full\" srcset=\"https:\/\/www.tele-radio.com\/app\/uploads\/Belly_Belt-1200x1200.png 1200w, https:\/\/www.tele-radio.com\/app\/uploads\/Belly_Belt-400x400.png 400w, https:\/\/www.tele-radio.com\/app\/uploads\/Belly_Belt-150x150.png 150w, https:\/\/www.tele-radio.com\/app\/uploads\/Belly_Belt-768x768.png 768w, https:\/\/www.tele-radio.com\/app\/uploads\/Belly_Belt-1536x1536.png 1536w, https:\/\/www.tele-radio.com\/app\/uploads\/Belly_Belt-2048x2048.png 2048w, https:\/\/www.tele-radio.com\/app\/uploads\/Belly_Belt-250x250.png 250w, https:\/\/www.tele-radio.com\/app\/uploads\/Belly_Belt-750x750.png 750w, https:\/\/www.tele-radio.com\/app\/uploads\/Belly_Belt-500x500.png 500w, https:\/\/www.tele-radio.com\/app\/uploads\/Belly_Belt-1600x1600.png 1600w, https:\/\/www.tele-radio.com\/app\/uploads\/Belly_Belt-800x800.png 800w\" sizes=\"auto, (max-width: 1200px) 100vw, 1200px\" \/><\/figure><div class=\"wp-block-media-text__content\">\n<p><strong>REMEN ZA STRUK<\/strong><\/p>\n\n\n\n<p class=\"has-normal-font-size\">Rremen za struk za maksimalnu udobnost. Podesive du\u017eine. Prikladno za sve <strong>TEQ predajnike<\/strong>. Pru\u017ea dodatnu udobnost pri no\u0161enju predajnika.<\/p>\n<\/div><\/div>\n<\/div>\n<\/div>\n\n\n\n<div style=\"height:60px\" aria-hidden=\"true\" class=\"wp-block-spacer\"><\/div>\n\n\n\n<h2 class=\"wp-block-heading\"><br><\/h2>\n","protected":false},"excerpt":{"rendered":"<p>TEQ PREDAJNICI Za jo\u0161 \u0161iri raspon primjena S vi\u0161e od 65 godina iskustva na podru\u010dju radio daljinskog upravljanja Tele Radio ima \u0161irok asortiman predajnika. Me\u0111u njima TEQ predajnici su besprijekorno skrojeni prema \u017eeljama korisnika i specifi\u010dnim zahtjevima namjene i aplikacije za koju se koriste. Tele Radio TEQ predajnici su prikladni za izrazito zahtjevna upravlja\u010dka rje\u0161enja. [&hellip;]<\/p>\n","protected":false},"author":29,"featured_media":107005,"parent":0,"menu_order":0,"comment_status":"closed","ping_status":"closed","template":"","meta":{"_acf_changed":false,"footnotes":""},"class_list":["post-116119","page","type-page","status-publish","has-post-thumbnail","hentry"],"acf":[],"_links":{"self":[{"href":"https:\/\/www.tele-radio.com\/hr\/wp-json\/wp\/v2\/pages\/116119","targetHints":{"allow":["GET"]}}],"collection":[{"href":"https:\/\/www.tele-radio.com\/hr\/wp-json\/wp\/v2\/pages"}],"about":[{"href":"https:\/\/www.tele-radio.com\/hr\/wp-json\/wp\/v2\/types\/page"}],"author":[{"embeddable":true,"href":"https:\/\/www.tele-radio.com\/hr\/wp-json\/wp\/v2\/users\/29"}],"replies":[{"embeddable":true,"href":"https:\/\/www.tele-radio.com\/hr\/wp-json\/wp\/v2\/comments?post=116119"}],"version-history":[{"count":11,"href":"https:\/\/www.tele-radio.com\/hr\/wp-json\/wp\/v2\/pages\/116119\/revisions"}],"predecessor-version":[{"id":167439,"href":"https:\/\/www.tele-radio.com\/hr\/wp-json\/wp\/v2\/pages\/116119\/revisions\/167439"}],"wp:featuredmedia":[{"embeddable":true,"href":"https:\/\/www.tele-radio.com\/hr\/wp-json\/wp\/v2\/media\/107005"}],"wp:attachment":[{"href":"https:\/\/www.tele-radio.com\/hr\/wp-json\/wp\/v2\/media?parent=116119"}],"curies":[{"name":"wp","href":"https:\/\/api.w.org\/{rel}","templated":true}]}}