{"id":6606,"date":"2018-05-24T12:02:02","date_gmt":"2018-05-24T12:02:02","guid":{"rendered":"https:\/\/www.tele-radio.com\/retired-products\/"},"modified":"2019-06-26T11:00:06","modified_gmt":"2019-06-26T11:00:06","slug":"systemes-precedents","status":"publish","type":"page","link":"https:\/\/www.tele-radio.com\/fr\/systemes-precedents\/","title":{"rendered":"Syst\u00e8mes pr\u00e9c\u00e9dents"},"content":{"rendered":"<h1>Syst\u00e8mes pr\u00e9c\u00e9dents<\/h1>\n<h2><img loading=\"lazy\" decoding=\"async\" class=\"alignright size-medium wp-image-6265\" src=\"https:\/\/www.tele-radio.com\/app\/uploads\/\/T70-Jaguar-tele-radio-1-400x400.jpg\" alt=\"\" width=\"400\" height=\"400\" srcset=\"https:\/\/www.tele-radio.com\/app\/uploads\/T70-Jaguar-tele-radio-1-400x400.jpg 400w, https:\/\/www.tele-radio.com\/app\/uploads\/T70-Jaguar-tele-radio-1-150x150.jpg 150w, https:\/\/www.tele-radio.com\/app\/uploads\/T70-Jaguar-tele-radio-1-250x250.jpg 250w, https:\/\/www.tele-radio.com\/app\/uploads\/T70-Jaguar-tele-radio-1-500x500.jpg 500w, https:\/\/www.tele-radio.com\/app\/uploads\/T70-Jaguar-tele-radio-1.jpg 626w\" sizes=\"auto, (max-width: 400px) 100vw, 400px\" \/>T70 Jaguar<\/h2>\n<p><span lang=\"FR\">Le syst\u00e8me\u00a0T70 Jaguar a \u00e9t\u00e9 introduit en 2007 et s\u2019adresse au march\u00e9 des treuils \u00e9lectriques et hydrauliques. Le prix du syst\u00e8me \u00e9tait comp\u00e9titif et pr\u00e9sentait plusieurs avantages par rapport \u00e0 son petit fr\u00e8re, le syst\u00e8me\u00a0T60. Il avait ainsi davantage de fonctions, une radio \u00e0 bande \u00e9troite et une plus grande port\u00e9e d\u2019\u00e9mission. Le T70 Jaguar a \u00e9t\u00e9 remplac\u00e9 en 2015 par le nouveau syst\u00e8me Panther, qui est am\u00e9lior\u00e9 sur plusieurs plans.<\/span><\/p>\n<p><a href=\"https:\/\/www.tele-radio.com\/panther\/\"><span lang=\"FR\">Vous trouverez plus d\u2019informations sur le syst\u00e8me Panther sur cette page.<\/span><\/a><\/p>\n<hr \/>\n<p><img loading=\"lazy\" decoding=\"async\" class=\"alignright wp-image-6266\" src=\"https:\/\/www.tele-radio.com\/app\/uploads\/tiger-retired-system-tele-radio-1.jpg\" alt=\"\" width=\"420\" height=\"231\" srcset=\"https:\/\/www.tele-radio.com\/app\/uploads\/tiger-retired-system-tele-radio-1.jpg 626w, https:\/\/www.tele-radio.com\/app\/uploads\/tiger-retired-system-tele-radio-1-400x220.jpg 400w, https:\/\/www.tele-radio.com\/app\/uploads\/tiger-retired-system-tele-radio-1-500x276.jpg 500w\" sizes=\"auto, (max-width: 420px) 100vw, 420px\" \/><\/p>\n<h2>Tiger Gen. 1<\/h2>\n<p><span lang=\"FR\">La premi\u00e8re g\u00e9n\u00e9ration du syst\u00e8me Tiger a \u00e9t\u00e9 introduite aux environs de 2010 pour r\u00e9pondre aux exigences du march\u00e9 des syst\u00e8mes de radiocommande \u00e0 distance hautement s\u00e9curis\u00e9s. La directive de l\u2019UE relative aux machines a introduit de nouvelles exigences s\u00e9v\u00e8res pour les machines et leurs syst\u00e8mes de commande.<\/span><\/p>\n<p><span lang=\"FR\">Le syst\u00e8me Tiger a des \u00e9metteurs qui sont comparables \u00e0 son pr\u00e9d\u00e9cesseur, le 860 Lion, deux grands \u00e9metteurs manuels et une manette dans diff\u00e9rentes configurations. Les \u00e9metteurs sont \u00e9galement livr\u00e9s avec des \u00e9crans d\u2019affichage des donn\u00e9es. Les afficheurs peuvent pr\u00e9senter de l\u2019information sur le poids, le statut de la batterie, la fr\u00e9quence des autres messages informatifs.<\/span><\/p>\n<p><span lang=\"FR\">Le syst\u00e8me Tiger a une classification\u00a0SIL3, ce qui signifie qu\u2019il satisfait \u00e0 une norme de s\u00e9curit\u00e9 tr\u00e8s \u00e9lev\u00e9e. Le syst\u00e8me Tiger est constamment am\u00e9lior\u00e9, \u00e0 un point tel que les diff\u00e9rences entre les produits d\u2019origine et les nouveaux produits sont tr\u00e8s importantes, de sorte qu\u2019une 2e g\u00e9n\u00e9ration de syst\u00e8me Tiger est apparue. Le syst\u00e8me de 2e g\u00e9n\u00e9ration contient des \u00e9metteurs que les utilisateurs de la 1re g\u00e9n\u00e9ration connaissent, mais les \u00e9metteurs de la 2e g\u00e9n\u00e9ration ont beaucoup de mises \u00e0 jour et d\u2019am\u00e9liorations.<\/span><\/p>\n<p><a href=\"https:\/\/www.tele-radio.com\/tiger\/\"><span lang=\"FR\">En lire plus ici \u00e0 propos du syst\u00e8me Tiger (2\u00e8me g\u00e9n\u00e9ration)<\/span><\/a><\/p>\n<hr \/>\n<h2><img loading=\"lazy\" decoding=\"async\" class=\"alignright size-medium wp-image-6267\" src=\"https:\/\/www.tele-radio.com\/app\/uploads\/\/860-lion-retired-system-tele-radio-1-400x252.jpg\" alt=\"\" width=\"400\" height=\"252\" srcset=\"https:\/\/www.tele-radio.com\/app\/uploads\/860-lion-retired-system-tele-radio-1-400x252.jpg 400w, https:\/\/www.tele-radio.com\/app\/uploads\/860-lion-retired-system-tele-radio-1-500x315.jpg 500w, https:\/\/www.tele-radio.com\/app\/uploads\/860-lion-retired-system-tele-radio-1.jpg 626w\" sizes=\"auto, (max-width: 400px) 100vw, 400px\" \/>860 Lion<\/h2>\n<p><span lang=\"FR\">Le 860 Lion a \u00e9t\u00e9 commercialis\u00e9 en 2003 pour fournir un nouveau syst\u00e8me de commande technique qui r\u00e9pondait \u00e9galement aux nouvelles normes de s\u00e9curit\u00e9. Le syst\u00e8me a tout d\u2019abord \u00e9t\u00e9 livr\u00e9 avec un \u00e9metteur manuel \u00e0 10-12 boutons et des r\u00e9cepteurs variant de 10 \u00e0 24 relais de fonction. Plus tard, des \u00e9metteurs \u00e0 manette ont aussi \u00e9t\u00e9 ajout\u00e9s \u00e0 l\u2019assortiment.<\/span><\/p>\n<p><span lang=\"FR\">Avant son temps, le 860 Lion \u00e9tait un syst\u00e8me tr\u00e8s s\u00fbr. Il a une fonction-stop qui est agr\u00e9\u00e9e selon la cat\u00e9gorie\u00a03 (vers 954.1- et PLd. Le relais de s\u00e9curit\u00e9 sp\u00e9cial surveille la fonction-stop.<\/span><\/p>\n<p><span lang=\"FR\">Avec le 860Lion, vous disposez d\u2019office de nombreuses options et fonctions int\u00e9gr\u00e9es. Vous pouvez commander deux r\u00e9cepteurs ind\u00e9pendamment ou en combinaison, ce qu\u2019on appelle une double fonction. Le syst\u00e8me envoie jusqu\u2019\u00e0 69 canaux diff\u00e9rents entre 433-434\u00a0MHz.<\/span><\/p>\n<p><span lang=\"FR\">Le syst\u00e8me a \u00e9t\u00e9 remplac\u00e9 en 2010-2013 par le syst\u00e8me Tiger (2e g\u00e9n\u00e9ration) qui r\u00e9pond aussi \u00e0 la norme\u00a0SIL3 (directive de 2012), \u00e0 laquelle le 860 Lion ne satisfait pas.<\/span><\/p>\n<p><a href=\"https:\/\/www.tele-radio.com\/tiger\/\"><span lang=\"FR\">En lire plus ici \u00e0 propos du syst\u00e8me Tiger actuel.<\/span><\/a><\/p>\n<hr \/>\n<h2><img loading=\"lazy\" decoding=\"async\" class=\"alignright size-medium wp-image-6268\" src=\"https:\/\/www.tele-radio.com\/app\/uploads\/\/T80-leopard-retired-system-Tele-Radio-1-400x294.jpg\" alt=\"\" width=\"400\" height=\"294\" srcset=\"https:\/\/www.tele-radio.com\/app\/uploads\/T80-leopard-retired-system-Tele-Radio-1-400x294.jpg 400w, https:\/\/www.tele-radio.com\/app\/uploads\/T80-leopard-retired-system-Tele-Radio-1-500x367.jpg 500w, https:\/\/www.tele-radio.com\/app\/uploads\/T80-leopard-retired-system-Tele-Radio-1.jpg 626w\" sizes=\"auto, (max-width: 400px) 100vw, 400px\" \/>T80 Leopard<\/h2>\n<p><span lang=\"FR\">Le syst\u00e8me\u00a0T80 Leopard \u00e9tait un syst\u00e8me robuste avec un \u00e9metteur et deux types de r\u00e9cepteurs adapt\u00e9s \u00e0 l\u2019industrie du levage qui a \u00e9t\u00e9 introduit en 2006. Le syst\u00e8me dispose d\u2019une fonction-stop approuv\u00e9e et satisfait \u00e0 la cat\u00e9gorie\u00a03 et aux normes de s\u00e9curit\u00e9 PLd.<\/span><\/p>\n<p><span lang=\"FR\">Le r\u00e9cepteur \u00ab\u2009MQ\u2009\u00bb a \u00e9t\u00e9 r\u00e9alis\u00e9 avec un bo\u00eetier de conception fin particuli\u00e8rement adapt\u00e9 aux espaces de montage \u00e9troits. Le syst\u00e8me a \u00e9t\u00e9 retir\u00e9 fin\u00a02012 et a principalement \u00e9t\u00e9 remplac\u00e9 par le syst\u00e8me Tiger pour les applications de m\u00eame type.<\/span><\/p>\n<p><a href=\"https:\/\/www.tele-radio.com\/tiger\/\"><span lang=\"FR\">En lire plus ici \u00e0 propos du syst\u00e8me Tiger.<\/span><\/a><\/p>\n<hr \/>\n<h2><img loading=\"lazy\" decoding=\"async\" class=\"alignright size-full wp-image-6263\" src=\"https:\/\/www.tele-radio.com\/app\/uploads\/460-system-retired-tele-radio.jpg\" alt=\"460 system retired Tele Radio\" width=\"339\" height=\"339\" srcset=\"https:\/\/www.tele-radio.com\/app\/uploads\/460-system-retired-tele-radio.jpg 339w, https:\/\/www.tele-radio.com\/app\/uploads\/460-system-retired-tele-radio-150x150.jpg 150w, https:\/\/www.tele-radio.com\/app\/uploads\/460-system-retired-tele-radio-250x250.jpg 250w\" sizes=\"auto, (max-width: 339px) 100vw, 339px\" \/><\/h2>\n<h2><span lang=\"FR\">Syst\u00e8me\u00a0460<\/span><\/h2>\n<p><span lang=\"FR\">Le syst\u00e8me\u00a0460 a \u00e9t\u00e9 lanc\u00e9 au d\u00e9but des ann\u00e9es\u00a01990 et se composait de diff\u00e9rents \u00e9metteurs et r\u00e9cepteurs du plus petit \u00e9metteur avec 1 bouton aux gros \u00e9metteurs robustes avec 8 boutons. Le syst\u00e8me avait diff\u00e9rents r\u00e9cepteurs allant d\u20191 relais \u00e0 des r\u00e9cepteurs plus grands 8 relais. Les produits\u00a0460 communiquent dans la plage des 433\u00a0MHz.<\/span><\/p>\n<p><span lang=\"FR\">Le syst\u00e8me\u00a0460 a \u00e9t\u00e9 lanc\u00e9 en 2006 et a \u00e9t\u00e9 remplac\u00e9 par le syst\u00e8me\u00a0T60 qui est num\u00e9rique contrairement \u00e0 son pr\u00e9d\u00e9cesseur analogique. Le T60 propose plus de fonctions actualis\u00e9es et la possibilit\u00e9 de plusieurs codes.<\/span><\/p>\n<p><span lang=\"FR\">Le nouveau syst\u00e8me\u00a0T60 est largement compatible avec le syst\u00e8me\u00a0460 et est consid\u00e9r\u00e9 dans la majorit\u00e9 de cas comme le rempla\u00e7ant le plus logique. Pour comprendre comment on passe d\u2019un syst\u00e8me\u00a0460 au segment\u00a0T60, vous pouvez prendre contact avec votre distributeur le plus proche qui r\u00e9pondra \u00e0 toutes vos questions.<\/span><\/p>\n<p><a href=\"https:\/\/www.tele-radio.com\/t20-t60\/\"><span lang=\"FR\">Voyez les produits\u00a0T60 ici.<\/span><\/a><\/p>\n","protected":false},"excerpt":{"rendered":"<p>Syst\u00e8mes pr\u00e9c\u00e9dents T70 Jaguar Le syst\u00e8me\u00a0T70 Jaguar a \u00e9t\u00e9 introduit en 2007 et s\u2019adresse au march\u00e9 des treuils \u00e9lectriques et hydrauliques. Le prix du syst\u00e8me \u00e9tait comp\u00e9titif et pr\u00e9sentait plusieurs avantages par rapport \u00e0 son petit fr\u00e8re, le syst\u00e8me\u00a0T60. Il avait ainsi davantage de fonctions, une radio \u00e0 bande \u00e9troite et une plus grande port\u00e9e [&hellip;]<\/p>\n","protected":false},"author":29,"featured_media":11444,"parent":0,"menu_order":0,"comment_status":"closed","ping_status":"closed","template":"","meta":{"_acf_changed":false,"footnotes":""},"class_list":["post-6606","page","type-page","status-publish","has-post-thumbnail","hentry"],"acf":[],"_links":{"self":[{"href":"https:\/\/www.tele-radio.com\/fr\/wp-json\/wp\/v2\/pages\/6606","targetHints":{"allow":["GET"]}}],"collection":[{"href":"https:\/\/www.tele-radio.com\/fr\/wp-json\/wp\/v2\/pages"}],"about":[{"href":"https:\/\/www.tele-radio.com\/fr\/wp-json\/wp\/v2\/types\/page"}],"author":[{"embeddable":true,"href":"https:\/\/www.tele-radio.com\/fr\/wp-json\/wp\/v2\/users\/29"}],"replies":[{"embeddable":true,"href":"https:\/\/www.tele-radio.com\/fr\/wp-json\/wp\/v2\/comments?post=6606"}],"version-history":[{"count":3,"href":"https:\/\/www.tele-radio.com\/fr\/wp-json\/wp\/v2\/pages\/6606\/revisions"}],"predecessor-version":[{"id":23120,"href":"https:\/\/www.tele-radio.com\/fr\/wp-json\/wp\/v2\/pages\/6606\/revisions\/23120"}],"wp:featuredmedia":[{"embeddable":true,"href":"https:\/\/www.tele-radio.com\/fr\/wp-json\/wp\/v2\/media\/11444"}],"wp:attachment":[{"href":"https:\/\/www.tele-radio.com\/fr\/wp-json\/wp\/v2\/media?parent=6606"}],"curies":[{"name":"wp","href":"https:\/\/api.w.org\/{rel}","templated":true}]}}