{"id":6345,"date":"2018-05-10T13:36:49","date_gmt":"2018-05-10T13:36:49","guid":{"rendered":"https:\/\/www.tele-radio.com\/specialized-production\/"},"modified":"2020-11-25T13:08:32","modified_gmt":"2020-11-25T13:08:32","slug":"solutions-sur-mesure","status":"publish","type":"page","link":"https:\/\/www.tele-radio.com\/fr\/solutions-sur-mesure\/","title":{"rendered":"Solutions sur mesure"},"content":{"rendered":"<h1><span lang=\"FR\">Solutions sur mesure<\/span><b><\/b><\/h1>\n<p><span lang=\"FR\">Chez Tele Radio, nous savons qu\u2019il est souvent n\u00e9cessaire d\u2019adapter un produit pour r\u00e9pondre au mieux aux besoins de nos client. Pour y parvenir, nous avons une \u00e9quipe de collaborateurs du support technique qui s\u2019occupent uniquement de r\u00e9aliser des solutions sur mesure. Il se peut que le client ait besoin d\u2019une adaptation logicielle sp\u00e9cialis\u00e9e pour g\u00e9rer sa propre application d\u2019une mani\u00e8re unique. De temps en temps, le client a besoin d\u2019une adaptation mat\u00e9rielle et parfois les deux sont n\u00e9cessaires. Ind\u00e9pendamment des solutions logicielles et mat\u00e9rielles sur mesure, nous fournissons \u00e9galement des faces avants sur mesure et des films personnalis\u00e9s \u00e0 nos clients\u2009; sp\u00e9cialement con\u00e7us sur la base de leur propre image de marque. En travaillant sur les besoins du client, nous faisons de notre mieux pour trouver une solution qui soit \u00e0 la fois rentable et orient\u00e9e vers la r\u00e9solution de probl\u00e8mes et l&rsquo;am\u00e9lioration de processus.<\/span><\/p>\n<p><img loading=\"lazy\" decoding=\"async\" class=\"aligncenter size-full wp-image-6294\" src=\"https:\/\/www.tele-radio.com\/app\/uploads\/customer-foil.jpg\" alt=\"Customer using Tele Radio remote with custom foil\" width=\"1200\" height=\"495\" srcset=\"https:\/\/www.tele-radio.com\/app\/uploads\/customer-foil.jpg 1200w, https:\/\/www.tele-radio.com\/app\/uploads\/customer-foil-400x165.jpg 400w, https:\/\/www.tele-radio.com\/app\/uploads\/customer-foil-768x317.jpg 768w, https:\/\/www.tele-radio.com\/app\/uploads\/customer-foil-750x309.jpg 750w, https:\/\/www.tele-radio.com\/app\/uploads\/customer-foil-500x206.jpg 500w, https:\/\/www.tele-radio.com\/app\/uploads\/customer-foil-800x330.jpg 800w\" sizes=\"auto, (max-width: 1200px) 100vw, 1200px\" \/><\/p>\n<h2><span lang=\"FR\">Logiciel ou mat\u00e9riel?<\/span><\/h2>\n<p><span lang=\"FR\">La complexit\u00e9 des projets peut varier. Mais pour 90 % des projets sur mesure de simples adaptations logicielles pures suffisent. Ce sont donc les projets les plus simples et les plus rapide \u00e0 r\u00e9aliser, de l\u2019id\u00e9e du client au logiciel final, c\u2019est seulement une question de jours.<br \/>\n<\/span><\/p>\n<p><span lang=\"FR\">Nous offrons \u00e9galement des solutions pour des adaptations plus complexes. Ces projets s\u2019adressent g\u00e9n\u00e9ralement \u00e0 des adaptations tant logicielles que mat\u00e9rielles et offrent au client une solution totalement unique. Les projets sont trait\u00e9s de la m\u00eame mani\u00e8re, mais n\u00e9cessitent parfois une s\u00e9rie de rondes de validations pour veiller \u00e0 ce que tout se d\u00e9roule de mani\u00e8re tr\u00e8s souple comme le client l\u2019attend mais aussi pour valider les meilleurs hypoth\u00e8ses. Nous r\u00e9alisons chaque ann\u00e9e des centaines de projets d\u2019adaptation.<\/span><\/p>\n<p><img loading=\"lazy\" decoding=\"async\" class=\"aligncenter size-full wp-image-6293\" src=\"https:\/\/www.tele-radio.com\/app\/uploads\/custom_remotes_from_Tele_Radio.jpg\" alt=\"Custom remote control being milled | Tele Radio\" width=\"1200\" height=\"499\" srcset=\"https:\/\/www.tele-radio.com\/app\/uploads\/custom_remotes_from_Tele_Radio.jpg 1200w, https:\/\/www.tele-radio.com\/app\/uploads\/custom_remotes_from_Tele_Radio-400x166.jpg 400w, https:\/\/www.tele-radio.com\/app\/uploads\/custom_remotes_from_Tele_Radio-768x319.jpg 768w, https:\/\/www.tele-radio.com\/app\/uploads\/custom_remotes_from_Tele_Radio-750x312.jpg 750w, https:\/\/www.tele-radio.com\/app\/uploads\/custom_remotes_from_Tele_Radio-500x208.jpg 500w, https:\/\/www.tele-radio.com\/app\/uploads\/custom_remotes_from_Tele_Radio-800x333.jpg 800w\" sizes=\"auto, (max-width: 1200px) 100vw, 1200px\" \/><\/p>\n<h2><span lang=\"FR\">Chaque client est unique<\/span><\/h2>\n<p><span lang=\"FR\">Nous savons que les applications de nos clients sont souvent uniques et nous n\u2019imaginons pas qu\u2019un produit standard puisse satisfaire aux besoins de chacun. Nous \u00e9changeons volontiers avec nos clients pour construire ainsi une bonne relation de travail. Chez Tele Radio, nous croyons en une approche commune dont les deux parties tirent profit. Cela nous rapproche de notre client, ce qui nous am\u00e8ne \u00e0 mieux le comprendre et nous permet de d\u00e9velopper de meilleurs produits. En bref, chacun b\u00e9n\u00e9ficie d&rsquo;une situation gagnant-gagnant.<\/span><\/p>\n","protected":false},"excerpt":{"rendered":"<p>Solutions sur mesure Chez Tele Radio, nous savons qu\u2019il est souvent n\u00e9cessaire d\u2019adapter un produit pour r\u00e9pondre au mieux aux besoins de nos client. Pour y parvenir, nous avons une \u00e9quipe de collaborateurs du support technique qui s\u2019occupent uniquement de r\u00e9aliser des solutions sur mesure. Il se peut que le client ait besoin d\u2019une adaptation [&hellip;]<\/p>\n","protected":false},"author":29,"featured_media":11786,"parent":0,"menu_order":0,"comment_status":"closed","ping_status":"closed","template":"","meta":{"_acf_changed":false,"footnotes":""},"class_list":["post-6345","page","type-page","status-publish","has-post-thumbnail","hentry"],"acf":[],"_links":{"self":[{"href":"https:\/\/www.tele-radio.com\/fr\/wp-json\/wp\/v2\/pages\/6345","targetHints":{"allow":["GET"]}}],"collection":[{"href":"https:\/\/www.tele-radio.com\/fr\/wp-json\/wp\/v2\/pages"}],"about":[{"href":"https:\/\/www.tele-radio.com\/fr\/wp-json\/wp\/v2\/types\/page"}],"author":[{"embeddable":true,"href":"https:\/\/www.tele-radio.com\/fr\/wp-json\/wp\/v2\/users\/29"}],"replies":[{"embeddable":true,"href":"https:\/\/www.tele-radio.com\/fr\/wp-json\/wp\/v2\/comments?post=6345"}],"version-history":[{"count":5,"href":"https:\/\/www.tele-radio.com\/fr\/wp-json\/wp\/v2\/pages\/6345\/revisions"}],"predecessor-version":[{"id":55082,"href":"https:\/\/www.tele-radio.com\/fr\/wp-json\/wp\/v2\/pages\/6345\/revisions\/55082"}],"wp:featuredmedia":[{"embeddable":true,"href":"https:\/\/www.tele-radio.com\/fr\/wp-json\/wp\/v2\/media\/11786"}],"wp:attachment":[{"href":"https:\/\/www.tele-radio.com\/fr\/wp-json\/wp\/v2\/media?parent=6345"}],"curies":[{"name":"wp","href":"https:\/\/api.w.org\/{rel}","templated":true}]}}