{"id":5849,"date":"2018-05-10T12:14:25","date_gmt":"2018-05-10T12:14:25","guid":{"rendered":"https:\/\/www.tele-radio.com\/lynx\/"},"modified":"2019-06-26T11:21:18","modified_gmt":"2019-06-26T11:21:18","slug":"lynx","status":"publish","type":"page","link":"https:\/\/www.tele-radio.com\/fr\/lynx\/","title":{"rendered":"Lynx"},"content":{"rendered":"<h1><span lang=\"FR\">Lynx est un syst\u00e8me de t\u00e9l\u00e9commande radio avec fonctions feed-back\/duplex<\/span><b><\/b><\/h1>\n<p><span lang=\"FR\">Lynx a \u00e9t\u00e9 d\u00e9velopp\u00e9 pour les personnes qui ont besoin d\u2019un feed-back de leur appareil. Il s\u2019agit d\u2019un syst\u00e8me duplex (double communication) avec une r\u00e9troaction visible par l\u2019interm\u00e9diaire des DEL de l\u2019\u00e9metteur. Lynx est particuli\u00e8rement adapt\u00e9 aux applications dans lesquelles vous devez \u00eatre capable de lire des informations et\/ou de recevoir un feed-back. En commandant votre application \u00e0 distance par Lynx, vous avez l\u2019assurance d\u2019un niveau de s\u00e9curit\u00e9 \u00e9lev\u00e9. \u00c0 la fois parce que chaque commande \u00e0 distance dispose d\u2019un ID unique et donne un avertissement quand la batterie est presque vide.<\/span><\/p>\n<p><span lang=\"FR\">Lynx travaille sur la bande des 2,4\u00a0GHz qui est accept\u00e9e dans le monde entier. Elle vous offre une transmission s\u00fbre et puissante. Le syst\u00e8me est \u00e9quip\u00e9 de transistors bipolaires qui apportent plus de flexibilit\u00e9 et communique par une communication en s\u00e9rie (RS232, RS485, modbus) avec votre PC ou PLC. Certaines adaptations logicielles sont exig\u00e9es pour que la communication entre votre PC ou votre PLC fonctionne.<\/span><\/p>\n<h2><span lang=\"FR\">\u00c9metteurs avec bouton-poussoir<\/span><\/h2>\n<p><span lang=\"FR\">Les \u00e9metteurs de Lynx avec boutons-poussoirs existent en trois configurations de bouton diff\u00e9rentes\u00a0: trois, six et huit boutons. Les \u00e9metteurs ont \u00e9galement un jeu de cinq LED qui peuvent \u00eatre programm\u00e9es pour afficher le statut de fonctionnement. Les \u00e9metteurs avec bouton-poussoir ont un niveau de protection minimal d\u2019IP65.<\/span><\/p>\n\n        <div class=\"product-list\">\n\n            \n                <div class=\"product\" onclick=\"window.location='https:\/\/www.tele-radio.com\/fr\/lynx-emetteur-3x1boutons-x-enfoncements'\">\n\n                    <div class=\"image\" style=\"background-image:url(https:\/\/api.tele-radio.com\/images\/687\/lynx-emetteur-3x1boutons-x-enfoncements-lx-t1-1?frame=6&size=250);\"><\/div>\n\n                    <div class=\"title\">Lynx, emetteur, 3x1(boutons x enfoncements)<\/div>\n                    <div class=\"title sub\">\n                        <div class=\"artno-row\"><span>2,4 GHz<\/span><br>LX-T1-1<\/div>                        <\/div>\n                    <button>En savoir plus<\/button>\n                <\/div>\n\n                \n                <div class=\"product\" onclick=\"window.location='https:\/\/www.tele-radio.com\/fr\/lynx-emetteur-6x1boutons-x-enfoncements'\">\n\n                    <div class=\"image\" style=\"background-image:url(https:\/\/api.tele-radio.com\/images\/688\/lynx-emetteur-6x1boutons-x-enfoncements-lx-t1-2?frame=6&size=250);\"><\/div>\n\n                    <div class=\"title\">Lynx, emetteur, 6x1(boutons x enfoncements)<\/div>\n                    <div class=\"title sub\">\n                        <div class=\"artno-row\"><span>2,4 GHz<\/span><br>LX-T1-2<\/div>                        <\/div>\n                    <button>En savoir plus<\/button>\n                <\/div>\n\n                \n                <div class=\"product\" onclick=\"window.location='https:\/\/www.tele-radio.com\/fr\/lynx-emetteur-8x1boutons-x-enfoncements'\">\n\n                    <div class=\"image\" style=\"background-image:url(https:\/\/api.tele-radio.com\/images\/689\/lynx-emetteur-8x1boutons-x-enfoncements-lx-t1-3?frame=6&size=250);\"><\/div>\n\n                    <div class=\"title\">Lynx, emetteur, 8x1(boutons x enfoncements)<\/div>\n                    <div class=\"title sub\">\n                        <div class=\"artno-row\"><span>2,4 GHz<\/span><br>LX-T1-3<\/div>                        <\/div>\n                    <button>En savoir plus<\/button>\n                <\/div>\n\n                \n        <\/div>\n\n        \n<h2><span lang=\"FR\">R\u00e9cepteurs<\/span><\/h2>\n<p><span lang=\"FR\">Le r\u00e9cepteur Lynx est destin\u00e9 \u00e0 \u00eatre raccord\u00e9 aux interfaces machine ou \u00e0 un r\u00e9seau de capteurs \u00e0 l\u2019aide d\u2019un collecteur ouvert. Deux r\u00e9cepteurs de Lynx doivent \u00eatre utilis\u00e9s pour \u00e9tablir un lien pour une commande de grue en tandem selon la norme\u00a0DIN15011\u00a0: 2011.<\/span><br \/>\n\n        <div class=\"product-list\">\n\n            \n                <div class=\"product\" onclick=\"window.location='https:\/\/www.tele-radio.com\/fr\/lynx-recepteur'\">\n\n                    <div class=\"image\" style=\"background-image:url(https:\/\/api.tele-radio.com\/images\/691\/lynx-recepteur-lx-r2-1-100-000-220-64?frame=6&size=250);\"><\/div>\n\n                    <div class=\"title\">Lynx, r\u00e9cepteur<\/div>\n                    <div class=\"title sub\">\n                        <div class=\"artno-row\"><span>2,4 GHz<\/span><br>LX-R2-1 \/ 100-000-220-64<\/div>                        <\/div>\n                    <button>En savoir plus<\/button>\n                <\/div>\n\n                \n                <div class=\"product\" onclick=\"window.location='https:\/\/www.tele-radio.com\/fr\/lynx-recepteur-2'\">\n\n                    <div class=\"image\" style=\"background-image:url(https:\/\/api.tele-radio.com\/images\/690\/lynx-recepteur-lxs-mn-ctc?frame=6&size=250);\"><\/div>\n\n                    <div class=\"title\">Lynx, r\u00e9cepteur<\/div>\n                    <div class=\"title sub\">\n                        <div class=\"artno-row\"><span>2,4 GHz<\/span><br>LXS-MN-CTC<\/div>                        <\/div>\n                    <button>En savoir plus<\/button>\n                <\/div>\n\n                \n        <\/div>\n\n        <\/p>\n","protected":false},"excerpt":{"rendered":"<p>Lynx est un syst\u00e8me de t\u00e9l\u00e9commande radio avec fonctions feed-back\/duplex Lynx a \u00e9t\u00e9 d\u00e9velopp\u00e9 pour les personnes qui ont besoin d\u2019un feed-back de leur appareil. Il s\u2019agit d\u2019un syst\u00e8me duplex (double communication) avec une r\u00e9troaction visible par l\u2019interm\u00e9diaire des DEL de l\u2019\u00e9metteur. Lynx est particuli\u00e8rement adapt\u00e9 aux applications dans lesquelles vous devez \u00eatre capable de [&hellip;]<\/p>\n","protected":false},"author":29,"featured_media":0,"parent":0,"menu_order":0,"comment_status":"closed","ping_status":"closed","template":"","meta":{"_acf_changed":false,"footnotes":""},"class_list":["post-5849","page","type-page","status-publish","hentry"],"acf":[],"_links":{"self":[{"href":"https:\/\/www.tele-radio.com\/fr\/wp-json\/wp\/v2\/pages\/5849","targetHints":{"allow":["GET"]}}],"collection":[{"href":"https:\/\/www.tele-radio.com\/fr\/wp-json\/wp\/v2\/pages"}],"about":[{"href":"https:\/\/www.tele-radio.com\/fr\/wp-json\/wp\/v2\/types\/page"}],"author":[{"embeddable":true,"href":"https:\/\/www.tele-radio.com\/fr\/wp-json\/wp\/v2\/users\/29"}],"replies":[{"embeddable":true,"href":"https:\/\/www.tele-radio.com\/fr\/wp-json\/wp\/v2\/comments?post=5849"}],"version-history":[{"count":2,"href":"https:\/\/www.tele-radio.com\/fr\/wp-json\/wp\/v2\/pages\/5849\/revisions"}],"predecessor-version":[{"id":23148,"href":"https:\/\/www.tele-radio.com\/fr\/wp-json\/wp\/v2\/pages\/5849\/revisions\/23148"}],"wp:attachment":[{"href":"https:\/\/www.tele-radio.com\/fr\/wp-json\/wp\/v2\/media?parent=5849"}],"curies":[{"name":"wp","href":"https:\/\/api.w.org\/{rel}","templated":true}]}}