{"id":5591,"date":"2018-05-09T09:41:58","date_gmt":"2018-05-09T09:41:58","guid":{"rendered":"https:\/\/www.tele-radio.com\/downloads\/"},"modified":"2022-12-22T17:51:14","modified_gmt":"2022-12-22T17:51:14","slug":"telechargements","status":"publish","type":"page","link":"https:\/\/www.tele-radio.com\/fr\/support\/telechargements\/","title":{"rendered":"T\u00e9l\u00e9chargements"},"content":{"rendered":"<h6>C\u2019est la biblioth\u00e8que de t\u00e9l\u00e9chargement de Tele Radio. Vous pouvez y t\u00e9l\u00e9charger les instructions d\u2019installation, les documents techniques, les certificats et autres documents. Certains fichiers sont prot\u00e9g\u00e9s par un mot de passe, prenez <a href=\"https:\/\/www.tele-radio.com\/au\/contact-us\/\">contact<\/a> avec votre filiale local pour obtenir un mot de passe.<\/h6>\n<h2>Information sur les anciens syst\u00e8mes<\/h2>\n<p>Nous conservons l\u2019information de nos anciens syst\u00e8mes. Vous trouverez ci-dessous tous les anciens syst\u00e8mes et les documents qui vont de pair.<\/p>\n","protected":false},"excerpt":{"rendered":"<p>C\u2019est la biblioth\u00e8que de t\u00e9l\u00e9chargement de Tele Radio. Vous pouvez y t\u00e9l\u00e9charger les instructions d\u2019installation, les documents techniques, les certificats et autres documents. Certains fichiers sont prot\u00e9g\u00e9s par un mot de passe, prenez contact avec votre filiale local pour obtenir un mot de passe. Information sur les anciens syst\u00e8mes Nous conservons l\u2019information de nos anciens [&hellip;]<\/p>\n","protected":false},"author":1,"featured_media":10040,"parent":6998,"menu_order":0,"comment_status":"closed","ping_status":"closed","template":"page-templates\/downloads.php","meta":{"_acf_changed":false,"footnotes":""},"class_list":["post-5591","page","type-page","status-publish","has-post-thumbnail","hentry"],"acf":[],"_links":{"self":[{"href":"https:\/\/www.tele-radio.com\/fr\/wp-json\/wp\/v2\/pages\/5591","targetHints":{"allow":["GET"]}}],"collection":[{"href":"https:\/\/www.tele-radio.com\/fr\/wp-json\/wp\/v2\/pages"}],"about":[{"href":"https:\/\/www.tele-radio.com\/fr\/wp-json\/wp\/v2\/types\/page"}],"author":[{"embeddable":true,"href":"https:\/\/www.tele-radio.com\/fr\/wp-json\/wp\/v2\/users\/1"}],"replies":[{"embeddable":true,"href":"https:\/\/www.tele-radio.com\/fr\/wp-json\/wp\/v2\/comments?post=5591"}],"version-history":[{"count":6,"href":"https:\/\/www.tele-radio.com\/fr\/wp-json\/wp\/v2\/pages\/5591\/revisions"}],"predecessor-version":[{"id":122465,"href":"https:\/\/www.tele-radio.com\/fr\/wp-json\/wp\/v2\/pages\/5591\/revisions\/122465"}],"up":[{"embeddable":true,"href":"https:\/\/www.tele-radio.com\/fr\/wp-json\/wp\/v2\/pages\/6998"}],"wp:featuredmedia":[{"embeddable":true,"href":"https:\/\/www.tele-radio.com\/fr\/wp-json\/wp\/v2\/media\/10040"}],"wp:attachment":[{"href":"https:\/\/www.tele-radio.com\/fr\/wp-json\/wp\/v2\/media?parent=5591"}],"curies":[{"name":"wp","href":"https:\/\/api.w.org\/{rel}","templated":true}]}}