{"id":148266,"date":"2023-03-14T13:00:00","date_gmt":"2023-03-14T13:00:00","guid":{"rendered":"https:\/\/www.tele-radio.com\/versateq\/"},"modified":"2023-04-26T10:00:32","modified_gmt":"2023-04-26T10:00:32","slug":"versateq","status":"publish","type":"page","link":"https:\/\/www.tele-radio.com\/fr\/versateq\/","title":{"rendered":"VERSATEQ"},"content":{"rendered":"\n<div style=\"height:11px\" aria-hidden=\"true\" class=\"wp-block-spacer\"><\/div>\n\n\n<div class=\"wp-block-image is-style-rounded\">\n<figure class=\"alignright size-large is-resized\"><img loading=\"lazy\" decoding=\"async\" src=\"https:\/\/www.tele-radio.com\/app\/uploads\/\/VersaTEQ_Collage-1200x1200.jpg\" alt=\"\" class=\"wp-image-106602\" width=\"426\" height=\"426\" srcset=\"https:\/\/www.tele-radio.com\/app\/uploads\/VersaTEQ_Collage.jpg 1200w, https:\/\/www.tele-radio.com\/app\/uploads\/VersaTEQ_Collage-400x400.jpg 400w, https:\/\/www.tele-radio.com\/app\/uploads\/VersaTEQ_Collage-150x150.jpg 150w, https:\/\/www.tele-radio.com\/app\/uploads\/VersaTEQ_Collage-768x768.jpg 768w, https:\/\/www.tele-radio.com\/app\/uploads\/VersaTEQ_Collage-250x250.jpg 250w, https:\/\/www.tele-radio.com\/app\/uploads\/VersaTEQ_Collage-750x750.jpg 750w, https:\/\/www.tele-radio.com\/app\/uploads\/VersaTEQ_Collage-500x500.jpg 500w, https:\/\/www.tele-radio.com\/app\/uploads\/VersaTEQ_Collage-800x800.jpg 800w\" sizes=\"auto, (max-width: 426px) 100vw, 426px\" \/><\/figure><\/div>\n\n\n<h1 class=\"wp-block-heading has-huge-font-size\">VERSATEQ<\/h1>\n\n\n\n<h2 class=\"wp-block-heading\"><strong><strong>Notre radiocommande multifonctionnelle<\/strong><\/strong><\/h2>\n\n\n\n<p>Notre solution innovante pour les t\u00e9l\u00e9commandes radio de type pupitre milieu de gamme, au design harmonieux et ergonomique. Environ 24 centim\u00e8tres de large. Equip\u00e9 de poign\u00e9es qui suivent les courbes naturelles des mains. Pour garantir votre s\u00e9curit\u00e9, chacune des t\u00e9l\u00e9commandes <strong>VersaTEQ<\/strong> est \u00e9quip\u00e9e d\u2019une fonction d\u2019arr\u00eat d\u2019urgence certifi\u00e9e PLe\/CAT 3 et SIL3 par un organisme ind\u00e9pendant. &nbsp;<strong>VersaTEQ<\/strong> est robuste, polyvalent et s&rsquo;adapte parfaitement \u00e0 de nombreuses applications. Sur la base de nos 60 ans d&rsquo;exp\u00e9riences, Tele Radio a d\u00e9velopp\u00e9 cette gamme de produits pour les applications hydrauliques, mobiles et industrielles.<\/p>\n\n\n\n<div style=\"height:11px\" aria-hidden=\"true\" class=\"wp-block-spacer\"><\/div>\n\n\n\n<h2 class=\"wp-block-heading has-text-align-center has-large-font-size\">UNE TECHNOLOGIE UNIQUE <\/h2>\n\n\n\n<p>Nous croyons en l\u2019innovation. Tele Radio a d\u00e9velopp\u00e9 diverses solutions qui vous permettent de mieux utiliser et contr\u00f4ler vos \u00e9quipements en utilisant les derni\u00e8res technologies. <strong>VersaTEQ<\/strong> a, entre autres, les caract\u00e9ristiques et possibilit\u00e9s sp\u00e9ciales suivantes&nbsp;:<\/p>\n\n\n<div class=\"wp-block-image is-style-rounded\">\n<figure class=\"alignleft is-resized\"><img loading=\"lazy\" decoding=\"async\" src=\"https:\/\/www.tele-radio.com\/app\/uploads\/Webpaginaopbouw_Puma-1.png\" alt=\"\" class=\"wp-image-38105\" width=\"110\" height=\"110\" srcset=\"https:\/\/www.tele-radio.com\/app\/uploads\/Webpaginaopbouw_Puma-1.png 162w, https:\/\/www.tele-radio.com\/app\/uploads\/Webpaginaopbouw_Puma-1-150x150.png 150w\" sizes=\"auto, (max-width: 110px) 100vw, 110px\" \/><\/figure><\/div>\n\n\n<h3 class=\"wp-block-heading\">Antenne active <\/h3>\n\n\n\n<p>L\u2019antenne active peut \u00e9galement servir de r\u00e9p\u00e9teur autonome. Cela augmente consid\u00e9rablement la port\u00e9e entre l\u2019\u00e9metteur et le r\u00e9cepteur. Elle permet d\u2019utiliser ce syst\u00e8me dans des circonstances tr\u00e8s exigeantes, comme l\u2019exploitation mini\u00e8re, dans les zones montagneuses ou dans les grands b\u00e2timents, sans perdre le signal.<\/p>\n\n\n\n<p><\/p>\n\n\n\n<div style=\"height:20px\" aria-hidden=\"true\" class=\"wp-block-spacer\"><\/div>\n\n\n<div class=\"wp-block-image is-style-rounded\">\n<figure class=\"alignleft is-resized\"><img loading=\"lazy\" decoding=\"async\" src=\"https:\/\/www.tele-radio.com\/app\/uploads\/RFID-ICON.png\" alt=\"\" class=\"wp-image-38126\" width=\"110\" height=\"110\" srcset=\"https:\/\/www.tele-radio.com\/app\/uploads\/RFID-ICON.png 162w, https:\/\/www.tele-radio.com\/app\/uploads\/RFID-ICON-150x150.png 150w\" sizes=\"auto, (max-width: 110px) 100vw, 110px\" \/><\/figure><\/div>\n\n\n<h3 class=\"wp-block-heading\">Contr\u00f4le RFID<\/h3>\n\n\n\n<p><meta charset=\"utf-8\">La RFID est une technique sans fil de reconnaissance d\u2019un code unique du syst\u00e8me, du produit ou de l\u2019utilisateur. Les param\u00e8tres d\u2019un utilisateur peuvent \u00eatre enregistr\u00e9s sur une carte \u00e0 puce avec RFID qui est reconnue par le syst\u00e8me pendant l\u2019utilisation. Diff\u00e9rents niveaux d\u2019utilisateurs peuvent \u00eatre configur\u00e9s.<\/p>\n\n\n\n<div style=\"height:21px\" aria-hidden=\"true\" class=\"wp-block-spacer\"><\/div>\n\n\n<div class=\"wp-block-image is-style-rounded\">\n<figure class=\"alignleft is-resized\"><img loading=\"lazy\" decoding=\"async\" src=\"https:\/\/www.tele-radio.com\/app\/uploads\/BUS-Systemen.png\" alt=\"\" class=\"wp-image-38147\" width=\"110\" height=\"110\" srcset=\"https:\/\/www.tele-radio.com\/app\/uploads\/BUS-Systemen.png 162w, https:\/\/www.tele-radio.com\/app\/uploads\/BUS-Systemen-150x150.png 150w\" sizes=\"auto, (max-width: 110px) 100vw, 110px\" \/><\/figure><\/div>\n\n\n<h3 class=\"wp-block-heading\">Syst\u00e8mes BUS <\/h3>\n\n\n\n<p>Pour r\u00e9pondre aux normes actuelles de l\u2019industrie, les radiocommandes Tele Radio VersaTEQ sont compatibles avec une large gamme de protocoles BUS. Une coop\u00e9ration fluide avec l\u2019automate de votre machine peut \u00eatre assur\u00e9e. Les t\u00e9l\u00e9commandes Tele Radio VersaTEQ peuvent communiquer en CANOPEN, MODBUS, PROFIBUS et CAN J1939<\/p>\n\n\n\n<div style=\"height:75px\" aria-hidden=\"true\" class=\"wp-block-spacer\"><\/div>\n\n\n\n<div class=\"wp-block-columns is-layout-flex wp-container-core-columns-is-layout-9d6595d7 wp-block-columns-is-layout-flex\">\n<div class=\"wp-block-column is-layout-flow wp-block-column-is-layout-flow\">\n<div class=\"wp-block-cover is-light\" style=\"min-height:472px;aspect-ratio:unset;\"><span aria-hidden=\"true\" class=\"wp-block-cover__background has-luminous-vivid-amber-background-color has-background-dim-100 has-background-dim\"><\/span><div class=\"wp-block-cover__inner-container is-layout-flow wp-block-cover-is-layout-flow\">\n<p class=\"has-black-color has-text-color has-medium-font-size\">Selon votre application, vous pouvez choisir l\u2019un des deux mod\u00e8les <strong>VersaTEQ<\/strong> \u00ab&nbsp;Basic Line&nbsp;\u00bb ou opter pour une solution \u00ab&nbsp;Custom Line&nbsp;\u00bb. Cela vous offre une libert\u00e9 totale dans la configuration et le param\u00e9trage de vos radiocommandes et r\u00e9cepteurs associ\u00e9s. Notre service commercial Tele Radio peut vous conseiller sur la meilleure solution pour votre besoin.<\/p>\n\n\n\n<p class=\"has-black-color has-text-color has-medium-font-size\"><strong><strong>SP\u00c9CIFICATION DE BASE VERSATEQ<\/strong><\/strong><\/p>\n\n\n\n<div class=\"wp-block-columns is-layout-flex wp-container-core-columns-is-layout-9d6595d7 wp-block-columns-is-layout-flex\">\n<div class=\"wp-block-column is-layout-flow wp-block-column-is-layout-flow\">\n<p class=\"has-black-color has-text-color\">\u2713 Fr\u00e9quence 2,4 GHz, 16 canaux<br>\u2713 \u00c9cran couleur 2&Prime;<br>\u2713 Protection IP65 <br>\u2713 Communication duplex avec retours d&rsquo;informations<br>\u2713 PLe\/CAT 3, SIL3 <br>\u2713 Retour d\u2019alarme (Vibration, buzzer, Leds, \u00e9crans\u2026)<br><\/p>\n<\/div>\n\n\n\n<div class=\"wp-block-column is-layout-flow wp-block-column-is-layout-flow\">\n<p class=\"has-black-color has-text-color\">\u2713Arr\u00eat d\u2019urgence de s\u00e9curit\u00e9 sur le c\u00f4t\u00e9, prot\u00e9g\u00e9 des impacts<br>\u2713 Connecteur M12 pour le c\u00e2ble de contr\u00f4le<br>\u2713 Leds int\u00e9gr\u00e9es dans les poignets pour \u00e9clairage plastron avant<br>\u2713 Batteries rechargeables et interchangeables<br>\u2713Jusqu\u2019\u00e0 10 h avec une batterie, selon la configuration<\/p>\n<\/div>\n<\/div>\n<\/div><\/div>\n<\/div>\n<\/div>\n\n\n\n<div style=\"height:32px\" aria-hidden=\"true\" class=\"wp-block-spacer\"><\/div>\n\n\n\n<h2 class=\"wp-block-heading has-text-align-center has-luminous-vivid-amber-color has-black-background-color has-text-color has-background has-large-font-size\">VOTRE CHOIX POUR LA BASIC LINE TELE RADIO VERSATEQ<\/h2>\n\n\n\n<div style=\"height:15px\" aria-hidden=\"true\" class=\"wp-block-spacer\"><\/div>\n\n\n\n<p class=\"has-text-align-center has-medium-font-size\">Offrant la qualit\u00e9 Tele Radio au meilleur prix. Convient \u00e0 la plupart des op\u00e9rations et \u00e9quip\u00e9 d\u2019\u00e9l\u00e9ments de commande standard et d\u2019un plastron avant noir. La gamme se compose de deux \u00e9metteurs de base et de deux types de r\u00e9cepteurs.<\/p>\n\n\n\n<div style=\"height:29px\" aria-hidden=\"true\" class=\"wp-block-spacer\"><\/div>\n\n\n\n<h2 class=\"wp-block-heading has-text-align-center\">NOS \u00c9METTEURS TELE RADIO VERSATEQ<\/h2>\n\n\n\n<div class=\"wp-block-columns is-layout-flex wp-container-core-columns-is-layout-9d6595d7 wp-block-columns-is-layout-flex\">\n<div class=\"wp-block-column is-layout-flow wp-block-column-is-layout-flow\"><div class=\"wp-block-image\">\n<figure class=\"aligncenter size-full\"><img loading=\"lazy\" decoding=\"async\" width=\"550\" height=\"840\" src=\"https:\/\/www.tele-radio.com\/app\/uploads\/IMAGE-T26-TS02-1.png\" alt=\"\" class=\"wp-image-150753\" srcset=\"https:\/\/www.tele-radio.com\/app\/uploads\/IMAGE-T26-TS02-1.png 550w, https:\/\/www.tele-radio.com\/app\/uploads\/IMAGE-T26-TS02-1-262x400.png 262w, https:\/\/www.tele-radio.com\/app\/uploads\/IMAGE-T26-TS02-1-491x750.png 491w, https:\/\/www.tele-radio.com\/app\/uploads\/IMAGE-T26-TS02-1-327x500.png 327w, https:\/\/www.tele-radio.com\/app\/uploads\/IMAGE-T26-TS02-1-524x800.png 524w\" sizes=\"auto, (max-width: 550px) 100vw, 550px\" \/><\/figure><\/div><\/div>\n\n\n\n<div class=\"wp-block-column is-layout-flow wp-block-column-is-layout-flow\"><div class=\"wp-block-image is-style-default\">\n<figure class=\"aligncenter size-full\"><img loading=\"lazy\" decoding=\"async\" width=\"550\" height=\"841\" src=\"https:\/\/www.tele-radio.com\/app\/uploads\/IMAGE-T26-TS03-1.png\" alt=\"\" class=\"wp-image-150802\" srcset=\"https:\/\/www.tele-radio.com\/app\/uploads\/IMAGE-T26-TS03-1.png 550w, https:\/\/www.tele-radio.com\/app\/uploads\/IMAGE-T26-TS03-1-262x400.png 262w, https:\/\/www.tele-radio.com\/app\/uploads\/IMAGE-T26-TS03-1-490x750.png 490w, https:\/\/www.tele-radio.com\/app\/uploads\/IMAGE-T26-TS03-1-327x500.png 327w, https:\/\/www.tele-radio.com\/app\/uploads\/IMAGE-T26-TS03-1-523x800.png 523w\" sizes=\"auto, (max-width: 550px) 100vw, 550px\" \/><\/figure><\/div><\/div>\n<\/div>\n\n\n\n<div style=\"height:43px\" aria-hidden=\"true\" class=\"wp-block-spacer\"><\/div>\n\n\n\n<h2 class=\"wp-block-heading has-text-align-center\">NOS R\u00c9CEPTEURS CORRESPONDANTS <\/h2>\n\n\n\n<div class=\"wp-block-columns is-layout-flex wp-container-core-columns-is-layout-9d6595d7 wp-block-columns-is-layout-flex\">\n<div class=\"wp-block-column is-layout-flow wp-block-column-is-layout-flow\"><div class=\"wp-block-image\">\n<figure class=\"aligncenter size-full is-resized\"><img loading=\"lazy\" decoding=\"async\" src=\"https:\/\/www.tele-radio.com\/app\/uploads\/IMAGE-R21-RS01-2.png\" alt=\"\" class=\"wp-image-150826\" width=\"386\" height=\"598\" srcset=\"https:\/\/www.tele-radio.com\/app\/uploads\/IMAGE-R21-RS01-2.png 550w, https:\/\/www.tele-radio.com\/app\/uploads\/IMAGE-R21-RS01-2-258x400.png 258w, https:\/\/www.tele-radio.com\/app\/uploads\/IMAGE-R21-RS01-2-483x750.png 483w, https:\/\/www.tele-radio.com\/app\/uploads\/IMAGE-R21-RS01-2-322x500.png 322w\" sizes=\"auto, (max-width: 386px) 100vw, 386px\" \/><\/figure><\/div>\n\n\n<p><\/p>\n<\/div>\n\n\n\n<div class=\"wp-block-column is-layout-flow wp-block-column-is-layout-flow\"><div class=\"wp-block-image\">\n<figure class=\"alignleft size-full is-resized\"><img loading=\"lazy\" decoding=\"async\" src=\"https:\/\/www.tele-radio.com\/app\/uploads\/IMAGE-R21-RS02-4.png\" alt=\"\" class=\"wp-image-150924\" width=\"388\" height=\"595\" srcset=\"https:\/\/www.tele-radio.com\/app\/uploads\/IMAGE-R21-RS02-4.png 550w, https:\/\/www.tele-radio.com\/app\/uploads\/IMAGE-R21-RS02-4-260x400.png 260w, https:\/\/www.tele-radio.com\/app\/uploads\/IMAGE-R21-RS02-4-488x750.png 488w, https:\/\/www.tele-radio.com\/app\/uploads\/IMAGE-R21-RS02-4-521x800.png 521w\" sizes=\"auto, (max-width: 388px) 100vw, 388px\" \/><\/figure><\/div><\/div>\n<\/div>\n\n\n\n<div style=\"height:87px\" aria-hidden=\"true\" class=\"wp-block-spacer\"><\/div>\n\n\n\n<h2 class=\"wp-block-heading has-text-align-center has-luminous-vivid-amber-color has-black-background-color has-text-color has-background\">LA VALEUR AJOUT\u00c9E DE NOS PRODUITS<\/h2>\n\n\n\n<div style=\"height:50px\" aria-hidden=\"true\" class=\"wp-block-spacer\"><\/div>\n\n\n<div class=\"wp-block-image\">\n<figure class=\"alignleft size-full is-resized\"><img loading=\"lazy\" decoding=\"async\" src=\"https:\/\/www.tele-radio.com\/app\/uploads\/Contact-1.png\" alt=\"\" class=\"wp-image-106305\" width=\"111\" height=\"111\" srcset=\"https:\/\/www.tele-radio.com\/app\/uploads\/Contact-1.png 417w, https:\/\/www.tele-radio.com\/app\/uploads\/Contact-1-400x400.png 400w, https:\/\/www.tele-radio.com\/app\/uploads\/Contact-1-150x150.png 150w, https:\/\/www.tele-radio.com\/app\/uploads\/Contact-1-250x250.png 250w\" sizes=\"auto, (max-width: 111px) 100vw, 111px\" \/><\/figure><\/div>\n\n\n<p><strong><strong>Les conseils avis\u00e9s de notre service commercial<\/strong><\/strong><\/p>\n\n\n\n<p>Contactez-nous pour obtenir des conseils sur le syst\u00e8me le mieux adapt\u00e9 \u00e0 votre application.<\/p>\n\n\n\n<p><\/p>\n\n\n\n<p><\/p>\n\n\n\n<div style=\"height:15px\" aria-hidden=\"true\" class=\"wp-block-spacer\"><\/div>\n\n\n<div class=\"wp-block-image\">\n<figure class=\"alignleft is-resized\"><img loading=\"lazy\" decoding=\"async\" src=\"https:\/\/www.tele-radio.com\/app\/uploads\/Signaal2.png\" alt=\"\" class=\"wp-image-40681\" width=\"111\" height=\"111\" srcset=\"https:\/\/www.tele-radio.com\/app\/uploads\/Signaal2.png 162w, https:\/\/www.tele-radio.com\/app\/uploads\/Signaal2-150x150.png 150w\" sizes=\"auto, (max-width: 111px) 100vw, 111px\" \/><\/figure><\/div>\n\n\n<h3 class=\"wp-block-heading\"><strong>Service technique local<\/strong><\/h3>\n\n\n\n<p>Au service de ces clients, Tele Radio dispose de son propre d\u00e9partement technique pour le support, l\u2019aide \u00e0 l\u2019installation ou encore le service apr\u00e8s-vente<\/p>\n\n\n\n<p><\/p>\n\n\n\n<p><\/p>\n\n\n\n<div style=\"height:15px\" aria-hidden=\"true\" class=\"wp-block-spacer\"><\/div>\n\n\n<div class=\"wp-block-image\">\n<figure class=\"alignleft is-resized\"><img loading=\"lazy\" decoding=\"async\" src=\"https:\/\/www.tele-radio.com\/app\/uploads\/Icon_safety.png\" alt=\"\" class=\"wp-image-42940\" width=\"111\" height=\"111\" srcset=\"https:\/\/www.tele-radio.com\/app\/uploads\/Icon_safety.png 162w, https:\/\/www.tele-radio.com\/app\/uploads\/Icon_safety-150x150.png 150w\" sizes=\"auto, (max-width: 111px) 100vw, 111px\" \/><\/figure><\/div>\n\n\n<h3 class=\"wp-block-heading\"><strong><strong>Les diff\u00e9rents certificats de s\u00e9curit\u00e9 ind\u00e9pendants<\/strong><\/strong><\/h3>\n\n\n\n<p>Pour tous les produits Tele Radio avec une certification de s\u00e9curit\u00e9, nous pouvons vous fournir les rapports d\u2019approbation de l\u2019autorit\u00e9 de test ind\u00e9pendante. En savoir plus \u00e0 ce sujet <a href=\"https:\/\/www.tele-radio.com\/iso-certifications\/\">ICI.<\/a><\/p>\n\n\n\n<p><\/p>\n\n\n\n<div style=\"height:100px\" aria-hidden=\"true\" class=\"wp-block-spacer\"><\/div>\n","protected":false},"excerpt":{"rendered":"<p>VERSATEQ Notre radiocommande multifonctionnelle Notre solution innovante pour les t\u00e9l\u00e9commandes radio de type pupitre milieu de gamme, au design harmonieux et ergonomique. Environ 24 centim\u00e8tres de large. Equip\u00e9 de poign\u00e9es qui suivent les courbes naturelles des mains. Pour garantir votre s\u00e9curit\u00e9, chacune des t\u00e9l\u00e9commandes VersaTEQ est \u00e9quip\u00e9e d\u2019une fonction d\u2019arr\u00eat d\u2019urgence certifi\u00e9e PLe\/CAT 3 et [&hellip;]<\/p>\n","protected":false},"author":29,"featured_media":0,"parent":0,"menu_order":0,"comment_status":"closed","ping_status":"closed","template":"","meta":{"_acf_changed":false,"footnotes":""},"class_list":["post-148266","page","type-page","status-publish","hentry"],"acf":[],"_links":{"self":[{"href":"https:\/\/www.tele-radio.com\/fr\/wp-json\/wp\/v2\/pages\/148266","targetHints":{"allow":["GET"]}}],"collection":[{"href":"https:\/\/www.tele-radio.com\/fr\/wp-json\/wp\/v2\/pages"}],"about":[{"href":"https:\/\/www.tele-radio.com\/fr\/wp-json\/wp\/v2\/types\/page"}],"author":[{"embeddable":true,"href":"https:\/\/www.tele-radio.com\/fr\/wp-json\/wp\/v2\/users\/29"}],"replies":[{"embeddable":true,"href":"https:\/\/www.tele-radio.com\/fr\/wp-json\/wp\/v2\/comments?post=148266"}],"version-history":[{"count":26,"href":"https:\/\/www.tele-radio.com\/fr\/wp-json\/wp\/v2\/pages\/148266\/revisions"}],"predecessor-version":[{"id":153034,"href":"https:\/\/www.tele-radio.com\/fr\/wp-json\/wp\/v2\/pages\/148266\/revisions\/153034"}],"wp:attachment":[{"href":"https:\/\/www.tele-radio.com\/fr\/wp-json\/wp\/v2\/media?parent=148266"}],"curies":[{"name":"wp","href":"https:\/\/api.w.org\/{rel}","templated":true}]}}