{"id":212840,"date":"2018-05-04T14:47:03","date_gmt":"2018-05-04T14:47:03","guid":{"rendered":"https:\/\/www.tele-radio.com\/a-propos-de-nous\/"},"modified":"2018-05-04T14:47:03","modified_gmt":"2018-05-04T14:47:03","slug":"a-propos-de-nous","status":"publish","type":"page","link":"https:\/\/www.tele-radio.com\/fr-ma\/a-propos-de-nous\/","title":{"rendered":"A propos de nous"},"content":{"rendered":"<h1><span lang=\"FR\">Nous d\u00e9veloppons des radiocommandes depuis plus de 60 ans<\/span><b><\/b><\/h1>\n<h6><span lang=\"FR\">Tele Radio d\u00e9veloppe, fabrique et commercialise des radiocommandes \u00e0 usage industriel. L\u2019entreprise a \u00e9t\u00e9 fond\u00e9e en 1955 \u00e0 Lysekil et s\u2019est d\u00e9velopp\u00e9e depuis lors en un vaste groupe, le groupe Tele Radio. Bas\u00e9 \u00e0 Askim, dans la banlieue de G\u00f6teborg, le groupe a plusieurs filiales en Europe, aux \u00c9tats-Unis et en Asie. En plus de nos filiales, nous travaillons \u00e9galement en collaboration avec nos distributeurs et partenaires dans le monde entier.<\/span><\/h6>\n<h2><span lang=\"FR\">Technologie et innovation<\/span><\/h2>\n<p><span lang=\"FR\">Tele Radio se charge de la technologie et l\u2019innovation de tous nos produits. Avec plus de 60 ans d\u2019exp\u00e9rience, nous avons de solides connaissances et exp\u00e9riences des syst\u00e8mes radiocommand\u00e9s. Notre mission est de \u00ab\u2009ne jamais dire non\u2009\u00bb lorsqu\u2019il est possible de r\u00e9pondre \u00e0 vos besoins\u2009; notre objectif est de fournir des radiocommandes adapt\u00e9es \u00e0 votre application sp\u00e9cifique. Nous atteignons ces objectifs en permettant \u00e0 tous nos collaborateurs de participer activement au processus et de prendre la responsabilit\u00e9 de leur domaine de travail.<\/span><\/p>\n<blockquote><p><em><span lang=\"FR\">\u201cNous utilisons Tele Radio pour son excellent service et son soutien technique, car c\u2019est tr\u00e8s important pour notre entreprise.\u201d<\/span><\/em><\/p>\n<p><span lang=\"FR\">\u2013\u00a0Rune\u00a0Wab\u00f8, Directeur g\u00e9n\u00e9ral chez Munck Cranes<\/span><\/p><\/blockquote>\n<p><span lang=\"FR\">Nous disposons d\u2019une large s\u00e9lection de produits, des petits \u00e9metteurs aux \u00e9metteurs sur mesure pour lesquels nous adaptons nous-m\u00eames le produit \u00e0 votre application sp\u00e9cifique. Avec notre service et nos connaissances techniques, nous voulons fournir un produit qui am\u00e9liorera votre mani\u00e8re de travailler\u2009; nous croyons en la cr\u00e9ation d\u2019une relation de longue dur\u00e9e avec vous, qui ira bien plus loin que la vente. Nous voulons que nos produits ajoutent de la valeur \u00e0 votre journ\u00e9e de travail.<\/span><\/p>\n<h2><span lang=\"FR\">Radiocommande fiable et robuste<\/span><\/h2>\n<p><span lang=\"FR\">La s\u00e9curit\u00e9 est primordiale pour nous et fait partie de notre ADN en tant qu\u2019entreprise su\u00e9doise. Nous faisons tout notre possible pour rendre nos produits aussi s\u00fbrs que possible. Nous fournissons des efforts consid\u00e9rables pour nous assurer que nos produits r\u00e9pondent aux normes de s\u00e9curit\u00e9 les plus \u00e9lev\u00e9es possible et nous avons les certificats n\u00e9cessaires pour appuyer cet engagement.<\/span><\/p>\n<p><span lang=\"FR\">Nos produits sont non seulement s\u00fbrs, mais aussi robustes ; ils peuvent r\u00e9sister \u00e0 d&#8217;importants impacts. Nous savons qu\u2019il arrive que nos t\u00e9l\u00e9commandes soient jet\u00e9es, l\u00e2ch\u00e9es, \u00e9cras\u00e9es, mouill\u00e9es &#8211; et c\u2019est tr\u00e8s bien, nous les avons con\u00e7ues en ayant ces situations en t\u00eate. Nos produits sont con\u00e7us pour \u00eatre utilis\u00e9s dans des domaines de travail lourd.<\/span><\/p>\n<blockquote><p><em>\u201c<span lang=\"FR\">Les commandes \u00e0 distance de Tele Radio peuvent supporter beaucoup d\u2019abus m\u00e9caniques, sans se casser et la dur\u00e9e de la batterie est impressionnante.\u201d<\/span><\/em><\/p>\n<p><span lang=\"FR\">-Tomasz Fraczek, directeur de l\u2019entretien, Thames Reinforcements Ltd.<\/span><\/p><\/blockquote>\n<h2><span lang=\"FR\">Nous travaillons dans le respect de l\u2019environnement<\/span><\/h2>\n<p><span lang=\"FR\">Nous sommes une entreprise soucieuse de l\u2019environnement. Nous op\u00e9rons dans le monde entier et utilisons les mati\u00e8res premi\u00e8res de notre plan\u00e8te pour fabriquer nos produits. Nous prenons au s\u00e9rieux le climat mondial et le bien-\u00eatre de la plan\u00e8te. Tele Radio est donc certifi\u00e9e selon la norme ISO 14001. La norme ISO 14001 exige que nous prenions nos responsabilit\u00e9s pour pr\u00e9venir la pollution et que notre direction d\u2019entreprise assume l\u2019enti\u00e8re responsabilit\u00e9 de s\u2019am\u00e9liorer chaque ann\u00e9e. La r\u00e9duction des \u00e9missions de carbone par des moyens de transport plus efficaces est un objectif suscitant notre int\u00e9r\u00eat. Nous veillons \u00e9galement \u00e0 limiter l\u2019utilisation des produits chimiques et d&#8217;\u00e9l\u00e9ments nocifs dans nos produits pour prot\u00e9ger tant les clients que l\u2019environnement.<\/span><\/p>\n<p><span lang=\"FR\">Chaque ann\u00e9e, nous faisons un don au WWF pour pr\u00e9server les tigres qui, nous le savons, sont en voie de disparition. Vu que le tigre occupe une place importante dans notre marketing et que son nom est celui d\u2019un de nos syst\u00e8mes, il nous semble \u00e9vident d\u2019apporter notre pierre \u00e0 l\u2019\u00e9difice et de s&#8217;impliquer dans sa protection et conservation.<\/span><\/p>\n<div id=\"sconnect-is-installed\" style=\"display: none;\">2.5.0.0<\/div>\n","protected":false},"excerpt":{"rendered":"<p>Nous d\u00e9veloppons des radiocommandes depuis plus de 60 ans Tele Radio d\u00e9veloppe, fabrique et commercialise des radiocommandes \u00e0 usage industriel. L\u2019entreprise a \u00e9t\u00e9 fond\u00e9e en 1955 \u00e0 Lysekil et s\u2019est d\u00e9velopp\u00e9e depuis lors en un vaste groupe, le groupe Tele Radio. Bas\u00e9 \u00e0 Askim, dans la banlieue de G\u00f6teborg, le groupe a plusieurs filiales en [&hellip;]<\/p>\n","protected":false},"author":1,"featured_media":212844,"parent":0,"menu_order":0,"comment_status":"closed","ping_status":"closed","template":"","meta":{"_acf_changed":false,"footnotes":""},"class_list":["post-212840","page","type-page","status-publish","has-post-thumbnail","hentry"],"acf":[],"_links":{"self":[{"href":"https:\/\/www.tele-radio.com\/fr-ma\/wp-json\/wp\/v2\/pages\/212840","targetHints":{"allow":["GET"]}}],"collection":[{"href":"https:\/\/www.tele-radio.com\/fr-ma\/wp-json\/wp\/v2\/pages"}],"about":[{"href":"https:\/\/www.tele-radio.com\/fr-ma\/wp-json\/wp\/v2\/types\/page"}],"author":[{"embeddable":true,"href":"https:\/\/www.tele-radio.com\/fr-ma\/wp-json\/wp\/v2\/users\/1"}],"replies":[{"embeddable":true,"href":"https:\/\/www.tele-radio.com\/fr-ma\/wp-json\/wp\/v2\/comments?post=212840"}],"version-history":[{"count":0,"href":"https:\/\/www.tele-radio.com\/fr-ma\/wp-json\/wp\/v2\/pages\/212840\/revisions"}],"wp:featuredmedia":[{"embeddable":true,"href":"https:\/\/www.tele-radio.com\/fr-ma\/wp-json\/wp\/v2\/media\/212844"}],"wp:attachment":[{"href":"https:\/\/www.tele-radio.com\/fr-ma\/wp-json\/wp\/v2\/media?parent=212840"}],"curies":[{"name":"wp","href":"https:\/\/api.w.org\/{rel}","templated":true}]}}