{"id":212806,"date":"2018-05-10T13:37:16","date_gmt":"2018-05-10T13:37:16","guid":{"rendered":"https:\/\/www.tele-radio.com\/normes-ethiques\/"},"modified":"2018-05-10T13:37:16","modified_gmt":"2018-05-10T13:37:16","slug":"normes-ethiques","status":"publish","type":"page","link":"https:\/\/www.tele-radio.com\/fr-ma\/normes-ethiques\/","title":{"rendered":"Normes \u00e9thiques"},"content":{"rendered":"<h1>Normes \u00e9thiques<\/h1>\n<h2>Tele Radio respecte les normes environnementales<\/h2>\n<p>Tele Radio est fortement impliqu\u00e9e dans la protection de l\u2019environnement et veille \u00e0 r\u00e9duire, r\u00e9utiliser et recycler les d\u00e9chets. Tele Radio encourage ses fournisseurs \u00e0 travailler de la mani\u00e8re la plus \u00e9cologique possible. Les fabricants sont encourag\u00e9s \u00e0 r\u00e9duire autant que possible les emballages exc\u00e9dentaires \u00e0 l\u2019aide de mat\u00e9riel recycl\u00e9 et non toxique. L\u2019objectif est de limiter autant que possible les \u00e9missions de Co<sup>2<\/sup>au d\u00e9part de chaque site.<\/p>\n<h2>Environnement de travail s\u00e9curis\u00e9<\/h2>\n<p>Tele Radio offre un environnement s\u00fbr, propre et productif \u00e0 ses relations et attend la m\u00eame chose en retour. Les fabricants doivent offrir \u00e0 leurs travailleurs un environnement de travail sain et s\u00e9curis\u00e9 et veiller \u00e0 des dispositifs m\u00e9dicaux, des sorties d\u2019urgence, des appareils de s\u00e9curit\u00e9 ad\u00e9quats, des postes de travail bien \u00e9clair\u00e9s et confortables et des toilettes propres. Tele Radio n\u2019accepte aucune usine avec un environnement de travail malsain ou dangereux pour leurs travailleurs et combat toute exploitation mentale ou physique.<\/p>\n<h2>Contre la discrimination<\/h2>\n<p>Tele Radio reconna\u00eet qu\u2019il existe des diff\u00e9rences au niveau des normes et des valeurs culturelles entre nos diff\u00e9rents pays\u2009; Tele Radio pense cependant que les conditions de travail doivent se baser sur la capacit\u00e9 d\u2019une personne \u00e0 ex\u00e9cuter la t\u00e2che, non sur la base des caract\u00e9ristiques ou des convictions personnelles. Tele Radio exige de ses fournisseurs et d\u2019elle-m\u00eame que les principes de base des droits de l\u2019homme soient respect\u00e9s et que les travailleurs ne soient pas discrimin\u00e9s sur la base de la race, de la couleur de la peau, de l\u2019origine nationale, du sexe, de la religion, du handicap, de l\u2019orientation sexuelle ou des opinions politiques.<\/p>\n<h2>Le travail des enfants n\u2019est pas tol\u00e9r\u00e9<\/h2>\n<p>Tele Radio ne tol\u00e8re pas le recours au travail des enfants pour la conception ou la production de produits qu\u2019elle vend ou ach\u00e8te. Tele Radio n\u2019accepte pas de produits de fournisseurs qui utilisent une quelconque forme de travail des enfants dans les contrats, contrats de sous-traitance ou autres relations pour la fabrication de leurs produits ou services.<\/p>\n<h2>Lisez notre code de conduite<\/h2>\n<p><a href=\"https:\/\/api.tele-radio.com\/api\/files\/1990\">Vous pourrez lire notre code de conduite ici.<\/a><\/p>\n<h2>WWF<\/h2>\n<p>La population mondiale de tiges \u00e9tait de plus de 100\u2009000 sujets dans les ann\u00e9es\u00a01900 et est retomb\u00e9e dans les ann\u00e9es\u00a070 \u00e0 seulement 4\u2009000 sujets. De nos jours, les tigres sont une esp\u00e8ce s\u00e9rieusement menac\u00e9e. Avec le total de toutes les populations d\u2019animaux sauvages des cinq sous-esp\u00e8ces restantes (Bengale, Indochinoise, Sib\u00e9rienne, de Chine du Sud et Sumatra), on estime qu\u2019il reste environ 3\u2009900 tigres. On sait que les tigres restants vivent en petites populations isol\u00e9es dans des vastes r\u00e9serves. La plus grande concentration de tigres dans une r\u00e9serve est d\u2019environ 215.<\/p>\n<p>Chez Tele Radio, nous soutenons le World Wild Fund (WWF) et ses efforts pour pr\u00e9server le tigre. La population de tigres se r\u00e9tablit lentement gr\u00e2ce aux efforts diligents du WWF. Vu que le tigre occupe une place importante dans notre marketing et que son nom est celui d\u2019un de nos syst\u00e8mes, il semble \u00eatre \u00e9vident d\u2019apporter notre pierre \u00e0 l\u2019\u00e9difice de sa protection et conservation.<\/p>\n<p><img loading=\"lazy\" decoding=\"async\" class=\"aligncenter size-full wp-image-6302\" src=\"https:\/\/www.tele-radio.com\/app\/uploads\/tiger_wwf.jpg\" alt=\"Tele Radio supports WWF\" width=\"1200\" height=\"555\" \/><\/p>\n","protected":false},"excerpt":{"rendered":"<p>Normes \u00e9thiques Tele Radio respecte les normes environnementales Tele Radio est fortement impliqu\u00e9e dans la protection de l\u2019environnement et veille \u00e0 r\u00e9duire, r\u00e9utiliser et recycler les d\u00e9chets. Tele Radio encourage ses fournisseurs \u00e0 travailler de la mani\u00e8re la plus \u00e9cologique possible. Les fabricants sont encourag\u00e9s \u00e0 r\u00e9duire autant que possible les emballages exc\u00e9dentaires \u00e0 l\u2019aide [&hellip;]<\/p>\n","protected":false},"author":29,"featured_media":212809,"parent":0,"menu_order":0,"comment_status":"closed","ping_status":"closed","template":"","meta":{"_acf_changed":false,"footnotes":""},"class_list":["post-212806","page","type-page","status-publish","has-post-thumbnail","hentry"],"acf":[],"_links":{"self":[{"href":"https:\/\/www.tele-radio.com\/fr-ma\/wp-json\/wp\/v2\/pages\/212806","targetHints":{"allow":["GET"]}}],"collection":[{"href":"https:\/\/www.tele-radio.com\/fr-ma\/wp-json\/wp\/v2\/pages"}],"about":[{"href":"https:\/\/www.tele-radio.com\/fr-ma\/wp-json\/wp\/v2\/types\/page"}],"author":[{"embeddable":true,"href":"https:\/\/www.tele-radio.com\/fr-ma\/wp-json\/wp\/v2\/users\/29"}],"replies":[{"embeddable":true,"href":"https:\/\/www.tele-radio.com\/fr-ma\/wp-json\/wp\/v2\/comments?post=212806"}],"version-history":[{"count":0,"href":"https:\/\/www.tele-radio.com\/fr-ma\/wp-json\/wp\/v2\/pages\/212806\/revisions"}],"wp:featuredmedia":[{"embeddable":true,"href":"https:\/\/www.tele-radio.com\/fr-ma\/wp-json\/wp\/v2\/media\/212809"}],"wp:attachment":[{"href":"https:\/\/www.tele-radio.com\/fr-ma\/wp-json\/wp\/v2\/media?parent=212806"}],"curies":[{"name":"wp","href":"https:\/\/api.w.org\/{rel}","templated":true}]}}