{"id":212790,"date":"2018-05-14T06:20:21","date_gmt":"2018-05-14T06:20:21","guid":{"rendered":"https:\/\/www.tele-radio.com\/easy-silage\/"},"modified":"2018-05-14T06:20:21","modified_gmt":"2018-05-14T06:20:21","slug":"easy-silage","status":"publish","type":"page","link":"https:\/\/www.tele-radio.com\/fr-ma\/easy-silage\/","title":{"rendered":"Easy Silage BV"},"content":{"rendered":"<h1><span lang=\"FR\">Syst\u00e8mes de couverture de silo \u00e0 fosse<\/span><b><\/b><\/h1>\n<p><span lang=\"FR\">Easy Silage BV est sp\u00e9cialis\u00e9e dans la couverture de silos. L\u2019entreprise est situ\u00e9e \u00e0 Dearsum, au centre de la province de Frise, \u00e9galement connue sous le nom de province laiti\u00e8re des Pays-Bas.<\/span><\/p>\n<h2><span lang=\"FR\">Sur mesure<\/span><\/h2>\n<p><span lang=\"FR\">Les syst\u00e8mes de couverture Easy Silage conviennent pour les silos \u00e0 fosse mesurant jusqu\u2019\u00e0 100 m\u00e8tres de long et 25 m\u00e8tres de large. Le syst\u00e8me de couverture est command\u00e9 \u00e0 distance par un syst\u00e8me de t\u00e9l\u00e9commande Panther de Tele Radio. Parce que toutes les fermes sont uniques dans leur fa\u00e7on de travailler, les syst\u00e8mes de couverture sont fabriqu\u00e9s selon des sp\u00e9cifications personnalis\u00e9es. En principe, l\u2019application comprend trois composants : le syst\u00e8me de rails, le syst\u00e8me de treuils et le syst\u00e8me de portails.<\/span><\/p>\n<h2><span lang=\"FR\">Syst\u00e8me flexible<\/span><\/h2>\n<p><span lang=\"FR\">Les syst\u00e8mes de rails et de treuils s\u2019int\u00e8grent dans presque tous les silos existants. La machine avec le m\u00e9canisme \u00e0 rouleaux se d\u00e9place le long du canal. Le r\u00e9cepteur est mont\u00e9 sur la paroi du silo \u00e0 l\u2019aide de supports sp\u00e9ciaux. Le syst\u00e8me de treuils peut \u00eatre utilis\u00e9 pour plusieurs silos, gr\u00e2ce \u00e0 un point de contact sp\u00e9cialement con\u00e7u \u00e0 cet effet. \u00c0 l\u2019aide d\u2019un tracteur ou d\u2019un \u00e9l\u00e9vateur, l\u2019op\u00e9rateur peut facilement d\u00e9placer la machine de couverture d\u2019un silo \u00e0 l\u2019autre.<\/span><\/p>\n<h2><span lang=\"FR\">Remplacement des panneaux de commande fixes<\/span><\/h2>\n<p><span lang=\"FR\">Le client est pass\u00e9 d\u2019une commande fixe \u00e0 une commande \u00e0 distance, ce qui permet \u00e0 l\u2019utilisateur d\u2019avoir une meilleure vue d\u2019ensemble de l\u2019op\u00e9ration, qui autrement aurait \u00e9t\u00e9 partiellement masqu\u00e9e par l\u2019endroit o\u00f9 les commandes d\u2019origine \u00e9taient mont\u00e9es. Tele Radio BV pr\u00e9voit de livrer au moins 40 syst\u00e8mes par an \u00e0 Easy Silage BV.<\/span><\/p>\n","protected":false},"excerpt":{"rendered":"<p>Syst\u00e8mes de couverture de silo \u00e0 fosse Easy Silage BV est sp\u00e9cialis\u00e9e dans la couverture de silos. L\u2019entreprise est situ\u00e9e \u00e0 Dearsum, au centre de la province de Frise, \u00e9galement connue sous le nom de province laiti\u00e8re des Pays-Bas. Sur mesure Les syst\u00e8mes de couverture Easy Silage conviennent pour les silos \u00e0 fosse mesurant jusqu\u2019\u00e0 [&hellip;]<\/p>\n","protected":false},"author":29,"featured_media":212793,"parent":0,"menu_order":0,"comment_status":"closed","ping_status":"closed","template":"","meta":{"_acf_changed":false,"footnotes":""},"class_list":["post-212790","page","type-page","status-publish","has-post-thumbnail","hentry"],"acf":[],"_links":{"self":[{"href":"https:\/\/www.tele-radio.com\/fr-ma\/wp-json\/wp\/v2\/pages\/212790","targetHints":{"allow":["GET"]}}],"collection":[{"href":"https:\/\/www.tele-radio.com\/fr-ma\/wp-json\/wp\/v2\/pages"}],"about":[{"href":"https:\/\/www.tele-radio.com\/fr-ma\/wp-json\/wp\/v2\/types\/page"}],"author":[{"embeddable":true,"href":"https:\/\/www.tele-radio.com\/fr-ma\/wp-json\/wp\/v2\/users\/29"}],"replies":[{"embeddable":true,"href":"https:\/\/www.tele-radio.com\/fr-ma\/wp-json\/wp\/v2\/comments?post=212790"}],"version-history":[{"count":0,"href":"https:\/\/www.tele-radio.com\/fr-ma\/wp-json\/wp\/v2\/pages\/212790\/revisions"}],"wp:featuredmedia":[{"embeddable":true,"href":"https:\/\/www.tele-radio.com\/fr-ma\/wp-json\/wp\/v2\/media\/212793"}],"wp:attachment":[{"href":"https:\/\/www.tele-radio.com\/fr-ma\/wp-json\/wp\/v2\/media?parent=212790"}],"curies":[{"name":"wp","href":"https:\/\/api.w.org\/{rel}","templated":true}]}}