{"id":212755,"date":"2022-10-04T07:34:05","date_gmt":"2022-10-04T07:34:05","guid":{"rendered":"https:\/\/www.tele-radio.com\/industrial-machines\/"},"modified":"2024-11-07T15:07:01","modified_gmt":"2024-11-07T15:07:01","slug":"industrial-machines","status":"publish","type":"page","link":"https:\/\/www.tele-radio.com\/fr-ma\/industrial-machines\/","title":{"rendered":"INDUSTRIE &amp; MACHINES"},"content":{"rendered":"\n<h1 class=\"wp-block-heading has-text-align-center\">INDUSTRIE &amp; MACHINES<\/h1>\n\n\n\n<div style=\"height:82px\" aria-hidden=\"true\" class=\"wp-block-spacer\"><\/div>\n\n\n\n<div class=\"wp-block-columns is-layout-flex wp-container-core-columns-is-layout-9d6595d7 wp-block-columns-is-layout-flex\">\n<div class=\"wp-block-column is-layout-flow wp-block-column-is-layout-flow\">\n<h1 class=\"wp-block-heading\">Un march\u00e9 diversifi\u00e9<\/h1>\n\n\n\n<p>Le secteur industriel englobe de nombreux domaines d&#8217;activit\u00e9, allant des concasseurs de roche, \u00e0 la fabrication d&#8217;acier, en passant par les convoyeurs dans les entrep\u00f4ts. Nous entretenons une relation de longue date avec des clients travaillant dans ces domaines, ce qui prouve notre volont\u00e9 d&#8217;offrir des solutions et un support sp\u00e9cialis\u00e9s, indispensables dans le secteur industriel. Comme nous investissons beaucoup d&#8217;efforts dans la cr\u00e9ation de produits solides et s\u00fbrs, nous sommes en mesure de r\u00e9pondre aux exigences de s\u00e9curit\u00e9 \u00e9lev\u00e9es du secteur industriel. Ces applications doivent souvent \u00eatre op\u00e9rationnelles \u00e0 100 % pour satisfaire les besoins de leurs clients. Nous le comprenons et avons con\u00e7u nos produits en gardant cela \u00e0 l&#8217;esprit. Ils sont robustes et peuvent r\u00e9sister aux chocs, et si quelque chose doit finalement \u00eatre remplac\u00e9, nous avons con\u00e7u cela de mani\u00e8re \u00e0 ce que ce soit tr\u00e8s facile pour vous.<\/p>\n<\/div>\n\n\n\n<div class=\"wp-block-column is-layout-flow wp-block-column-is-layout-flow\" style=\"flex-basis:100px\"><\/div>\n\n\n\n<div class=\"wp-block-column is-layout-flow wp-block-column-is-layout-flow\">\n<div class=\"wp-block-cover\" style=\"min-height:549px;aspect-ratio:unset;\"><span aria-hidden=\"true\" class=\"wp-block-cover__background has-background-dim-20 has-background-dim\"><\/span><img loading=\"lazy\" decoding=\"async\" width=\"1597\" height=\"2400\" class=\"wp-block-cover__image-background wp-image-98938\" alt=\"\" src=\"https:\/\/www.tele-radio.com\/app\/uploads\/FM_LC_PN_0026.jpg\" data-object-fit=\"cover\" srcset=\"https:\/\/www.tele-radio.com\/app\/uploads\/FM_LC_PN_0026.jpg 1597w, https:\/\/www.tele-radio.com\/app\/uploads\/FM_LC_PN_0026-266x400.jpg 266w, https:\/\/www.tele-radio.com\/app\/uploads\/FM_LC_PN_0026-799x1200.jpg 799w, https:\/\/www.tele-radio.com\/app\/uploads\/FM_LC_PN_0026-768x1154.jpg 768w, https:\/\/www.tele-radio.com\/app\/uploads\/FM_LC_PN_0026-1022x1536.jpg 1022w, https:\/\/www.tele-radio.com\/app\/uploads\/FM_LC_PN_0026-1363x2048.jpg 1363w, https:\/\/www.tele-radio.com\/app\/uploads\/FM_LC_PN_0026-499x750.jpg 499w, https:\/\/www.tele-radio.com\/app\/uploads\/FM_LC_PN_0026-333x500.jpg 333w, https:\/\/www.tele-radio.com\/app\/uploads\/FM_LC_PN_0026-1065x1600.jpg 1065w, https:\/\/www.tele-radio.com\/app\/uploads\/FM_LC_PN_0026-532x800.jpg 532w\" sizes=\"auto, (max-width: 1597px) 100vw, 1597px\" \/><div class=\"wp-block-cover__inner-container is-layout-flow wp-block-cover-is-layout-flow\">\n<p class=\"has-text-align-center has-large-font-size\"><\/p>\n<\/div><\/div>\n<\/div>\n<\/div>\n\n\n\n<div style=\"height:100px\" aria-hidden=\"true\" class=\"wp-block-spacer\"><\/div>\n\n\n\n<h2 class=\"wp-block-heading has-text-align-center\">APPLICATIONS<\/h2>\n\n\n\n<p class=\"has-text-align-center\"><em>Pour donner une id\u00e9e des possibilit\u00e9s, vous trouverez ci-dessous quelques exemples d&#8217;applications et de leurs produits typiques:<\/em><\/p>\n\n\n\n<div class=\"wp-block-columns is-layout-flex wp-container-core-columns-is-layout-9d6595d7 wp-block-columns-is-layout-flex\">\n<div class=\"wp-block-column is-layout-flow wp-block-column-is-layout-flow\">\n<div class=\"wp-block-cover is-light\"><span aria-hidden=\"true\" class=\"wp-block-cover__background has-white-background-color has-background-dim-100 has-background-dim\"><\/span><div class=\"wp-block-cover__inner-container is-layout-flow wp-block-cover-is-layout-flow\"><div class=\"wp-block-image is-style-default\">\n<figure class=\"aligncenter size-full is-resized\"><img loading=\"lazy\" decoding=\"async\" width=\"128\" height=\"128\" src=\"https:\/\/www.tele-radio.com\/app\/uploads\/silo-1.png\" alt=\"\" class=\"wp-image-117864\" style=\"width:71px;height:71px\"\/><\/figure><\/div>\n\n\n<p class=\"has-text-align-center has-black-color has-text-color\"><strong>COUVERTURE D&#8217;ENSILAGE<\/strong><\/p>\n\n\n\n<p class=\"has-text-align-center has-black-color has-text-color\">Les silos tranch\u00e9es sont parfois \u00e9quip\u00e9s de syst\u00e8mes de couverture qui se d\u00e9placent sur toute la longueur du silo, comprenant g\u00e9n\u00e9ralement un rail, un treuil et un syst\u00e8me de portique. Ceux-ci peuvent \u00eatre facilement contr\u00f4l\u00e9s depuis le tracteur avec une t\u00e9l\u00e9commande, au lieu de devoir sortir de votre v\u00e9hicule et utiliser le panneau de commande sur le syst\u00e8me de couverture d&#8217;ensilage.<\/p>\n<\/div><\/div>\n<\/div>\n\n\n\n<div class=\"wp-block-column is-vertically-aligned-top is-layout-flow wp-block-column-is-layout-flow\">\n<div class=\"wp-block-cover is-light\"><span aria-hidden=\"true\" class=\"wp-block-cover__background has-white-background-color has-background-dim-100 has-background-dim\"><\/span><div class=\"wp-block-cover__inner-container is-layout-flow wp-block-cover-is-layout-flow\"><div class=\"wp-block-image is-style-default\">\n<figure class=\"aligncenter size-full is-resized\"><img loading=\"lazy\" decoding=\"async\" width=\"128\" height=\"128\" src=\"https:\/\/www.tele-radio.com\/app\/uploads\/conveyor.png\" alt=\"\" class=\"wp-image-117887\" style=\"width:71px;height:71px\"\/><\/figure><\/div>\n\n\n<p class=\"has-text-align-center has-black-color has-text-color\"><strong>PLATEFORMES \u00c0 BALLES<\/strong><\/p>\n\n\n\n<p class=\"has-text-align-center has-black-color has-text-color\">Des convoyeurs pour transporter des produits ou des mat\u00e9riaux de construction, que ce soit dans un entrep\u00f4t, une mine ou fix\u00e9s \u00e0 un v\u00e9hicule. Ces convoyeurs peuvent \u00eatre contr\u00f4l\u00e9s sans fil pour une meilleure visibilit\u00e9 et \u00e0 une distance de s\u00e9curit\u00e9.<\/p>\n<\/div><\/div>\n<\/div>\n\n\n\n<div class=\"wp-block-column is-vertically-aligned-top is-layout-flow wp-block-column-is-layout-flow\">\n<div style=\"height:65px\" aria-hidden=\"true\" class=\"wp-block-spacer\"><\/div>\n\n\n<div class=\"wp-block-image is-style-default\">\n<figure class=\"aligncenter size-full is-resized\"><img loading=\"lazy\" decoding=\"async\" width=\"128\" height=\"128\" src=\"https:\/\/www.tele-radio.com\/app\/uploads\/rocks-1.png\" alt=\"\" class=\"wp-image-117910\" style=\"width:71px;height:71px\"\/><\/figure><\/div>\n\n\n<p class=\"has-text-align-center\"><strong>CONCASSEURS DE ROCHE<\/strong><\/p>\n\n\n\n<p class=\"has-text-align-center\">Les concasseurs de roche et les cribleuses sont de grandes machines permettant de transformer de gros rochers en un produit plus petit. Id\u00e9alement, ils sont contr\u00f4l\u00e9s \u00e0 distance par un op\u00e9rateur pour les fonctions de base et \u00e9galement pour le d\u00e9placement.<\/p>\n<\/div>\n<\/div>\n\n\n\n<h3 class=\"wp-block-heading has-text-align-center\">Vos pr\u00e9f\u00e9rences en mati\u00e8re de s\u00e9curit\u00e9 et de fonctionnalit\u00e9<\/h3>\n\n\n\n<p>Pour choisir l&#8217;\u00e9metteur le mieux adapt\u00e9 \u00e0 vos besoins, il est pr\u00e9f\u00e9rable de consulter votre \u00e9quipe Tele Radio. Nous proposons diff\u00e9rents \u00e9metteurs avec des caract\u00e9ristiques sp\u00e9cifiques. Les trois \u00e9l\u00e9ments suivants sont d\u00e9terminants pour le choix:<\/p>\n\n\n\n<div class=\"wp-block-media-text alignwide is-stacked-on-mobile is-vertically-aligned-center\" style=\"grid-template-columns:15% auto\"><figure class=\"wp-block-media-text__media\"><img loading=\"lazy\" decoding=\"async\" width=\"404\" height=\"404\" src=\"https:\/\/www.tele-radio.com\/app\/uploads\/Safety_level_2.png\" alt=\"\" class=\"wp-image-68198 size-full\" srcset=\"https:\/\/www.tele-radio.com\/app\/uploads\/Safety_level_2.png 404w, https:\/\/www.tele-radio.com\/app\/uploads\/Safety_level_2-400x400.png 400w, https:\/\/www.tele-radio.com\/app\/uploads\/Safety_level_2-150x150.png 150w, https:\/\/www.tele-radio.com\/app\/uploads\/Safety_level_2-250x250.png 250w\" sizes=\"auto, (max-width: 404px) 100vw, 404px\" \/><\/figure><div class=\"wp-block-media-text__content\">\n<p><strong><strong>Niveau de s\u00e9curit\u00e9<\/strong><\/strong><\/p>\n\n\n\n<p>Nos \u00e9metteurs sont s\u00fbrs, et de nombreux mod\u00e8les disposent d&#8217;une certification de s\u00e9curit\u00e9 ind\u00e9pendante. Cela signifie que le fonctionnement du bouton d&#8217;arr\u00eat a \u00e9t\u00e9 test\u00e9 et v\u00e9rifi\u00e9 par un organisme externe et ind\u00e9pendant. Nous recommandons de choisir un syst\u00e8me avec certification de s\u00e9curit\u00e9 ind\u00e9pendante si vous souhaitez minimiser le risque de blessure lors de l&#8217;utilisation de machines. Aucun risque de s\u00e9curit\u00e9 ? Dans ce cas, vous pouvez choisir un \u00e9metteur sans certification.<\/p>\n<\/div><\/div>\n\n\n\n<div class=\"wp-block-media-text alignwide is-stacked-on-mobile is-vertically-aligned-center\" style=\"grid-template-columns:15% auto\"><figure class=\"wp-block-media-text__media\"><img loading=\"lazy\" decoding=\"async\" width=\"404\" height=\"404\" src=\"https:\/\/www.tele-radio.com\/app\/uploads\/Control_element_2.png\" alt=\"\" class=\"wp-image-68176 size-full\" srcset=\"https:\/\/www.tele-radio.com\/app\/uploads\/Control_element_2.png 404w, https:\/\/www.tele-radio.com\/app\/uploads\/Control_element_2-400x400.png 400w, https:\/\/www.tele-radio.com\/app\/uploads\/Control_element_2-150x150.png 150w, https:\/\/www.tele-radio.com\/app\/uploads\/Control_element_2-250x250.png 250w\" sizes=\"auto, (max-width: 404px) 100vw, 404px\" \/><\/figure><div class=\"wp-block-media-text__content\">\n<p><strong><strong>Boutons-poussoirs ou joysticks<\/strong><\/strong><\/p>\n\n\n\n<p>L&#8217;utilisation de boutons rend l&#8217;\u00e9metteur plus maniable, mais certainement pas moins pr\u00e9cis. Un \u00e9metteur avec boutons proportionnels, par exemple, offre la pr\u00e9cision d&#8217;un \u00e9metteur \u00e0 joystick. En appuyant davantage sur le bouton, le degr\u00e9 d&#8217;activation augmente. Un \u00e9metteur \u00e0 joystick est plus grand, mais offre plus d&#8217;options de personnalisation, comme des boutons sp\u00e9ciaux et des interrupteurs.<\/p>\n<\/div><\/div>\n\n\n\n<div class=\"wp-block-media-text alignwide is-stacked-on-mobile\" style=\"grid-template-columns:15% auto\"><figure class=\"wp-block-media-text__media\"><img loading=\"lazy\" decoding=\"async\" width=\"404\" height=\"404\" src=\"https:\/\/www.tele-radio.com\/app\/uploads\/Feedback_2.png\" alt=\"\" class=\"wp-image-68223 size-full\" srcset=\"https:\/\/www.tele-radio.com\/app\/uploads\/Feedback_2.png 404w, https:\/\/www.tele-radio.com\/app\/uploads\/Feedback_2-400x400.png 400w, https:\/\/www.tele-radio.com\/app\/uploads\/Feedback_2-150x150.png 150w, https:\/\/www.tele-radio.com\/app\/uploads\/Feedback_2-250x250.png 250w\" sizes=\"auto, (max-width: 404px) 100vw, 404px\" \/><\/figure><div class=\"wp-block-media-text__content\">\n<p><strong><strong>Retour d&#8217;information<\/strong><\/strong><\/p>\n\n\n\n<p>Certains \u00e9metteurs peuvent recevoir des informations d&#8217;un r\u00e9cepteur contr\u00f4l\u00e9. Selon le syst\u00e8me, les informations peuvent \u00eatre affich\u00e9es via des LED sur l&#8217;\u00e9metteur ou via un \u00e9cran. Par exemple, lors du contr\u00f4le d&#8217;une grue, vous pouvez utiliser l&#8217;\u00e9cran pour visualiser des informations telles que le poids \u00e0 soulever ou des alarmes. Cette fonctionnalit\u00e9 est moins importante pour des applications moins complexes, comme les treuils de camion.<br>\u200b<\/p>\n\n\n\n<p><\/p>\n<\/div><\/div>\n\n\n\n<div style=\"height:50px\" aria-hidden=\"true\" class=\"wp-block-spacer\"><\/div>\n\n\n\n<figure class=\"wp-block-gallery has-nested-images columns-default is-cropped wp-block-gallery-1 is-layout-flex wp-block-gallery-is-layout-flex\">\n<figure class=\"wp-block-image size-large is-resized is-style-default\"><img decoding=\"async\" src=\"https:\/\/www.tele-radio.com\/app\/uploads\/\/Assortiment_2019_zonder_spiegeling_en_schaduw-1200x614.jpg\" alt=\"\" style=\"width:771px;height:394px\"\/><\/figure>\n<\/figure>\n\n\n\n<div class=\"wp-block-buttons is-horizontal is-content-justification-center is-layout-flex wp-container-core-buttons-is-layout-499968f5 wp-block-buttons-is-layout-flex\">\n<div class=\"wp-block-button\"><a class=\"wp-block-button__link has-black-color has-text-color has-background wp-element-button\" href=\"https:\/\/www.tele-radio.com\/fr-ma\/contactez-nous\/\" style=\"border-radius:7px;background-color:#fabb00\"><strong>Parlez \u00e0 un expert<\/strong><\/a><\/div>\n<\/div>\n","protected":false},"excerpt":{"rendered":"<p>INDUSTRIE &amp; MACHINES Un march\u00e9 diversifi\u00e9 Le secteur industriel englobe de nombreux domaines d&#8217;activit\u00e9, allant des concasseurs de roche, \u00e0 la fabrication d&#8217;acier, en passant par les convoyeurs dans les entrep\u00f4ts. Nous entretenons une relation de longue date avec des clients travaillant dans ces domaines, ce qui prouve notre volont\u00e9 d&#8217;offrir des solutions et un [&hellip;]<\/p>\n","protected":false},"author":29,"featured_media":0,"parent":0,"menu_order":0,"comment_status":"closed","ping_status":"closed","template":"","meta":{"_acf_changed":false,"footnotes":""},"class_list":["post-212755","page","type-page","status-publish","hentry"],"acf":[],"_links":{"self":[{"href":"https:\/\/www.tele-radio.com\/fr-ma\/wp-json\/wp\/v2\/pages\/212755","targetHints":{"allow":["GET"]}}],"collection":[{"href":"https:\/\/www.tele-radio.com\/fr-ma\/wp-json\/wp\/v2\/pages"}],"about":[{"href":"https:\/\/www.tele-radio.com\/fr-ma\/wp-json\/wp\/v2\/types\/page"}],"author":[{"embeddable":true,"href":"https:\/\/www.tele-radio.com\/fr-ma\/wp-json\/wp\/v2\/users\/29"}],"replies":[{"embeddable":true,"href":"https:\/\/www.tele-radio.com\/fr-ma\/wp-json\/wp\/v2\/comments?post=212755"}],"version-history":[{"count":2,"href":"https:\/\/www.tele-radio.com\/fr-ma\/wp-json\/wp\/v2\/pages\/212755\/revisions"}],"predecessor-version":[{"id":231975,"href":"https:\/\/www.tele-radio.com\/fr-ma\/wp-json\/wp\/v2\/pages\/212755\/revisions\/231975"}],"wp:attachment":[{"href":"https:\/\/www.tele-radio.com\/fr-ma\/wp-json\/wp\/v2\/media?parent=212755"}],"curies":[{"name":"wp","href":"https:\/\/api.w.org\/{rel}","templated":true}]}}