{"id":212753,"date":"2022-10-04T07:46:47","date_gmt":"2022-10-04T07:46:47","guid":{"rendered":"https:\/\/www.tele-radio.com\/?page_id=212753"},"modified":"2024-11-07T14:07:00","modified_gmt":"2024-11-07T14:07:00","slug":"lifting-cranes","status":"publish","type":"page","link":"https:\/\/www.tele-radio.com\/fr-ma\/lifting-cranes\/","title":{"rendered":"LEVAGE &amp; GRUES"},"content":{"rendered":"\n<div style=\"height:31px\" aria-hidden=\"true\" class=\"wp-block-spacer\"><\/div>\n\n\n\n<h1 class=\"wp-block-heading has-text-align-center\">LEVAGE &amp; GRUES<\/h1>\n\n\n\n<div style=\"height:26px\" aria-hidden=\"true\" class=\"wp-block-spacer\"><\/div>\n\n\n\n<div class=\"wp-block-columns is-layout-flex wp-container-core-columns-is-layout-9d6595d7 wp-block-columns-is-layout-flex\">\n<div class=\"wp-block-column is-layout-flow wp-block-column-is-layout-flow\">\n<h1 class=\"wp-block-heading\">T\u00e9l\u00e9commande pour les applications de grues et de levage<\/h1>\n\n\n\n<p>Une direction pr\u00e9cise et s\u00fbre est essentielle pour la technologie des grues et du levage. Avec notre large gamme d\u2019\u00e9metteurs, nous vous offrons la meilleure op\u00e9ration possible, \u00e0 une distance de s\u00e9curit\u00e9, sans limitations de c\u00e2bles et avec la plus grande pr\u00e9cision.<\/p>\n\n\n\n<p>Pour la s\u00e9curit\u00e9 de vos employ\u00e9s, votre personnel doit pouvoir compter sur le fait que son \u00e9quipement fonctionne comme pr\u00e9vu dans toutes les conditions. C&#8217;est pourquoi Tele Radio est votre partenaire id\u00e9al pour les t\u00e9l\u00e9commandes. Que vous utilisiez votre \u00e9quipement de levage et de manutention avec le plus petit \u00e9metteur qui tient dans votre poche ou la version plus grande et robuste, port\u00e9e \u00e0 la ceinture, pour une utilisation intensive.<\/p>\n\n\n\n<p>Avec nos \u00e9metteurs, vous pouvez utiliser votre \u00e9quipement \u00e0 distance, avec une grande pr\u00e9cision et sans les inconv\u00e9nients des c\u00e2bles ou l&#8217;obstruction de la vue. Nos composants sont robustes, durables, r\u00e9sistants \u00e0 la poussi\u00e8re et \u00e9tanches. Nous offrons un signal stable entre l&#8217;\u00e9metteur et votre machine, quelles que soient les circonstances. Nous proposons des \u00e9metteurs avec divers niveaux de s\u00e9curit\u00e9, tous v\u00e9rifi\u00e9s ind\u00e9pendamment. Nos produits offrent une grande flexibilit\u00e9 pour une installation facile. Vous pouvez m\u00eame remplacer les \u00e9metteurs perdus ou endommag\u00e9s sans avoir besoin d&#8217;acc\u00e9der au r\u00e9cepteur. Gr\u00e2ce \u00e0 Tele Radio, la s\u00e9curit\u00e9 de vos employ\u00e9s est toujours garantie.<\/p>\n<\/div>\n\n\n\n<div class=\"wp-block-column is-layout-flow wp-block-column-is-layout-flow\" style=\"flex-basis:100px\"><\/div>\n\n\n\n<div class=\"wp-block-column is-layout-flow wp-block-column-is-layout-flow\">\n<div style=\"height:31px\" aria-hidden=\"true\" class=\"wp-block-spacer\"><\/div>\n\n\n\n<div class=\"wp-block-cover is-light\" style=\"min-height:788px;aspect-ratio:unset;\"><span aria-hidden=\"true\" class=\"wp-block-cover__background has-black-background-color has-background-dim-20 has-background-dim\"><\/span><img loading=\"lazy\" decoding=\"async\" width=\"1597\" height=\"2400\" class=\"wp-block-cover__image-background wp-image-116014\" alt=\"\" src=\"https:\/\/www.tele-radio.com\/app\/uploads\/FM_LC_PN_0027.jpg\" style=\"object-position:62% 56%\" data-object-fit=\"cover\" data-object-position=\"62% 56%\" srcset=\"https:\/\/www.tele-radio.com\/app\/uploads\/FM_LC_PN_0027.jpg 1597w, https:\/\/www.tele-radio.com\/app\/uploads\/FM_LC_PN_0027-266x400.jpg 266w, https:\/\/www.tele-radio.com\/app\/uploads\/FM_LC_PN_0027-799x1200.jpg 799w, https:\/\/www.tele-radio.com\/app\/uploads\/FM_LC_PN_0027-768x1154.jpg 768w, https:\/\/www.tele-radio.com\/app\/uploads\/FM_LC_PN_0027-1022x1536.jpg 1022w, https:\/\/www.tele-radio.com\/app\/uploads\/FM_LC_PN_0027-1363x2048.jpg 1363w, https:\/\/www.tele-radio.com\/app\/uploads\/FM_LC_PN_0027-499x750.jpg 499w, https:\/\/www.tele-radio.com\/app\/uploads\/FM_LC_PN_0027-333x500.jpg 333w, https:\/\/www.tele-radio.com\/app\/uploads\/FM_LC_PN_0027-1065x1600.jpg 1065w, https:\/\/www.tele-radio.com\/app\/uploads\/FM_LC_PN_0027-532x800.jpg 532w\" sizes=\"auto, (max-width: 1597px) 100vw, 1597px\" \/><div class=\"wp-block-cover__inner-container is-layout-flow wp-block-cover-is-layout-flow\">\n<p class=\"has-text-align-center has-large-font-size\"><\/p>\n<\/div><\/div>\n<\/div>\n<\/div>\n\n\n\n<div style=\"height:100px\" aria-hidden=\"true\" class=\"wp-block-spacer\"><\/div>\n\n\n\n\n\n<div style=\"height:100px\" aria-hidden=\"true\" class=\"wp-block-spacer\"><\/div>\n\n\n\n<h2 class=\"wp-block-heading has-text-align-center\">APPLICATIONS<\/h2>\n\n\n\n<p class=\"has-text-align-center\"><em>Pour donner une id\u00e9e des possibilit\u00e9s, vous trouverez ci-dessous quelques exemples d&#8217;applications et de leurs produits typiques:<\/em><\/p>\n\n\n\n<div class=\"wp-block-columns is-layout-flex wp-container-core-columns-is-layout-9d6595d7 wp-block-columns-is-layout-flex\">\n<div class=\"wp-block-column is-layout-flow wp-block-column-is-layout-flow\">\n<div class=\"wp-block-cover is-light\"><span aria-hidden=\"true\" class=\"wp-block-cover__background has-white-background-color has-background-dim-100 has-background-dim\"><\/span><div class=\"wp-block-cover__inner-container is-layout-flow wp-block-cover-is-layout-flow\"><div class=\"wp-block-image is-style-default\">\n<figure class=\"aligncenter size-full\"><img loading=\"lazy\" decoding=\"async\" width=\"64\" height=\"64\" src=\"https:\/\/www.tele-radio.com\/app\/uploads\/tower-crane-1.png\" alt=\"\" class=\"wp-image-118332\"\/><\/figure><\/div>\n\n\n<p class=\"has-text-align-center has-black-color has-text-color\"><strong>GRUES \u00c0 TOUR<\/strong><\/p>\n\n\n\n<p class=\"has-text-align-center has-black-color has-text-color\">Les grues \u00e0 tour sans cabine d&#8217;op\u00e9rateur utilisent exclusivement des t\u00e9l\u00e9commandes, et Tele Radio peut fournir plusieurs solutions de contr\u00f4le. Un avantage d&#8217;utiliser les t\u00e9l\u00e9commandes de Tele Radio est que nous fournissons des syst\u00e8mes certifi\u00e9s PLd et PLe, ce qui est une exigence dans de nombreux pays lors du levage de charges qui passent au-dessus des personnes.<\/p>\n<\/div><\/div>\n<\/div>\n\n\n\n<div class=\"wp-block-column is-vertically-aligned-top is-layout-flow wp-block-column-is-layout-flow\">\n<div class=\"wp-block-cover is-light\"><span aria-hidden=\"true\" class=\"wp-block-cover__background has-white-background-color has-background-dim-100 has-background-dim\"><\/span><div class=\"wp-block-cover__inner-container is-layout-flow wp-block-cover-is-layout-flow\"><div class=\"wp-block-image is-style-default\">\n<figure class=\"aligncenter size-full\"><img loading=\"lazy\" decoding=\"async\" width=\"64\" height=\"64\" src=\"https:\/\/www.tele-radio.com\/app\/uploads\/winch-1.png\" alt=\"\" class=\"wp-image-118355\"\/><\/figure><\/div>\n\n\n<p class=\"has-text-align-center has-black-color has-text-color\"><strong>PALAN \u00c9LECTRIQUE<\/strong><\/p>\n\n\n\n<p class=\"has-text-align-center has-black-color has-text-color\">Le palan typique est un appareil de levage \u00e0 cha\u00eene pour des charges plus l\u00e9g\u00e8res, allant jusqu&#8217;\u00e0 environ 5000 kg, g\u00e9n\u00e9ralement utilis\u00e9 pour le levage dans des postes de travail stationnaires. En utilisant une t\u00e9l\u00e9commande, l&#8217;utilisateur peut \u00e9viter de travailler trop pr\u00e8s de la charge et adopter une position plus ergonomique.<\/p>\n<\/div><\/div>\n<\/div>\n\n\n\n<div class=\"wp-block-column is-vertically-aligned-top is-layout-flow wp-block-column-is-layout-flow\">\n<div style=\"height:65px\" aria-hidden=\"true\" class=\"wp-block-spacer\"><\/div>\n\n\n<div class=\"wp-block-image is-style-default\">\n<figure class=\"aligncenter size-full\"><img loading=\"lazy\" decoding=\"async\" width=\"64\" height=\"64\" src=\"https:\/\/www.tele-radio.com\/app\/uploads\/overhead-1.png\" alt=\"\" class=\"wp-image-118378\"\/><\/figure><\/div>\n\n\n<p class=\"has-text-align-center\"><strong>PONTS ROULANTS<\/strong><\/p>\n\n\n\n<p class=\"has-text-align-center\">Les ponts roulants \u00e9lectriques sont de grandes poutres de chargement circulant sur des rails dans le toit d&#8217;un entrep\u00f4t. Ces grues soul\u00e8vent des charges de quelques tonnes jusqu&#8217;\u00e0 100 tonnes m\u00e9triques ou plus.<\/p>\n<\/div>\n<\/div>\n\n\n\n<div style=\"height:50px\" aria-hidden=\"true\" class=\"wp-block-spacer\"><\/div>\n\n\n\n<h3 class=\"wp-block-heading has-text-align-center\">Vos pr\u00e9f\u00e9rences en mati\u00e8re de s\u00e9curit\u00e9 et de fonctionnalit\u00e9<\/h3>\n\n\n\n<p>Pour choisir l&#8217;\u00e9metteur le mieux adapt\u00e9 \u00e0 vos besoins, il est pr\u00e9f\u00e9rable de consulter votre \u00e9quipe Tele Radio. Nous proposons diff\u00e9rents \u00e9metteurs avec des caract\u00e9ristiques sp\u00e9cifiques. Les trois \u00e9l\u00e9ments suivants sont d\u00e9terminants pour le choix:<\/p>\n\n\n\n<div class=\"wp-block-media-text alignwide is-stacked-on-mobile is-vertically-aligned-center\" style=\"grid-template-columns:15% auto\"><figure class=\"wp-block-media-text__media\"><img loading=\"lazy\" decoding=\"async\" width=\"404\" height=\"404\" src=\"https:\/\/www.tele-radio.com\/app\/uploads\/Safety_level_2.png\" alt=\"\" class=\"wp-image-68198 size-full\" srcset=\"https:\/\/www.tele-radio.com\/app\/uploads\/Safety_level_2.png 404w, https:\/\/www.tele-radio.com\/app\/uploads\/Safety_level_2-400x400.png 400w, https:\/\/www.tele-radio.com\/app\/uploads\/Safety_level_2-150x150.png 150w, https:\/\/www.tele-radio.com\/app\/uploads\/Safety_level_2-250x250.png 250w\" sizes=\"auto, (max-width: 404px) 100vw, 404px\" \/><\/figure><div class=\"wp-block-media-text__content\">\n<p><strong><strong>Niveau de s\u00e9curit\u00e9<\/strong><\/strong><\/p>\n\n\n\n<p>Nos \u00e9metteurs sont s\u00fbrs, et de nombreux mod\u00e8les disposent d&#8217;une certification de s\u00e9curit\u00e9 ind\u00e9pendante. Cela signifie que le fonctionnement du bouton d&#8217;arr\u00eat a \u00e9t\u00e9 test\u00e9 et v\u00e9rifi\u00e9 par un organisme externe et ind\u00e9pendant. Nous recommandons de choisir un syst\u00e8me avec certification de s\u00e9curit\u00e9 ind\u00e9pendante si vous souhaitez minimiser le risque de blessure lors de l&#8217;utilisation de machines. Aucun risque de s\u00e9curit\u00e9 ? Dans ce cas, vous pouvez choisir un \u00e9metteur sans certification.<\/p>\n<\/div><\/div>\n\n\n\n<div class=\"wp-block-media-text alignwide is-stacked-on-mobile is-vertically-aligned-center\" style=\"grid-template-columns:15% auto\"><figure class=\"wp-block-media-text__media\"><img loading=\"lazy\" decoding=\"async\" width=\"404\" height=\"404\" src=\"https:\/\/www.tele-radio.com\/app\/uploads\/Control_element_2.png\" alt=\"\" class=\"wp-image-68176 size-full\" srcset=\"https:\/\/www.tele-radio.com\/app\/uploads\/Control_element_2.png 404w, https:\/\/www.tele-radio.com\/app\/uploads\/Control_element_2-400x400.png 400w, https:\/\/www.tele-radio.com\/app\/uploads\/Control_element_2-150x150.png 150w, https:\/\/www.tele-radio.com\/app\/uploads\/Control_element_2-250x250.png 250w\" sizes=\"auto, (max-width: 404px) 100vw, 404px\" \/><\/figure><div class=\"wp-block-media-text__content\">\n<p><strong><strong>Boutons-poussoirs ou joysticks<\/strong><\/strong><\/p>\n\n\n\n<p>L&#8217;utilisation de boutons rend l&#8217;\u00e9metteur plus maniable, mais certainement pas moins pr\u00e9cis. Un \u00e9metteur avec boutons proportionnels, par exemple, offre la pr\u00e9cision d&#8217;un \u00e9metteur \u00e0 joystick. En appuyant davantage sur le bouton, le degr\u00e9 d&#8217;activation augmente. Un \u00e9metteur \u00e0 joystick est plus grand, mais offre plus d&#8217;options de personnalisation, comme des boutons sp\u00e9ciaux et des interrupteurs.<\/p>\n<\/div><\/div>\n\n\n\n<div class=\"wp-block-media-text alignwide is-stacked-on-mobile\" style=\"grid-template-columns:15% auto\"><figure class=\"wp-block-media-text__media\"><img loading=\"lazy\" decoding=\"async\" width=\"404\" height=\"404\" src=\"https:\/\/www.tele-radio.com\/app\/uploads\/Feedback_2.png\" alt=\"\" class=\"wp-image-68223 size-full\" srcset=\"https:\/\/www.tele-radio.com\/app\/uploads\/Feedback_2.png 404w, https:\/\/www.tele-radio.com\/app\/uploads\/Feedback_2-400x400.png 400w, https:\/\/www.tele-radio.com\/app\/uploads\/Feedback_2-150x150.png 150w, https:\/\/www.tele-radio.com\/app\/uploads\/Feedback_2-250x250.png 250w\" sizes=\"auto, (max-width: 404px) 100vw, 404px\" \/><\/figure><div class=\"wp-block-media-text__content\">\n<p><strong><strong>Retour d&#8217;information<\/strong><\/strong><\/p>\n\n\n\n<p>Certains \u00e9metteurs peuvent recevoir des informations d&#8217;un r\u00e9cepteur contr\u00f4l\u00e9. Selon le syst\u00e8me, les informations peuvent \u00eatre affich\u00e9es via des LED sur l&#8217;\u00e9metteur ou via un \u00e9cran. Par exemple, lors du contr\u00f4le d&#8217;une grue, vous pouvez utiliser l&#8217;\u00e9cran pour visualiser des informations telles que le poids \u00e0 soulever ou des alarmes. Cette fonctionnalit\u00e9 est moins importante pour des applications moins complexes, comme les treuils de camion.<br>\u200b<\/p>\n\n\n\n<p><\/p>\n<\/div><\/div>\n\n\n\n<div style=\"height:50px\" aria-hidden=\"true\" class=\"wp-block-spacer\"><\/div>\n\n\n<div class=\"wp-block-image is-resized is-style-default\">\n<figure class=\"aligncenter size-large\"><img decoding=\"async\" src=\"https:\/\/www.tele-radio.com\/app\/uploads\/\/Assortiment_2019_zonder_spiegeling_en_schaduw-1200x614.jpg\" alt=\"\"\/><\/figure><\/div>\n\n\n<div class=\"wp-block-buttons is-horizontal is-content-justification-center is-layout-flex wp-container-core-buttons-is-layout-499968f5 wp-block-buttons-is-layout-flex\">\n<div class=\"wp-block-button\"><a class=\"wp-block-button__link has-black-color has-text-color has-background wp-element-button\" href=\"https:\/\/www.tele-radio.com\/us\/contact-tele-radio\/\" style=\"border-radius:7px;background-color:#fabb00\"><strong>Parlez \u00e0 un expert<\/strong><\/a><\/div>\n<\/div>\n","protected":false},"excerpt":{"rendered":"<p>LEVAGE &amp; GRUES T\u00e9l\u00e9commande pour les applications de grues et de levage Une direction pr\u00e9cise et s\u00fbre est essentielle pour la technologie des grues et du levage. Avec notre large gamme d\u2019\u00e9metteurs, nous vous offrons la meilleure op\u00e9ration possible, \u00e0 une distance de s\u00e9curit\u00e9, sans limitations de c\u00e2bles et avec la plus grande pr\u00e9cision. Pour [&hellip;]<\/p>\n","protected":false},"author":29,"featured_media":0,"parent":0,"menu_order":0,"comment_status":"closed","ping_status":"closed","template":"","meta":{"_acf_changed":false,"footnotes":""},"class_list":["post-212753","page","type-page","status-publish","hentry"],"acf":[],"_links":{"self":[{"href":"https:\/\/www.tele-radio.com\/fr-ma\/wp-json\/wp\/v2\/pages\/212753","targetHints":{"allow":["GET"]}}],"collection":[{"href":"https:\/\/www.tele-radio.com\/fr-ma\/wp-json\/wp\/v2\/pages"}],"about":[{"href":"https:\/\/www.tele-radio.com\/fr-ma\/wp-json\/wp\/v2\/types\/page"}],"author":[{"embeddable":true,"href":"https:\/\/www.tele-radio.com\/fr-ma\/wp-json\/wp\/v2\/users\/29"}],"replies":[{"embeddable":true,"href":"https:\/\/www.tele-radio.com\/fr-ma\/wp-json\/wp\/v2\/comments?post=212753"}],"version-history":[{"count":2,"href":"https:\/\/www.tele-radio.com\/fr-ma\/wp-json\/wp\/v2\/pages\/212753\/revisions"}],"predecessor-version":[{"id":231974,"href":"https:\/\/www.tele-radio.com\/fr-ma\/wp-json\/wp\/v2\/pages\/212753\/revisions\/231974"}],"wp:attachment":[{"href":"https:\/\/www.tele-radio.com\/fr-ma\/wp-json\/wp\/v2\/media?parent=212753"}],"curies":[{"name":"wp","href":"https:\/\/api.w.org\/{rel}","templated":true}]}}