{"id":212751,"date":"2022-11-23T08:20:05","date_gmt":"2022-11-23T08:20:05","guid":{"rendered":"https:\/\/www.tele-radio.com\/?page_id=212751"},"modified":"2024-11-07T14:02:36","modified_gmt":"2024-11-07T14:02:36","slug":"marine-offshore","status":"publish","type":"page","link":"https:\/\/www.tele-radio.com\/fr-ma\/marine-offshore\/","title":{"rendered":"MARINE &#038; OFFSHORE"},"content":{"rendered":"\n<div style=\"height:31px\" aria-hidden=\"true\" class=\"wp-block-spacer\"><\/div>\n\n\n\n<h1 class=\"wp-block-heading has-text-align-center\">MARINE &amp; OFFSHORE<\/h1>\n\n\n\n<div style=\"height:26px\" aria-hidden=\"true\" class=\"wp-block-spacer\"><\/div>\n\n\n\n<div class=\"wp-block-columns is-layout-flex wp-container-core-columns-is-layout-9d6595d7 wp-block-columns-is-layout-flex\">\n<div class=\"wp-block-column is-layout-flow wp-block-column-is-layout-flow\">\n<h1 class=\"wp-block-heading\">Nous aidons le secteur maritime<\/h1>\n\n\n\n<p>Tele Radio fournit des solutions pour tous les domaines du secteur maritime. Que vous poss\u00e9diez une petite embarcation priv\u00e9e ou un grand navire, nous avons quelque chose pour vous. En ce qui concerne les bateaux ou les navires, que ce soit sur les rivi\u00e8res et les deltas ou en haute mer, il existe de nombreuses applications diff\u00e9rentes, et il est difficile de toutes les couvrir, mais quelques exemples pour lesquels nous fournissons des solutions sont : les grues \u00e0 portique, les passerelles, les lumi\u00e8res, les ancres, les treuils, les h\u00e9lices de trim, et bien d&#8217;autres encore. Comme dans de nombreux autres domaines, une solution de t\u00e9l\u00e9commande vous permet d&#8217;\u00eatre l\u00e0 o\u00f9 vous devez \u00eatre et non pas ancr\u00e9 \u00e0 l&#8217;endroit o\u00f9 se trouve le panneau de commande. Devoir rester dans la cabine de l&#8217;op\u00e9rateur peut parfois signifier que vous n&#8217;avez pas la meilleure vue sur l&#8217;action, ce qui peut entra\u00eener des accidents ou freiner la productivit\u00e9.<\/p>\n<\/div>\n\n\n\n<div class=\"wp-block-column is-layout-flow wp-block-column-is-layout-flow\" style=\"flex-basis:100px\"><\/div>\n\n\n\n<div class=\"wp-block-column is-layout-flow wp-block-column-is-layout-flow\">\n<div style=\"height:31px\" aria-hidden=\"true\" class=\"wp-block-spacer\"><\/div>\n\n\n\n<div class=\"wp-block-cover is-light\" style=\"min-height:368px;aspect-ratio:unset;\"><span aria-hidden=\"true\" class=\"wp-block-cover__background has-black-background-color has-background-dim-20 has-background-dim\"><\/span><img loading=\"lazy\" decoding=\"async\" width=\"2048\" height=\"1365\" class=\"wp-block-cover__image-background wp-image-116065\" alt=\"\" src=\"https:\/\/www.tele-radio.com\/app\/uploads\/FL_LC_PU_0002.jpg\" style=\"object-position:45% 59%\" data-object-fit=\"cover\" data-object-position=\"45% 59%\" srcset=\"https:\/\/www.tele-radio.com\/app\/uploads\/FL_LC_PU_0002.jpg 2048w, https:\/\/www.tele-radio.com\/app\/uploads\/FL_LC_PU_0002-400x267.jpg 400w, https:\/\/www.tele-radio.com\/app\/uploads\/FL_LC_PU_0002-1200x800.jpg 1200w, https:\/\/www.tele-radio.com\/app\/uploads\/FL_LC_PU_0002-768x512.jpg 768w, https:\/\/www.tele-radio.com\/app\/uploads\/FL_LC_PU_0002-1536x1024.jpg 1536w, https:\/\/www.tele-radio.com\/app\/uploads\/FL_LC_PU_0002-750x500.jpg 750w, https:\/\/www.tele-radio.com\/app\/uploads\/FL_LC_PU_0002-500x333.jpg 500w, https:\/\/www.tele-radio.com\/app\/uploads\/FL_LC_PU_0002-1600x1066.jpg 1600w, https:\/\/www.tele-radio.com\/app\/uploads\/FL_LC_PU_0002-800x533.jpg 800w\" sizes=\"auto, (max-width: 2048px) 100vw, 2048px\" \/><div class=\"wp-block-cover__inner-container is-layout-flow wp-block-cover-is-layout-flow\">\n<p class=\"has-text-align-center has-large-font-size\"><\/p>\n<\/div><\/div>\n<\/div>\n<\/div>\n\n\n\n<div style=\"height:54px\" aria-hidden=\"true\" class=\"wp-block-spacer\"><\/div>\n\n\n\n\n\n<div style=\"height:100px\" aria-hidden=\"true\" class=\"wp-block-spacer\"><\/div>\n\n\n\n<h2 class=\"wp-block-heading has-text-align-center\">APPLICATIONS<\/h2>\n\n\n\n<p class=\"has-text-align-center\"><em>Pour donner une id\u00e9e des possibilit\u00e9s, vous trouverez ci-dessous quelques exemples d&#8217;applications et de leurs produits typiques:<\/em><\/p>\n\n\n\n<div class=\"wp-block-columns is-layout-flex wp-container-core-columns-is-layout-9d6595d7 wp-block-columns-is-layout-flex\">\n<div class=\"wp-block-column is-layout-flow wp-block-column-is-layout-flow\">\n<div class=\"wp-block-cover is-light\"><span aria-hidden=\"true\" class=\"wp-block-cover__background has-white-background-color has-background-dim-100 has-background-dim\"><\/span><div class=\"wp-block-cover__inner-container is-layout-flow wp-block-cover-is-layout-flow\"><div class=\"wp-block-image is-style-default\">\n<figure class=\"aligncenter size-full\"><img loading=\"lazy\" decoding=\"async\" width=\"64\" height=\"64\" src=\"https:\/\/www.tele-radio.com\/app\/uploads\/ladder.png\" alt=\"\" class=\"wp-image-119185\"\/><\/figure><\/div>\n\n\n<p class=\"has-text-align-center has-black-color has-text-color\"><strong>PASSERELLES<\/strong><\/p>\n\n\n\n<p class=\"has-text-align-center has-black-color has-text-color\">Les passerelles \u00e0 commande \u00e9lectrique pour bateaux et embarcations sont une application courante qui b\u00e9n\u00e9ficie grandement de la t\u00e9l\u00e9commande. Relevez ou abaissez la passerelle depuis le quai, exactement quand vous en avez besoin.<\/p>\n<\/div><\/div>\n<\/div>\n\n\n\n<div class=\"wp-block-column is-vertically-aligned-top is-layout-flow wp-block-column-is-layout-flow\">\n<div class=\"wp-block-cover is-light\"><span aria-hidden=\"true\" class=\"wp-block-cover__background has-white-background-color has-background-dim-100 has-background-dim\"><\/span><div class=\"wp-block-cover__inner-container is-layout-flow wp-block-cover-is-layout-flow\"><div class=\"wp-block-image is-style-default\">\n<figure class=\"aligncenter size-full\"><img loading=\"lazy\" decoding=\"async\" width=\"64\" height=\"64\" src=\"https:\/\/www.tele-radio.com\/app\/uploads\/lamp.png\" alt=\"\" class=\"wp-image-119209\"\/><\/figure><\/div>\n\n\n<p class=\"has-text-align-center has-black-color has-text-color\"><strong>\u00c9CLAIRAGES<\/strong><\/p>\n\n\n\n<p class=\"has-text-align-center has-black-color has-text-color\">Pour un navire, la possibilit\u00e9 d\u2019allumer et d\u2019\u00e9teindre les lumi\u00e8res en vous d\u00e9pla\u00e7ant \u00e0 bord est facilement r\u00e9alisable avec une t\u00e9l\u00e9commande. Si vous avez un navire plus grand, le personnel peut disposer de ses propres t\u00e9l\u00e9commandes, ce qui leur facilite la t\u00e2che pour r\u00e9pondre aux besoins des invit\u00e9s.<\/p>\n<\/div><\/div>\n<\/div>\n\n\n\n<div class=\"wp-block-column is-vertically-aligned-top is-layout-flow wp-block-column-is-layout-flow\">\n<div style=\"height:65px\" aria-hidden=\"true\" class=\"wp-block-spacer\"><\/div>\n\n\n<div class=\"wp-block-image is-style-default\">\n<figure class=\"aligncenter size-full\"><img loading=\"lazy\" decoding=\"async\" width=\"64\" height=\"64\" src=\"https:\/\/www.tele-radio.com\/app\/uploads\/cruise.png\" alt=\"\" class=\"wp-image-119233\"\/><\/figure><\/div>\n\n\n<p class=\"has-text-align-center\"><strong>DRAGUES DE NAVIRE<\/strong><\/p>\n\n\n\n<p class=\"has-text-align-center\">Les dragues pour mat\u00e9riaux dangereux et les dragues de nettoyage \u00e9quip\u00e9es de composants hydrauliques n\u00e9cessitent des syst\u00e8mes de t\u00e9l\u00e9commande sp\u00e9ciaux capables de g\u00e9rer les commandes de vannes. Un domaine bien couvert par Tele Radio. Parmi les points de contr\u00f4le possibles, on trouve les \u00e9quipements d&#8217;excavation, les pontons de stabilisation, les t\u00eates de coupe \u00e0 vis ou d&#8217;autres types de grues.<\/p>\n<\/div>\n<\/div>\n\n\n\n<div style=\"height:50px\" aria-hidden=\"true\" class=\"wp-block-spacer\"><\/div>\n\n\n\n<h3 class=\"wp-block-heading has-text-align-center\">Vos pr\u00e9f\u00e9rences en mati\u00e8re de s\u00e9curit\u00e9 et de fonctionnalit\u00e9<\/h3>\n\n\n\n<p>Pour choisir l&#8217;\u00e9metteur le mieux adapt\u00e9 \u00e0 vos besoins, il est pr\u00e9f\u00e9rable de consulter votre \u00e9quipe Tele Radio. Nous proposons diff\u00e9rents \u00e9metteurs avec des caract\u00e9ristiques sp\u00e9cifiques. Les trois \u00e9l\u00e9ments suivants sont d\u00e9terminants pour le choix:<\/p>\n\n\n\n<div class=\"wp-block-media-text alignwide is-stacked-on-mobile is-vertically-aligned-center\" style=\"grid-template-columns:15% auto\"><figure class=\"wp-block-media-text__media\"><img loading=\"lazy\" decoding=\"async\" width=\"404\" height=\"404\" src=\"https:\/\/www.tele-radio.com\/app\/uploads\/Safety_level_2.png\" alt=\"\" class=\"wp-image-68198 size-full\" srcset=\"https:\/\/www.tele-radio.com\/app\/uploads\/Safety_level_2.png 404w, https:\/\/www.tele-radio.com\/app\/uploads\/Safety_level_2-400x400.png 400w, https:\/\/www.tele-radio.com\/app\/uploads\/Safety_level_2-150x150.png 150w, https:\/\/www.tele-radio.com\/app\/uploads\/Safety_level_2-250x250.png 250w\" sizes=\"auto, (max-width: 404px) 100vw, 404px\" \/><\/figure><div class=\"wp-block-media-text__content\">\n<p><strong><strong>Niveau de s\u00e9curit\u00e9<\/strong><\/strong><\/p>\n\n\n\n<p>Nos \u00e9metteurs sont s\u00fbrs, et de nombreux mod\u00e8les disposent d&#8217;une certification de s\u00e9curit\u00e9 ind\u00e9pendante. Cela signifie que le fonctionnement du bouton d&#8217;arr\u00eat a \u00e9t\u00e9 test\u00e9 et v\u00e9rifi\u00e9 par un organisme externe et ind\u00e9pendant. Nous recommandons de choisir un syst\u00e8me avec certification de s\u00e9curit\u00e9 ind\u00e9pendante si vous souhaitez minimiser le risque de blessure lors de l&#8217;utilisation de machines. Aucun risque de s\u00e9curit\u00e9 ? Dans ce cas, vous pouvez choisir un \u00e9metteur sans certification.<\/p>\n<\/div><\/div>\n\n\n\n<div class=\"wp-block-media-text alignwide is-stacked-on-mobile is-vertically-aligned-center\" style=\"grid-template-columns:15% auto\"><figure class=\"wp-block-media-text__media\"><img loading=\"lazy\" decoding=\"async\" width=\"404\" height=\"404\" src=\"https:\/\/www.tele-radio.com\/app\/uploads\/Control_element_2.png\" alt=\"\" class=\"wp-image-68176 size-full\" srcset=\"https:\/\/www.tele-radio.com\/app\/uploads\/Control_element_2.png 404w, https:\/\/www.tele-radio.com\/app\/uploads\/Control_element_2-400x400.png 400w, https:\/\/www.tele-radio.com\/app\/uploads\/Control_element_2-150x150.png 150w, https:\/\/www.tele-radio.com\/app\/uploads\/Control_element_2-250x250.png 250w\" sizes=\"auto, (max-width: 404px) 100vw, 404px\" \/><\/figure><div class=\"wp-block-media-text__content\">\n<p><strong><strong>Boutons-poussoirs ou joysticks<\/strong><\/strong><\/p>\n\n\n\n<p>L&#8217;utilisation de boutons rend l&#8217;\u00e9metteur plus maniable, mais certainement pas moins pr\u00e9cis. Un \u00e9metteur avec boutons proportionnels, par exemple, offre la pr\u00e9cision d&#8217;un \u00e9metteur \u00e0 joystick. En appuyant davantage sur le bouton, le degr\u00e9 d&#8217;activation augmente. Un \u00e9metteur \u00e0 joystick est plus grand, mais offre plus d&#8217;options de personnalisation, comme des boutons sp\u00e9ciaux et des interrupteurs.<\/p>\n<\/div><\/div>\n\n\n\n<div class=\"wp-block-media-text alignwide is-stacked-on-mobile\" style=\"grid-template-columns:15% auto\"><figure class=\"wp-block-media-text__media\"><img loading=\"lazy\" decoding=\"async\" width=\"404\" height=\"404\" src=\"https:\/\/www.tele-radio.com\/app\/uploads\/Feedback_2.png\" alt=\"\" class=\"wp-image-68223 size-full\" srcset=\"https:\/\/www.tele-radio.com\/app\/uploads\/Feedback_2.png 404w, https:\/\/www.tele-radio.com\/app\/uploads\/Feedback_2-400x400.png 400w, https:\/\/www.tele-radio.com\/app\/uploads\/Feedback_2-150x150.png 150w, https:\/\/www.tele-radio.com\/app\/uploads\/Feedback_2-250x250.png 250w\" sizes=\"auto, (max-width: 404px) 100vw, 404px\" \/><\/figure><div class=\"wp-block-media-text__content\">\n<p><strong><strong>Retour d&#8217;information<\/strong><\/strong><\/p>\n\n\n\n<p>Certains \u00e9metteurs peuvent recevoir des informations d&#8217;un r\u00e9cepteur contr\u00f4l\u00e9. Selon le syst\u00e8me, les informations peuvent \u00eatre affich\u00e9es via des LED sur l&#8217;\u00e9metteur ou via un \u00e9cran. Par exemple, lors du contr\u00f4le d&#8217;une grue, vous pouvez utiliser l&#8217;\u00e9cran pour visualiser des informations telles que le poids \u00e0 soulever ou des alarmes. Cette fonctionnalit\u00e9 est moins importante pour des applications moins complexes, comme les treuils de camion.<br>\u200b<\/p>\n\n\n\n<p><\/p>\n<\/div><\/div>\n\n\n\n<div style=\"height:50px\" aria-hidden=\"true\" class=\"wp-block-spacer\"><\/div>\n\n\n<div class=\"wp-block-image is-resized is-style-default\">\n<figure class=\"aligncenter size-large\"><img decoding=\"async\" src=\"https:\/\/www.tele-radio.com\/app\/uploads\/\/Assortiment_2019_zonder_spiegeling_en_schaduw-1200x614.jpg\" alt=\"\"\/><\/figure><\/div>\n\n\n<div class=\"wp-block-buttons is-horizontal is-content-justification-center is-layout-flex wp-container-core-buttons-is-layout-499968f5 wp-block-buttons-is-layout-flex\">\n<div class=\"wp-block-button\"><a class=\"wp-block-button__link has-black-color has-text-color has-background wp-element-button\" style=\"border-radius:7px;background-color:#fabb00\"><strong>Parlez \u00e0 un expert<\/strong><\/a><\/div>\n<\/div>\n","protected":false},"excerpt":{"rendered":"<p>MARINE &amp; OFFSHORE Nous aidons le secteur maritime Tele Radio fournit des solutions pour tous les domaines du secteur maritime. Que vous poss\u00e9diez une petite embarcation priv\u00e9e ou un grand navire, nous avons quelque chose pour vous. En ce qui concerne les bateaux ou les navires, que ce soit sur les rivi\u00e8res et les deltas [&hellip;]<\/p>\n","protected":false},"author":29,"featured_media":0,"parent":0,"menu_order":0,"comment_status":"closed","ping_status":"closed","template":"","meta":{"_acf_changed":false,"footnotes":""},"class_list":["post-212751","page","type-page","status-publish","hentry"],"acf":[],"_links":{"self":[{"href":"https:\/\/www.tele-radio.com\/fr-ma\/wp-json\/wp\/v2\/pages\/212751","targetHints":{"allow":["GET"]}}],"collection":[{"href":"https:\/\/www.tele-radio.com\/fr-ma\/wp-json\/wp\/v2\/pages"}],"about":[{"href":"https:\/\/www.tele-radio.com\/fr-ma\/wp-json\/wp\/v2\/types\/page"}],"author":[{"embeddable":true,"href":"https:\/\/www.tele-radio.com\/fr-ma\/wp-json\/wp\/v2\/users\/29"}],"replies":[{"embeddable":true,"href":"https:\/\/www.tele-radio.com\/fr-ma\/wp-json\/wp\/v2\/comments?post=212751"}],"version-history":[{"count":2,"href":"https:\/\/www.tele-radio.com\/fr-ma\/wp-json\/wp\/v2\/pages\/212751\/revisions"}],"predecessor-version":[{"id":231972,"href":"https:\/\/www.tele-radio.com\/fr-ma\/wp-json\/wp\/v2\/pages\/212751\/revisions\/231972"}],"wp:attachment":[{"href":"https:\/\/www.tele-radio.com\/fr-ma\/wp-json\/wp\/v2\/media?parent=212751"}],"curies":[{"name":"wp","href":"https:\/\/api.w.org\/{rel}","templated":true}]}}