{"id":212742,"date":"2024-11-07T13:53:30","date_gmt":"2024-11-07T13:53:30","guid":{"rendered":"https:\/\/www.tele-radio.com\/?page_id=212742"},"modified":"2024-11-07T13:53:37","modified_gmt":"2024-11-07T13:53:37","slug":"mobile-et-hydraulique","status":"publish","type":"page","link":"https:\/\/www.tele-radio.com\/fr-ma\/mobile-et-hydraulique\/","title":{"rendered":"MOBILE ET HYDRAULIQUE"},"content":{"rendered":"\n<div style=\"height:31px\" aria-hidden=\"true\" class=\"wp-block-spacer\"><\/div>\n\n\n\n<h1 class=\"wp-block-heading has-text-align-center\">MOBILE ET HYDRAULIQUE<\/h1>\n\n\n\n<div style=\"height:26px\" aria-hidden=\"true\" class=\"wp-block-spacer\"><\/div>\n\n\n\n<div class=\"wp-block-columns is-layout-flex wp-container-core-columns-is-layout-9d6595d7 wp-block-columns-is-layout-flex\">\n<div class=\"wp-block-column is-layout-flow wp-block-column-is-layout-flow\">\n<h1 class=\"wp-block-heading\">La route comme lieu de travail<\/h1>\n\n\n\n<p>Le march\u00e9 des v\u00e9hicules mobiles est vaste et comprend de nombreuses commandes personnalis\u00e9es et des fonctionnalit\u00e9s uniques. Parmi les applications courantes, on peut citer les \u00e9quipements de sauvetage, les v\u00e9hicules de r\u00e9cup\u00e9ration, les hayons \u00e9l\u00e9vateurs, les camions de vidange et les grues mont\u00e9es sur camion. Il existe \u00e9galement des v\u00e9hicules plus petits tels que les VTT, les transports forestiers et les supports d&#8217;\u00e9clairage mobiles qui utilisent des syst\u00e8mes de treuil, des commandes de guindeau et bien plus encore, qui peuvent tous b\u00e9n\u00e9ficier d&#8217;une commande \u00e0 distance. Tele Radio fournit des syst\u00e8mes de commande \u00e0 distance pour les machines dans ces environnements difficiles depuis des d\u00e9cennies.<\/p>\n<\/div>\n\n\n\n<div class=\"wp-block-column is-layout-flow wp-block-column-is-layout-flow\" style=\"flex-basis:100px\"><\/div>\n\n\n\n<div class=\"wp-block-column is-layout-flow wp-block-column-is-layout-flow\">\n<div style=\"height:31px\" aria-hidden=\"true\" class=\"wp-block-spacer\"><\/div>\n\n\n\n<div class=\"wp-block-cover\" style=\"min-height:368px;aspect-ratio:unset;\"><span aria-hidden=\"true\" class=\"wp-block-cover__background has-black-background-color has-background-dim-20 has-background-dim\"><\/span><img loading=\"lazy\" decoding=\"async\" width=\"2400\" height=\"1597\" class=\"wp-block-cover__image-background wp-image-119332\" alt=\"\" src=\"https:\/\/www.tele-radio.com\/app\/uploads\/FM_MI_PU_0004.jpg\" style=\"object-position:59% 54%\" data-object-fit=\"cover\" data-object-position=\"59% 54%\" srcset=\"https:\/\/www.tele-radio.com\/app\/uploads\/FM_MI_PU_0004.jpg 2400w, https:\/\/www.tele-radio.com\/app\/uploads\/FM_MI_PU_0004-400x266.jpg 400w, https:\/\/www.tele-radio.com\/app\/uploads\/FM_MI_PU_0004-1200x799.jpg 1200w, https:\/\/www.tele-radio.com\/app\/uploads\/FM_MI_PU_0004-768x511.jpg 768w, https:\/\/www.tele-radio.com\/app\/uploads\/FM_MI_PU_0004-1536x1022.jpg 1536w, https:\/\/www.tele-radio.com\/app\/uploads\/FM_MI_PU_0004-2048x1363.jpg 2048w, https:\/\/www.tele-radio.com\/app\/uploads\/FM_MI_PU_0004-750x499.jpg 750w, https:\/\/www.tele-radio.com\/app\/uploads\/FM_MI_PU_0004-500x333.jpg 500w, https:\/\/www.tele-radio.com\/app\/uploads\/FM_MI_PU_0004-1600x1065.jpg 1600w, https:\/\/www.tele-radio.com\/app\/uploads\/FM_MI_PU_0004-800x532.jpg 800w\" sizes=\"auto, (max-width: 2400px) 100vw, 2400px\" \/><div class=\"wp-block-cover__inner-container is-layout-flow wp-block-cover-is-layout-flow\">\n<p class=\"has-text-align-center has-large-font-size\"><\/p>\n<\/div><\/div>\n<\/div>\n<\/div>\n\n\n\n<p>Tele Radio Exster permet au conducteur d&#8217;avoir un contr\u00f4le total sur n&#8217;importe quel v\u00e9hicule lourd alors qu&#8217;il est en dehors de la cabine. L&#8217;utilisateur dispose ainsi d&#8217;une plus grande flexibilit\u00e9 et d&#8217;une meilleure vue d&#8217;ensemble de la situation, ce qui accro\u00eet la s\u00e9curit\u00e9 autour du camion. Outre la s\u00e9curit\u00e9, une t\u00e9l\u00e9commande permet \u00e9galement d&#8217;am\u00e9liorer l&#8217;efficacit\u00e9 du travail : une personne utilisant une t\u00e9l\u00e9commande peut effectuer le travail de deux personnes. Cette solution apporte une am\u00e9lioration majeure \u00e0 la s\u00e9curit\u00e9, car elle augmente l&#8217;ouverture visuelle de l&#8217;utilisateur gr\u00e2ce \u00e0 la possibilit\u00e9 de contr\u00f4ler le chariot depuis l&#8217;ext\u00e9rieur. En outre, elle est plus ergonomique car elle \u00e9vite de devoir monter et descendre du chariot plusieurs fois par jour (plusieurs dizaines) en fonction de la charge de travail. L&#8217;efficacit\u00e9 se traduit par une am\u00e9lioration de la productivit\u00e9 et une r\u00e9duction significative de la fatigue lors du travail quotidien.<\/p>\n\n\n\n<p>Nous savons quelles sont les caract\u00e9ristiques importantes et nous fabriquons nos composants en tenant compte de la durabilit\u00e9, du confort de l&#8217;op\u00e9rateur et de la s\u00e9curit\u00e9.<\/p>\n\n\n\n<div style=\"height:32px\" aria-hidden=\"true\" class=\"wp-block-spacer\"><\/div>\n\n\n\n<h2 class=\"wp-block-heading\">L&#8217;importance des soupapes et de la pression d&#8217;huile<\/h2>\n\n\n\n<p>Les machines et \u00e9quipements aliment\u00e9s par des syst\u00e8mes hydrauliques sont omnipr\u00e9sents. Chaque fois qu&#8217;une force importante doit \u00eatre appliqu\u00e9e avec pr\u00e9cision, r\u00e9activit\u00e9 et facilit\u00e9 pour l&#8217;op\u00e9rateur, l&#8217;\u00e9nergie hydraulique est g\u00e9n\u00e9ralement le premier choix. Dans tous les domaines, de la sylviculture \u00e0 l&#8217;exploitation mini\u00e8re, de la construction \u00e0 l&#8217;agriculture, les machines font avancer le monde &#8211; et l&#8217;\u00e9nergie hydraulique fait avancer les machines. C&#8217;est dans cet environnement que les solutions de commande sans fil de Tele Radio vous offrent la puissance et la fiabilit\u00e9 n\u00e9cessaires pour tirer parti de toutes les forces de votre machine. La commande proportionnelle, la logique int\u00e9gr\u00e9e et le retour d&#8217;information de chaque fonction de la machine vous permettent de contr\u00f4ler le circuit hydraulique de n&#8217;importe quelle machine puissante d&#8217;aujourd&#8217;hui avec facilit\u00e9, s\u00e9curit\u00e9 et confort. Pour les machines utilis\u00e9es dans des environnements dangereux, telles que les excavatrices mini\u00e8res ou les dragues de bassins chimiques, utilisez les solutions de commande sans fil Tele Radio afin de rester \u00e0 l&#8217;\u00e9cart des zones de travail dangereuses. L&#8217;emplacement du panneau de commande int\u00e9gral vous emp\u00eache-t-il de surveiller votre production ou votre processus ? Laissez nos solutions sans fil vous rapprocher de l&#8217;action ; vous pourrez ainsi r\u00e9agir plus rapidement et plus efficacement lorsque vous aurez besoin de votre expertise. Qu&#8217;il s&#8217;agisse d&#8217;une simple commande marche\/arr\u00eat ou des plates-formes de commande les plus personnalis\u00e9es avec toutes les fonctionnalit\u00e9s, Tele Radio est pr\u00eat \u00e0 vous aider \u00e0 reprendre le cours de vos activit\u00e9s.<\/p>\n\n\n\n<div style=\"height:54px\" aria-hidden=\"true\" class=\"wp-block-spacer\"><\/div>\n\n\n\n\n\n<div style=\"height:100px\" aria-hidden=\"true\" class=\"wp-block-spacer\"><\/div>\n\n\n\n<h2 class=\"wp-block-heading has-text-align-center\">APPLICATIONS<\/h2>\n\n\n\n<p class=\"has-text-align-center\"><em>Pour donner une id\u00e9e des possibilit\u00e9s, nous pr\u00e9sentons ci-dessous quelques exemples d&#8217;applications et leurs produits typiques :<\/em><\/p>\n\n\n\n<div class=\"wp-block-columns is-layout-flex wp-container-core-columns-is-layout-9d6595d7 wp-block-columns-is-layout-flex\">\n<div class=\"wp-block-column is-layout-flow wp-block-column-is-layout-flow\">\n<div class=\"wp-block-cover is-light\"><span aria-hidden=\"true\" class=\"wp-block-cover__background has-white-background-color has-background-dim-100 has-background-dim\"><\/span><div class=\"wp-block-cover__inner-container is-layout-flow wp-block-cover-is-layout-flow\"><div class=\"wp-block-image is-style-default\">\n<figure class=\"aligncenter size-full\"><img loading=\"lazy\" decoding=\"async\" width=\"64\" height=\"64\" src=\"https:\/\/www.tele-radio.com\/app\/uploads\/trailer.png\" alt=\"\" class=\"wp-image-119260\"\/><\/figure><\/div>\n\n\n<p class=\"has-text-align-center has-black-color has-text-color\"><strong>REMORQUES DE TRANSPORT<\/strong><\/p>\n\n\n\n<p class=\"has-text-align-center has-black-color has-text-color\">Les remorques de transport sont utilis\u00e9es pour transporter des marchandises et l&#8217;utilisation d&#8217;une t\u00e9l\u00e9commande peut faciliter le travail avec ce type d&#8217;applications. Par exemple, vous pouvez contr\u00f4ler les hayons \u00e9l\u00e9vateurs \u00e0 l&#8217;aide d&#8217;une petite t\u00e9l\u00e9commande au lieu d&#8217;utiliser le panneau de commande int\u00e9gr\u00e9. Il existe \u00e9galement divers syst\u00e8mes de b\u00e2che de retournement qui peuvent \u00eatre utilis\u00e9s avec une t\u00e9l\u00e9commande.<\/p>\n<\/div><\/div>\n<\/div>\n\n\n\n<div class=\"wp-block-column is-vertically-aligned-top is-layout-flow wp-block-column-is-layout-flow\">\n<div class=\"wp-block-cover is-light\"><span aria-hidden=\"true\" class=\"wp-block-cover__background has-white-background-color has-background-dim-100 has-background-dim\"><\/span><div class=\"wp-block-cover__inner-container is-layout-flow wp-block-cover-is-layout-flow\"><div class=\"wp-block-image is-style-default\">\n<figure class=\"aligncenter size-full\"><img loading=\"lazy\" decoding=\"async\" width=\"64\" height=\"64\" src=\"https:\/\/www.tele-radio.com\/app\/uploads\/equipment.png\" alt=\"\" class=\"wp-image-119284\"\/><\/figure><\/div>\n\n\n<p class=\"has-text-align-center has-black-color has-text-color\"><strong>MACHINES DE R\u00c9COLTE<\/strong><\/p>\n\n\n\n<p class=\"has-text-align-center has-black-color has-text-color\">Un large \u00e9ventail de moissonneuses &#8211; luzerne, ail, carottes, betteraves, etc. &#8211; peuvent toutes \u00eatre contr\u00f4l\u00e9es avec facilit\u00e9 et efficacit\u00e9. Avec une solution de commande \u00e0 distance sans fil Tele Radio install\u00e9e sur ces \u00e9quipements, vous pouvez contr\u00f4ler la vitesse, activer et d\u00e9sactiver les fonctions, ajuster les param\u00e8tres de r\u00e9colte et bien plus encore.<\/p>\n<\/div><\/div>\n<\/div>\n\n\n\n<div class=\"wp-block-column is-vertically-aligned-top is-layout-flow wp-block-column-is-layout-flow\">\n<div style=\"height:65px\" aria-hidden=\"true\" class=\"wp-block-spacer\"><\/div>\n\n\n<div class=\"wp-block-image is-style-default\">\n<figure class=\"aligncenter size-full\"><img loading=\"lazy\" decoding=\"async\" width=\"64\" height=\"64\" src=\"https:\/\/www.tele-radio.com\/app\/uploads\/cruise.png\" alt=\"\" class=\"wp-image-119233\"\/><\/figure><\/div>\n\n\n<p class=\"has-text-align-center\"><strong>EXCAVATEURS MINIERS<\/strong><\/p>\n\n\n\n<p class=\"has-text-align-center\">Lorsque l&#8217;on travaille sur un sol dangereux et instable qui repr\u00e9sente un danger clair et pr\u00e9sent pour l&#8217;op\u00e9rateur, les syst\u00e8mes de Tele Radio peuvent \u00eatre la solution pour cr\u00e9er un environnement plus s\u00fbr.<\/p>\n<\/div>\n<\/div>\n\n\n\n<h3 class=\"wp-block-heading has-text-align-center\">Vos pr\u00e9f\u00e9rences en mati\u00e8re de s\u00e9curit\u00e9 et de fonctionnalit\u00e9<\/h3>\n\n\n\n<p>Pour choisir l&#8217;\u00e9metteur le mieux adapt\u00e9 \u00e0 vos besoins, il est pr\u00e9f\u00e9rable de consulter votre \u00e9quipe Tele Radio. Nous proposons diff\u00e9rents \u00e9metteurs avec des caract\u00e9ristiques sp\u00e9cifiques. Les trois \u00e9l\u00e9ments suivants sont d\u00e9terminants pour le choix:<\/p>\n\n\n\n<div class=\"wp-block-media-text alignwide is-stacked-on-mobile is-vertically-aligned-center\" style=\"grid-template-columns:15% auto\"><figure class=\"wp-block-media-text__media\"><img loading=\"lazy\" decoding=\"async\" width=\"404\" height=\"404\" src=\"https:\/\/www.tele-radio.com\/app\/uploads\/Safety_level_2.png\" alt=\"\" class=\"wp-image-68198 size-full\" srcset=\"https:\/\/www.tele-radio.com\/app\/uploads\/Safety_level_2.png 404w, https:\/\/www.tele-radio.com\/app\/uploads\/Safety_level_2-400x400.png 400w, https:\/\/www.tele-radio.com\/app\/uploads\/Safety_level_2-150x150.png 150w, https:\/\/www.tele-radio.com\/app\/uploads\/Safety_level_2-250x250.png 250w\" sizes=\"auto, (max-width: 404px) 100vw, 404px\" \/><\/figure><div class=\"wp-block-media-text__content\">\n<p><strong><strong>Niveau de s\u00e9curit\u00e9<\/strong><\/strong><\/p>\n\n\n\n<p>Nos \u00e9metteurs sont s\u00fbrs, et de nombreux mod\u00e8les disposent d&#8217;une certification de s\u00e9curit\u00e9 ind\u00e9pendante. Cela signifie que le fonctionnement du bouton d&#8217;arr\u00eat a \u00e9t\u00e9 test\u00e9 et v\u00e9rifi\u00e9 par un organisme externe et ind\u00e9pendant. Nous recommandons de choisir un syst\u00e8me avec certification de s\u00e9curit\u00e9 ind\u00e9pendante si vous souhaitez minimiser le risque de blessure lors de l&#8217;utilisation de machines. Aucun risque de s\u00e9curit\u00e9 ? Dans ce cas, vous pouvez choisir un \u00e9metteur sans certification.<\/p>\n<\/div><\/div>\n\n\n\n<div class=\"wp-block-media-text alignwide is-stacked-on-mobile is-vertically-aligned-center\" style=\"grid-template-columns:15% auto\"><figure class=\"wp-block-media-text__media\"><img loading=\"lazy\" decoding=\"async\" width=\"404\" height=\"404\" src=\"https:\/\/www.tele-radio.com\/app\/uploads\/Control_element_2.png\" alt=\"\" class=\"wp-image-68176 size-full\" srcset=\"https:\/\/www.tele-radio.com\/app\/uploads\/Control_element_2.png 404w, https:\/\/www.tele-radio.com\/app\/uploads\/Control_element_2-400x400.png 400w, https:\/\/www.tele-radio.com\/app\/uploads\/Control_element_2-150x150.png 150w, https:\/\/www.tele-radio.com\/app\/uploads\/Control_element_2-250x250.png 250w\" sizes=\"auto, (max-width: 404px) 100vw, 404px\" \/><\/figure><div class=\"wp-block-media-text__content\">\n<p><strong><strong>Boutons-poussoirs ou joysticks<\/strong><\/strong><\/p>\n\n\n\n<p>L&#8217;utilisation de boutons rend l&#8217;\u00e9metteur plus maniable, mais certainement pas moins pr\u00e9cis. Un \u00e9metteur avec boutons proportionnels, par exemple, offre la pr\u00e9cision d&#8217;un \u00e9metteur \u00e0 joystick. En appuyant davantage sur le bouton, le degr\u00e9 d&#8217;activation augmente. Un \u00e9metteur \u00e0 joystick est plus grand, mais offre plus d&#8217;options de personnalisation, comme des boutons sp\u00e9ciaux et des interrupteurs.<\/p>\n<\/div><\/div>\n\n\n\n<div class=\"wp-block-media-text alignwide is-stacked-on-mobile\" style=\"grid-template-columns:15% auto\"><figure class=\"wp-block-media-text__media\"><img loading=\"lazy\" decoding=\"async\" width=\"404\" height=\"404\" src=\"https:\/\/www.tele-radio.com\/app\/uploads\/Feedback_2.png\" alt=\"\" class=\"wp-image-68223 size-full\" srcset=\"https:\/\/www.tele-radio.com\/app\/uploads\/Feedback_2.png 404w, https:\/\/www.tele-radio.com\/app\/uploads\/Feedback_2-400x400.png 400w, https:\/\/www.tele-radio.com\/app\/uploads\/Feedback_2-150x150.png 150w, https:\/\/www.tele-radio.com\/app\/uploads\/Feedback_2-250x250.png 250w\" sizes=\"auto, (max-width: 404px) 100vw, 404px\" \/><\/figure><div class=\"wp-block-media-text__content\">\n<p><strong><strong>Retour d&#8217;information<\/strong><\/strong><\/p>\n\n\n\n<p>Certains \u00e9metteurs peuvent recevoir des informations d&#8217;un r\u00e9cepteur contr\u00f4l\u00e9. Selon le syst\u00e8me, les informations peuvent \u00eatre affich\u00e9es via des LED sur l&#8217;\u00e9metteur ou via un \u00e9cran. Par exemple, lors du contr\u00f4le d&#8217;une grue, vous pouvez utiliser l&#8217;\u00e9cran pour visualiser des informations telles que le poids \u00e0 soulever ou des alarmes. Cette fonctionnalit\u00e9 est moins importante pour des applications moins complexes, comme les treuils de camion.<br>\u200b<\/p>\n\n\n\n<p><\/p>\n<\/div><\/div>\n\n\n\n<div style=\"height:50px\" aria-hidden=\"true\" class=\"wp-block-spacer\"><\/div>\n\n\n\n<div style=\"height:50px\" aria-hidden=\"true\" class=\"wp-block-spacer\"><\/div>\n\n\n<div class=\"wp-block-image is-style-default\">\n<figure class=\"aligncenter size-large is-resized\"><img loading=\"lazy\" decoding=\"async\" width=\"1200\" height=\"614\" src=\"https:\/\/www.tele-radio.com\/app\/uploads\/image-4.jpeg\" alt=\"\" class=\"wp-image-231940\" style=\"width:771px;height:394px\" srcset=\"https:\/\/www.tele-radio.com\/app\/uploads\/image-4.jpeg 1200w, https:\/\/www.tele-radio.com\/app\/uploads\/image-4-400x205.jpeg 400w, https:\/\/www.tele-radio.com\/app\/uploads\/image-4-768x393.jpeg 768w, https:\/\/www.tele-radio.com\/app\/uploads\/image-4-750x384.jpeg 750w, https:\/\/www.tele-radio.com\/app\/uploads\/image-4-500x256.jpeg 500w, https:\/\/www.tele-radio.com\/app\/uploads\/image-4-800x409.jpeg 800w\" sizes=\"auto, (max-width: 1200px) 100vw, 1200px\" \/><\/figure><\/div>\n\n\n<div class=\"wp-block-buttons is-horizontal is-content-justification-center is-layout-flex wp-container-core-buttons-is-layout-499968f5 wp-block-buttons-is-layout-flex\">\n<div class=\"wp-block-button\"><a class=\"wp-block-button__link has-black-color has-text-color has-background wp-element-button\" style=\"border-radius:7px;background-color:#fabb00\"><strong>Parlez \u00e0 un expert<\/strong><\/a><\/div>\n<\/div>\n","protected":false},"excerpt":{"rendered":"<p>MOBILE ET HYDRAULIQUE La route comme lieu de travail Le march\u00e9 des v\u00e9hicules mobiles est vaste et comprend de nombreuses commandes personnalis\u00e9es et des fonctionnalit\u00e9s uniques. Parmi les applications courantes, on peut citer les \u00e9quipements de sauvetage, les v\u00e9hicules de r\u00e9cup\u00e9ration, les hayons \u00e9l\u00e9vateurs, les camions de vidange et les grues mont\u00e9es sur camion. Il [&hellip;]<\/p>\n","protected":false},"author":77,"featured_media":212744,"parent":0,"menu_order":0,"comment_status":"closed","ping_status":"closed","template":"","meta":{"_acf_changed":false,"footnotes":""},"class_list":["post-212742","page","type-page","status-publish","has-post-thumbnail","hentry"],"acf":[],"_links":{"self":[{"href":"https:\/\/www.tele-radio.com\/fr-ma\/wp-json\/wp\/v2\/pages\/212742","targetHints":{"allow":["GET"]}}],"collection":[{"href":"https:\/\/www.tele-radio.com\/fr-ma\/wp-json\/wp\/v2\/pages"}],"about":[{"href":"https:\/\/www.tele-radio.com\/fr-ma\/wp-json\/wp\/v2\/types\/page"}],"author":[{"embeddable":true,"href":"https:\/\/www.tele-radio.com\/fr-ma\/wp-json\/wp\/v2\/users\/77"}],"replies":[{"embeddable":true,"href":"https:\/\/www.tele-radio.com\/fr-ma\/wp-json\/wp\/v2\/comments?post=212742"}],"version-history":[{"count":1,"href":"https:\/\/www.tele-radio.com\/fr-ma\/wp-json\/wp\/v2\/pages\/212742\/revisions"}],"predecessor-version":[{"id":231971,"href":"https:\/\/www.tele-radio.com\/fr-ma\/wp-json\/wp\/v2\/pages\/212742\/revisions\/231971"}],"wp:featuredmedia":[{"embeddable":true,"href":"https:\/\/www.tele-radio.com\/fr-ma\/wp-json\/wp\/v2\/media\/212744"}],"wp:attachment":[{"href":"https:\/\/www.tele-radio.com\/fr-ma\/wp-json\/wp\/v2\/media?parent=212742"}],"curies":[{"name":"wp","href":"https:\/\/api.w.org\/{rel}","templated":true}]}}