{"id":212740,"date":"2024-11-07T13:52:03","date_gmt":"2024-11-07T13:52:03","guid":{"rendered":"https:\/\/www.tele-radio.com\/?page_id=212740"},"modified":"2024-11-07T13:52:11","modified_gmt":"2024-11-07T13:52:11","slug":"lexploitation-miniere-la-demolition-et-le-recyclage","status":"publish","type":"page","link":"https:\/\/www.tele-radio.com\/fr-ma\/lexploitation-miniere-la-demolition-et-le-recyclage\/","title":{"rendered":"L&#8217;EXPLOITATION MINI\u00c8RE, LA D\u00c9MOLITION ET LE RECYCLAGE"},"content":{"rendered":"\n<div style=\"height:31px\" aria-hidden=\"true\" class=\"wp-block-spacer\"><\/div>\n\n\n\n<h1 class=\"wp-block-heading has-text-align-center\"><strong>L&#8217;EXPLOITATION MINI\u00c8RE, LA D\u00c9MOLITION ET LE RECYCLAGE<\/strong><\/h1>\n\n\n\n<div style=\"height:26px\" aria-hidden=\"true\" class=\"wp-block-spacer\"><\/div>\n\n\n\n<div class=\"wp-block-columns is-layout-flex wp-container-core-columns-is-layout-9d6595d7 wp-block-columns-is-layout-flex\">\n<div class=\"wp-block-column is-layout-flow wp-block-column-is-layout-flow\">\n<p>Quelles que soient les circonstances, vous pouvez toujours compter sur un signal stable entre l&#8217;\u00e9metteur et votre machine.<\/p>\n\n\n\n<p>Le monde de l&#8217;exploitation mini\u00e8re, de la d\u00e9molition et du recyclage peut \u00eatre tr\u00e8s difficile. Le traitement de mat\u00e9riaux durs n\u00e9cessite des machines puissantes et d&#8217;excellents \u00e9quipements. Il est essentiel d&#8217;assurer la s\u00e9curit\u00e9 de vos employ\u00e9s.<\/p>\n\n\n\n<p>Pour la s\u00e9curit\u00e9 de vos employ\u00e9s, ceux-ci doivent pouvoir \u00eatre s\u00fbrs que leurs outils continueront \u00e0 fonctionner dans des conditions poussi\u00e9reuses et humides. C&#8217;est pourquoi Tele Radio est le partenaire id\u00e9al. Gr\u00e2ce \u00e0 nos \u00e9metteurs, chaque machine peut \u00eatre command\u00e9e \u00e0 une distance s\u00fbre. Les machines sont durables et \u00e9tanches \u00e0 la poussi\u00e8re et \u00e0 l&#8217;eau. Gr\u00e2ce \u00e0 la flexibilit\u00e9 de nos produits, l&#8217;installation est facile. Il est rassurant de savoir que notre r\u00e9seau mondial de bureaux est pr\u00eat \u00e0 vous aider en mati\u00e8re de conseils, de solutions sur mesure, d&#8217;installation, d&#8217;accessoires ou de r\u00e9parations. Parce que votre travail ne doit pas stagner !<\/p>\n\n\n\n<p>Les certifications de s\u00e9curit\u00e9 de nos transmetteurs ont toujours \u00e9t\u00e9 v\u00e9rifi\u00e9es de mani\u00e8re ind\u00e9pendante. Nous pouvons ainsi vous assurer que la s\u00e9curit\u00e9 de vos employ\u00e9s est toujours garantie.<\/p>\n<\/div>\n\n\n\n<div class=\"wp-block-column is-layout-flow wp-block-column-is-layout-flow\" style=\"flex-basis:100px\"><\/div>\n\n\n\n<div class=\"wp-block-column is-layout-flow wp-block-column-is-layout-flow\">\n<div style=\"height:31px\" aria-hidden=\"true\" class=\"wp-block-spacer\"><\/div>\n\n\n\n<div class=\"wp-block-cover\" style=\"min-height:381px;aspect-ratio:unset;\"><span aria-hidden=\"true\" class=\"wp-block-cover__background has-black-background-color has-background-dim-20 has-background-dim\"><\/span><img loading=\"lazy\" decoding=\"async\" width=\"2400\" height=\"1597\" class=\"wp-block-cover__image-background wp-image-119410\" alt=\"\" src=\"https:\/\/www.tele-radio.com\/app\/uploads\/FM_MI_PU_0254.jpg\" style=\"object-position:34% 55%\" data-object-fit=\"cover\" data-object-position=\"34% 55%\" srcset=\"https:\/\/www.tele-radio.com\/app\/uploads\/FM_MI_PU_0254.jpg 2400w, https:\/\/www.tele-radio.com\/app\/uploads\/FM_MI_PU_0254-400x266.jpg 400w, https:\/\/www.tele-radio.com\/app\/uploads\/FM_MI_PU_0254-1200x799.jpg 1200w, https:\/\/www.tele-radio.com\/app\/uploads\/FM_MI_PU_0254-768x511.jpg 768w, https:\/\/www.tele-radio.com\/app\/uploads\/FM_MI_PU_0254-1536x1022.jpg 1536w, https:\/\/www.tele-radio.com\/app\/uploads\/FM_MI_PU_0254-2048x1363.jpg 2048w, https:\/\/www.tele-radio.com\/app\/uploads\/FM_MI_PU_0254-750x499.jpg 750w, https:\/\/www.tele-radio.com\/app\/uploads\/FM_MI_PU_0254-500x333.jpg 500w, https:\/\/www.tele-radio.com\/app\/uploads\/FM_MI_PU_0254-1600x1065.jpg 1600w, https:\/\/www.tele-radio.com\/app\/uploads\/FM_MI_PU_0254-800x532.jpg 800w\" sizes=\"auto, (max-width: 2400px) 100vw, 2400px\" \/><div class=\"wp-block-cover__inner-container is-layout-flow wp-block-cover-is-layout-flow\">\n<p class=\"has-text-align-center has-large-font-size\"><\/p>\n<\/div><\/div>\n<\/div>\n<\/div>\n\n\n\n<div style=\"height:32px\" aria-hidden=\"true\" class=\"wp-block-spacer\"><\/div>\n\n\n\n\n\n<div style=\"height:100px\" aria-hidden=\"true\" class=\"wp-block-spacer\"><\/div>\n\n\n\n<h2 class=\"wp-block-heading has-text-align-center\">APPLICATIONS<\/h2>\n\n\n\n<p class=\"has-text-align-center\"><em>Pour donner une id\u00e9e des possibilit\u00e9s, nous pr\u00e9sentons ci-dessous quelques exemples d&#8217;applications et leurs produits typiques :<\/em><\/p>\n\n\n\n<div class=\"wp-block-columns is-layout-flex wp-container-core-columns-is-layout-9d6595d7 wp-block-columns-is-layout-flex\">\n<div class=\"wp-block-column is-layout-flow wp-block-column-is-layout-flow\">\n<div class=\"wp-block-cover is-light\"><span aria-hidden=\"true\" class=\"wp-block-cover__background has-white-background-color has-background-dim-100 has-background-dim\"><\/span><div class=\"wp-block-cover__inner-container is-layout-flow wp-block-cover-is-layout-flow\"><div class=\"wp-block-image is-style-default\">\n<figure class=\"aligncenter size-full\"><img loading=\"lazy\" decoding=\"async\" width=\"64\" height=\"64\" src=\"https:\/\/www.tele-radio.com\/app\/uploads\/bulldozer.png\" alt=\"\" class=\"wp-image-119460\"\/><\/figure><\/div>\n\n\n<p class=\"has-text-align-center has-black-color has-text-color\"><strong>COMPACTEURS<\/strong><\/p>\n\n\n\n<p class=\"has-text-align-center has-black-color has-text-color\">Un compacteur est une machine ou un m\u00e9canisme utilis\u00e9 pour r\u00e9duire la taille des mat\u00e9riaux tels que les d\u00e9chets ou la biomasse par compactage pour le transport et le recyclage ult\u00e9rieur. Il peut \u00eatre command\u00e9 \u00e0 distance pour la s\u00e9curit\u00e9 de l&#8217;op\u00e9rateur.<\/p>\n<\/div><\/div>\n<\/div>\n\n\n\n<div class=\"wp-block-column is-vertically-aligned-top is-layout-flow wp-block-column-is-layout-flow\">\n<div class=\"wp-block-cover is-light\"><span aria-hidden=\"true\" class=\"wp-block-cover__background has-white-background-color has-background-dim-100 has-background-dim\"><\/span><div class=\"wp-block-cover__inner-container is-layout-flow wp-block-cover-is-layout-flow\"><div class=\"wp-block-image is-style-default\">\n<figure class=\"aligncenter size-full\"><img decoding=\"async\" src=\"https:\/\/www.tele-radio.com\/app\/uploads\/MINING.png\" alt=\"\" class=\"wp-image-119436\"\/><\/figure><\/div>\n\n\n<p class=\"has-text-align-center has-black-color has-text-color\"><strong>CONVOYEURS MINIERS<\/strong><\/p>\n\n\n\n<p class=\"has-text-align-center has-black-color has-text-color\">Il existe de nombreux types de convoyeurs : convoyeurs \u00e0 tuyaux, convoyeurs en usine, convoyeurs terrestres, convoyeurs souterrains, convoyeurs d\u00e9pla\u00e7ables, extensibles et relocalisables. Ils sont les art\u00e8res d&#8217;une exploitation mini\u00e8re et sont essentiels au mouvement des mat\u00e9riaux dans le syst\u00e8me. Si les convoyeurs s&#8217;arr\u00eatent de fonctionner, c&#8217;est toute la mine qui s&#8217;arr\u00eate. Dans ce type de situation, un syst\u00e8me de radiocommande fiable est essentiel.<\/p>\n<\/div><\/div>\n<\/div>\n\n\n\n<div class=\"wp-block-column is-vertically-aligned-top is-layout-flow wp-block-column-is-layout-flow\">\n<div style=\"height:65px\" aria-hidden=\"true\" class=\"wp-block-spacer\"><\/div>\n\n\n<div class=\"wp-block-image is-style-default\">\n<figure class=\"aligncenter size-full is-resized\"><img loading=\"lazy\" decoding=\"async\" width=\"128\" height=\"128\" src=\"https:\/\/www.tele-radio.com\/app\/uploads\/rocks-1.png\" alt=\"\" class=\"wp-image-117910\" style=\"width:64px;height:64px\"\/><\/figure><\/div>\n\n\n<p class=\"has-text-align-center\"><strong>CONCASSEUR<\/strong><\/p>\n\n\n\n<p class=\"has-text-align-center\">Les concasseurs et les cribleurs de roches sont de grandes machines qui transforment les grosses roches en produits plus petits. Ils sont id\u00e9alement t\u00e9l\u00e9command\u00e9s par un op\u00e9rateur pour les fonctions de base et les mouvements.<\/p>\n<\/div>\n<\/div>\n\n\n\n<div style=\"height:50px\" aria-hidden=\"true\" class=\"wp-block-spacer\"><\/div>\n\n\n\n<h3 class=\"wp-block-heading has-text-align-center\">Vos pr\u00e9f\u00e9rences en mati\u00e8re de s\u00e9curit\u00e9 et de fonctionnalit\u00e9<\/h3>\n\n\n\n<p>Pour choisir l&#8217;\u00e9metteur le mieux adapt\u00e9 \u00e0 vos besoins, il est pr\u00e9f\u00e9rable de consulter votre \u00e9quipe Tele Radio. Nous proposons diff\u00e9rents \u00e9metteurs avec des caract\u00e9ristiques sp\u00e9cifiques. Les trois \u00e9l\u00e9ments suivants sont d\u00e9terminants pour le choix:<\/p>\n\n\n\n<div class=\"wp-block-media-text alignwide is-stacked-on-mobile is-vertically-aligned-center\" style=\"grid-template-columns:15% auto\"><figure class=\"wp-block-media-text__media\"><img loading=\"lazy\" decoding=\"async\" width=\"404\" height=\"404\" src=\"https:\/\/www.tele-radio.com\/app\/uploads\/Safety_level_2.png\" alt=\"\" class=\"wp-image-68198 size-full\" srcset=\"https:\/\/www.tele-radio.com\/app\/uploads\/Safety_level_2.png 404w, https:\/\/www.tele-radio.com\/app\/uploads\/Safety_level_2-400x400.png 400w, https:\/\/www.tele-radio.com\/app\/uploads\/Safety_level_2-150x150.png 150w, https:\/\/www.tele-radio.com\/app\/uploads\/Safety_level_2-250x250.png 250w\" sizes=\"auto, (max-width: 404px) 100vw, 404px\" \/><\/figure><div class=\"wp-block-media-text__content\">\n<p><strong><strong>Niveau de s\u00e9curit\u00e9<\/strong><\/strong><\/p>\n\n\n\n<p>Nos \u00e9metteurs sont s\u00fbrs, et de nombreux mod\u00e8les disposent d&#8217;une certification de s\u00e9curit\u00e9 ind\u00e9pendante. Cela signifie que le fonctionnement du bouton d&#8217;arr\u00eat a \u00e9t\u00e9 test\u00e9 et v\u00e9rifi\u00e9 par un organisme externe et ind\u00e9pendant. Nous recommandons de choisir un syst\u00e8me avec certification de s\u00e9curit\u00e9 ind\u00e9pendante si vous souhaitez minimiser le risque de blessure lors de l&#8217;utilisation de machines. Aucun risque de s\u00e9curit\u00e9 ? Dans ce cas, vous pouvez choisir un \u00e9metteur sans certification.<\/p>\n<\/div><\/div>\n\n\n\n<div class=\"wp-block-media-text alignwide is-stacked-on-mobile is-vertically-aligned-center\" style=\"grid-template-columns:15% auto\"><figure class=\"wp-block-media-text__media\"><img loading=\"lazy\" decoding=\"async\" width=\"404\" height=\"404\" src=\"https:\/\/www.tele-radio.com\/app\/uploads\/Control_element_2.png\" alt=\"\" class=\"wp-image-68176 size-full\" srcset=\"https:\/\/www.tele-radio.com\/app\/uploads\/Control_element_2.png 404w, https:\/\/www.tele-radio.com\/app\/uploads\/Control_element_2-400x400.png 400w, https:\/\/www.tele-radio.com\/app\/uploads\/Control_element_2-150x150.png 150w, https:\/\/www.tele-radio.com\/app\/uploads\/Control_element_2-250x250.png 250w\" sizes=\"auto, (max-width: 404px) 100vw, 404px\" \/><\/figure><div class=\"wp-block-media-text__content\">\n<p><strong><strong>Boutons-poussoirs ou joysticks<\/strong><\/strong><\/p>\n\n\n\n<p>L&#8217;utilisation de boutons rend l&#8217;\u00e9metteur plus maniable, mais certainement pas moins pr\u00e9cis. Un \u00e9metteur avec boutons proportionnels, par exemple, offre la pr\u00e9cision d&#8217;un \u00e9metteur \u00e0 joystick. En appuyant davantage sur le bouton, le degr\u00e9 d&#8217;activation augmente. Un \u00e9metteur \u00e0 joystick est plus grand, mais offre plus d&#8217;options de personnalisation, comme des boutons sp\u00e9ciaux et des interrupteurs.<\/p>\n<\/div><\/div>\n\n\n\n<div class=\"wp-block-media-text alignwide is-stacked-on-mobile\" style=\"grid-template-columns:15% auto\"><figure class=\"wp-block-media-text__media\"><img loading=\"lazy\" decoding=\"async\" width=\"404\" height=\"404\" src=\"https:\/\/www.tele-radio.com\/app\/uploads\/Feedback_2.png\" alt=\"\" class=\"wp-image-68223 size-full\" srcset=\"https:\/\/www.tele-radio.com\/app\/uploads\/Feedback_2.png 404w, https:\/\/www.tele-radio.com\/app\/uploads\/Feedback_2-400x400.png 400w, https:\/\/www.tele-radio.com\/app\/uploads\/Feedback_2-150x150.png 150w, https:\/\/www.tele-radio.com\/app\/uploads\/Feedback_2-250x250.png 250w\" sizes=\"auto, (max-width: 404px) 100vw, 404px\" \/><\/figure><div class=\"wp-block-media-text__content\">\n<p><strong><strong>Retour d&#8217;information<\/strong><\/strong><\/p>\n\n\n\n<p>Certains \u00e9metteurs peuvent recevoir des informations d&#8217;un r\u00e9cepteur contr\u00f4l\u00e9. Selon le syst\u00e8me, les informations peuvent \u00eatre affich\u00e9es via des LED sur l&#8217;\u00e9metteur ou via un \u00e9cran. Par exemple, lors du contr\u00f4le d&#8217;une grue, vous pouvez utiliser l&#8217;\u00e9cran pour visualiser des informations telles que le poids \u00e0 soulever ou des alarmes. Cette fonctionnalit\u00e9 est moins importante pour des applications moins complexes, comme les treuils de camion.<br>\u200b<\/p>\n\n\n\n<p><\/p>\n<\/div><\/div>\n\n\n\n<div style=\"height:50px\" aria-hidden=\"true\" class=\"wp-block-spacer\"><\/div>\n\n\n<div class=\"wp-block-image is-style-default\">\n<figure class=\"aligncenter size-large is-resized\"><img loading=\"lazy\" decoding=\"async\" width=\"1200\" height=\"614\" src=\"https:\/\/www.tele-radio.com\/app\/uploads\/image-3.jpeg\" alt=\"\" class=\"wp-image-231908\" style=\"width:771px;height:394px\" srcset=\"https:\/\/www.tele-radio.com\/app\/uploads\/image-3.jpeg 1200w, https:\/\/www.tele-radio.com\/app\/uploads\/image-3-400x205.jpeg 400w, https:\/\/www.tele-radio.com\/app\/uploads\/image-3-768x393.jpeg 768w, https:\/\/www.tele-radio.com\/app\/uploads\/image-3-750x384.jpeg 750w, https:\/\/www.tele-radio.com\/app\/uploads\/image-3-500x256.jpeg 500w, https:\/\/www.tele-radio.com\/app\/uploads\/image-3-800x409.jpeg 800w\" sizes=\"auto, (max-width: 1200px) 100vw, 1200px\" \/><\/figure><\/div>\n\n\n<div class=\"wp-block-buttons is-horizontal is-content-justification-center is-layout-flex wp-container-core-buttons-is-layout-499968f5 wp-block-buttons-is-layout-flex\">\n<div class=\"wp-block-button\"><a class=\"wp-block-button__link has-black-color has-text-color has-background wp-element-button\" style=\"border-radius:7px;background-color:#fabb00\"><strong>Parlez \u00e0 un expert<\/strong><\/a><\/div>\n<\/div>\n","protected":false},"excerpt":{"rendered":"<p>L&#8217;EXPLOITATION MINI\u00c8RE, LA D\u00c9MOLITION ET LE RECYCLAGE Quelles que soient les circonstances, vous pouvez toujours compter sur un signal stable entre l&#8217;\u00e9metteur et votre machine. Le monde de l&#8217;exploitation mini\u00e8re, de la d\u00e9molition et du recyclage peut \u00eatre tr\u00e8s difficile. Le traitement de mat\u00e9riaux durs n\u00e9cessite des machines puissantes et d&#8217;excellents \u00e9quipements. Il est essentiel [&hellip;]<\/p>\n","protected":false},"author":77,"featured_media":0,"parent":0,"menu_order":0,"comment_status":"closed","ping_status":"closed","template":"","meta":{"_acf_changed":false,"footnotes":""},"class_list":["post-212740","page","type-page","status-publish","hentry"],"acf":[],"_links":{"self":[{"href":"https:\/\/www.tele-radio.com\/fr-ma\/wp-json\/wp\/v2\/pages\/212740","targetHints":{"allow":["GET"]}}],"collection":[{"href":"https:\/\/www.tele-radio.com\/fr-ma\/wp-json\/wp\/v2\/pages"}],"about":[{"href":"https:\/\/www.tele-radio.com\/fr-ma\/wp-json\/wp\/v2\/types\/page"}],"author":[{"embeddable":true,"href":"https:\/\/www.tele-radio.com\/fr-ma\/wp-json\/wp\/v2\/users\/77"}],"replies":[{"embeddable":true,"href":"https:\/\/www.tele-radio.com\/fr-ma\/wp-json\/wp\/v2\/comments?post=212740"}],"version-history":[{"count":1,"href":"https:\/\/www.tele-radio.com\/fr-ma\/wp-json\/wp\/v2\/pages\/212740\/revisions"}],"predecessor-version":[{"id":231939,"href":"https:\/\/www.tele-radio.com\/fr-ma\/wp-json\/wp\/v2\/pages\/212740\/revisions\/231939"}],"wp:attachment":[{"href":"https:\/\/www.tele-radio.com\/fr-ma\/wp-json\/wp\/v2\/media?parent=212740"}],"curies":[{"name":"wp","href":"https:\/\/api.w.org\/{rel}","templated":true}]}}