{"id":6997,"date":"2018-05-04T14:47:12","date_gmt":"2018-05-04T14:47:12","guid":{"rendered":"https:\/\/www.tele-radio.com\/support\/"},"modified":"2023-01-17T08:18:16","modified_gmt":"2023-01-17T08:18:16","slug":"tuki","status":"publish","type":"page","link":"https:\/\/www.tele-radio.com\/fi\/tuki\/","title":{"rendered":"Tuki"},"content":{"rendered":"\n<h2 class=\"wp-block-heading\">Tuki<\/h2>\n\n\n\n<div style=\"height:30px\" aria-hidden=\"true\" class=\"wp-block-spacer\"><\/div>\n\n\n\n<p>Olemme tavoitettavissa Pukinkulman konttorissamme, Gerbyntie 14, maanantaista perjantaihin klo. 9-15, ja kuten aina my\u00f6s s\u00e4hk\u00f6postitse tai puhelimitse. Ota yhteytt\u00e4 mik\u00e4li sinulla on kysymyksi\u00e4!<\/p>\n\n\n\n<p>Kaikki rekister\u00f6intiohjeet ja muut tukeen liittyv\u00e4 dokumentointi l\u00f6ytyv\u00e4t suomenkielisilt\u00e4 sivuiltamme <a href=\"http:\/\/www.radio-ohjaus.fi\/tuki\">www.radio-ohjaus.fi<\/a><\/p>\n\n\n\n<div class=\"wp-block-columns is-layout-flex wp-container-core-columns-is-layout-9d6595d7 wp-block-columns-is-layout-flex\">\n<div class=\"wp-block-column is-layout-flow wp-block-column-is-layout-flow\">\n<div class=\"wp-block-cover is-light\"><span aria-hidden=\"true\" class=\"has-background-dim-100 wp-block-cover__gradient-background has-background-dim\" style=\"background-color:#f7f7f7\"><\/span><div class=\"wp-block-cover__inner-container is-layout-flow wp-block-cover-is-layout-flow\">\n<div class=\"wp-block-image\"><figure class=\"aligncenter size-large is-resized\"><img loading=\"lazy\" decoding=\"async\" src=\"https:\/\/www.tele-radio.com\/app\/uploads\/certification.png\" alt=\"\" class=\"wp-image-46654\" width=\"64\" height=\"64\"\/><\/figure><\/div>\n\n\n\n<h2 class=\"has-text-align-center has-very-dark-gray-color has-text-color wp-block-heading\"><\/h2>\n\n\n\n<div class=\"wp-block-buttons is-horizontal is-content-justification-center is-layout-flex wp-container-core-buttons-is-layout-499968f5 wp-block-buttons-is-layout-flex\">\n<div class=\"wp-block-button\"><a class=\"wp-block-button__link has-background\" href=\"https:\/\/www.radio-ohjaus.fi\/\" style=\"background-color:#feb914\">Lataukset<\/a><\/div>\n<\/div>\n\n\n\n<div style=\"height:30px\" aria-hidden=\"true\" class=\"wp-block-spacer\"><\/div>\n<\/div><\/div>\n<\/div>\n\n\n\n<div class=\"wp-block-column is-layout-flow wp-block-column-is-layout-flow\">\n<div class=\"wp-block-cover is-light\"><span aria-hidden=\"true\" class=\"has-background-dim-100 wp-block-cover__gradient-background has-background-dim\" style=\"background-color:#f7f7f7\"><\/span><div class=\"wp-block-cover__inner-container is-layout-flow wp-block-cover-is-layout-flow\">\n<div class=\"wp-block-image\"><figure class=\"aligncenter size-large is-resized\"><img loading=\"lazy\" decoding=\"async\" src=\"https:\/\/www.tele-radio.com\/app\/uploads\/box.png\" alt=\"\" class=\"wp-image-50841\" width=\"64\" height=\"64\"\/><\/figure><\/div>\n\n\n\n<h2 class=\"has-text-align-center has-very-dark-gray-color has-text-color wp-block-heading\"><\/h2>\n\n\n\n<div class=\"wp-block-buttons is-horizontal is-content-justification-center is-layout-flex wp-container-core-buttons-is-layout-499968f5 wp-block-buttons-is-layout-flex\">\n<div class=\"wp-block-button\"><a class=\"wp-block-button__link has-background\" href=\"https:\/\/www.tele-radio.com\/fi\/kaytosta-poistuneet-tuotteet\/\" style=\"background-color:#feb914\">K\u00e4yt\u00f6st\u00e4 poistuneet tuotteet<\/a><\/div>\n<\/div>\n\n\n\n<div style=\"height:30px\" aria-hidden=\"true\" class=\"wp-block-spacer\"><\/div>\n<\/div><\/div>\n<\/div>\n<\/div>\n\n\n\n<div style=\"height:70px\" aria-hidden=\"true\" class=\"wp-block-spacer\"><\/div>\n","protected":false},"excerpt":{"rendered":"<p>Tuki Olemme tavoitettavissa Pukinkulman konttorissamme, Gerbyntie 14, maanantaista perjantaihin klo. 9-15, ja kuten aina my\u00f6s s\u00e4hk\u00f6postitse tai puhelimitse. Ota yhteytt\u00e4 mik\u00e4li sinulla on kysymyksi\u00e4! Kaikki rekister\u00f6intiohjeet ja muut tukeen liittyv\u00e4 dokumentointi l\u00f6ytyv\u00e4t suomenkielisilt\u00e4 sivuiltamme www.radio-ohjaus.fi<\/p>\n","protected":false},"author":1,"featured_media":0,"parent":0,"menu_order":0,"comment_status":"closed","ping_status":"closed","template":"","meta":{"_acf_changed":false,"footnotes":""},"class_list":["post-6997","page","type-page","status-publish","hentry"],"acf":[],"_links":{"self":[{"href":"https:\/\/www.tele-radio.com\/fi\/wp-json\/wp\/v2\/pages\/6997","targetHints":{"allow":["GET"]}}],"collection":[{"href":"https:\/\/www.tele-radio.com\/fi\/wp-json\/wp\/v2\/pages"}],"about":[{"href":"https:\/\/www.tele-radio.com\/fi\/wp-json\/wp\/v2\/types\/page"}],"author":[{"embeddable":true,"href":"https:\/\/www.tele-radio.com\/fi\/wp-json\/wp\/v2\/users\/1"}],"replies":[{"embeddable":true,"href":"https:\/\/www.tele-radio.com\/fi\/wp-json\/wp\/v2\/comments?post=6997"}],"version-history":[{"count":28,"href":"https:\/\/www.tele-radio.com\/fi\/wp-json\/wp\/v2\/pages\/6997\/revisions"}],"predecessor-version":[{"id":137335,"href":"https:\/\/www.tele-radio.com\/fi\/wp-json\/wp\/v2\/pages\/6997\/revisions\/137335"}],"wp:attachment":[{"href":"https:\/\/www.tele-radio.com\/fi\/wp-json\/wp\/v2\/media?parent=6997"}],"curies":[{"name":"wp","href":"https:\/\/api.w.org\/{rel}","templated":true}]}}