{"id":6957,"date":"2018-05-04T14:35:06","date_gmt":"2018-05-04T14:35:06","guid":{"rendered":"https:\/\/www.tele-radio.com\/start\/"},"modified":"2023-01-17T08:20:16","modified_gmt":"2023-01-17T08:20:16","slug":"start","status":"publish","type":"page","link":"https:\/\/www.tele-radio.com\/fi\/","title":{"rendered":"Etusivu"},"content":{"rendered":"\n<h2 class=\"wp-block-heading\">Radio-ohjausmarkkinoiden laajin tuotevalikoima<\/h2>\n\n\n\n<figure class=\"wp-block-image size-large nomarginpic\"><img loading=\"lazy\" decoding=\"async\" width=\"1200\" height=\"239\" src=\"https:\/\/www.tele-radio.com\/app\/uploads\/Controle-remoto-industrial-teleradio.jpg\" alt=\"\" class=\"wp-image-61866\" srcset=\"https:\/\/www.tele-radio.com\/app\/uploads\/Controle-remoto-industrial-teleradio.jpg 1200w, https:\/\/www.tele-radio.com\/app\/uploads\/Controle-remoto-industrial-teleradio-400x80.jpg 400w, https:\/\/www.tele-radio.com\/app\/uploads\/Controle-remoto-industrial-teleradio-768x153.jpg 768w, https:\/\/www.tele-radio.com\/app\/uploads\/Controle-remoto-industrial-teleradio-750x149.jpg 750w, https:\/\/www.tele-radio.com\/app\/uploads\/Controle-remoto-industrial-teleradio-500x100.jpg 500w, https:\/\/www.tele-radio.com\/app\/uploads\/Controle-remoto-industrial-teleradio-800x159.jpg 800w\" sizes=\"auto, (max-width: 1200px) 100vw, 1200px\" \/><\/figure>\n\n\n<h2>Kauko-ohjaimet teollisuudelle<\/h2>\n<p>Tele Radio on erikoistunut langattomiin radio-ohjausj\u00e4rjestelmiin. Radio-ohjaimet ja -vastaanottimet ovat turvallisuusluokiteltu ja soveltuvat esimerkiksi teollisuussovelluksiin, nostureille ja nostosovelluksiin, ovien- ja porttien toimintoihin, mobilitysovelluksiin ja hydrauliikan ohjaamiseen.<\/p>\n<h2>Langattomat ratkaisut<\/h2>\n<p>Langaton kaukos\u00e4\u00e4din on ty\u00f6turvallisuuden ja ty\u00f6ergonomian kannalta oleellinen osa ty\u00f6koneen ohjaamista. K\u00e4ytt\u00e4j\u00e4 voi ohjata ty\u00f6konetta haluamastaan paikasta, ohjauspaneelin tai langallisen ohjauksen rajoitteiden sijaan.<\/p>\n<h2>Turvalliset radio-ohjaimet<\/h2>\n<p>Turvallisuus on meille t\u00e4rke\u00e4. Varmistamme erilaisten turvallisuuteen liittyvien sertifikaattien avulla, ett\u00e4 tuotteemme t\u00e4ytt\u00e4v\u00e4t korkeimmat mahdolliset turvallisuusstandardit.<\/p>\n<h2>Kest\u00e4v\u00e4t kauko-ohjaimet<\/h2>\n<p>Tied\u00e4mme, ett\u00e4 ohjaimiamme heitell\u00e4\u00e4n, pudotellaan, niiden p\u00e4\u00e4lle astutaan ja ne kastuvat. Olemme ottaneet t\u00e4m\u00e4n huomioon jo suunnitteluvaiheessa ja tehneet tuotteistamme kest\u00e4vi\u00e4.<\/p>\n<h2>R\u00e4\u00e4t\u00e4l\u00f6idyt ratkaisut<\/h2>\n<p>Yhdess\u00e4 myyntitiimimme kanssa m\u00e4\u00e4rittelemme j\u00e4rjestelm\u00e4lle toivotut ominaisuudet \u2013 r\u00e4\u00e4t\u00e4l\u00f6ity juuri sinun tarpeittesi ja hallittavan sovelluksen mukaan. Toiminnallisuuksien lis\u00e4ksi voimme customoida l\u00e4hettimen muotoilua joka lis\u00e4\u00e4 tehokkuutta ja korostaa yrityksen br\u00e4ndi\u00e4.<\/p>","protected":false},"excerpt":{"rendered":"<p>Radio-ohjausmarkkinoiden laajin tuotevalikoima Kauko-ohjaimet teollisuudelle Tele Radio on erikoistunut langattomiin radio-ohjausj\u00e4rjestelmiin. Radio-ohjaimet ja -vastaanottimet ovat turvallisuusluokiteltu ja soveltuvat esimerkiksi teollisuussovelluksiin, nostureille ja nostosovelluksiin, ovien- ja porttien toimintoihin, mobilitysovelluksiin ja hydrauliikan ohjaamiseen. Langattomat ratkaisut Langaton kaukos\u00e4\u00e4din on ty\u00f6turvallisuuden ja ty\u00f6ergonomian kannalta oleellinen osa ty\u00f6koneen ohjaamista. K\u00e4ytt\u00e4j\u00e4 voi ohjata ty\u00f6konetta haluamastaan paikasta, ohjauspaneelin tai langallisen ohjauksen rajoitteiden [&hellip;]<\/p>\n","protected":false},"author":29,"featured_media":0,"parent":0,"menu_order":0,"comment_status":"closed","ping_status":"closed","template":"","meta":{"_acf_changed":false,"footnotes":""},"class_list":["post-6957","page","type-page","status-publish","hentry"],"acf":[],"_links":{"self":[{"href":"https:\/\/www.tele-radio.com\/fi\/wp-json\/wp\/v2\/pages\/6957","targetHints":{"allow":["GET"]}}],"collection":[{"href":"https:\/\/www.tele-radio.com\/fi\/wp-json\/wp\/v2\/pages"}],"about":[{"href":"https:\/\/www.tele-radio.com\/fi\/wp-json\/wp\/v2\/types\/page"}],"author":[{"embeddable":true,"href":"https:\/\/www.tele-radio.com\/fi\/wp-json\/wp\/v2\/users\/29"}],"replies":[{"embeddable":true,"href":"https:\/\/www.tele-radio.com\/fi\/wp-json\/wp\/v2\/comments?post=6957"}],"version-history":[{"count":173,"href":"https:\/\/www.tele-radio.com\/fi\/wp-json\/wp\/v2\/pages\/6957\/revisions"}],"predecessor-version":[{"id":137336,"href":"https:\/\/www.tele-radio.com\/fi\/wp-json\/wp\/v2\/pages\/6957\/revisions\/137336"}],"wp:attachment":[{"href":"https:\/\/www.tele-radio.com\/fi\/wp-json\/wp\/v2\/media?parent=6957"}],"curies":[{"name":"wp","href":"https:\/\/api.w.org\/{rel}","templated":true}]}}