{"id":6605,"date":"2018-05-24T12:02:02","date_gmt":"2018-05-24T12:02:02","guid":{"rendered":"https:\/\/www.tele-radio.com\/retired-products\/"},"modified":"2020-05-05T17:59:48","modified_gmt":"2020-05-05T17:59:48","slug":"kaytosta-poistuneet-tuotteet","status":"publish","type":"page","link":"https:\/\/www.tele-radio.com\/fi\/kaytosta-poistuneet-tuotteet\/","title":{"rendered":"K\u00e4yt\u00f6st\u00e4 poistuneet tuotteet"},"content":{"rendered":"<h1>K\u00e4yt\u00f6st\u00e4 poistuneet tuotteet ja j\u00e4rjestelm\u00e4t<\/h1>\n<h2><img loading=\"lazy\" decoding=\"async\" class=\"alignright size-medium wp-image-6265\" src=\"https:\/\/www.tele-radio.com\/app\/uploads\/\/T70-Jaguar-tele-radio-1-400x400.jpg\" alt=\"\" width=\"400\" height=\"400\" srcset=\"https:\/\/www.tele-radio.com\/app\/uploads\/T70-Jaguar-tele-radio-1-400x400.jpg 400w, https:\/\/www.tele-radio.com\/app\/uploads\/T70-Jaguar-tele-radio-1-150x150.jpg 150w, https:\/\/www.tele-radio.com\/app\/uploads\/T70-Jaguar-tele-radio-1-250x250.jpg 250w, https:\/\/www.tele-radio.com\/app\/uploads\/T70-Jaguar-tele-radio-1-500x500.jpg 500w, https:\/\/www.tele-radio.com\/app\/uploads\/T70-Jaguar-tele-radio-1.jpg 626w\" sizes=\"auto, (max-width: 400px) 100vw, 400px\" \/>T70 Jaguar<\/h2>\n<p>T70 Jaguar -j\u00e4rjestelm\u00e4 otettiin k\u00e4ytt\u00f6\u00f6n vuonna 2007 s\u00e4hk\u00f6isten ja hydraulisten vinssien markkinoita varten. Sen hinta oli kilpailukykyinen ja se tarjosi monia etuja sisarukseensa T60:een verrattuna, esim. enemm\u00e4n toimintoja, kapeamman radiokaistan ja suuremman l\u00e4hetysalueen. T70 Jaguar poistettiin k\u00e4yt\u00f6st\u00e4 vuonna 2015 uuden Panther-j\u00e4rjestelm\u00e4n edelt\u00e4, jossa on monia parannettuja parametrej\u00e4.<\/p>\n<p><a href=\"https:\/\/www.tele-radio.com\/panther\/\">Lis\u00e4tietoja Panther j\u00e4rjestelm\u00e4st\u00e4 l\u00f6ytyy t\u00e4st\u00e4<\/a><\/p>\n<hr \/>\n<p><img loading=\"lazy\" decoding=\"async\" class=\"alignright wp-image-6266\" src=\"https:\/\/www.tele-radio.com\/app\/uploads\/tiger-retired-system-tele-radio-1.jpg\" alt=\"\" width=\"420\" height=\"231\" srcset=\"https:\/\/www.tele-radio.com\/app\/uploads\/tiger-retired-system-tele-radio-1.jpg 626w, https:\/\/www.tele-radio.com\/app\/uploads\/tiger-retired-system-tele-radio-1-400x220.jpg 400w, https:\/\/www.tele-radio.com\/app\/uploads\/tiger-retired-system-tele-radio-1-500x276.jpg 500w\" sizes=\"auto, (max-width: 420px) 100vw, 420px\" \/><\/p>\n<h2>Tiger Gen. 1<\/h2>\n<p>Tiger generation 1 -j\u00e4rjestelm\u00e4 otettiin k\u00e4ytt\u00f6\u00f6n vuonna 2010 vastaamaan markkinoiden tarpeeseen eritt\u00e4in turvallisista et\u00e4ohjainj\u00e4rjestelmist\u00e4. EU:n konedirektiivi esitteli uudet ja tiukat vaatimukset koneille ja niiden ohjausj\u00e4rjestelmille.<\/p>\n<p>Tiger-j\u00e4rjestelm\u00e4ss\u00e4 oli samanlaiset l\u00e4hettimet kuin edelt\u00e4j\u00e4ll\u00e4, 860 Lionilla, kahden k\u00e4den kokoiset l\u00e4hettimet ja ohjaussauva eri kokoonpanoissa. L\u00e4hettimiin lis\u00e4ttiin my\u00f6s datan\u00e4yt\u00f6t. N\u00e4yt\u00f6iss\u00e4 n\u00e4kyi paino, akun tila, taajuus ja muita tietoviestej\u00e4.<\/p>\n<p>Tiger-j\u00e4rjestelm\u00e4ss\u00e4 oli SIL3-luokitus, mik\u00e4 tarkoittaa, ett\u00e4 se oli eritt\u00e4in korkean turvallisuusstandardin mukainen. Tiger-j\u00e4rjestelm\u00e4\u00e4 p\u00e4ivitettiin jatkuvasti siihen pisteeseen asti, jossa alkuper\u00e4isell\u00e4 tuotteella ja uusimmalla tuotteella oli niin paljon eroja, ett\u00e4 luotiin Tiger generation 2 -j\u00e4rjestelm\u00e4. Generation 2 -j\u00e4rjestelm\u00e4 sis\u00e4lsi l\u00e4hettimi\u00e4, jotka olivat tuttuja ensimm\u00e4isest\u00e4kin sukupolvesta, mutta toisen sukupolven l\u00e4hettimiss\u00e4 oli paljon p\u00e4ivityksi\u00e4 ja parannuksia.<\/p>\n<p><a href=\"https:\/\/www.tele-radio.com\/tiger\/\">Lue lis\u00e4\u00e4 Tiger G2 j\u00e4rjestelm\u00e4st\u00e4 t\u00e4st\u00e4<\/a><\/p>\n<hr \/>\n<h2><img loading=\"lazy\" decoding=\"async\" class=\"alignright size-medium wp-image-6267\" src=\"https:\/\/www.tele-radio.com\/app\/uploads\/\/860-lion-retired-system-tele-radio-1-400x252.jpg\" alt=\"\" width=\"400\" height=\"252\" srcset=\"https:\/\/www.tele-radio.com\/app\/uploads\/860-lion-retired-system-tele-radio-1-400x252.jpg 400w, https:\/\/www.tele-radio.com\/app\/uploads\/860-lion-retired-system-tele-radio-1-500x315.jpg 500w, https:\/\/www.tele-radio.com\/app\/uploads\/860-lion-retired-system-tele-radio-1.jpg 626w\" sizes=\"auto, (max-width: 400px) 100vw, 400px\" \/>860 Lion<\/h2>\n<p>860 Lion esiteltiin vuonna 2003. Se tarjosi markkinoille uuden, teknisesti edistyneen ohjausj\u00e4rjestelm\u00e4n, joka my\u00f6s vastasi aikansa kasvaviin turvallisuusstandardeihin. Alun perin j\u00e4rjestelm\u00e4\u00e4 tarjottiin 10-painikkeisella ja 12-painikkeisella manuaalisella vastaanottimella, jossa oli 10-24 toimintarelett\u00e4. My\u00f6hemmin valikoimaan lis\u00e4ttiin ohjaussauval\u00e4hettimet.<\/p>\n<p>Aikanaan 860 Lion oli hyvin varma j\u00e4rjestelm\u00e4. Siin\u00e4 oli hyv\u00e4ksytty pys\u00e4ytystoiminto kategorian 3 ja PLd:n mukaisesti. Turvallisuusreleet valvoivat pys\u00e4ytystoimintoa.<\/p>\n<p>860 Lionissa on monia vaihtoehtoja ja sis\u00e4\u00e4nrakennettuja toimintoja standardina. Voit hallita kahta vastaanotinta, itsen\u00e4isesti tai samaan aikaan, ns. kaksoistoimintona. J\u00e4rjestelm\u00e4 l\u00e4hetti jopa 69 eri taajuudella 433-434 MHz:n taajuusv\u00e4lill\u00e4.<\/p>\n<p>J\u00e4rjestelm\u00e4\u00e4 alettiin korvata Tiger-j\u00e4rjestelm\u00e4ll\u00e4 vuosina 2010-2013 ja lopulta se poistettiin k\u00e4yt\u00f6st\u00e4 toisen sukupolven Tiger-j\u00e4rjestelm\u00e4n edest\u00e4. Se my\u00f6s t\u00e4ytti SIL3-standardin, mit\u00e4 860 Lion ei tehnyt.<\/p>\n<p><a href=\"https:\/\/www.tele-radio.com\/tiger\/\">Lue lis\u00e4\u00e4 Tiger G2 j\u00e4rjestelm\u00e4st\u00e4 t\u00e4st\u00e4<\/a><\/p>\n<hr \/>\n<h2><img loading=\"lazy\" decoding=\"async\" class=\"alignright size-medium wp-image-6268\" src=\"https:\/\/www.tele-radio.com\/app\/uploads\/\/T80-leopard-retired-system-Tele-Radio-1-400x294.jpg\" alt=\"\" width=\"400\" height=\"294\" srcset=\"https:\/\/www.tele-radio.com\/app\/uploads\/T80-leopard-retired-system-Tele-Radio-1-400x294.jpg 400w, https:\/\/www.tele-radio.com\/app\/uploads\/T80-leopard-retired-system-Tele-Radio-1-500x367.jpg 500w, https:\/\/www.tele-radio.com\/app\/uploads\/T80-leopard-retired-system-Tele-Radio-1.jpg 626w\" sizes=\"auto, (max-width: 400px) 100vw, 400px\" \/>T80 Leopard<\/h2>\n<p>T80 Leopard -j\u00e4rjestelm\u00e4 esiteltiin vuonna 2006 ja se oli vankka j\u00e4rjestelm\u00e4, jossa oli yksi l\u00e4hetin ja kaksi vastaanotinta, jotka oli tarkoitettu nosturiteollisuuden k\u00e4ytt\u00f6\u00f6n. J\u00e4rjestelm\u00e4ss\u00e4 oli hyv\u00e4ksytty pys\u00e4ytystoiminto ja se t\u00e4ytti kategorian 3 ja PLd:n turvastandardit.<\/p>\n<p>\u201cMQ\u201d-vastaanottimessa oli ohueksi suunniteltu kotelo, joka sopi erityisesti kapeisiin asennuspaikkoihin. J\u00e4rjestelm\u00e4 poistui k\u00e4yt\u00f6st\u00e4 vuoden 2012 lopussa ja sen korvasi ensisijaisesti Tiger-j\u00e4rjestelm\u00e4, jota k\u00e4ytettiin vastaaviin k\u00e4ytt\u00f6sovelluksiin.<\/p>\n<p><a href=\"https:\/\/www.tele-radio.com\/tiger\/\">Lue lis\u00e4\u00e4 Tiger G2 j\u00e4rjestelm\u00e4st\u00e4 t\u00e4st\u00e4<\/a><\/p>\n<hr \/>\n<h2><img loading=\"lazy\" decoding=\"async\" class=\"alignright size-full wp-image-6263\" src=\"https:\/\/www.tele-radio.com\/app\/uploads\/460-system-retired-tele-radio.jpg\" alt=\"460 system retired Tele Radio\" width=\"339\" height=\"339\" srcset=\"https:\/\/www.tele-radio.com\/app\/uploads\/460-system-retired-tele-radio.jpg 339w, https:\/\/www.tele-radio.com\/app\/uploads\/460-system-retired-tele-radio-150x150.jpg 150w, https:\/\/www.tele-radio.com\/app\/uploads\/460-system-retired-tele-radio-250x250.jpg 250w\" sizes=\"auto, (max-width: 339px) 100vw, 339px\" \/>460 system retired Tele Radio460 system<\/h2>\n<p>460-j\u00e4rjestelm\u00e4 julkaistiin 1990-luvun alussa ja se koostui useista l\u00e4hettimist\u00e4 ja vastaanottimista, pienimmist\u00e4 yksipainikkeisista l\u00e4hettimist\u00e4 suuriin, vankempiin kahdeksanpainikkeisiin l\u00e4hettimiin. J\u00e4rjestelm\u00e4ss\u00e4 oli useita vastaanottimia yksireleisist\u00e4 kahdeksanreleisiin vastaanottimiin. 460-tuotteet kommunikoivat 433 MHz:n taajuudella.<\/p>\n<p>460-j\u00e4rjestelm\u00e4 poistui k\u00e4yt\u00f6st\u00e4 vuonna 2006 ja sen korvasi T60-j\u00e4rjestelm\u00e4, joka oli digitaalinen analogisen edelt\u00e4j\u00e4ns\u00e4 sijaan. T60:ssa oli p\u00e4ivitettyj\u00e4 ominaisuuksia ja mahdollisuus useampiin koodeihin.<\/p>\n<p>Uudempi T60-j\u00e4rjestelm\u00e4 on yhteensopiva 460-j\u00e4rjestelm\u00e4n kanssa, ja sit\u00e4 tulisi pit\u00e4\u00e4 luonnollisena korvaajana monissa k\u00e4ytt\u00f6tarkoituksissa. Selvit\u00e4 siirtyminen T60-segmenttiin 460 -j\u00e4rjestelm\u00e4st\u00e4 <a href=\"https:\/\/www.tele-radio.com\/contact-us\/\">ottamalla yhteytt\u00e4 l\u00e4himp\u00e4\u00e4n toimittajaasi<\/a> &#8211; he vastaavat kysymyksiisi.<\/p>\n<p><a href=\"https:\/\/www.tele-radio.com\/t20-t60\/\">Tutustu T60 tuotteisiin t\u00e4st\u00e4<\/a><\/p>\n","protected":false},"excerpt":{"rendered":"<p>K\u00e4yt\u00f6st\u00e4 poistuneet tuotteet ja j\u00e4rjestelm\u00e4t T70 Jaguar T70 Jaguar -j\u00e4rjestelm\u00e4 otettiin k\u00e4ytt\u00f6\u00f6n vuonna 2007 s\u00e4hk\u00f6isten ja hydraulisten vinssien markkinoita varten. Sen hinta oli kilpailukykyinen ja se tarjosi monia etuja sisarukseensa T60:een verrattuna, esim. enemm\u00e4n toimintoja, kapeamman radiokaistan ja suuremman l\u00e4hetysalueen. T70 Jaguar poistettiin k\u00e4yt\u00f6st\u00e4 vuonna 2015 uuden Panther-j\u00e4rjestelm\u00e4n edelt\u00e4, jossa on monia parannettuja parametrej\u00e4. Lis\u00e4tietoja [&hellip;]<\/p>\n","protected":false},"author":29,"featured_media":34837,"parent":0,"menu_order":0,"comment_status":"closed","ping_status":"closed","template":"","meta":{"_acf_changed":false,"footnotes":""},"class_list":["post-6605","page","type-page","status-publish","has-post-thumbnail","hentry"],"acf":[],"_links":{"self":[{"href":"https:\/\/www.tele-radio.com\/fi\/wp-json\/wp\/v2\/pages\/6605","targetHints":{"allow":["GET"]}}],"collection":[{"href":"https:\/\/www.tele-radio.com\/fi\/wp-json\/wp\/v2\/pages"}],"about":[{"href":"https:\/\/www.tele-radio.com\/fi\/wp-json\/wp\/v2\/types\/page"}],"author":[{"embeddable":true,"href":"https:\/\/www.tele-radio.com\/fi\/wp-json\/wp\/v2\/users\/29"}],"replies":[{"embeddable":true,"href":"https:\/\/www.tele-radio.com\/fi\/wp-json\/wp\/v2\/comments?post=6605"}],"version-history":[{"count":4,"href":"https:\/\/www.tele-radio.com\/fi\/wp-json\/wp\/v2\/pages\/6605\/revisions"}],"predecessor-version":[{"id":30112,"href":"https:\/\/www.tele-radio.com\/fi\/wp-json\/wp\/v2\/pages\/6605\/revisions\/30112"}],"wp:featuredmedia":[{"embeddable":true,"href":"https:\/\/www.tele-radio.com\/fi\/wp-json\/wp\/v2\/media\/34837"}],"wp:attachment":[{"href":"https:\/\/www.tele-radio.com\/fi\/wp-json\/wp\/v2\/media?parent=6605"}],"curies":[{"name":"wp","href":"https:\/\/api.w.org\/{rel}","templated":true}]}}