{"id":6585,"date":"2018-05-13T19:29:47","date_gmt":"2018-05-13T19:29:47","guid":{"rendered":"https:\/\/www.tele-radio.com\/success-stories\/"},"modified":"2020-05-07T06:41:47","modified_gmt":"2020-05-07T06:41:47","slug":"menestystarinat","status":"publish","type":"page","link":"https:\/\/www.tele-radio.com\/fi\/menestystarinat\/","title":{"rendered":"Menestystarinat"},"content":{"rendered":"<h3>Toteutamme monta erityyppist\u00e4 projektia. Lue tapauskertomuksia alta.<\/h3>\n<table class=\" alignleft\" style=\"height: 300px; background-color: #ededed;\" width=\"953\">\n<tbody>\n<tr>\n<td><img loading=\"lazy\" decoding=\"async\" class=\"wp-image-39504 aligncenter\" src=\"https:\/\/www.tele-radio.com\/app\/uploads\/munck-2.jpg\" alt=\"\" width=\"160\" height=\"160\" srcset=\"https:\/\/www.tele-radio.com\/app\/uploads\/munck-2.jpg 800w, https:\/\/www.tele-radio.com\/app\/uploads\/munck-2-150x150.jpg 150w, https:\/\/www.tele-radio.com\/app\/uploads\/munck-2-400x400.jpg 400w, https:\/\/www.tele-radio.com\/app\/uploads\/munck-2-768x768.jpg 768w, https:\/\/www.tele-radio.com\/app\/uploads\/munck-2-250x250.jpg 250w, https:\/\/www.tele-radio.com\/app\/uploads\/munck-2-750x750.jpg 750w, https:\/\/www.tele-radio.com\/app\/uploads\/munck-2-500x500.jpg 500w\" sizes=\"auto, (max-width: 160px) 100vw, 160px\" \/><\/p>\n<p style=\"text-align: center;\"><strong>Munck Cranes A\/S<br \/>\n<\/strong>Kauko-ohjausen edell\u00e4k\u00e4vi\u00e4<br \/>\n<a href=\"https:\/\/www.tele-radio.com\/fi\/munck-cranes-a-s\/\">Lue lis\u00e4\u00e4<\/a><\/p>\n<\/td>\n<td><img loading=\"lazy\" decoding=\"async\" class=\"wp-image-39483 aligncenter\" src=\"https:\/\/www.tele-radio.com\/app\/uploads\/Thames-1.jpg\" alt=\"\" width=\"160\" height=\"160\" srcset=\"https:\/\/www.tele-radio.com\/app\/uploads\/Thames-1.jpg 800w, https:\/\/www.tele-radio.com\/app\/uploads\/Thames-1-150x150.jpg 150w, https:\/\/www.tele-radio.com\/app\/uploads\/Thames-1-400x400.jpg 400w, https:\/\/www.tele-radio.com\/app\/uploads\/Thames-1-768x768.jpg 768w, https:\/\/www.tele-radio.com\/app\/uploads\/Thames-1-250x250.jpg 250w, https:\/\/www.tele-radio.com\/app\/uploads\/Thames-1-750x750.jpg 750w, https:\/\/www.tele-radio.com\/app\/uploads\/Thames-1-500x500.jpg 500w\" sizes=\"auto, (max-width: 160px) 100vw, 160px\" \/><\/p>\n<p style=\"text-align: center;\"><strong>Thames Reinforcements Ltd<br \/>\n<\/strong>Ter\u00e4snauhan valmistaja<br \/>\n<a href=\"http:\/\/tele-radio.com\/fi\/thames-reinforcements-ltd\/\">Lue lis\u00e4\u00e4<\/a><\/p>\n<\/td>\n<td><img loading=\"lazy\" decoding=\"async\" class=\"wp-image-39462 aligncenter\" src=\"https:\/\/www.tele-radio.com\/app\/uploads\/easysilage-1.jpg\" alt=\"\" width=\"160\" height=\"160\" srcset=\"https:\/\/www.tele-radio.com\/app\/uploads\/easysilage-1.jpg 800w, https:\/\/www.tele-radio.com\/app\/uploads\/easysilage-1-150x150.jpg 150w, https:\/\/www.tele-radio.com\/app\/uploads\/easysilage-1-400x400.jpg 400w, https:\/\/www.tele-radio.com\/app\/uploads\/easysilage-1-768x768.jpg 768w, https:\/\/www.tele-radio.com\/app\/uploads\/easysilage-1-250x250.jpg 250w, https:\/\/www.tele-radio.com\/app\/uploads\/easysilage-1-750x750.jpg 750w, https:\/\/www.tele-radio.com\/app\/uploads\/easysilage-1-500x500.jpg 500w\" sizes=\"auto, (max-width: 160px) 100vw, 160px\" \/><\/p>\n<p style=\"text-align: center;\"><strong>Easy Silage BV<br \/>\n<\/strong>Rehusiilon suojausj\u00e4rjestelm\u00e4<br \/>\n<a href=\"http:\/\/tele-radio.com\/fi\/easy-silage-bv\/\">Lue lis\u00e4\u00e4<\/a><\/p>\n<\/td>\n<td><img loading=\"lazy\" decoding=\"async\" class=\" wp-image-39440 aligncenter\" src=\"https:\/\/www.tele-radio.com\/app\/uploads\/europrima-1.jpg\" alt=\"\" width=\"160\" height=\"160\" srcset=\"https:\/\/www.tele-radio.com\/app\/uploads\/europrima-1.jpg 800w, https:\/\/www.tele-radio.com\/app\/uploads\/europrima-1-150x150.jpg 150w, https:\/\/www.tele-radio.com\/app\/uploads\/europrima-1-400x400.jpg 400w, https:\/\/www.tele-radio.com\/app\/uploads\/europrima-1-768x768.jpg 768w, https:\/\/www.tele-radio.com\/app\/uploads\/europrima-1-250x250.jpg 250w, https:\/\/www.tele-radio.com\/app\/uploads\/europrima-1-750x750.jpg 750w, https:\/\/www.tele-radio.com\/app\/uploads\/europrima-1-500x500.jpg 500w\" sizes=\"auto, (max-width: 160px) 100vw, 160px\" \/><\/p>\n<p style=\"text-align: center;\"><strong>Euro Prima Doo<br \/>\n<\/strong>Yrttiveljyn asiantuntija<br \/>\n<a href=\"http:\/\/tele-radio.com\/fi\/euro-prima-doo\/\">Lue lis\u00e4\u00e4<\/a><\/p>\n<\/td>\n<\/tr>\n<\/tbody>\n<\/table>\n<p>&nbsp;<\/p>\n<p>&nbsp;<\/p>\n","protected":false},"excerpt":{"rendered":"<p>Toteutamme monta erityyppist\u00e4 projektia. Lue tapauskertomuksia alta. Munck Cranes A\/S Kauko-ohjausen edell\u00e4k\u00e4vi\u00e4 Lue lis\u00e4\u00e4 Thames Reinforcements Ltd Ter\u00e4snauhan valmistaja Lue lis\u00e4\u00e4 Easy Silage BV Rehusiilon suojausj\u00e4rjestelm\u00e4 Lue lis\u00e4\u00e4 Euro Prima Doo Yrttiveljyn asiantuntija Lue lis\u00e4\u00e4 &nbsp; &nbsp;<\/p>\n","protected":false},"author":29,"featured_media":0,"parent":0,"menu_order":0,"comment_status":"closed","ping_status":"closed","template":"","meta":{"_acf_changed":false,"footnotes":""},"class_list":["post-6585","page","type-page","status-publish","hentry"],"acf":[],"_links":{"self":[{"href":"https:\/\/www.tele-radio.com\/fi\/wp-json\/wp\/v2\/pages\/6585","targetHints":{"allow":["GET"]}}],"collection":[{"href":"https:\/\/www.tele-radio.com\/fi\/wp-json\/wp\/v2\/pages"}],"about":[{"href":"https:\/\/www.tele-radio.com\/fi\/wp-json\/wp\/v2\/types\/page"}],"author":[{"embeddable":true,"href":"https:\/\/www.tele-radio.com\/fi\/wp-json\/wp\/v2\/users\/29"}],"replies":[{"embeddable":true,"href":"https:\/\/www.tele-radio.com\/fi\/wp-json\/wp\/v2\/comments?post=6585"}],"version-history":[{"count":5,"href":"https:\/\/www.tele-radio.com\/fi\/wp-json\/wp\/v2\/pages\/6585\/revisions"}],"predecessor-version":[{"id":40145,"href":"https:\/\/www.tele-radio.com\/fi\/wp-json\/wp\/v2\/pages\/6585\/revisions\/40145"}],"wp:attachment":[{"href":"https:\/\/www.tele-radio.com\/fi\/wp-json\/wp\/v2\/media?parent=6585"}],"curies":[{"name":"wp","href":"https:\/\/api.w.org\/{rel}","templated":true}]}}