{"id":6561,"date":"2018-05-13T20:05:40","date_gmt":"2018-05-13T20:05:40","guid":{"rendered":"https:\/\/www.tele-radio.com\/munck-cranes-a-s\/"},"modified":"2020-05-05T17:53:33","modified_gmt":"2020-05-05T17:53:33","slug":"munck-cranes-a-s","status":"publish","type":"page","link":"https:\/\/www.tele-radio.com\/fi\/munck-cranes-a-s\/","title":{"rendered":"Munck Cranes A\/S"},"content":{"rendered":"<h1>Munck Cranes A\/S<\/h1>\n<p>Munck Cranes on Norjan Bergeniss\u00e4 sijaitseva nosturinvalmistaja. Sverre Munck perusti yhti\u00f6n vuonna 1924 ja aloitti kauppayhti\u00f6n\u00e4, joka myi liukuportaita, hissej\u00e4 ja k\u00f6ysinostimia. Munck-yhti\u00f6 on ollut norjalaisen vientiteollisuuden edell\u00e4k\u00e4vij\u00e4. Ensimm\u00e4inen Munck-nosturi vietiin vuonna 1948 Ruotsiin ja samana vuonna my\u00f6s Englantiin. Sen j\u00e4lkeen vienti eritt\u00e4in monille merentakaisille markkinoille nousi nopeasti.<\/p>\n<h2>Maailmanlaajuinen toimittaja<\/h2>\n<p>My\u00f6hemmin 1950- ja 1960-luvulla tyt\u00e4ryhti\u00f6t perustettiin Yhdysvalloissa, Kanadassa, Isossa-Britanniassa, Ruotsissa, Brasiliassa ja Belgiassa. Lis\u00e4ksi j\u00e4lleenmyyjien verkosto perustettiin muualle maailmaan. Nyky\u00e4\u00e4nkin Munck tekee tiivist\u00e4 yhteisty\u00f6t\u00e4 monien n\u00e4iden yritysten kanssa, vaikka niit\u00e4 hallinnoivat paikalliset omistajat. T\u00e4ll\u00e4 hetkell\u00e4 Munck Cranes toimittaa tuotteitaan maailmanlaajuisesti ja Norjan tehdas toimittaa 750 nosturia vuosittain ja muut toimittajat mukaanluettuna Munckin myynti nousee yli 1000 nosturiin.<\/p>\n<h2>Ensimm\u00e4inen kauko-ohjattu siltanosturi<\/h2>\n<p>Munck oli ensimm\u00e4inen nosturivalmistaja, joka j\u00e4tti kaapelin ohjauksen standardina nostureissaan ja korvasi sen kaukos\u00e4\u00e4timell\u00e4. Jos halusit kaapelijohdon, se piti ostaa erikseen. Kaapelin ohjauksen poistaminen oli ennenkuulumatonta teollisuudessa ja aiheutti kilpailijoiden suunnasta kritiikki\u00e4. Kun katsotaan taaksep\u00e4in, ei ole ep\u00e4ilyst\u00e4k\u00e4\u00e4n, etteik\u00f6 Munck olisi ollut teknisen edistymisen edell\u00e4k\u00e4vij\u00e4.<\/p>\n<blockquote><p>\u201cK\u00e4yt\u00e4mme Tele Radioa sen erinomaisen palvelu- ja tukiorganisaation takia, mik\u00e4 on meille ja liiketoiminnallemme eritt\u00e4in t\u00e4rke\u00e4\u00e4.\u201d<\/p><\/blockquote>\n<p>Sanoo Rune Wab\u00f8, Managing Director at Munck Cranes.<\/p>\n","protected":false},"excerpt":{"rendered":"<p>Munck Cranes A\/S Munck Cranes on Norjan Bergeniss\u00e4 sijaitseva nosturinvalmistaja. Sverre Munck perusti yhti\u00f6n vuonna 1924 ja aloitti kauppayhti\u00f6n\u00e4, joka myi liukuportaita, hissej\u00e4 ja k\u00f6ysinostimia. Munck-yhti\u00f6 on ollut norjalaisen vientiteollisuuden edell\u00e4k\u00e4vij\u00e4. Ensimm\u00e4inen Munck-nosturi vietiin vuonna 1948 Ruotsiin ja samana vuonna my\u00f6s Englantiin. Sen j\u00e4lkeen vienti eritt\u00e4in monille merentakaisille markkinoille nousi nopeasti. Maailmanlaajuinen toimittaja My\u00f6hemmin 1950- [&hellip;]<\/p>\n","protected":false},"author":29,"featured_media":9715,"parent":0,"menu_order":0,"comment_status":"closed","ping_status":"closed","template":"","meta":{"_acf_changed":false,"footnotes":""},"class_list":["post-6561","page","type-page","status-publish","has-post-thumbnail","hentry"],"acf":[],"_links":{"self":[{"href":"https:\/\/www.tele-radio.com\/fi\/wp-json\/wp\/v2\/pages\/6561","targetHints":{"allow":["GET"]}}],"collection":[{"href":"https:\/\/www.tele-radio.com\/fi\/wp-json\/wp\/v2\/pages"}],"about":[{"href":"https:\/\/www.tele-radio.com\/fi\/wp-json\/wp\/v2\/types\/page"}],"author":[{"embeddable":true,"href":"https:\/\/www.tele-radio.com\/fi\/wp-json\/wp\/v2\/users\/29"}],"replies":[{"embeddable":true,"href":"https:\/\/www.tele-radio.com\/fi\/wp-json\/wp\/v2\/comments?post=6561"}],"version-history":[{"count":3,"href":"https:\/\/www.tele-radio.com\/fi\/wp-json\/wp\/v2\/pages\/6561\/revisions"}],"predecessor-version":[{"id":30101,"href":"https:\/\/www.tele-radio.com\/fi\/wp-json\/wp\/v2\/pages\/6561\/revisions\/30101"}],"wp:featuredmedia":[{"embeddable":true,"href":"https:\/\/www.tele-radio.com\/fi\/wp-json\/wp\/v2\/media\/9715"}],"wp:attachment":[{"href":"https:\/\/www.tele-radio.com\/fi\/wp-json\/wp\/v2\/media?parent=6561"}],"curies":[{"name":"wp","href":"https:\/\/api.w.org\/{rel}","templated":true}]}}