{"id":6537,"date":"2018-05-14T06:12:23","date_gmt":"2018-05-14T06:12:23","guid":{"rendered":"https:\/\/www.tele-radio.com\/thames-reinforcements-ltd\/"},"modified":"2020-10-12T11:12:10","modified_gmt":"2020-10-12T11:12:10","slug":"thames-reinforcements-ltd","status":"publish","type":"page","link":"https:\/\/www.tele-radio.com\/fi\/thames-reinforcements-ltd\/","title":{"rendered":"Thames Reinforcements Ltd"},"content":{"rendered":"<h1>Kilpailun korvaaminen<\/h1>\n<p>Thames Reinforcements Oy:lla on tehdas Sheernessiss\u00e4, Kentiss\u00e4, joka on rakennettu yksinomaan ter\u00e4snauhan valmistukseen. Tehtaan kapasiteetti on 1500 tonnia CARES-hyv\u00e4ksytty\u00e4 leikkaus- ja taivutettua ter\u00e4svahvistusta viikoittain. Thames aloitti kilpailijan kaukos\u00e4\u00e4timell\u00e4, mutta he oppivat kantap\u00e4\u00e4n kautta, ett\u00e4 ter\u00e4ksentuotannon ankara ilmasto vaatii kauko-ohjaimelta todella paljon. Huomattuaan, ett\u00e4 kaukos\u00e4\u00e4timet kestiv\u00e4t vain yhden kuukauden ajan, he alkoivat etsi\u00e4 korvaavaa. He p\u00e4\u00e4ttiv\u00e4t antaa Tele Radiolle mahdollisuuden ja asensivat Tiger-j\u00e4rjestelm\u00e4n nostureihinsa. He valitsivat Tiger T9-1 -l\u00e4hettimen ja k\u00e4yttiv\u00e4t kahta l\u00e4hetint\u00e4 jokaisella nosturilla 24 tunnin vuoroty\u00f6ss\u00e4. Tehtaalla on yhteens\u00e4 kolme nosturia, joista jokaisella on Tiger-j\u00e4rjestelm\u00e4.<\/p>\n<p>Vuoden kuluttua 24 tunnin p\u00e4ivien j\u00e4lkeen vain kaksi l\u00e4hetint\u00e4 oli vaihdettu. Nosturit on korvattu ja siirretty Nottinghamin tehtaalle, jossa j\u00e4rjestelm\u00e4t toimivat moitteettomasti. Kentin tehtaalle asennettiin uudet Demag-nosturit, jotka tulivat Demagin omilla kauko-ohjaimilla. Vain kuukauden k\u00e4yt\u00f6n j\u00e4lkeen ensimm\u00e4inen ohjain rikkoutui mik\u00e4 sai huoltop\u00e4\u00e4llik\u00f6n, Tomasz Fraczekin, pyyt\u00e4m\u00e4\u00e4n Tele Radiota korvaamaan Demag-radiot Tele Radion j\u00e4rjestelmill\u00e4.<\/p>\n<p>&#8220;Tele-radion kaukos\u00e4\u00e4timet pystyv\u00e4t k\u00e4sittelem\u00e4\u00e4n iskuja rikkoutumatta ja akunkesto on vaikuttava.&#8221;<\/p>\n<p>T\u00e4ll\u00e4 kertaa Tele Radio asensi Panther-j\u00e4rjestelm\u00e4n, jossa on irrotettavat ja ladattavat akut, jotta toimintaa voidaan jatkaa keskeytyksett\u00e4. L\u00e4hettimien akut kest\u00e4v\u00e4t yli 100 tuntia kerrallaan, mihin muut eiv\u00e4t yll\u00e4 l\u00e4hellek\u00e4\u00e4n. N\u00e4m\u00e4 j\u00e4rjestelm\u00e4t ovat nyt olleet k\u00e4yt\u00f6ss\u00e4 kolme kuukautta moitteetta.<\/p>\n<p>Voit lukea my\u00f6s <a href=\"https:\/\/www.tele-radio.com\/munck-cranes-a-s\/\">Munck Cranes:sta<\/a> ja miksi he k\u00e4ytt\u00e4v\u00e4t Tele Radion tuotteita.<\/p>\n","protected":false},"excerpt":{"rendered":"<p>Kilpailun korvaaminen Thames Reinforcements Oy:lla on tehdas Sheernessiss\u00e4, Kentiss\u00e4, joka on rakennettu yksinomaan ter\u00e4snauhan valmistukseen. Tehtaan kapasiteetti on 1500 tonnia CARES-hyv\u00e4ksytty\u00e4 leikkaus- ja taivutettua ter\u00e4svahvistusta viikoittain. Thames aloitti kilpailijan kaukos\u00e4\u00e4timell\u00e4, mutta he oppivat kantap\u00e4\u00e4n kautta, ett\u00e4 ter\u00e4ksentuotannon ankara ilmasto vaatii kauko-ohjaimelta todella paljon. Huomattuaan, ett\u00e4 kaukos\u00e4\u00e4timet kestiv\u00e4t vain yhden kuukauden ajan, he alkoivat etsi\u00e4 korvaavaa. [&hellip;]<\/p>\n","protected":false},"author":29,"featured_media":9751,"parent":0,"menu_order":0,"comment_status":"closed","ping_status":"closed","template":"","meta":{"_acf_changed":false,"footnotes":""},"class_list":["post-6537","page","type-page","status-publish","has-post-thumbnail","hentry"],"acf":[],"_links":{"self":[{"href":"https:\/\/www.tele-radio.com\/fi\/wp-json\/wp\/v2\/pages\/6537","targetHints":{"allow":["GET"]}}],"collection":[{"href":"https:\/\/www.tele-radio.com\/fi\/wp-json\/wp\/v2\/pages"}],"about":[{"href":"https:\/\/www.tele-radio.com\/fi\/wp-json\/wp\/v2\/types\/page"}],"author":[{"embeddable":true,"href":"https:\/\/www.tele-radio.com\/fi\/wp-json\/wp\/v2\/users\/29"}],"replies":[{"embeddable":true,"href":"https:\/\/www.tele-radio.com\/fi\/wp-json\/wp\/v2\/comments?post=6537"}],"version-history":[{"count":2,"href":"https:\/\/www.tele-radio.com\/fi\/wp-json\/wp\/v2\/pages\/6537\/revisions"}],"predecessor-version":[{"id":30102,"href":"https:\/\/www.tele-radio.com\/fi\/wp-json\/wp\/v2\/pages\/6537\/revisions\/30102"}],"wp:featuredmedia":[{"embeddable":true,"href":"https:\/\/www.tele-radio.com\/fi\/wp-json\/wp\/v2\/media\/9751"}],"wp:attachment":[{"href":"https:\/\/www.tele-radio.com\/fi\/wp-json\/wp\/v2\/media?parent=6537"}],"curies":[{"name":"wp","href":"https:\/\/api.w.org\/{rel}","templated":true}]}}