{"id":6513,"date":"2018-05-14T06:20:21","date_gmt":"2018-05-14T06:20:21","guid":{"rendered":"https:\/\/www.tele-radio.com\/easy-silage\/"},"modified":"2020-05-05T18:02:34","modified_gmt":"2020-05-05T18:02:34","slug":"easy-silage-bv","status":"publish","type":"page","link":"https:\/\/www.tele-radio.com\/fi\/easy-silage-bv\/","title":{"rendered":"Easy Silage BV"},"content":{"rendered":"<h1>Rehusiilon suojausj\u00e4rjestelm\u00e4<\/h1>\n<p>Easy Silage BV on erikoistunut rehus\u00e4ili\u00f6iden peitt\u00e4miseen. Yritys sijaitsee Dearsumissa Frieslandin provinssin keskustassa, joka tunnetaan Alankomaiden maitovalmistajana.<\/p>\n<h2>Valmistettu sopivaksi<\/h2>\n<p>Easy Silage -suojaj\u00e4rjestelm\u00e4t soveltuvat jopa 100 metri\u00e4 pitkille ja 25 metri\u00e4 leveille rehusiiloille. Toimintoa ohjataan et\u00e4yhteyden kautta Tele Radion Panther-kaukos\u00e4\u00e4dinj\u00e4rjestelm\u00e4st\u00e4. Koska kaikki tilat toimivat omalla tavallaan, peitej\u00e4rjestelm\u00e4t tehd\u00e4\u00e4n r\u00e4\u00e4t\u00e4l\u00f6idyiksi ratkaisuiksi. Perustana on ratkaisun kolme osaa ovat raidej\u00e4rjestelm\u00e4st\u00e4, vinssij\u00e4rjestelm\u00e4st\u00e4 ja porttij\u00e4rjestelm\u00e4st\u00e4.<\/p>\n<h2>Joustava j\u00e4rjestelm\u00e4<\/h2>\n<p>Kisko- ja vinssij\u00e4rjestelm\u00e4t sopivat l\u00e4hes kaikkiin olemassa oleviin siiloihin. Koneella, jossa on vieritysmekanismi, kulkee kanavaa pitkin. Vastaanotinyksikk\u00f6 on asennettu siilon sein\u00e4\u00e4n. Vinssij\u00e4rjestelm\u00e4\u00e4 voidaan k\u00e4ytt\u00e4\u00e4 useisiin siiloihin erityisen suunnitellun yhteyspisteen ansiosta. Traktorin tai teleskooppikoneen avulla k\u00e4ytt\u00e4j\u00e4 voi helposti siirt\u00e4\u00e4 peitekoneen yhdest\u00e4 siilosta toiseen.<\/p>\n<h2>Kiinte\u00e4n ohjauspaneelin vaihtaminen<\/h2>\n<p>Asiakas siirtyi kiinteist\u00e4 komennoista kaukos\u00e4\u00e4timiin, koska se tarjoaa k\u00e4ytt\u00e4j\u00e4lle paremman kuvan toiminnasta, joka muuten olisi osittain j\u00e4\u00e4nyt peittoon sielt\u00e4 mist\u00e4 alkuper\u00e4iset ohjaimet on asennettu. Tele Radio BV toimittaa v\u00e4hint\u00e4\u00e4n 40 j\u00e4rjestelm\u00e4\u00e4 Easy Silage BV: lle vuosittain.<\/p>\n","protected":false},"excerpt":{"rendered":"<p>Rehusiilon suojausj\u00e4rjestelm\u00e4 Easy Silage BV on erikoistunut rehus\u00e4ili\u00f6iden peitt\u00e4miseen. Yritys sijaitsee Dearsumissa Frieslandin provinssin keskustassa, joka tunnetaan Alankomaiden maitovalmistajana. Valmistettu sopivaksi Easy Silage -suojaj\u00e4rjestelm\u00e4t soveltuvat jopa 100 metri\u00e4 pitkille ja 25 metri\u00e4 leveille rehusiiloille. Toimintoa ohjataan et\u00e4yhteyden kautta Tele Radion Panther-kaukos\u00e4\u00e4dinj\u00e4rjestelm\u00e4st\u00e4. Koska kaikki tilat toimivat omalla tavallaan, peitej\u00e4rjestelm\u00e4t tehd\u00e4\u00e4n r\u00e4\u00e4t\u00e4l\u00f6idyiksi ratkaisuiksi. Perustana on ratkaisun kolme [&hellip;]<\/p>\n","protected":false},"author":29,"featured_media":9787,"parent":0,"menu_order":0,"comment_status":"closed","ping_status":"closed","template":"","meta":{"_acf_changed":false,"footnotes":""},"class_list":["post-6513","page","type-page","status-publish","has-post-thumbnail","hentry"],"acf":[],"_links":{"self":[{"href":"https:\/\/www.tele-radio.com\/fi\/wp-json\/wp\/v2\/pages\/6513","targetHints":{"allow":["GET"]}}],"collection":[{"href":"https:\/\/www.tele-radio.com\/fi\/wp-json\/wp\/v2\/pages"}],"about":[{"href":"https:\/\/www.tele-radio.com\/fi\/wp-json\/wp\/v2\/types\/page"}],"author":[{"embeddable":true,"href":"https:\/\/www.tele-radio.com\/fi\/wp-json\/wp\/v2\/users\/29"}],"replies":[{"embeddable":true,"href":"https:\/\/www.tele-radio.com\/fi\/wp-json\/wp\/v2\/comments?post=6513"}],"version-history":[{"count":6,"href":"https:\/\/www.tele-radio.com\/fi\/wp-json\/wp\/v2\/pages\/6513\/revisions"}],"predecessor-version":[{"id":30103,"href":"https:\/\/www.tele-radio.com\/fi\/wp-json\/wp\/v2\/pages\/6513\/revisions\/30103"}],"wp:featuredmedia":[{"embeddable":true,"href":"https:\/\/www.tele-radio.com\/fi\/wp-json\/wp\/v2\/media\/9787"}],"wp:attachment":[{"href":"https:\/\/www.tele-radio.com\/fi\/wp-json\/wp\/v2\/media?parent=6513"}],"curies":[{"name":"wp","href":"https:\/\/api.w.org\/{rel}","templated":true}]}}