{"id":6489,"date":"2018-05-14T09:08:21","date_gmt":"2018-05-14T09:08:21","guid":{"rendered":"https:\/\/www.tele-radio.com\/euro-prima-doo\/"},"modified":"2020-05-05T17:55:36","modified_gmt":"2020-05-05T17:55:36","slug":"euro-prima-doo","status":"publish","type":"page","link":"https:\/\/www.tele-radio.com\/fi\/euro-prima-doo\/","title":{"rendered":"Euro Prima doo"},"content":{"rendered":"<h1>Erikoistunut yrttiviljelij\u00e4<\/h1>\n<p>Euro Prima on serbialainen sadonkorjuukoneiden toimittaja, joka on erikoistunut sadonkorjuun hoitamiseen ja yrtteihin kuten rosmariiniin, minttuun, sitruunaruohoon, persiljaan ja moneen muuhun. Yhti\u00f6 sijaitsee Novi Sadissa Serbiassa ja sill\u00e4 on asiakkaita 50 maassa ymp\u00e4ri maailmaa.<\/p>\n<h2>Parempi ratkaisu Tele Radiolta<\/h2>\n<p>Kuvassa n\u00e4kyy Harvester-Mower NB 2005 V, joka nimi tarkoittaa sadonkorjuun yksikk\u00f6\u00e4, joka on valmistettu kamomillalle, mintulle ja muille yrteille. Se kulkee kasvien yl\u00e4puolella traktorin vet\u00e4m\u00e4n\u00e4, erottaen kukat varsista, mutta s\u00e4\u00e4st\u00e4en suurimman osan kasvista.<\/p>\n<p>Yrityksell\u00e4 ja sen asiakkailla oli ongelmia, jotka tekiv\u00e4t koneiden k\u00e4ytt\u00e4misest\u00e4 hankalaa langallisilla j\u00e4rjestelmill\u00e4. Tele Radion kauko-ohjausj\u00e4rjestelm\u00e4n avulla pystyy helposti ohjaamaan ker\u00e4int\u00e4 ilman tarvetta poistua traktorin ilmastoiduista hytist\u00e4 kuumalle pellolle.<\/p>\n<p>T\u00e4h\u00e4n ratkaisuun asiakas osti PN-T19-2-l\u00e4hettimell\u00e4 ja PN-R8-3-vastaanottimella koostuvan Panther-j\u00e4rjestelm\u00e4n. Asennus tarjoaa interlocking-ryhmitt\u00e4misen, joka sammuttaa yhden toiminnon toisen k\u00e4ynnistyksen aikana. T\u00e4m\u00e4 ratkaisu helpotti asiakkaan ty\u00f6skentely\u00e4 ja osoittautui my\u00f6s eritt\u00e4in helpoksi asentaa.<\/p>\n","protected":false},"excerpt":{"rendered":"<p>Erikoistunut yrttiviljelij\u00e4 Euro Prima on serbialainen sadonkorjuukoneiden toimittaja, joka on erikoistunut sadonkorjuun hoitamiseen ja yrtteihin kuten rosmariiniin, minttuun, sitruunaruohoon, persiljaan ja moneen muuhun. Yhti\u00f6 sijaitsee Novi Sadissa Serbiassa ja sill\u00e4 on asiakkaita 50 maassa ymp\u00e4ri maailmaa. Parempi ratkaisu Tele Radiolta Kuvassa n\u00e4kyy Harvester-Mower NB 2005 V, joka nimi tarkoittaa sadonkorjuun yksikk\u00f6\u00e4, joka on valmistettu kamomillalle, [&hellip;]<\/p>\n","protected":false},"author":29,"featured_media":9823,"parent":0,"menu_order":0,"comment_status":"closed","ping_status":"closed","template":"","meta":{"_acf_changed":false,"footnotes":""},"class_list":["post-6489","page","type-page","status-publish","has-post-thumbnail","hentry"],"acf":[],"_links":{"self":[{"href":"https:\/\/www.tele-radio.com\/fi\/wp-json\/wp\/v2\/pages\/6489","targetHints":{"allow":["GET"]}}],"collection":[{"href":"https:\/\/www.tele-radio.com\/fi\/wp-json\/wp\/v2\/pages"}],"about":[{"href":"https:\/\/www.tele-radio.com\/fi\/wp-json\/wp\/v2\/types\/page"}],"author":[{"embeddable":true,"href":"https:\/\/www.tele-radio.com\/fi\/wp-json\/wp\/v2\/users\/29"}],"replies":[{"embeddable":true,"href":"https:\/\/www.tele-radio.com\/fi\/wp-json\/wp\/v2\/comments?post=6489"}],"version-history":[{"count":3,"href":"https:\/\/www.tele-radio.com\/fi\/wp-json\/wp\/v2\/pages\/6489\/revisions"}],"predecessor-version":[{"id":30104,"href":"https:\/\/www.tele-radio.com\/fi\/wp-json\/wp\/v2\/pages\/6489\/revisions\/30104"}],"wp:featuredmedia":[{"embeddable":true,"href":"https:\/\/www.tele-radio.com\/fi\/wp-json\/wp\/v2\/media\/9823"}],"wp:attachment":[{"href":"https:\/\/www.tele-radio.com\/fi\/wp-json\/wp\/v2\/media?parent=6489"}],"curies":[{"name":"wp","href":"https:\/\/api.w.org\/{rel}","templated":true}]}}