{"id":6382,"date":"2018-05-10T13:37:16","date_gmt":"2018-05-10T13:37:16","guid":{"rendered":"https:\/\/www.tele-radio.com\/ethical-standards\/"},"modified":"2020-05-05T18:03:56","modified_gmt":"2020-05-05T18:03:56","slug":"eettiset-normit","status":"publish","type":"page","link":"https:\/\/www.tele-radio.com\/fi\/eettiset-normit\/","title":{"rendered":"Eettiset normit"},"content":{"rendered":"<h1>Eettiset normit<\/h1>\n<h2>Tele Radio noudattaa sosiaali- ja ymp\u00e4rist\u00f6standardeja<\/h2>\n<p>Tele Radio uskoo ymp\u00e4rist\u00f6n suojelemiseen ja kannustaa j\u00e4temateriaalien v\u00e4hent\u00e4miseen, uudelleenk\u00e4ytt\u00f6\u00f6n ja kierr\u00e4tykseen. Tele Radio rohkaisee j\u00e4lleenmyyji\u00e4 v\u00e4hent\u00e4m\u00e4\u00e4n ylim\u00e4\u00e4r\u00e4isi\u00e4 pakkauksia kierr\u00e4tettyjen ja myrkytt\u00f6mien materiaalien avulla aina kun se on mahdollista. P\u00e4\u00e4st\u00f6j\u00e4 on v\u00e4hennett\u00e4v\u00e4 tuotantoketjun jokaisessa vaiheessa ymp\u00e4rist\u00f6vahinkojen minimoimiseksi ja kehit\u00e4mme suunnitelmia siit\u00e4, miten p\u00e4\u00e4st\u00f6jen riski\u00e4 tulevaisuudessa pienennet\u00e4\u00e4n edelleen.<\/p>\n<h2>Turvallinen ty\u00f6paikkaymp\u00e4rist\u00f6<\/h2>\n<p>Tele Radio yll\u00e4pit\u00e4\u00e4 turvallista, puhdasta, terveellist\u00e4 ja tuottavaa ymp\u00e4rist\u00f6\u00e4 yhteisty\u00f6kumppaneilleen ja odottaa samaa toimittajakumppaniltaan. Toimittajakumppanien on toimitettava ty\u00f6ntekij\u00f6ille turvalliset ja terveet ty\u00f6olot. Tele Radio -tuotteiden tai -tuotteiden kanssa toimivien tehtaiden on tarjottava riitt\u00e4v\u00e4t l\u00e4\u00e4ketieteelliset laitteet, h\u00e4t\u00e4ulosk\u00e4ynnit, turvalaitteet, hyvin valaistut ja mukavat ty\u00f6asemat ja puhtaat WC-tilat. Tele Radio ei hyv\u00e4ksy yhteisty\u00f6kumppanikseen yht\u00e4\u00e4n yrityst\u00e4, joka tarjoaa ep\u00e4terveellist\u00e4 tai vaarallista ty\u00f6ymp\u00e4rist\u00f6\u00e4 tai k\u00e4ytt\u00e4\u00e4 henkist\u00e4 tai fyysist\u00e4 kurinpidollista k\u00e4yt\u00e4nt\u00f6\u00e4.<\/p>\n<h2>Syrjint\u00e4\u00e4 vastaan<\/h2>\n<p>Tele Radio tunnistaa kulttuuriset erot ja standardit eri maissa; Tele Radio uskoo kuitenkin, ett\u00e4 ty\u00f6suhteen ehtojen on perustuttava yksil\u00f6n kykyyn hoitaa ty\u00f6t\u00e4, ei henkil\u00f6kohtaisten piirteiden tai uskomusten perusteella. Tele Radio vaatii itse\u00e4\u00e4n ja myyj\u00e4kumppaneita yll\u00e4pit\u00e4m\u00e4\u00e4n ihmisoikeuksien perusperiaatteita eik\u00e4 syrjit\u00e4 ty\u00f6ntekij\u00f6it\u00e4 rodun, v\u00e4rin, kansallisen alkuper\u00e4n, sukupuolen, uskonnon, vammaisuuden, seksuaalisen suuntautumisen tai poliittisen mielipiteen perusteella.<\/p>\n<h2>Lapsity\u00f6voimaa ei hyv\u00e4ksyt\u00e4<\/h2>\n<p>Tele Radio ei hyv\u00e4ksy lapsity\u00f6voiman k\u00e4ytt\u00f6\u00e4 sellaisten tuotteiden suunnittelussa tai valmistuksessa, joita se ostaa tai myy. Tele Radio ei hyv\u00e4ksy toimittajakumppaneiden tuotteita, jotka k\u00e4ytt\u00e4v\u00e4t mink\u00e4\u00e4nlaista lapsity\u00f6voimaa alihankintaan tai muihin suhteisiin tuotteidensa valmistuksessa.<\/p>\n<h2>Lue t\u00e4ydelliset k\u00e4yt\u00e4nnes\u00e4\u00e4nn\u00f6t (Code of Conduct)<\/h2>\n<p><a href=\"https:\/\/api.tele-radio.com\/api\/files\/1990\">T\u00e4ydelliset k\u00e4yt\u00e4nnes\u00e4\u00e4nn\u00f6t ovat n\u00e4ht\u00e4viss\u00e4 t\u00e4\u00e4ll\u00e4.<\/a><\/p>\n<h2>WWF<\/h2>\n<p>Tiikereiden m\u00e4\u00e4r\u00e4 oli 1900-luvulla yli 100 000 ja se laski 4000: een 1970-luvulla. Nyky\u00e4\u00e4n ne ovat kriittisesti uhanalaisia lajeja, joiden kaikkien viiden j\u00e4ljell\u00e4 olevan alalajin (Bengal, Indo-Chinese, Siperian, Etel\u00e4-Kiinassa ja Sumatran) luonnonvaraisten populaatioiden kokonaism\u00e4\u00e4r\u00e4 on arvioitu olevan noin 3900 tiikeri\u00e4. Tiedet\u00e4\u00e4n, ett\u00e4 kaikki j\u00e4ljell\u00e4 olevat tiikerit el\u00e4v\u00e4t pieniss\u00e4, eristetyiss\u00e4 populaatioissa laajalti hajallaan olevissa reservaateissa. Tiikereiden suurin m\u00e4\u00e4r\u00e4 yhdess\u00e4 reservaatissa on noin 215.<br \/>\nTele Radio -ohjelmassa tuemme maailmanlaajuista luonnonsuojelua (WWF) ja sen pyrkimyksi\u00e4 s\u00e4ilytt\u00e4\u00e4 tiikerit. Tiikereiden m\u00e4\u00e4r\u00e4 kasvaa hitaasti WWF:n ahkerilla ponnisteluilla. Koska tiikeri on n\u00e4kyv\u00e4sti markkinoinnissa ja on yksi j\u00e4rjestelm\u00e4mme nimi; me ajattelemme, ett\u00e4 on luonnollista, ett\u00e4 otamme osuutta sen suojelutoimiin.<\/p>\n<p><img loading=\"lazy\" decoding=\"async\" class=\"aligncenter size-full wp-image-6302\" src=\"\" alt=\"Tele Radio supports WWF\" width=\"1200\" height=\"555\" \/><\/p>\n","protected":false},"excerpt":{"rendered":"<p>Eettiset normit Tele Radio noudattaa sosiaali- ja ymp\u00e4rist\u00f6standardeja Tele Radio uskoo ymp\u00e4rist\u00f6n suojelemiseen ja kannustaa j\u00e4temateriaalien v\u00e4hent\u00e4miseen, uudelleenk\u00e4ytt\u00f6\u00f6n ja kierr\u00e4tykseen. Tele Radio rohkaisee j\u00e4lleenmyyji\u00e4 v\u00e4hent\u00e4m\u00e4\u00e4n ylim\u00e4\u00e4r\u00e4isi\u00e4 pakkauksia kierr\u00e4tettyjen ja myrkytt\u00f6mien materiaalien avulla aina kun se on mahdollista. P\u00e4\u00e4st\u00f6j\u00e4 on v\u00e4hennett\u00e4v\u00e4 tuotantoketjun jokaisessa vaiheessa ymp\u00e4rist\u00f6vahinkojen minimoimiseksi ja kehit\u00e4mme suunnitelmia siit\u00e4, miten p\u00e4\u00e4st\u00f6jen riski\u00e4 tulevaisuudessa pienennet\u00e4\u00e4n edelleen. [&hellip;]<\/p>\n","protected":false},"author":29,"featured_media":9697,"parent":0,"menu_order":0,"comment_status":"closed","ping_status":"closed","template":"","meta":{"_acf_changed":false,"footnotes":""},"class_list":["post-6382","page","type-page","status-publish","has-post-thumbnail","hentry"],"acf":[],"_links":{"self":[{"href":"https:\/\/www.tele-radio.com\/fi\/wp-json\/wp\/v2\/pages\/6382","targetHints":{"allow":["GET"]}}],"collection":[{"href":"https:\/\/www.tele-radio.com\/fi\/wp-json\/wp\/v2\/pages"}],"about":[{"href":"https:\/\/www.tele-radio.com\/fi\/wp-json\/wp\/v2\/types\/page"}],"author":[{"embeddable":true,"href":"https:\/\/www.tele-radio.com\/fi\/wp-json\/wp\/v2\/users\/29"}],"replies":[{"embeddable":true,"href":"https:\/\/www.tele-radio.com\/fi\/wp-json\/wp\/v2\/comments?post=6382"}],"version-history":[{"count":2,"href":"https:\/\/www.tele-radio.com\/fi\/wp-json\/wp\/v2\/pages\/6382\/revisions"}],"predecessor-version":[{"id":8278,"href":"https:\/\/www.tele-radio.com\/fi\/wp-json\/wp\/v2\/pages\/6382\/revisions\/8278"}],"wp:featuredmedia":[{"embeddable":true,"href":"https:\/\/www.tele-radio.com\/fi\/wp-json\/wp\/v2\/media\/9697"}],"wp:attachment":[{"href":"https:\/\/www.tele-radio.com\/fi\/wp-json\/wp\/v2\/media?parent=6382"}],"curies":[{"name":"wp","href":"https:\/\/api.w.org\/{rel}","templated":true}]}}