{"id":6363,"date":"2018-05-10T13:37:03","date_gmt":"2018-05-10T13:37:03","guid":{"rendered":"https:\/\/www.tele-radio.com\/iso-certifications\/"},"modified":"2020-05-07T07:09:40","modified_gmt":"2020-05-07T07:09:40","slug":"iso-sertifiointi","status":"publish","type":"page","link":"https:\/\/www.tele-radio.com\/fi\/iso-sertifiointi\/","title":{"rendered":"ISO sertifiointi"},"content":{"rendered":"<h1>Tele Radio on ISO sertifioitu yritys<\/h1>\n<p>Tele Radio AB on sertifioitu ISO 9001 -laatuj\u00e4rjestelm\u00e4n ja ISO 14001 -ymp\u00e4rist\u00f6j\u00e4rjestelm\u00e4n mukaisesti. T\u00e4m\u00e4 tarkoittaa sit\u00e4, ett\u00e4 voit luottaa toimintaamme ja tiet\u00e4mykseemme ty\u00f6ss\u00e4mme, jossa pyrimme jatkuvasti v\u00e4ltt\u00e4m\u00e4\u00e4n virheiden toistamista. K\u00e4yt\u00e4mme mahdollisimman ymp\u00e4rist\u00f6yst\u00e4v\u00e4llisi\u00e4 materiaaleja ja k\u00e4yt\u00e4mme parhaita kuljetusv\u00e4lineit\u00e4 ja rahtikuljetuksia ymp\u00e4rist\u00f6n kannalta.<\/p>\n<h2>ISO 9001<\/h2>\n<p>Johtamisj\u00e4rjestelmien ISO 9001 sertifikaatin t\u00e4rkeimm\u00e4t osat ovat laatu, vastuu, resurssit, tuotekehitys sek\u00e4 mittaus, analysointi ja toiminnan parantaminen.<br \/>\n<a href=\"https:\/\/api.tele-radio.com\/api\/files\/1986\">Lataa ISO 9001 sertifikaatti<\/a><\/p>\n<p><a href=\"https:\/\/api.tele-radio.com\/api\/files\/1986\"><img loading=\"lazy\" decoding=\"async\" class=\"aligncenter wp-image-6297 size-full\" src=\"https:\/\/www.tele-radio.com\/app\/uploads\/ISO9001.jpg\" alt=\"ISO9001 Tele Radio\" width=\"1200\" height=\"519\" srcset=\"https:\/\/www.tele-radio.com\/app\/uploads\/ISO9001.jpg 1200w, https:\/\/www.tele-radio.com\/app\/uploads\/ISO9001-400x173.jpg 400w, https:\/\/www.tele-radio.com\/app\/uploads\/ISO9001-768x332.jpg 768w, https:\/\/www.tele-radio.com\/app\/uploads\/ISO9001-750x324.jpg 750w, https:\/\/www.tele-radio.com\/app\/uploads\/ISO9001-500x216.jpg 500w, https:\/\/www.tele-radio.com\/app\/uploads\/ISO9001-800x346.jpg 800w\" sizes=\"auto, (max-width: 1200px) 100vw, 1200px\" \/><\/a><\/p>\n<h2>ISO 14001<\/h2>\n<p>ISO 14001 vaatii, ett\u00e4 otamme vastuun saastumisen est\u00e4misest\u00e4 ja ett\u00e4 yhti\u00f6n johto ottaa t\u00e4yden vastuun parantaa toimintaansa vuosi vuodelta. R&amp;D-toiminnassamme olemme asettaneet tavoitteemme niin, ett\u00e4 tuotteemme t\u00e4ytt\u00e4v\u00e4t REACH- ja RoHS-standardit. REACH on Euroopan unionin asetus, jonka tarkoituksena on parantaa ihmisten terveyden ja ymp\u00e4rist\u00f6n suojelua kemikaalien aiheuttamilta riskeilt\u00e4 ja parantaa samalla EU:n kemianteollisuuden kilpailukyky\u00e4.<br \/>\n<a href=\"https:\/\/api.tele-radio.com\/api\/files\/1987\">Lataa ISO 14001 sertifikaatti<\/a><\/p>\n<p><a href=\"https:\/\/api.tele-radio.com\/api\/files\/1987\"><img loading=\"lazy\" decoding=\"async\" class=\"aligncenter wp-image-6298 size-full\" src=\"https:\/\/www.tele-radio.com\/app\/uploads\/ISO14001.jpg\" alt=\"ISO14001 Tele Radio\" width=\"1200\" height=\"555\" srcset=\"https:\/\/www.tele-radio.com\/app\/uploads\/ISO14001.jpg 1200w, https:\/\/www.tele-radio.com\/app\/uploads\/ISO14001-400x185.jpg 400w, https:\/\/www.tele-radio.com\/app\/uploads\/ISO14001-768x355.jpg 768w, https:\/\/www.tele-radio.com\/app\/uploads\/ISO14001-750x347.jpg 750w, https:\/\/www.tele-radio.com\/app\/uploads\/ISO14001-500x231.jpg 500w, https:\/\/www.tele-radio.com\/app\/uploads\/ISO14001-800x370.jpg 800w\" sizes=\"auto, (max-width: 1200px) 100vw, 1200px\" \/><\/a><\/p>\n<p>Vaarallisten aineiden rajoitus Direktiivi 2002\/95 \/ EY, RoHS lyhyesti, kuvaa tiettyjen vaarallisten aineiden k\u00e4yt\u00f6n rajoittamista s\u00e4hk\u00f6- ja elektroniikkalaitteissa.<\/p>\n","protected":false},"excerpt":{"rendered":"<p>Tele Radio on ISO sertifioitu yritys Tele Radio AB on sertifioitu ISO 9001 -laatuj\u00e4rjestelm\u00e4n ja ISO 14001 -ymp\u00e4rist\u00f6j\u00e4rjestelm\u00e4n mukaisesti. T\u00e4m\u00e4 tarkoittaa sit\u00e4, ett\u00e4 voit luottaa toimintaamme ja tiet\u00e4mykseemme ty\u00f6ss\u00e4mme, jossa pyrimme jatkuvasti v\u00e4ltt\u00e4m\u00e4\u00e4n virheiden toistamista. K\u00e4yt\u00e4mme mahdollisimman ymp\u00e4rist\u00f6yst\u00e4v\u00e4llisi\u00e4 materiaaleja ja k\u00e4yt\u00e4mme parhaita kuljetusv\u00e4lineit\u00e4 ja rahtikuljetuksia ymp\u00e4rist\u00f6n kannalta. ISO 9001 Johtamisj\u00e4rjestelmien ISO 9001 sertifikaatin t\u00e4rkeimm\u00e4t osat [&hellip;]<\/p>\n","protected":false},"author":29,"featured_media":9679,"parent":0,"menu_order":0,"comment_status":"closed","ping_status":"closed","template":"","meta":{"_acf_changed":false,"footnotes":""},"class_list":["post-6363","page","type-page","status-publish","has-post-thumbnail","hentry"],"acf":[],"_links":{"self":[{"href":"https:\/\/www.tele-radio.com\/fi\/wp-json\/wp\/v2\/pages\/6363","targetHints":{"allow":["GET"]}}],"collection":[{"href":"https:\/\/www.tele-radio.com\/fi\/wp-json\/wp\/v2\/pages"}],"about":[{"href":"https:\/\/www.tele-radio.com\/fi\/wp-json\/wp\/v2\/types\/page"}],"author":[{"embeddable":true,"href":"https:\/\/www.tele-radio.com\/fi\/wp-json\/wp\/v2\/users\/29"}],"replies":[{"embeddable":true,"href":"https:\/\/www.tele-radio.com\/fi\/wp-json\/wp\/v2\/comments?post=6363"}],"version-history":[{"count":2,"href":"https:\/\/www.tele-radio.com\/fi\/wp-json\/wp\/v2\/pages\/6363\/revisions"}],"predecessor-version":[{"id":8284,"href":"https:\/\/www.tele-radio.com\/fi\/wp-json\/wp\/v2\/pages\/6363\/revisions\/8284"}],"wp:featuredmedia":[{"embeddable":true,"href":"https:\/\/www.tele-radio.com\/fi\/wp-json\/wp\/v2\/media\/9679"}],"wp:attachment":[{"href":"https:\/\/www.tele-radio.com\/fi\/wp-json\/wp\/v2\/media?parent=6363"}],"curies":[{"name":"wp","href":"https:\/\/api.w.org\/{rel}","templated":true}]}}