{"id":6344,"date":"2018-05-10T13:36:49","date_gmt":"2018-05-10T13:36:49","guid":{"rendered":"https:\/\/www.tele-radio.com\/specialized-production\/"},"modified":"2020-12-10T12:10:45","modified_gmt":"2020-12-10T12:10:45","slug":"raatalointi","status":"publish","type":"page","link":"https:\/\/www.tele-radio.com\/fi\/raatalointi\/","title":{"rendered":"Asiakaskohtaiset ratkaisut"},"content":{"rendered":"<h1>Asiakkaan tarpeet keskipisteess\u00e4<\/h1>\n<p>Me Tele Radiolla uskomme, ett\u00e4 takaamme asiakkaan tyytyv\u00e4isyyden r\u00e4\u00e4t\u00e4l\u00f6im\u00e4ll\u00e4 tuotteen asiakkaan toiveiden mukaisesti, eik\u00e4 p\u00e4invastoin. T\u00e4t\u00e4 varten meill\u00e4 on joukko teknisi\u00e4 tukihenkil\u00f6it\u00e4, jotka ty\u00f6skentelev\u00e4t vain n\u00e4iden ratkaisujen kehitt\u00e4misess\u00e4. Asiakkaalla voi olla erityinen ohjelmistoratkaisu sovelluksen hallitsemiseksi ainutlaatuisella tavalla tai sitten meid\u00e4n laitteistomallinnusratkaisu tarvitsee sopeutumista. Toisinaan tilanne voi olla sellainen, ett\u00e4 ratkaisu vaatii molempien tapojen yhdist\u00e4mist\u00e4.<\/p>\n<p>Toimitamme my\u00f6s usein <a href=\"https:\/\/www.tele-radio.com\/fi\/raataloidyt-kalvot\/\">r\u00e4\u00e4t\u00e4l\u00f6ityj\u00e4 kalvoja ja etulevyj\u00e4<\/a> asiakkaidemme suunnittelemaan oman tuotekuvauksensa mukaisesti. Riippumatta siit\u00e4, mit\u00e4 asiakkaiden tarpeet saattavat olla, yrit\u00e4mme l\u00f6yt\u00e4\u00e4 ratkaisun, joka on kustannustehokas ja ratkaisee asiakkaiden ongelmat.<\/p>\n<p><img loading=\"lazy\" decoding=\"async\" class=\"aligncenter size-full wp-image-6294\" src=\"https:\/\/www.tele-radio.com\/app\/uploads\/customer-foil.jpg\" alt=\"Customer using Tele Radio remote with custom foil\" width=\"1200\" height=\"495\" srcset=\"https:\/\/www.tele-radio.com\/app\/uploads\/customer-foil.jpg 1200w, https:\/\/www.tele-radio.com\/app\/uploads\/customer-foil-400x165.jpg 400w, https:\/\/www.tele-radio.com\/app\/uploads\/customer-foil-768x317.jpg 768w, https:\/\/www.tele-radio.com\/app\/uploads\/customer-foil-750x309.jpg 750w, https:\/\/www.tele-radio.com\/app\/uploads\/customer-foil-500x206.jpg 500w, https:\/\/www.tele-radio.com\/app\/uploads\/customer-foil-800x330.jpg 800w\" sizes=\"auto, (max-width: 1200px) 100vw, 1200px\" \/><\/p>\n<h2>Ohjelmisto vai laitteisto?<\/h2>\n<p>Projektien monimutkaisuus voi vaihdella. Yksinkertaisimmat ja nopeimmat projektit ovat yleens\u00e4 ohjelmistoihin liittyvi\u00e4. Aika asiakkaan suunnitelmasta valmiiseen ohjelmistoon on vain muutamia p\u00e4ivi\u00e4. 90% kaikista r\u00e4\u00e4t\u00e4l\u00f6intiprojekteista ovat pelkki\u00e4 ohjelmistomuutoksia.<\/p>\n<p>Tarjoamme my\u00f6s ratkaisuja monimutkaisempia sovelluksia varten. N\u00e4m\u00e4 hankkeet koskevat yleens\u00e4 sek\u00e4 ohjelmisto- ett\u00e4 laitteistomuutoksia ja tarjoavat asiakkaalle eritt\u00e4in ainutlaatuisen ratkaisun. Hankkeita k\u00e4sitell\u00e4\u00e4n paljon samalla tavalla, mutta joillain lis\u00e4tyill\u00e4 ominaisuuksilla varmistaen, ett\u00e4 kaikki toimii moitteetta ja asiakkaan odotusten mukaisesti. Teemme useita satoja r\u00e4\u00e4t\u00e4l\u00f6ityj\u00e4 projekteja vuosittain.<\/p>\n<p><img loading=\"lazy\" decoding=\"async\" class=\"aligncenter size-full wp-image-6293\" src=\"https:\/\/www.tele-radio.com\/app\/uploads\/custom_remotes_from_Tele_Radio.jpg\" alt=\"Custom remote control being milled | Tele Radio\" width=\"1200\" height=\"499\" srcset=\"https:\/\/www.tele-radio.com\/app\/uploads\/custom_remotes_from_Tele_Radio.jpg 1200w, https:\/\/www.tele-radio.com\/app\/uploads\/custom_remotes_from_Tele_Radio-400x166.jpg 400w, https:\/\/www.tele-radio.com\/app\/uploads\/custom_remotes_from_Tele_Radio-768x319.jpg 768w, https:\/\/www.tele-radio.com\/app\/uploads\/custom_remotes_from_Tele_Radio-750x312.jpg 750w, https:\/\/www.tele-radio.com\/app\/uploads\/custom_remotes_from_Tele_Radio-500x208.jpg 500w, https:\/\/www.tele-radio.com\/app\/uploads\/custom_remotes_from_Tele_Radio-800x333.jpg 800w\" sizes=\"auto, (max-width: 1200px) 100vw, 1200px\" \/><\/p>\n<h2>Olet ainutlaatuinen<\/h2>\n<p>Tied\u00e4mme, ett\u00e4 asiakkaidemme sovellukset ovat usein ainutlaatuisia, emmek\u00e4 usko, ett\u00e4 on olemassa yksi tuote, joka t\u00e4ytt\u00e4\u00e4 kaikki tarpeet. Haluamme olla yhteydess\u00e4 asiakkaisiimme ja yll\u00e4pit\u00e4\u00e4 asiakassuhdetta. Tele Radion mielest\u00e4 t\u00e4m\u00e4 on molempia osapuolia hy\u00f6dytt\u00e4v\u00e4 l\u00e4hestymistapa. Se my\u00f6s tuo meid\u00e4t l\u00e4hemm\u00e4ksi asiakasta ja antaa meille mahdollisuuden ymm\u00e4rt\u00e4\u00e4 paremmin ja vuorostaan antaa meille mahdollisuuden kehitt\u00e4\u00e4 parempia tuotteita. Se on win-win-tilanne kaikille.<\/p>\n","protected":false},"excerpt":{"rendered":"<p>Asiakkaan tarpeet keskipisteess\u00e4 Me Tele Radiolla uskomme, ett\u00e4 takaamme asiakkaan tyytyv\u00e4isyyden r\u00e4\u00e4t\u00e4l\u00f6im\u00e4ll\u00e4 tuotteen asiakkaan toiveiden mukaisesti, eik\u00e4 p\u00e4invastoin. T\u00e4t\u00e4 varten meill\u00e4 on joukko teknisi\u00e4 tukihenkil\u00f6it\u00e4, jotka ty\u00f6skentelev\u00e4t vain n\u00e4iden ratkaisujen kehitt\u00e4misess\u00e4. Asiakkaalla voi olla erityinen ohjelmistoratkaisu sovelluksen hallitsemiseksi ainutlaatuisella tavalla tai sitten meid\u00e4n laitteistomallinnusratkaisu tarvitsee sopeutumista. Toisinaan tilanne voi olla sellainen, ett\u00e4 ratkaisu vaatii molempien [&hellip;]<\/p>\n","protected":false},"author":29,"featured_media":11785,"parent":0,"menu_order":0,"comment_status":"closed","ping_status":"closed","template":"","meta":{"_acf_changed":false,"footnotes":""},"class_list":["post-6344","page","type-page","status-publish","has-post-thumbnail","hentry"],"acf":[],"_links":{"self":[{"href":"https:\/\/www.tele-radio.com\/fi\/wp-json\/wp\/v2\/pages\/6344","targetHints":{"allow":["GET"]}}],"collection":[{"href":"https:\/\/www.tele-radio.com\/fi\/wp-json\/wp\/v2\/pages"}],"about":[{"href":"https:\/\/www.tele-radio.com\/fi\/wp-json\/wp\/v2\/types\/page"}],"author":[{"embeddable":true,"href":"https:\/\/www.tele-radio.com\/fi\/wp-json\/wp\/v2\/users\/29"}],"replies":[{"embeddable":true,"href":"https:\/\/www.tele-radio.com\/fi\/wp-json\/wp\/v2\/comments?post=6344"}],"version-history":[{"count":13,"href":"https:\/\/www.tele-radio.com\/fi\/wp-json\/wp\/v2\/pages\/6344\/revisions"}],"predecessor-version":[{"id":56419,"href":"https:\/\/www.tele-radio.com\/fi\/wp-json\/wp\/v2\/pages\/6344\/revisions\/56419"}],"wp:featuredmedia":[{"embeddable":true,"href":"https:\/\/www.tele-radio.com\/fi\/wp-json\/wp\/v2\/media\/11785"}],"wp:attachment":[{"href":"https:\/\/www.tele-radio.com\/fi\/wp-json\/wp\/v2\/media?parent=6344"}],"curies":[{"name":"wp","href":"https:\/\/api.w.org\/{rel}","templated":true}]}}