{"id":6325,"date":"2018-05-10T13:36:29","date_gmt":"2018-05-10T13:36:29","guid":{"rendered":"https:\/\/www.tele-radio.com\/why-remote-control\/"},"modified":"2020-05-07T06:59:56","modified_gmt":"2020-05-07T06:59:56","slug":"turvalliset-kauko-ohjaimet","status":"publish","type":"page","link":"https:\/\/www.tele-radio.com\/fi\/turvalliset-kauko-ohjaimet\/","title":{"rendered":"Turvalliset kauko-ohjaimet"},"content":{"rendered":"<h1>Miksi kauko-ohjaus?<\/h1>\n<h2>K\u00e4tev\u00e4 mutta my\u00f6s turvallinen<\/h2>\n<p>Langaton kaukos\u00e4\u00e4din on turvallisuuden ja mukavuuden kannalta keskeinen j\u00e4rjestelm\u00e4 ty\u00f6koneen ohjaamiseksi. Yksi sen ilmeisist\u00e4 eduista on se, ettei k\u00e4ytt\u00e4j\u00e4n tarvitse k\u00e4vell\u00e4 edestakaisin koneen ja ohjauspaikan v\u00e4lill\u00e4. N\u00e4in ty\u00f6konetta voi ohjata haluamastaan sijainnista kaapelien rajoitteiden sijaan. Langaton kauko-ohjain ei my\u00f6sk\u00e4\u00e4n ole tiell\u00e4si samalla tavoin, kuin kaapelij\u00e4rjestelm\u00e4 olisi. Kaapeli heikent\u00e4\u00e4 ty\u00f6t\u00e4 ja aiheuttaa turvallisuus- ja kompastumisvaaran. Se on my\u00f6s altis korroosiolle ja muille vaurioille. Ty\u00f6p\u00e4iv\u00e4n keskelle osuva kaapelin korjaus voi olla kallista ja aikaa viev\u00e4\u00e4, puhumattakaan siit\u00e4, tapahtuuko se normaalin ty\u00f6ajan ulkopuolella. Tuotantotilan kustannukset on syyt\u00e4 ottaa my\u00f6s huomioon, mitk\u00e4 monissa tapauksissa saattavat olla paljon enemm\u00e4n kuin korjauskustannukset.<\/p>\n<p><img loading=\"lazy\" decoding=\"async\" class=\"size-full wp-image-6288 aligncenter\" src=\"https:\/\/www.tele-radio.com\/app\/uploads\/eot_lifting.jpg\" alt=\"crane operator using Tele Radio remote\" width=\"1200\" height=\"515\" srcset=\"https:\/\/www.tele-radio.com\/app\/uploads\/eot_lifting.jpg 1200w, https:\/\/www.tele-radio.com\/app\/uploads\/eot_lifting-400x172.jpg 400w, https:\/\/www.tele-radio.com\/app\/uploads\/eot_lifting-768x330.jpg 768w, https:\/\/www.tele-radio.com\/app\/uploads\/eot_lifting-750x322.jpg 750w, https:\/\/www.tele-radio.com\/app\/uploads\/eot_lifting-500x215.jpg 500w, https:\/\/www.tele-radio.com\/app\/uploads\/eot_lifting-800x343.jpg 800w\" sizes=\"auto, (max-width: 1200px) 100vw, 1200px\" \/><\/p>\n<h2>Toiminnallista vapautta ja mielenrauhaa<\/h2>\n<p>Langattomalla kauko-ohjaimella saat t\u00e4ydellisen liikkumavapauden puristimen, puunleikkuukoneen, korkeapainepumpun tai nostolaitteiston k\u00e4yt\u00f6ss\u00e4 koska h\u00e4t\u00e4pys\u00e4ytys on aina ulottuvilla. Langaton kaukos\u00e4\u00e4din v\u00e4hent\u00e4\u00e4 merkitt\u00e4v\u00e4sti ty\u00f6paikalla syntyvi\u00e4 riskej\u00e4. Tele Radio asettaa monia turvaominaisuuksia. Varmistamme korkeimpien teollisuusstandardien avulla sen, ett\u00e4 j\u00e4rjestelm\u00e4mme toimii my\u00f6s kovimmissa olosuhteissa. J\u00e4rjestelm\u00e4t, joilla on korkeimmat turvallisuusvaatimukset, on sertifioitu SIL3:lle, PLd:lle tai PLe:lle. N\u00e4iss\u00e4 j\u00e4rjestelmiss\u00e4 on turvareleit\u00e4, jotka toimivat samanaikaisesti varmistaaksesi, ett\u00e4 pid\u00e4t koneesi hallinnan aina turvallisella tasolla.<\/p>\n<p><img loading=\"lazy\" decoding=\"async\" class=\"size-full wp-image-6287 aligncenter\" src=\"https:\/\/www.tele-radio.com\/app\/uploads\/tow.jpg\" alt=\"Towing a car with radop remote control from Tele Radio\" width=\"1200\" height=\"612\" srcset=\"https:\/\/www.tele-radio.com\/app\/uploads\/tow.jpg 1200w, https:\/\/www.tele-radio.com\/app\/uploads\/tow-400x204.jpg 400w, https:\/\/www.tele-radio.com\/app\/uploads\/tow-768x392.jpg 768w, https:\/\/www.tele-radio.com\/app\/uploads\/tow-750x383.jpg 750w, https:\/\/www.tele-radio.com\/app\/uploads\/tow-500x255.jpg 500w, https:\/\/www.tele-radio.com\/app\/uploads\/tow-800x408.jpg 800w\" sizes=\"auto, (max-width: 1200px) 100vw, 1200px\" \/><\/p>\n<h2>Kuinka kauko-ohjain on todella turvallisempi kuin kaapeliohjaimet<\/h2>\n<p>Jokainen kone ja siihen liittyv\u00e4 toiminta aiheuttaa virheellisen k\u00e4yt\u00f6n riskin. Langattomalla kaukos\u00e4\u00e4timell\u00e4 on kuitenkin runsaasti etuja perinteiseen kaapeliratkaisuun verrattuna. Edell\u00e4 mainittujen etujen lis\u00e4ksi j\u00e4rjestelmiss\u00e4mme on erilaiset turvaominaisuudet, kuten esimerkiksi s\u00e4\u00e4dett\u00e4v\u00e4 \u201cdonitsi\u201d -alue. L\u00e4hettimeen voidaan asettaa erityinen ty\u00f6alue, johon toiminta saa ulottua. Esimerkiksi ei koneen v\u00e4litt\u00f6m\u00e4ss\u00e4 l\u00e4heisyydess\u00e4 \u2013 miss\u00e4 se on vaarallista \u2013 mutta ei liian kaukana, jos k\u00e4ytt\u00e4j\u00e4ll\u00e4 ei ole riitt\u00e4v\u00e4\u00e4 n\u00e4kyvyytt\u00e4. Langallisen ratkaisun avulla t\u00e4llainen toiminto on vaikeaa, ellei mahdotonta saavuttaa.<br \/>\nL\u00e4hettimemme k\u00e4ytt\u00e4v\u00e4t ainutlaatuista avainkoodia, joka l\u00e4hetet\u00e4\u00e4n omalla ohjelmistollaan. T\u00e4m\u00e4 est\u00e4\u00e4 sen, ettei laitetta ohjata luvattomalla l\u00e4hettimell\u00e4 tai ett\u00e4 signaali p\u00e4\u00e4sisi keskeytym\u00e4\u00e4n. Itse k\u00e4ynnistysproseduuri voidaan varmistaa pin-koodilla ja \/ tai l\u00e4heisyys-ilmaisulla.<\/p>\n<h2><img loading=\"lazy\" decoding=\"async\" class=\"alignleft wp-image-9679\" src=\"https:\/\/www.tele-radio.com\/app\/uploads\/Certified.jpg\" alt=\"\" width=\"200\" height=\"200\" srcset=\"https:\/\/www.tele-radio.com\/app\/uploads\/Certified.jpg 800w, https:\/\/www.tele-radio.com\/app\/uploads\/Certified-150x150.jpg 150w, https:\/\/www.tele-radio.com\/app\/uploads\/Certified-400x400.jpg 400w, https:\/\/www.tele-radio.com\/app\/uploads\/Certified-768x768.jpg 768w, https:\/\/www.tele-radio.com\/app\/uploads\/Certified-250x250.jpg 250w, https:\/\/www.tele-radio.com\/app\/uploads\/Certified-750x750.jpg 750w, https:\/\/www.tele-radio.com\/app\/uploads\/Certified-500x500.jpg 500w\" sizes=\"auto, (max-width: 200px) 100vw, 200px\" \/><\/h2>\n<h2>Testaus ja sertifiointi<\/h2>\n<p>95 prosentissa tapauksista koneiden ja komponenttien toimittajat suorittavat itse pakollisten turvamerkint\u00f6jen ja ilmoitusten tarkastukset. Mutta miss\u00e4 m\u00e4\u00e4rin valmistaja on tosiasiallisesti suorittanut testit ja analyysit vaatimusten mukaisesti, j\u00e4\u00e4 loppuk\u00e4ytt\u00e4j\u00e4lle usein ep\u00e4selv\u00e4ksi.<br \/>\nTele Radio on tietoinen siit\u00e4, ett\u00e4 sen l\u00e4hettimi\u00e4 ja vastaanottimia k\u00e4ytet\u00e4\u00e4n kriittisiss\u00e4 paikoissa. Korkeimman turvallisuustason takaamiseksi riippumaton tarkastuslaitos tarkastaa tuotteet itsen\u00e4isesti. Tarvittavat todistukset ovat aina saatavilla. K\u00e4ytt\u00e4j\u00e4n pit\u00e4\u00e4 voida olla 100% varma Tele Radion tuotteiden turvallisuudesta.<\/p>\n","protected":false},"excerpt":{"rendered":"<p>Miksi kauko-ohjaus? K\u00e4tev\u00e4 mutta my\u00f6s turvallinen Langaton kaukos\u00e4\u00e4din on turvallisuuden ja mukavuuden kannalta keskeinen j\u00e4rjestelm\u00e4 ty\u00f6koneen ohjaamiseksi. Yksi sen ilmeisist\u00e4 eduista on se, ettei k\u00e4ytt\u00e4j\u00e4n tarvitse k\u00e4vell\u00e4 edestakaisin koneen ja ohjauspaikan v\u00e4lill\u00e4. N\u00e4in ty\u00f6konetta voi ohjata haluamastaan sijainnista kaapelien rajoitteiden sijaan. Langaton kauko-ohjain ei my\u00f6sk\u00e4\u00e4n ole tiell\u00e4si samalla tavoin, kuin kaapelij\u00e4rjestelm\u00e4 olisi. Kaapeli heikent\u00e4\u00e4 ty\u00f6t\u00e4 [&hellip;]<\/p>\n","protected":false},"author":29,"featured_media":120749,"parent":0,"menu_order":0,"comment_status":"closed","ping_status":"closed","template":"","meta":{"_acf_changed":false,"footnotes":""},"class_list":["post-6325","page","type-page","status-publish","has-post-thumbnail","hentry"],"acf":[],"_links":{"self":[{"href":"https:\/\/www.tele-radio.com\/fi\/wp-json\/wp\/v2\/pages\/6325","targetHints":{"allow":["GET"]}}],"collection":[{"href":"https:\/\/www.tele-radio.com\/fi\/wp-json\/wp\/v2\/pages"}],"about":[{"href":"https:\/\/www.tele-radio.com\/fi\/wp-json\/wp\/v2\/types\/page"}],"author":[{"embeddable":true,"href":"https:\/\/www.tele-radio.com\/fi\/wp-json\/wp\/v2\/users\/29"}],"replies":[{"embeddable":true,"href":"https:\/\/www.tele-radio.com\/fi\/wp-json\/wp\/v2\/comments?post=6325"}],"version-history":[{"count":4,"href":"https:\/\/www.tele-radio.com\/fi\/wp-json\/wp\/v2\/pages\/6325\/revisions"}],"predecessor-version":[{"id":40146,"href":"https:\/\/www.tele-radio.com\/fi\/wp-json\/wp\/v2\/pages\/6325\/revisions\/40146"}],"wp:featuredmedia":[{"embeddable":true,"href":"https:\/\/www.tele-radio.com\/fi\/wp-json\/wp\/v2\/media\/120749"}],"wp:attachment":[{"href":"https:\/\/www.tele-radio.com\/fi\/wp-json\/wp\/v2\/media?parent=6325"}],"curies":[{"name":"wp","href":"https:\/\/api.w.org\/{rel}","templated":true}]}}