{"id":5704,"date":"2018-05-04T14:47:03","date_gmt":"2018-05-04T14:47:03","guid":{"rendered":"https:\/\/www.tele-radio.com\/about-us\/"},"modified":"2020-05-06T17:37:50","modified_gmt":"2020-05-06T17:37:50","slug":"tietoa-meista","status":"publish","type":"page","link":"https:\/\/www.tele-radio.com\/fi\/tietoa-meista\/","title":{"rendered":"Tietoa meist\u00e4"},"content":{"rendered":"<h1>Yli 60 vuoden kokemus kauko-ohjainj\u00e4rjestelmien kehityksest\u00e4.<\/h1>\n<h6>Tele Radio kehitt\u00e4\u00e4, valmistaa ja markkinoi turvallisia radio-ohjausj\u00e4rjestelmi\u00e4 teolliseen k\u00e4ytt\u00f6\u00f6n. Yritys on perustettu Ruotsissa vuonna 1955 ja on sittemmin kehittynyt laajaksi ryhm\u00e4ksi nimelt\u00e4\u00e4n Tele Radio Group. P\u00e4\u00e4konttori sijaitsee Askimiss\u00e4 aivan G\u00f6teborgin ulkopuolella Ruotsissa. Euroopassa on useita tyt\u00e4ryhti\u00f6it\u00e4 sek\u00e4 Yhdysvalloissa, Australiassa ja Aasiassa. Tyt\u00e4ryhti\u00f6idemme lis\u00e4ksi toimimme my\u00f6s j\u00e4lleenmyyjien ja yhteisty\u00f6kumppaneiden kanssa ymp\u00e4ri maailmaa.<\/h6>\n<h2>Oma tuotekehitys<\/h2>\n<p>Teemme itse kaiken oman tuotekehityksemme. Yli 60 vuoden kokemuksella meill\u00e4 on vankka tiet\u00e4mys ja kokemus radiol\u00e4hetysj\u00e4rjestelmist\u00e4. Tavoitteenamme on tuottaa langattomien laitteiden ohjausta ja konekielisi\u00e4 ratkaisuja, teknologioita ja palveluita, joissa luotettavuus ja turvallisuus ovat keskeisi\u00e4 ratkaisevia tekij\u00f6it\u00e4. Tarkoituksenamme on saavuttaa n\u00e4m\u00e4 tavoitteet sitouttamalla kaikki ty\u00f6ntekij\u00e4mme osaksi prosessia ja ottamaan vastuun omasta ty\u00f6panoksestaan. Tavoitteenamme on tarjota asiakkaillemme ratkaisuja, jotka lis\u00e4\u00e4v\u00e4t yrityksesi arvoa ja tarjoavat samalla moitteettoman tuen, kun tarvitset sit\u00e4.<\/p>\n<blockquote><p><em>\u201cK\u00e4yt\u00e4mme Tele Radiota sen erinomaisen palvelu- ja tukiorganisaation takia, mik\u00e4 on meille ja liiketoimintamme kannalta eritt\u00e4in t\u00e4rke\u00e4\u00e4.\u201d<\/em><\/p>\n<p><em>-Rune Wab\u00f8, johtaja, Munck Cranes.<\/em><\/p><\/blockquote>\n<p>Meill\u00e4 on laaja valikoima tuotteita, pienist\u00e4 l\u00e4hettimist\u00e4 isompiin joystick-ohjaimiin. Jos tuote ei sovellu tarkoitukseenne suoraan, voimme tarjota r\u00e4\u00e4t\u00e4l\u00f6ityj\u00e4 ratkaisuja tarpeiden mukaan. Haluamme tarjota jotain, joka parantaa ty\u00f6skentelytapoja. Uskomme my\u00f6s pitk\u00e4aikaiseen asiakassuhteen rakentamiseen ja haluamme, ett\u00e4 tuotteemme lis\u00e4\u00e4v\u00e4t arvoa ty\u00f6p\u00e4iv\u00e4\u00e4si.<\/p>\n<h2>Turvalliset kauko-ohjaimet<\/h2>\n<p>Turvallisuus on meille ensisijaisen t\u00e4rke\u00e4\u00e4 ja ruotsalaisena yrityksen\u00e4 se on osa meit\u00e4. Kehit\u00e4mme tuotteitamme jatkuvasti, jotta tuotteemme ovat mahdollisimman turvallisia. Hankkimiemme sertifikaattien avulla voimme vakuuttaa t\u00e4m\u00e4n my\u00f6s asiakkaillemme.<\/p>\n<p>Kuten arvata saattaa, tuotteemme eiv\u00e4t ole ainoastaan turvallisia, vaan ne ovat my\u00f6s eritt\u00e4in kest\u00e4vi\u00e4. Tied\u00e4mme, ett\u00e4 ohjaimet tulevat silloin t\u00e4ll\u00f6in pudotetuiksi, yliajetuiksi ja kastuvat. T\u00e4m\u00e4 onkin otettu huomioon suunnittelussa, koska tuotteemme ovat tarkoitettu k\u00e4ytett\u00e4viksi.<\/p>\n<blockquote><p>\u201cTele Radion tuotteet kest\u00e4v\u00e4t hyvin iskuja ja akun kesto on vaikuttava.\u201d<\/p>\n<p>-Tomasz Fraczek, maintenance manager, Thames Reinforcements Ltd.<\/p><\/blockquote>\n<h2>Me v\u00e4lit\u00e4mme<\/h2>\n<p>Olemme yritys, joka v\u00e4litt\u00e4\u00e4 ymp\u00e4rist\u00f6st\u00e4. Toimimme ymp\u00e4ri maailmaa ja k\u00e4yt\u00e4mme sen resursseja tuotteidemme rakentamiseen. Maapallon ilmasto ja planeettamme hyvinvointi ovat meille t\u00e4rkeit\u00e4 ja otamme haasteet vakavasti. Tele Radio on siksi sertifioitu ISO 14001 -standardin mukaan. ISO 14001 vaatii, ett\u00e4 otamme vastuun saastuttamisen est\u00e4misest\u00e4 ja ett\u00e4 yhti\u00f6n johto ottaa t\u00e4yden vastuun parantaa toimintaansa vuosi vuodelta.<\/p>\n<p>Hiilidioksidip\u00e4\u00e4st\u00f6jen v\u00e4hent\u00e4minen tehokkaamman kuljetuksen avulla on meille t\u00e4rke\u00e4\u00e4. Rajoitamme haitallisten kemikaalien ja elementtien k\u00e4ytt\u00f6\u00e4 tuotteissamme sek\u00e4 asiakkaidemme ett\u00e4 ymp\u00e4rist\u00f6n suojelemiseksi.<\/p>\n<p>Lahjoitamme rahaa WWF:lle vuosittain uhanalaisen tiikerin s\u00e4ilytt\u00e4miseksi. Koska tiikeri on n\u00e4kyv\u00e4sti markkinoinnissa ja on yksi j\u00e4rjestelm\u00e4mme nimi, on luonnollista, ett\u00e4 teemme osuutemme suojelutoimista.<\/p>\n","protected":false},"excerpt":{"rendered":"<p>Yli 60 vuoden kokemus kauko-ohjainj\u00e4rjestelmien kehityksest\u00e4. Tele Radio kehitt\u00e4\u00e4, valmistaa ja markkinoi turvallisia radio-ohjausj\u00e4rjestelmi\u00e4 teolliseen k\u00e4ytt\u00f6\u00f6n. Yritys on perustettu Ruotsissa vuonna 1955 ja on sittemmin kehittynyt laajaksi ryhm\u00e4ksi nimelt\u00e4\u00e4n Tele Radio Group. P\u00e4\u00e4konttori sijaitsee Askimiss\u00e4 aivan G\u00f6teborgin ulkopuolella Ruotsissa. Euroopassa on useita tyt\u00e4ryhti\u00f6it\u00e4 sek\u00e4 Yhdysvalloissa, Australiassa ja Aasiassa. Tyt\u00e4ryhti\u00f6idemme lis\u00e4ksi toimimme my\u00f6s j\u00e4lleenmyyjien ja yhteisty\u00f6kumppaneiden [&hellip;]<\/p>\n","protected":false},"author":1,"featured_media":27238,"parent":0,"menu_order":0,"comment_status":"closed","ping_status":"closed","template":"","meta":{"_acf_changed":false,"footnotes":""},"class_list":["post-5704","page","type-page","status-publish","has-post-thumbnail","hentry"],"acf":[],"_links":{"self":[{"href":"https:\/\/www.tele-radio.com\/fi\/wp-json\/wp\/v2\/pages\/5704","targetHints":{"allow":["GET"]}}],"collection":[{"href":"https:\/\/www.tele-radio.com\/fi\/wp-json\/wp\/v2\/pages"}],"about":[{"href":"https:\/\/www.tele-radio.com\/fi\/wp-json\/wp\/v2\/types\/page"}],"author":[{"embeddable":true,"href":"https:\/\/www.tele-radio.com\/fi\/wp-json\/wp\/v2\/users\/1"}],"replies":[{"embeddable":true,"href":"https:\/\/www.tele-radio.com\/fi\/wp-json\/wp\/v2\/comments?post=5704"}],"version-history":[{"count":20,"href":"https:\/\/www.tele-radio.com\/fi\/wp-json\/wp\/v2\/pages\/5704\/revisions"}],"predecessor-version":[{"id":39425,"href":"https:\/\/www.tele-radio.com\/fi\/wp-json\/wp\/v2\/pages\/5704\/revisions\/39425"}],"wp:featuredmedia":[{"embeddable":true,"href":"https:\/\/www.tele-radio.com\/fi\/wp-json\/wp\/v2\/media\/27238"}],"wp:attachment":[{"href":"https:\/\/www.tele-radio.com\/fi\/wp-json\/wp\/v2\/media?parent=5704"}],"curies":[{"name":"wp","href":"https:\/\/api.w.org\/{rel}","templated":true}]}}