{"id":5590,"date":"2018-05-09T09:41:58","date_gmt":"2018-05-09T09:41:58","guid":{"rendered":"https:\/\/www.tele-radio.com\/downloads\/"},"modified":"2020-05-05T17:58:48","modified_gmt":"2020-05-05T17:58:48","slug":"lataukset","status":"publish","type":"page","link":"https:\/\/www.tele-radio.com\/fi\/tuki\/lataukset\/","title":{"rendered":"Lataukset"},"content":{"rendered":"<h6>T\u00e4m\u00e4 on Tele Radion ohjelmiston latauskirjasto, josta voit ladata asennusohjeet, sertifikaatit ja paljon muuta. Jotkin tiedostot on suojattu salasanalla, <a href=\"\/fi\/contact-us\/\">ota yhteys<\/a> paikalliseen j\u00e4lleenmyyj\u00e4\u00e4n saadaksesi salasanan.<\/h6>\n<h2>Etsitk\u00f6 vanhempia j\u00e4rjestelmi\u00e4?<\/h2>\n<p>Meill\u00e4 on saatavilla my\u00f6s vanhempien j\u00e4rjestelmien tietoja. L\u00f6yd\u00e4 j\u00e4rjestelm\u00e4si alla ja siirry haluamiisi asiakirjoihin.<\/p>\n<p>&nbsp;<\/p>\n","protected":false},"excerpt":{"rendered":"<p>T\u00e4m\u00e4 on Tele Radion ohjelmiston latauskirjasto, josta voit ladata asennusohjeet, sertifikaatit ja paljon muuta. Jotkin tiedostot on suojattu salasanalla, ota yhteys paikalliseen j\u00e4lleenmyyj\u00e4\u00e4n saadaksesi salasanan. Etsitk\u00f6 vanhempia j\u00e4rjestelmi\u00e4? Meill\u00e4 on saatavilla my\u00f6s vanhempien j\u00e4rjestelmien tietoja. L\u00f6yd\u00e4 j\u00e4rjestelm\u00e4si alla ja siirry haluamiisi asiakirjoihin. &nbsp;<\/p>\n","protected":false},"author":1,"featured_media":39390,"parent":6997,"menu_order":0,"comment_status":"closed","ping_status":"closed","template":"page-templates\/downloads.php","meta":{"_acf_changed":false,"footnotes":""},"class_list":["post-5590","page","type-page","status-publish","has-post-thumbnail","hentry"],"acf":[],"_links":{"self":[{"href":"https:\/\/www.tele-radio.com\/fi\/wp-json\/wp\/v2\/pages\/5590","targetHints":{"allow":["GET"]}}],"collection":[{"href":"https:\/\/www.tele-radio.com\/fi\/wp-json\/wp\/v2\/pages"}],"about":[{"href":"https:\/\/www.tele-radio.com\/fi\/wp-json\/wp\/v2\/types\/page"}],"author":[{"embeddable":true,"href":"https:\/\/www.tele-radio.com\/fi\/wp-json\/wp\/v2\/users\/1"}],"replies":[{"embeddable":true,"href":"https:\/\/www.tele-radio.com\/fi\/wp-json\/wp\/v2\/comments?post=5590"}],"version-history":[{"count":7,"href":"https:\/\/www.tele-radio.com\/fi\/wp-json\/wp\/v2\/pages\/5590\/revisions"}],"predecessor-version":[{"id":8311,"href":"https:\/\/www.tele-radio.com\/fi\/wp-json\/wp\/v2\/pages\/5590\/revisions\/8311"}],"up":[{"embeddable":true,"href":"https:\/\/www.tele-radio.com\/fi\/wp-json\/wp\/v2\/pages\/6997"}],"wp:featuredmedia":[{"embeddable":true,"href":"https:\/\/www.tele-radio.com\/fi\/wp-json\/wp\/v2\/media\/39390"}],"wp:attachment":[{"href":"https:\/\/www.tele-radio.com\/fi\/wp-json\/wp\/v2\/media?parent=5590"}],"curies":[{"name":"wp","href":"https:\/\/api.w.org\/{rel}","templated":true}]}}