{"id":40160,"date":"2020-05-06T10:54:53","date_gmt":"2020-05-06T10:54:53","guid":{"rendered":"https:\/\/www.tele-radio.com\/?page_id=40160"},"modified":"2020-05-27T11:03:18","modified_gmt":"2020-05-27T11:03:18","slug":"raataloidyt-kalvot","status":"publish","type":"page","link":"https:\/\/www.tele-radio.com\/fi\/raataloidyt-kalvot\/","title":{"rendered":"R\u00e4\u00e4t\u00e4l\u00f6idyt kalvot"},"content":{"rendered":"<h2><img loading=\"lazy\" decoding=\"async\" class=\"wp-image-39186 alignright\" src=\"https:\/\/www.tele-radio.com\/app\/uploads\/Puma-closeup.png\" alt=\"\" width=\"307\" height=\"231\" srcset=\"https:\/\/www.tele-radio.com\/app\/uploads\/Puma-closeup.png 4608w, https:\/\/www.tele-radio.com\/app\/uploads\/Puma-closeup-400x300.png 400w, https:\/\/www.tele-radio.com\/app\/uploads\/Puma-closeup-768x576.png 768w, https:\/\/www.tele-radio.com\/app\/uploads\/Puma-closeup-1200x900.png 1200w, https:\/\/www.tele-radio.com\/app\/uploads\/Puma-closeup-750x563.png 750w, https:\/\/www.tele-radio.com\/app\/uploads\/Puma-closeup-500x375.png 500w, https:\/\/www.tele-radio.com\/app\/uploads\/Puma-closeup-1600x1200.png 1600w, https:\/\/www.tele-radio.com\/app\/uploads\/Puma-closeup-800x600.png 800w\" sizes=\"auto, (max-width: 307px) 100vw, 307px\" \/>KUSTOMOITU MUOTOILU EDIST\u00c4\u00c4 TY\u00d6TURVALLISUUTTA<\/h2>\n<h4><em>Toimintojen eri tulkinnat ja erehdykset konetta k\u00e4ytett\u00e4ess\u00e4 voiva olla vakava ty\u00f6turvallisuusriski, ja yritykset etsiv\u00e4t toimenpiteit\u00e4 ongelman hallitsemiseksi. Langattomien kauko-ohjaimien valmistajana ja toimittajana Tele Radio on havainnut t\u00e4m\u00e4n ja tarjoaa siksi asiakkailleen mahdollisuuden r\u00e4\u00e4t\u00e4l\u00f6id\u00e4 l\u00e4hettimen ulkon\u00e4k\u00f6\u00e4 kalvojen ja etulevyjen avulla.\u00a0\u00a0<\/em><\/h4>\n<p>R\u00e4\u00e4t\u00e4l\u00f6innin avulla voimme toimitta l\u00e4hettimen jonka painikkeissa on asiakkaan oman tuotekuvauksen mukaiset symbolit, v\u00e4rit ja teksti. T\u00e4m\u00e4n johdosta painikkeiden toiminnallisuutta voidaan selkeytt\u00e4\u00e4 ja parantaa n\u00e4ytt\u00e4m\u00e4ll\u00e4 mitk\u00e4 toiminnot ovat aktivoituna koneessa tai ajoneuvossa.<\/p>\n<p>Ikoni on visuaalinen merkki jota on helppo tunnistaa. Ikonit ovat kielt\u00e4 konkreettisempia ja varmistavat sen ett\u00e4 kaikki tunnistavat varoituksen, ilmoituksen tai kiellon. Kuvakkeiden k\u00e4ytt\u00f6 voi v\u00e4hent\u00e4\u00e4 tulkinnanvaraisuutta ty\u00f6paikalla, etenkin sellaisessa ymp\u00e4rist\u00f6ss\u00e4 jossa voi olla kielimuuri.<\/p>\n<p>Tele Radion toimittamat teolliset kalvot ja etulevyt ovat korvaamaton lis\u00e4varuste l\u00e4hettimiin. Joka l\u00e4hetin on tunnistettavissa ja mahdollisuudet ovat l\u00e4hes rajattomia. Oletkin jo ehk\u00e4 tutustunut MIDI-l\u00e4hettimen kiinnitett\u00e4v\u00e4\u00e4n taustalevyyn jossa on rei\u00e4t painikkeille. T\u00e4h\u00e4n l\u00f6ytyy my\u00f6s painikkeiden p\u00e4\u00e4lle pistett\u00e4v\u00e4 vaihtoehto, jossa on PU-kalvo.<\/p>\n<h2>PU-kalvon edut<\/h2>\n<p>PU-kalvon painatuspinta-ala on suurempi kun levyn voi asettaa painikkeiden p\u00e4\u00e4lle. T\u00e4m\u00e4n lis\u00e4ksi l\u00e4hettimest\u00e4 tulee viel\u00e4 kest\u00e4v\u00e4mpi suljetun kalvon ansiosta. P\u00f6ly, lika ja vesi ei p\u00e4\u00e4se vaurioittamaan ja kuluttamaan l\u00e4hetint\u00e4 ja l\u00e4hettimen painikkeita.<\/p>\n<p>Turvallisuuden lis\u00e4ksi r\u00e4\u00e4t\u00e4l\u00f6ity n\u00e4pp\u00e4inkalvo tuo my\u00f6s lis\u00e4arvoa yrityksen, koneen ja\/tai yrityksen visuaalisen identiteetin.<\/p>\n<p><img loading=\"lazy\" decoding=\"async\" class=\"size-medium wp-image-39277 aligncenter\" src=\"https:\/\/www.tele-radio.com\/app\/uploads\/\/icons-400x171.png\" alt=\"\" width=\"400\" height=\"171\" srcset=\"https:\/\/www.tele-radio.com\/app\/uploads\/icons-400x171.png 400w, https:\/\/www.tele-radio.com\/app\/uploads\/icons-500x213.png 500w, https:\/\/www.tele-radio.com\/app\/uploads\/icons.png 600w\" sizes=\"auto, (max-width: 400px) 100vw, 400px\" \/><\/p>\n<p>Haluatko tilata oman kustomoidun kalvon? <a href=\"https:\/\/www.tele-radio.com\/fi\/yhteystiedot\/\">Ole meihin yhteydess\u00e4!<\/a><\/p>\n","protected":false},"excerpt":{"rendered":"<p>KUSTOMOITU MUOTOILU EDIST\u00c4\u00c4 TY\u00d6TURVALLISUUTTA Toimintojen eri tulkinnat ja erehdykset konetta k\u00e4ytett\u00e4ess\u00e4 voiva olla vakava ty\u00f6turvallisuusriski, ja yritykset etsiv\u00e4t toimenpiteit\u00e4 ongelman hallitsemiseksi. Langattomien kauko-ohjaimien valmistajana ja toimittajana Tele Radio on havainnut t\u00e4m\u00e4n ja tarjoaa siksi asiakkailleen mahdollisuuden r\u00e4\u00e4t\u00e4l\u00f6id\u00e4 l\u00e4hettimen ulkon\u00e4k\u00f6\u00e4 kalvojen ja etulevyjen avulla.\u00a0\u00a0 R\u00e4\u00e4t\u00e4l\u00f6innin avulla voimme toimitta l\u00e4hettimen jonka painikkeissa on asiakkaan oman tuotekuvauksen mukaiset [&hellip;]<\/p>\n","protected":false},"author":29,"featured_media":29181,"parent":0,"menu_order":0,"comment_status":"closed","ping_status":"closed","template":"","meta":{"_acf_changed":false,"footnotes":""},"class_list":["post-40160","page","type-page","status-publish","has-post-thumbnail","hentry"],"acf":[],"_links":{"self":[{"href":"https:\/\/www.tele-radio.com\/fi\/wp-json\/wp\/v2\/pages\/40160","targetHints":{"allow":["GET"]}}],"collection":[{"href":"https:\/\/www.tele-radio.com\/fi\/wp-json\/wp\/v2\/pages"}],"about":[{"href":"https:\/\/www.tele-radio.com\/fi\/wp-json\/wp\/v2\/types\/page"}],"author":[{"embeddable":true,"href":"https:\/\/www.tele-radio.com\/fi\/wp-json\/wp\/v2\/users\/29"}],"replies":[{"embeddable":true,"href":"https:\/\/www.tele-radio.com\/fi\/wp-json\/wp\/v2\/comments?post=40160"}],"version-history":[{"count":10,"href":"https:\/\/www.tele-radio.com\/fi\/wp-json\/wp\/v2\/pages\/40160\/revisions"}],"predecessor-version":[{"id":42744,"href":"https:\/\/www.tele-radio.com\/fi\/wp-json\/wp\/v2\/pages\/40160\/revisions\/42744"}],"wp:featuredmedia":[{"embeddable":true,"href":"https:\/\/www.tele-radio.com\/fi\/wp-json\/wp\/v2\/media\/29181"}],"wp:attachment":[{"href":"https:\/\/www.tele-radio.com\/fi\/wp-json\/wp\/v2\/media?parent=40160"}],"curies":[{"name":"wp","href":"https:\/\/api.w.org\/{rel}","templated":true}]}}