{"id":34496,"date":"2020-03-13T13:34:17","date_gmt":"2020-03-13T13:34:17","guid":{"rendered":"https:\/\/www.tele-radio.com\/industrial-remote-control-increases-safety-on-skipyard\/"},"modified":"2020-05-05T18:11:08","modified_gmt":"2020-05-05T18:11:08","slug":"telakoiden-turvallisuus","status":"publish","type":"page","link":"https:\/\/www.tele-radio.com\/fi\/telakoiden-turvallisuus\/","title":{"rendered":"Teollinen kauko-ohjaus lis\u00e4\u00e4 telakoiden turvallisuutta"},"content":{"rendered":"<p><i><span style=\"font-weight: 400;\">Yektamak Makinan kehitt\u00e4m\u00e4 Seyiton on kuljetusj\u00e4rjestelm\u00e4, joka kuljettaa ter\u00e4slevyj\u00e4 telakalla. Kuljetusj\u00e4rjestelm\u00e4 voi k\u00e4sitell\u00e4 jopa 40 tonnia, ja sit\u00e4 ohjataan langattomasti <\/span><\/i><i><span style=\"font-weight: 400;\">Tele Radion TIGER:ill\u00e4<\/span><\/i><i><span style=\"font-weight: 400;\">.<\/span><\/i><\/p>\n<p>Seyitonia ohjataan CANopen-yhteydell\u00e4 <a href=\"https:\/\/www.tele-radio.com\/fi\/products\/tiger\/\">Tele Radio Tiger -j\u00e4rjestelm\u00e4n <\/a>kautta. T\u00e4m\u00e4 integraatio mahdollisti paremman yleiskatsauksen valmistajalle Yektamak<i>:<\/i>ille. Kullakin kolmesta kuljetusj\u00e4rjestelm\u00e4st\u00e4 on oma langaton ohjaus, joista yksi on asetettu p\u00e4\u00e4ohjaukseksi. P\u00e4\u00e4ohjain voi ohjata kaikkia koneita samanaikaisesti tai erikseen, ja k\u00e4ytt\u00e4j\u00e4 n\u00e4kee, mit\u00e4 konetta ohjataan p\u00e4\u00e4l\u00e4hettimen n\u00e4yt\u00f6n kautta. Seyiton-kuljetusj\u00e4rjestelm\u00e4n langaton ohjaus lis\u00e4\u00e4 turvallisuutta ja ty\u00f6tehokkuutta, ja s\u00e4\u00e4st\u00e4\u00e4 aikaa.<\/p>\n<p><b>Yektamak Makina<\/b><\/p>\n<p>YEKTAMAK Machine and Engineering on perustettu vuonna 2013. He suunnittelevat ja kehitt\u00e4v\u00e4t r\u00e4\u00e4t\u00e4l\u00f6ityj\u00e4 koneita ja tuotantoprosesseja eri toimialoille, erityisesti autoteollisuudelle. YEKTAMAK tarjoaa ratkaisuja koko kehitysprosessiin; vaatimusten m\u00e4\u00e4ritt\u00e4misest\u00e4, suunnittelusta, elinkaaren laskennasta, atk-simuloinnista, tuotannosta laadunvalvontaan ja testaukseen. Koko prosessi t\u00e4ytt\u00e4\u00e4 korkeimmat laatustandardit.<\/p>\n<p><b>Tele Radio j\u00e4rjestelm\u00e4<\/b><\/p>\n<p><a href=\"https:\/\/www.tele-radio.com\/fi\/products\/tiger\/\">TIGER<\/a> on SIL3 ja PLe sertifioitu, vankka radio-ohjausj\u00e4rjestelm\u00e4 joka soveltuu vakio- ja monimutkaisiin nosto-\u00a0 ja teollisuussovelluksiin vaativissa olosuhteissa. Tiger-j\u00e4rjestelm\u00e4n lis\u00e4ksi meill\u00e4 on markkinoiden laajin valikoima teollisia kauko-s\u00e4\u00e4timi\u00e4. Olemme ratkaisukeskeinen yritys, jonka tavoitteena on tarjota parhaat tuotteet erinomaisella tuella.<\/p>\n<p><a href=\"https:\/\/www.tele-radio.com\/fi\/yhteystiedot\/\">Ota yhteytt\u00e4<\/a>, niin voimme auttaa sinua l\u00f6yt\u00e4m\u00e4\u00e4n langattoman ratkaisun juuri sinun tarpeisiin.<\/p>\n<div style=\"width: 1920px;\" class=\"wp-video\"><!--[if lt IE 9]><script>document.createElement('video');<\/script><![endif]-->\n<video class=\"wp-video-shortcode\" id=\"video-34496-1\" width=\"1920\" height=\"1080\" preload=\"metadata\" controls=\"controls\"><source type=\"video\/mp4\" src=\"https:\/\/www.tele-radio.com\/app\/uploads\/TRTUR_SEYITON_PROJECT_FINAL1.mp4?_=1\" \/><a href=\"https:\/\/www.tele-radio.com\/app\/uploads\/TRTUR_SEYITON_PROJECT_FINAL1.mp4\">https:\/\/www.tele-radio.com\/app\/uploads\/TRTUR_SEYITON_PROJECT_FINAL1.mp4<\/a><\/video><\/div>\n<p>&nbsp;<\/p>\n","protected":false},"excerpt":{"rendered":"<p>Yektamak Makinan kehitt\u00e4m\u00e4 Seyiton on kuljetusj\u00e4rjestelm\u00e4, joka kuljettaa ter\u00e4slevyj\u00e4 telakalla. Kuljetusj\u00e4rjestelm\u00e4 voi k\u00e4sitell\u00e4 jopa 40 tonnia, ja sit\u00e4 ohjataan langattomasti Tele Radion TIGER:ill\u00e4. Seyitonia ohjataan CANopen-yhteydell\u00e4 Tele Radio Tiger -j\u00e4rjestelm\u00e4n kautta. T\u00e4m\u00e4 integraatio mahdollisti paremman yleiskatsauksen valmistajalle Yektamak:ille. Kullakin kolmesta kuljetusj\u00e4rjestelm\u00e4st\u00e4 on oma langaton ohjaus, joista yksi on asetettu p\u00e4\u00e4ohjaukseksi. P\u00e4\u00e4ohjain voi ohjata kaikkia koneita [&hellip;]<\/p>\n","protected":false},"author":29,"featured_media":34467,"parent":0,"menu_order":0,"comment_status":"closed","ping_status":"closed","template":"","meta":{"_acf_changed":false,"footnotes":""},"class_list":["post-34496","page","type-page","status-publish","has-post-thumbnail","hentry"],"acf":[],"_links":{"self":[{"href":"https:\/\/www.tele-radio.com\/fi\/wp-json\/wp\/v2\/pages\/34496","targetHints":{"allow":["GET"]}}],"collection":[{"href":"https:\/\/www.tele-radio.com\/fi\/wp-json\/wp\/v2\/pages"}],"about":[{"href":"https:\/\/www.tele-radio.com\/fi\/wp-json\/wp\/v2\/types\/page"}],"author":[{"embeddable":true,"href":"https:\/\/www.tele-radio.com\/fi\/wp-json\/wp\/v2\/users\/29"}],"replies":[{"embeddable":true,"href":"https:\/\/www.tele-radio.com\/fi\/wp-json\/wp\/v2\/comments?post=34496"}],"version-history":[{"count":3,"href":"https:\/\/www.tele-radio.com\/fi\/wp-json\/wp\/v2\/pages\/34496\/revisions"}],"predecessor-version":[{"id":39925,"href":"https:\/\/www.tele-radio.com\/fi\/wp-json\/wp\/v2\/pages\/34496\/revisions\/39925"}],"wp:featuredmedia":[{"embeddable":true,"href":"https:\/\/www.tele-radio.com\/fi\/wp-json\/wp\/v2\/media\/34467"}],"wp:attachment":[{"href":"https:\/\/www.tele-radio.com\/fi\/wp-json\/wp\/v2\/media?parent=34496"}],"curies":[{"name":"wp","href":"https:\/\/api.w.org\/{rel}","templated":true}]}}