{"id":33260,"date":"2020-02-07T12:29:38","date_gmt":"2020-02-07T12:29:38","guid":{"rendered":"https:\/\/www.tele-radio.com\/customer-case-volvo\/"},"modified":"2020-10-12T10:50:08","modified_gmt":"2020-10-12T10:50:08","slug":"asiakaskuvaus-volvo","status":"publish","type":"page","link":"https:\/\/www.tele-radio.com\/fi\/asiakaskuvaus-volvo\/","title":{"rendered":"Kauko-ohjaus &#8211; Volvo Truck, Reus Fleming"},"content":{"rendered":"<p><em><i>Reus Fleming, S.A. on Volvon virallinen j\u00e4lleenmyyj\u00e4 Tarragonan-, Lleidan-, Huescadan- ja Teruelin maakunnissa Espanjan Catalunyassa. Asiakasl\u00e4ht\u00f6isyys on Reus Flemingin motto, jonka takia he kuuntelevat asiakkaiden toiveita ja ylitt\u00e4v\u00e4t standardin vaatimukset my\u00f6s haasteellisissa teknisiss\u00e4 olosuhteissa. He keskittyv\u00e4t tarjoamaan erinomaista palvelua ja tukea jokaisessa tilanteessa.&nbsp;<\/i><\/em><br \/>\n<img loading=\"lazy\" decoding=\"async\" class=\"wp-image-32135 alignright\" style=\"box-shadow: 0 4px 8px 0 rgba(0, 0, 0, 0.2), 0 6px 20px 0 rgba(0, 0, 0, 0.19); margin-left: 70px;\" src=\"https:\/\/www.tele-radio.com\/app\/uploads\/colaboracion-remoto-control-volvo-tele-radio.jpg\" alt=\"\" width=\"236\" height=\"279\" srcset=\"https:\/\/www.tele-radio.com\/app\/uploads\/colaboracion-remoto-control-volvo-tele-radio.jpg 507w, https:\/\/www.tele-radio.com\/app\/uploads\/colaboracion-remoto-control-volvo-tele-radio-338x400.jpg 338w, https:\/\/www.tele-radio.com\/app\/uploads\/colaboracion-remoto-control-volvo-tele-radio-423x500.jpg 423w\" sizes=\"auto, (max-width: 236px) 100vw, 236px\" \/><\/p>\n<h2 style=\"text-align: left;\">Iberian markkinoiden virstanpylv\u00e4s<\/h2>\n<p>Tele Radion ja <strong>Volvo Reus Fleming<\/strong> tiiviin yhteisty\u00f6n ansiosta Volvo Reus Fleming sovelsi ensimm\u00e4ist\u00e4 kertaa Espanjassa ja Portugalissa innovatiivisen Volvo Dynamic Steering (dynaaminen ohjaus) Exster -valmiudella, joka mahdollistaa langattoman k\u00e4ytt\u00f6liittym\u00e4n <strong>Tele Radion radio-ohjaus laitteen.<\/strong><\/p>\n<p><img loading=\"lazy\" decoding=\"async\" class=\"alignleft wp-image-32229\" style=\"box-shadow: 0 4px 8px 0 rgba(0, 0, 0, 0.2), 0 6px 20px 0 rgba(0, 0, 0, 0.19); margin-right: 70px;\" src=\"https:\/\/www.tele-radio.com\/app\/uploads\/remote-for-volvo-truck-tele-radio-sm-2.jpg\" alt=\"\" width=\"496\" height=\"315\" srcset=\"https:\/\/www.tele-radio.com\/app\/uploads\/remote-for-volvo-truck-tele-radio-sm-2.jpg 500w, https:\/\/www.tele-radio.com\/app\/uploads\/remote-for-volvo-truck-tele-radio-sm-2-400x254.jpg 400w\" sizes=\"auto, (max-width: 496px) 100vw, 496px\" \/><\/p>\n<p>Turvallisuus on t\u00e4m\u00e4n ratkaisun p\u00e4\u00e4tavoite. Volvo ja Tele Radio, joilla molemmilla on p\u00e4\u00e4konttorit Ruotsin G\u00f6teborgissa, pyrkiv\u00e4t aina kehitt\u00e4m\u00e4\u00e4n turvallisia ja ergonomisia ratkaisuja.<\/p>\n<h2 style=\"text-align: left;\">Sovellus<\/h2>\n<p>Tarkoituksena oli helpottaa p\u00e4ivitt\u00e4ist\u00e4 karjan rehujen lastaamista ja purkamista sek\u00e4 eri tiloille kuljettamista. T\u00e4h\u00e4n valittiin Volvo FH 500 8&#215;2 kuorma-automalli, jossa Cubas Segre:in p\u00e4\u00e4llirakenne.<\/p>\n<p>T\u00e4m\u00e4 ratkaisu tarjoaa <strong>merkitt\u00e4v\u00e4\u00e4 parannusta turvallisuuteen<\/strong>, sill\u00e4 k\u00e4ytt\u00e4j\u00e4n n\u00e4k\u00f6kentt\u00e4 laajenee kun h\u00e4n pystyy hallitsemaan kuorma-autoa ulkopuolelta. Ratkaisu on my\u00f6s <strong>ergonomisesti erinomainen<\/strong>, sill\u00e4 v\u00e4ltet\u00e4\u00e4n tarvetta kiivet\u00e4 yl\u00f6s ja alas kuorma-autosta jopa kymmeni\u00e4 kertoja p\u00e4iv\u00e4ss\u00e4 ty\u00f6kuormasta riippuen. Tehokkuus parantaa tuottavuutta ja v\u00e4hent\u00e4\u00e4 huomattavasti v\u00e4symyst\u00e4 p\u00e4ivitt\u00e4isess\u00e4 ty\u00f6skentelyss\u00e4.<\/p>\n<p><a href=\"https:\/\/www.tele-radio.com\/fi\/yhteystiedot\/\">Ota yhteytt\u00e4<\/a> mik\u00e4li haluat lis\u00e4tietoja!<\/p>\n<h2 style=\"text-align: center;\">Videot ja kuvat<\/h2>\n<p>&nbsp;<\/p>\n<div style=\"width: 1280px;\" class=\"wp-video\"><!--[if lt IE 9]><script>document.createElement('video');<\/script><![endif]-->\n<video class=\"wp-video-shortcode\" id=\"video-33260-1\" width=\"1280\" height=\"720\" preload=\"metadata\" controls=\"controls\"><source type=\"video\/mp4\" src=\"https:\/\/www.tele-radio.com\/app\/uploads\/CUBAS-SEGRE-ESTABILIZADO-Y-LOGO-1.mp4?_=1\" \/><a href=\"https:\/\/www.tele-radio.com\/app\/uploads\/CUBAS-SEGRE-ESTABILIZADO-Y-LOGO-1.mp4\">https:\/\/www.tele-radio.com\/app\/uploads\/CUBAS-SEGRE-ESTABILIZADO-Y-LOGO-1.mp4<\/a><\/video><\/div>\n<p><a href=\"https:\/\/www.tele-radio.com\/fi\/volvo-trucks-remote-control-segre-1-2\/\" rel=\"attachment wp-att-32862\"><img loading=\"lazy\" decoding=\"async\" class=\"alignleft wp-image-32862 size-large\" src=\"https:\/\/www.tele-radio.com\/app\/uploads\/\/volvo-trucks-remote-control-segre-1-1200x675.jpg\" alt=\"\" width=\"1200\" height=\"675\" srcset=\"https:\/\/www.tele-radio.com\/app\/uploads\/volvo-trucks-remote-control-segre-1.jpg 1200w, https:\/\/www.tele-radio.com\/app\/uploads\/volvo-trucks-remote-control-segre-1-400x225.jpg 400w, https:\/\/www.tele-radio.com\/app\/uploads\/volvo-trucks-remote-control-segre-1-768x432.jpg 768w, https:\/\/www.tele-radio.com\/app\/uploads\/volvo-trucks-remote-control-segre-1-750x422.jpg 750w, https:\/\/www.tele-radio.com\/app\/uploads\/volvo-trucks-remote-control-segre-1-500x281.jpg 500w, https:\/\/www.tele-radio.com\/app\/uploads\/volvo-trucks-remote-control-segre-1-800x450.jpg 800w\" sizes=\"auto, (max-width: 1200px) 100vw, 1200px\" \/><\/a><\/p>\n<p><a href=\"https:\/\/www.tele-radio.com\/fi\/volvo-trucks-remote-control-segre-2-2\/\" rel=\"attachment wp-att-32882\"><img loading=\"lazy\" decoding=\"async\" class=\"alignleft wp-image-32882 size-full\" src=\"https:\/\/www.tele-radio.com\/app\/uploads\/volvo-trucks-remote-control-segre-2.jpg\" alt=\"\" width=\"1200\" height=\"728\" srcset=\"https:\/\/www.tele-radio.com\/app\/uploads\/volvo-trucks-remote-control-segre-2.jpg 1200w, https:\/\/www.tele-radio.com\/app\/uploads\/volvo-trucks-remote-control-segre-2-400x243.jpg 400w, https:\/\/www.tele-radio.com\/app\/uploads\/volvo-trucks-remote-control-segre-2-768x466.jpg 768w, https:\/\/www.tele-radio.com\/app\/uploads\/volvo-trucks-remote-control-segre-2-750x455.jpg 750w, https:\/\/www.tele-radio.com\/app\/uploads\/volvo-trucks-remote-control-segre-2-500x303.jpg 500w, https:\/\/www.tele-radio.com\/app\/uploads\/volvo-trucks-remote-control-segre-2-800x485.jpg 800w\" sizes=\"auto, (max-width: 1200px) 100vw, 1200px\" \/><\/a><\/p>\n","protected":false},"excerpt":{"rendered":"<p>Reus Fleming, S.A. on Volvon virallinen j\u00e4lleenmyyj\u00e4 Tarragonan-, Lleidan-, Huescadan- ja Teruelin maakunnissa Espanjan Catalunyassa. Asiakasl\u00e4ht\u00f6isyys on Reus Flemingin motto, jonka takia he kuuntelevat asiakkaiden toiveita ja ylitt\u00e4v\u00e4t standardin vaatimukset my\u00f6s haasteellisissa teknisiss\u00e4 olosuhteissa. He keskittyv\u00e4t tarjoamaan erinomaista palvelua ja tukea jokaisessa tilanteessa.&nbsp; Iberian markkinoiden virstanpylv\u00e4s Tele Radion ja Volvo Reus Fleming tiiviin yhteisty\u00f6n ansiosta [&hellip;]<\/p>\n","protected":false},"author":54,"featured_media":32878,"parent":0,"menu_order":0,"comment_status":"closed","ping_status":"closed","template":"","meta":{"_acf_changed":false,"footnotes":""},"class_list":["post-33260","page","type-page","status-publish","has-post-thumbnail","hentry"],"acf":[],"_links":{"self":[{"href":"https:\/\/www.tele-radio.com\/fi\/wp-json\/wp\/v2\/pages\/33260","targetHints":{"allow":["GET"]}}],"collection":[{"href":"https:\/\/www.tele-radio.com\/fi\/wp-json\/wp\/v2\/pages"}],"about":[{"href":"https:\/\/www.tele-radio.com\/fi\/wp-json\/wp\/v2\/types\/page"}],"author":[{"embeddable":true,"href":"https:\/\/www.tele-radio.com\/fi\/wp-json\/wp\/v2\/users\/54"}],"replies":[{"embeddable":true,"href":"https:\/\/www.tele-radio.com\/fi\/wp-json\/wp\/v2\/comments?post=33260"}],"version-history":[{"count":14,"href":"https:\/\/www.tele-radio.com\/fi\/wp-json\/wp\/v2\/pages\/33260\/revisions"}],"predecessor-version":[{"id":51587,"href":"https:\/\/www.tele-radio.com\/fi\/wp-json\/wp\/v2\/pages\/33260\/revisions\/51587"}],"wp:featuredmedia":[{"embeddable":true,"href":"https:\/\/www.tele-radio.com\/fi\/wp-json\/wp\/v2\/media\/32878"}],"wp:attachment":[{"href":"https:\/\/www.tele-radio.com\/fi\/wp-json\/wp\/v2\/media?parent=33260"}],"curies":[{"name":"wp","href":"https:\/\/api.w.org\/{rel}","templated":true}]}}