{"id":99886,"date":"2020-05-06T10:54:53","date_gmt":"2020-05-06T10:54:53","guid":{"rendered":"https:\/\/www.tele-radio.com\/custom-foils\/"},"modified":"2022-06-02T09:49:26","modified_gmt":"2022-06-02T09:49:26","slug":"caratulas-personalizadas","status":"publish","type":"page","link":"https:\/\/www.tele-radio.com\/es\/caratulas-personalizadas\/","title":{"rendered":"Car\u00e1tulas personalizables"},"content":{"rendered":"\n<h1 class=\"wp-block-heading\">Su mando personalizado<\/h1>\n\n\n\n<p style=\"font-size:28px\"><strong>Su propio logo, colores, s\u00edmbolos o texto en un mando personalizado. \u00a1Para una protecci\u00f3n adicional, seguridad y visibilidad!<\/strong><\/p>\n\n\n\n<div style=\"height:30px\" aria-hidden=\"true\" class=\"wp-block-spacer\"><\/div>\n\n\n\n<div class=\"wp-block-columns is-layout-flex wp-container-core-columns-is-layout-9d6595d7 wp-block-columns-is-layout-flex\">\n<div class=\"wp-block-column is-vertically-aligned-center is-layout-flow wp-block-column-is-layout-flow\" style=\"flex-basis:33.33%\">\n<div class=\"wp-block-buttons is-content-justification-center is-layout-flex wp-block-buttons-is-layout-flex\">\n<div class=\"wp-block-button has-custom-width wp-block-button__width-75 is-style-fill\"><a class=\"wp-block-button__link has-black-color has-luminous-vivid-amber-background-color has-text-color has-background\" style=\"border-radius:5px\"><strong>LAS CAR\u00c1TULAS PERSONALIZADAS TIENEN MUCHAS VENTAJAS<\/strong><\/a><\/div>\n<\/div>\n\n\n\n<p><\/p>\n<\/div>\n\n\n\n<div class=\"wp-block-column is-vertically-aligned-center is-layout-flow wp-block-column-is-layout-flow\" style=\"flex-basis:66.66%\">\n<p>Todos nuestros transmisores y receptores pueden ser adquiridos con car\u00e1tulas personalizables. Estas car\u00e1tulas ayudan a <strong>proteger el transmisor<\/strong>, asegurar un uso seguro y contribuir al reconocimiento de su marca. Las car\u00e1tulas est\u00e1n fabricadas con&nbsp;<strong>material de alta calidad industrial (3M)<\/strong>. Los sistemas de control remoto customizados pueden soportar un uso intensivo y son <strong>resistentes a la decoloraci\u00f3n y a los l\u00edquidos<\/strong>.<\/p>\n\n\n\n<p>Las car\u00e1tulas ofrecen una <strong>capa adicional de protecci\u00f3n<\/strong> a nuestro mando personalizado, y adem\u00e1s, aportan tambi\u00e9n una funci\u00f3n de seguridad. Como utilizan s\u00edmbolos inequ\u00edvocos y enfocados a una funci\u00f3n espec\u00edfica, pueden evitarse malinterpretaciones que podr\u00edan ocurrir con s\u00edmbolos gen\u00e9ricos. Obviamente, puede incluir un logo personalizado en el transmisor, con la identidad corporativa, colores, etc. <\/p>\n<\/div>\n<\/div>\n\n\n\n<div class=\"wp-block-columns are-vertically-aligned-center is-layout-flex wp-container-core-columns-is-layout-9d6595d7 wp-block-columns-is-layout-flex\">\n<div class=\"wp-block-column is-vertically-aligned-center is-layout-flow wp-block-column-is-layout-flow\" style=\"flex-basis:33.33%\">\n<div class=\"wp-block-buttons is-content-justification-center is-layout-flex wp-block-buttons-is-layout-flex\">\n<div class=\"wp-block-button has-custom-width wp-block-button__width-75\"><a class=\"wp-block-button__link has-black-color has-luminous-vivid-amber-background-color has-text-color has-background\" style=\"border-radius:5px\"><strong>PODEMOS REALIZAR CASI CUALQUIER DISE\u00d1O<\/strong><\/a><\/div>\n<\/div>\n<\/div>\n\n\n\n<div class=\"wp-block-column is-vertically-aligned-center is-layout-flow wp-block-column-is-layout-flow\" style=\"flex-basis:66.66%\">\n<p><meta charset=\"utf-8\">Las car\u00e1tulas personalizables de los sistemas de control remoto pueden solicitarse por lotes. Es libre de elegir sus propios colores, logos, s\u00edmbolos, fuentes, im\u00e1genes, etc. Puede enviarnos su plantilla o un boceto y <strong>le realizaremos un dise\u00f1o a medida<\/strong>.<\/p>\n<\/div>\n<\/div>\n\n\n\n<div class=\"wp-block-columns is-layout-flex wp-container-core-columns-is-layout-9d6595d7 wp-block-columns-is-layout-flex\">\n<div class=\"wp-block-column is-vertically-aligned-center is-layout-flow wp-block-column-is-layout-flow\" style=\"flex-basis:33.33%\">\n<div class=\"wp-block-buttons is-content-justification-center is-layout-flex wp-block-buttons-is-layout-flex\">\n<div class=\"wp-block-button has-custom-width wp-block-button__width-100 has-custom-font-size\" style=\"font-size:25px\"><a class=\"wp-block-button__link has-background\" href=\"https:\/\/www.tele-radio.com\/contact-us\/#section_5377\" style=\"border-radius:10px;background-color:#878787\"><strong>Contacto<\/strong><\/a><\/div>\n<\/div>\n<\/div>\n\n\n\n<div class=\"wp-block-column is-vertically-aligned-center is-layout-flow wp-block-column-is-layout-flow\" style=\"flex-basis:66.66%\">\n<p><meta charset=\"utf-8\">Podemos ofrecerle una car\u00e1tula personalizada para <strong>cualquier transmisor y receptor<\/strong>. Si quiere pedir una car\u00e1tula personalizada,&nbsp;<a href=\"https:\/\/www.tele-radio.com\/es\/contactanos\/#section_5377\">contacte con nosotros<\/a>. Le proporcionaremos todos los precios e informaci\u00f3n necesarios. Basado en toda la informaci\u00f3n que nos proporcione le enviaremos un dise\u00f1o para su aprobaci\u00f3n.<\/p>\n<\/div>\n<\/div>\n\n\n\n<div style=\"height:30px\" aria-hidden=\"true\" class=\"wp-block-spacer\"><\/div>\n\n\n\n<div class=\"wp-block-image\"><figure class=\"aligncenter\"><img loading=\"lazy\" decoding=\"async\" width=\"2359\" height=\"459\" src=\"https:\/\/www.tele-radio.com\/app\/uploads\/24694-TELE-RADIO-leaflet-custom-foils-A4.png\" alt=\"Car\u00e1tulas de sistemas de control remoto industrial personalizables\" class=\"wp-image-40221\" srcset=\"https:\/\/www.tele-radio.com\/app\/uploads\/24694-TELE-RADIO-leaflet-custom-foils-A4.png 2359w, https:\/\/www.tele-radio.com\/app\/uploads\/24694-TELE-RADIO-leaflet-custom-foils-A4-400x78.png 400w, https:\/\/www.tele-radio.com\/app\/uploads\/24694-TELE-RADIO-leaflet-custom-foils-A4-768x149.png 768w, https:\/\/www.tele-radio.com\/app\/uploads\/24694-TELE-RADIO-leaflet-custom-foils-A4-1200x233.png 1200w, https:\/\/www.tele-radio.com\/app\/uploads\/24694-TELE-RADIO-leaflet-custom-foils-A4-750x146.png 750w, https:\/\/www.tele-radio.com\/app\/uploads\/24694-TELE-RADIO-leaflet-custom-foils-A4-500x97.png 500w, https:\/\/www.tele-radio.com\/app\/uploads\/24694-TELE-RADIO-leaflet-custom-foils-A4-1600x311.png 1600w, https:\/\/www.tele-radio.com\/app\/uploads\/24694-TELE-RADIO-leaflet-custom-foils-A4-800x156.png 800w\" sizes=\"auto, (max-width: 2359px) 100vw, 2359px\" \/><\/figure><\/div>\n\n\n\n<div style=\"height:30px\" aria-hidden=\"true\" class=\"wp-block-spacer\"><\/div>\n\n\n\n<h2 class=\"wp-block-heading\">Tipos de car\u00e1tula para un mando personalizado<\/h2>\n\n\n\n<figure class=\"wp-block-table aligncenter is-style-stripes\"><table><thead><tr><th>CAR\u00c1TULAS DE PLEXIGL\u00c1S<\/th><th>CAR\u00c1TULAS DE POLIURETANO<\/th><\/tr><\/thead><tbody><tr><td>Es una l\u00e1mina r\u00edgida de plexigl\u00e1s que rodea a los botones.&nbsp;Est\u00e1 disponible en <strong>tres grosores distintos<\/strong><strong>.<\/strong>&nbsp;Con la versi\u00f3n m\u00e1s gruesa, los botones se encuentran m\u00e1s profundos en su carcasa, lo que provoca que no se puedan pulsar por accidente. Las carcasas de plexigl\u00e1s son utilizadas en los <a href=\"https:\/\/www.tele-radio.com\/es\/products\/panther\/\">transmisores mini y midi<\/a> pero tambi\u00e9n pueden utilizarse en los transmisores de mayor tama\u00f1o. Las car\u00e1tulas est\u00e1n fabricadas de un material de alta calidad <strong>resistente a la decoloraci\u00f3n, ara\u00f1azos, l\u00edquidos, etc.<\/strong><\/td><td>Las car\u00e1tulas est\u00e1n fabricadas con material poliuretano de alta calidad,&nbsp;<strong>resistente a la decoloraci\u00f3n y a los l\u00edquidos.<\/strong>&nbsp;Este tipo de car\u00e1tulas cubren completamente los botones. \u00c9stas se utilizan en los <a href=\"https:\/\/www.tele-radio.com\/es\/products\/teq-control-remoto-proporcional\/\">transmisores tipo pupitre<\/a> pero tambi\u00e9n se pueden utilizar en los transmisores m\u00e1s compactos&nbsp;como una alternativa a las car\u00e1tulas de plexigl\u00e1s en caso que prefiera cubrir los botones por completo para <strong>una mayor protecci\u00f3n y visualizar s\u00edmbolos de mayor tama\u00f1o.&nbsp;<\/strong><\/td><\/tr><\/tbody><\/table><\/figure>\n\n\n\n<div style=\"height:30px\" aria-hidden=\"true\" class=\"wp-block-spacer\"><\/div>\n","protected":false},"excerpt":{"rendered":"<p>Su mando personalizado Su propio logo, colores, s\u00edmbolos o texto en un mando personalizado. \u00a1Para una protecci\u00f3n adicional, seguridad y visibilidad! Todos nuestros transmisores y receptores pueden ser adquiridos con car\u00e1tulas personalizables. Estas car\u00e1tulas ayudan a proteger el transmisor, asegurar un uso seguro y contribuir al reconocimiento de su marca. Las car\u00e1tulas est\u00e1n fabricadas con&nbsp;material [&hellip;]<\/p>\n","protected":false},"author":29,"featured_media":29175,"parent":0,"menu_order":0,"comment_status":"closed","ping_status":"closed","template":"","meta":{"_acf_changed":false,"footnotes":""},"class_list":["post-99886","page","type-page","status-publish","has-post-thumbnail","hentry"],"acf":[],"_links":{"self":[{"href":"https:\/\/www.tele-radio.com\/es\/wp-json\/wp\/v2\/pages\/99886","targetHints":{"allow":["GET"]}}],"collection":[{"href":"https:\/\/www.tele-radio.com\/es\/wp-json\/wp\/v2\/pages"}],"about":[{"href":"https:\/\/www.tele-radio.com\/es\/wp-json\/wp\/v2\/types\/page"}],"author":[{"embeddable":true,"href":"https:\/\/www.tele-radio.com\/es\/wp-json\/wp\/v2\/users\/29"}],"replies":[{"embeddable":true,"href":"https:\/\/www.tele-radio.com\/es\/wp-json\/wp\/v2\/comments?post=99886"}],"version-history":[{"count":19,"href":"https:\/\/www.tele-radio.com\/es\/wp-json\/wp\/v2\/pages\/99886\/revisions"}],"predecessor-version":[{"id":104005,"href":"https:\/\/www.tele-radio.com\/es\/wp-json\/wp\/v2\/pages\/99886\/revisions\/104005"}],"wp:featuredmedia":[{"embeddable":true,"href":"https:\/\/www.tele-radio.com\/es\/wp-json\/wp\/v2\/media\/29175"}],"wp:attachment":[{"href":"https:\/\/www.tele-radio.com\/es\/wp-json\/wp\/v2\/media?parent=99886"}],"curies":[{"name":"wp","href":"https:\/\/api.w.org\/{rel}","templated":true}]}}