{"id":92818,"date":"2022-02-16T16:57:49","date_gmt":"2022-02-16T16:57:49","guid":{"rendered":"https:\/\/www.tele-radio.com\/?page_id=92818"},"modified":"2022-02-23T11:56:59","modified_gmt":"2022-02-23T11:56:59","slug":"cambiar-el-canal-en-el-que-emite-un-transmisor-panther-de-tele-radio","status":"publish","type":"page","link":"https:\/\/www.tele-radio.com\/es\/ayuda-y-tutoriales\/tutoriales-panther\/cambiar-el-canal-en-el-que-emite-un-transmisor-panther-de-tele-radio\/","title":{"rendered":"Cambiar el canal en el que emite un transmisor Panther de Tele Radio"},"content":{"rendered":"\n<div class=\"schema-how-to wp-block-yoast-how-to-block\"><p class=\"schema-how-to-total-time\"><span class=\"schema-how-to-duration-time-text\">Tiempo aproximado:&nbsp;<\/span>3 minutes<\/p><p class=\"schema-how-to-description\">Cambiar canal en el que emite un transmisor Panther de Tele Radio<\/p> <ol class=\"schema-how-to-steps\"><li class=\"schema-how-to-step\" id=\"how-to-step-1645028863172\"><strong class=\"schema-how-to-step-name\">Deja pulsado el bot\u00f3n start mientras abres la seta de paro<\/strong> <p class=\"schema-how-to-step-text\"><\/p> <\/li><li class=\"schema-how-to-step\" id=\"how-to-step-1645029005378\"><strong class=\"schema-how-to-step-name\">Introduce el c\u00f3digo 1 2 3 4<\/strong> <p class=\"schema-how-to-step-text\">Pulsando simplemente los 4 primeros botones como si de un teclado se tratase. Esto nos introduce en el men\u00fa del transmisor y los LED empezar\u00e1n a parpadear.<\/p> <\/li><li class=\"schema-how-to-step\" id=\"how-to-step-1645029056753\"><strong class=\"schema-how-to-step-name\">Deja el bot\u00f3n start pulsado y, mientras, pulsa el bot\u00f3n 4 una vez. Ya puedes soltar el bot\u00f3n start.<\/strong> <p class=\"schema-how-to-step-text\"><\/p> <\/li><li class=\"schema-how-to-step\" id=\"how-to-step-1645029177492\"><strong class=\"schema-how-to-step-name\">Introduce el canal deseado utilizando el teclado<\/strong> <p class=\"schema-how-to-step-text\">Pulsa los botones que representen el canal en el que quieres emitir. RECUERDA que los canales van del 11 al 26. Por ejemplo, si quieres emitir en el canal 14, pulsa el bot\u00f3n 1 una vez, y luego pulsa el bot\u00f3n 4 una vez.<\/p> <\/li><li class=\"schema-how-to-step\" id=\"how-to-step-1645029314777\"><strong class=\"schema-how-to-step-name\">El transmisor se apagar\u00e1 autom\u00e1ticamente<\/strong> <p class=\"schema-how-to-step-text\">Ya puedes cerrar la seta.<\/p> <\/li><li class=\"schema-how-to-step\" id=\"how-to-step-1645030140270\"><strong class=\"schema-how-to-step-name\"><\/strong> <p class=\"schema-how-to-step-text\"><\/p> <\/li><\/ol><\/div>\n\n\n\n<p>\u00bfQuieres comprobar que se ha guardado correctamente? Echa un ojo al tutorial de ver <span style=\"text-decoration: underline;\">en qu\u00e9 canal emite un transmisor panther de Tele Radio<\/span>.<\/p>\n","protected":false},"excerpt":{"rendered":"<p>\u00bfQuieres comprobar que se ha guardado correctamente? Echa un ojo al tutorial de ver en qu\u00e9 canal emite un transmisor panther de Tele Radio.<\/p>\n","protected":false},"author":54,"featured_media":0,"parent":93374,"menu_order":0,"comment_status":"closed","ping_status":"closed","template":"","meta":{"_acf_changed":false,"footnotes":""},"class_list":["post-92818","page","type-page","status-publish","hentry"],"acf":[],"_links":{"self":[{"href":"https:\/\/www.tele-radio.com\/es\/wp-json\/wp\/v2\/pages\/92818","targetHints":{"allow":["GET"]}}],"collection":[{"href":"https:\/\/www.tele-radio.com\/es\/wp-json\/wp\/v2\/pages"}],"about":[{"href":"https:\/\/www.tele-radio.com\/es\/wp-json\/wp\/v2\/types\/page"}],"author":[{"embeddable":true,"href":"https:\/\/www.tele-radio.com\/es\/wp-json\/wp\/v2\/users\/54"}],"replies":[{"embeddable":true,"href":"https:\/\/www.tele-radio.com\/es\/wp-json\/wp\/v2\/comments?post=92818"}],"version-history":[{"count":3,"href":"https:\/\/www.tele-radio.com\/es\/wp-json\/wp\/v2\/pages\/92818\/revisions"}],"predecessor-version":[{"id":92821,"href":"https:\/\/www.tele-radio.com\/es\/wp-json\/wp\/v2\/pages\/92818\/revisions\/92821"}],"up":[{"embeddable":true,"href":"https:\/\/www.tele-radio.com\/es\/wp-json\/wp\/v2\/pages\/93374"}],"wp:attachment":[{"href":"https:\/\/www.tele-radio.com\/es\/wp-json\/wp\/v2\/media?parent=92818"}],"curies":[{"name":"wp","href":"https:\/\/api.w.org\/{rel}","templated":true}]}}