{"id":92816,"date":"2022-02-16T16:43:34","date_gmt":"2022-02-16T16:43:34","guid":{"rendered":"https:\/\/www.tele-radio.com\/?page_id=92816"},"modified":"2022-02-23T13:58:45","modified_gmt":"2022-02-23T13:58:45","slug":"ver-y-cambiar-el-canal-en-el-que-emite-un-transmisor-panther","status":"publish","type":"page","link":"https:\/\/www.tele-radio.com\/es\/ayuda-y-tutoriales\/tutoriales-panther\/ver-y-cambiar-el-canal-en-el-que-emite-un-transmisor-panther\/","title":{"rendered":"Ver y cambiar el canal en el que emite un transmisor Panther"},"content":{"rendered":"\n<p>Los transmisores panther tienen la posibilidad de emitir en 16 canales diferentes.<\/p>\n\n\n\n<p>Al contrario de lo que cabr\u00eda esperar, los canales no van del 1 al 16, sino del 11 al 26.<\/p>\n\n\n\n<p>Para ver en qu\u00e9 canal emite un transmisor panther robusto, tenemos que estar en el men\u00fa n\u00famero 4.<\/p>\n\n\n\n<div class=\"schema-how-to wp-block-yoast-how-to-block\"><p class=\"schema-how-to-total-time\"><span class=\"schema-how-to-duration-time-text\">Time needed:&nbsp;<\/span>2 minutes<\/p><p class=\"schema-how-to-description\">Ver en qu\u00e9 canal emite un transmisor<\/p> <ol class=\"schema-how-to-steps\"><li class=\"schema-how-to-step\" id=\"how-to-step-1645028863172\"><strong class=\"schema-how-to-step-name\">Deja pulsado el bot\u00f3n start mientras abres la seta de paro<\/strong> <p class=\"schema-how-to-step-text\"><\/p> <\/li><li class=\"schema-how-to-step\" id=\"how-to-step-1645029005378\"><strong class=\"schema-how-to-step-name\">Introduce el c\u00f3digo 1 2 3 4<\/strong> <p class=\"schema-how-to-step-text\">Pulsando simplemente los 4 primeros botones como si de un teclado se tratase. Esto nos introduce en el men\u00fa del transmisor y los LED empezar\u00e1n a parpadear.<\/p> <\/li><li class=\"schema-how-to-step\" id=\"how-to-step-1645029056753\"><strong class=\"schema-how-to-step-name\">Pulsa el bot\u00f3n 4 y los LEDs de los botones 1 y 2 empezar\u00e1n a parpadear<\/strong> <p class=\"schema-how-to-step-text\">Tras entrar en el men\u00fa y pulsar el bot\u00f3n 4, \u00fanicamente los LEDs de los botones 1 y 2 empezar\u00e1n a parpadear.<\/p> <\/li><li class=\"schema-how-to-step\" id=\"how-to-step-1645029177492\"><strong class=\"schema-how-to-step-name\">Identifica el canal seg\u00fan los parpadeos<\/strong> <p class=\"schema-how-to-step-text\">El LED del bot\u00f3n 1 representa las decenas, y el LED del bot\u00f3n 2 representa las unidades. As\u00ed se representa el canal. Por ejemplo: Si el LED del bot\u00f3n 1 parpadea 2 veces seguidas, eso quiere decir 2 decenas. Si el LED del bot\u00f3n 2 parpadea 3 veces, eso indica 3 unidades, por lo tanto, el transmisor emite en el canal 23.<\/p> <\/li><li class=\"schema-how-to-step\" id=\"how-to-step-1645029314777\"><strong class=\"schema-how-to-step-name\">Cerrar la seta de paro<\/strong> <p class=\"schema-how-to-step-text\"><\/p> <\/li><\/ol><\/div>\n\n\n\n<p>Si quieres cambiar el canal en el que se emite, puedes ver el tutorial aqu\u00ed: Ajustar el canal en el que emite un transmisor Panther.<\/p>\n","protected":false},"excerpt":{"rendered":"<p>Los transmisores panther tienen la posibilidad de emitir en 16 canales diferentes. Al contrario de lo que cabr\u00eda esperar, los canales no van del 1 al 16, sino del 11 al 26. Para ver en qu\u00e9 canal emite un transmisor panther robusto, tenemos que estar en el men\u00fa n\u00famero 4. Si quieres cambiar el canal [&hellip;]<\/p>\n","protected":false},"author":54,"featured_media":0,"parent":93374,"menu_order":0,"comment_status":"closed","ping_status":"closed","template":"","meta":{"_acf_changed":false,"footnotes":""},"class_list":["post-92816","page","type-page","status-publish","hentry"],"acf":[],"_links":{"self":[{"href":"https:\/\/www.tele-radio.com\/es\/wp-json\/wp\/v2\/pages\/92816","targetHints":{"allow":["GET"]}}],"collection":[{"href":"https:\/\/www.tele-radio.com\/es\/wp-json\/wp\/v2\/pages"}],"about":[{"href":"https:\/\/www.tele-radio.com\/es\/wp-json\/wp\/v2\/types\/page"}],"author":[{"embeddable":true,"href":"https:\/\/www.tele-radio.com\/es\/wp-json\/wp\/v2\/users\/54"}],"replies":[{"embeddable":true,"href":"https:\/\/www.tele-radio.com\/es\/wp-json\/wp\/v2\/comments?post=92816"}],"version-history":[{"count":2,"href":"https:\/\/www.tele-radio.com\/es\/wp-json\/wp\/v2\/pages\/92816\/revisions"}],"predecessor-version":[{"id":93388,"href":"https:\/\/www.tele-radio.com\/es\/wp-json\/wp\/v2\/pages\/92816\/revisions\/93388"}],"up":[{"embeddable":true,"href":"https:\/\/www.tele-radio.com\/es\/wp-json\/wp\/v2\/pages\/93374"}],"wp:attachment":[{"href":"https:\/\/www.tele-radio.com\/es\/wp-json\/wp\/v2\/media?parent=92816"}],"curies":[{"name":"wp","href":"https:\/\/api.w.org\/{rel}","templated":true}]}}