{"id":92813,"date":"2022-02-17T08:38:44","date_gmt":"2022-02-17T08:38:44","guid":{"rendered":"https:\/\/www.tele-radio.com\/?page_id=92813"},"modified":"2022-02-23T11:56:48","modified_gmt":"2022-02-23T11:56:48","slug":"como-borrar-un-transmisor-de-la-memoria-del-receptor-t19-2","status":"publish","type":"page","link":"https:\/\/www.tele-radio.com\/es\/ayuda-y-tutoriales\/tutoriales-panther\/como-borrar-un-transmisor-de-la-memoria-del-receptor-t19-2\/","title":{"rendered":"Como borrar un transmisor de la memoria del receptor (T19-2)"},"content":{"rendered":"\n<h1 class=\"wp-block-heading\">Como borrar la memoria de un receptor Tele Radio<\/h1>\n\n\n\n<p>El borrado se realiza utilizando \u00fanicamente el receptor.<\/p>\n\n\n\n<div class=\"schema-how-to wp-block-yoast-how-to-block\"><p class=\"schema-how-to-total-time\"><span class=\"schema-how-to-duration-time-text\">Tiempo estimado:&nbsp;<\/span>5 minutes<\/p><p class=\"schema-how-to-description\">Borrar la memoria de un receptor Tele Radio<\/p> <ol class=\"schema-how-to-steps\"><li class=\"schema-how-to-step\" id=\"how-to-step-1645026163015\"><strong class=\"schema-how-to-step-name\">Abre el receptor<\/strong> <p class=\"schema-how-to-step-text\">Desatornilla la tapadera del receptor<\/p> <\/li><li class=\"schema-how-to-step\" id=\"how-to-step-1645026263194\"><strong class=\"schema-how-to-step-name\">Localiza el bot\u00f3n<\/strong> <p class=\"schema-how-to-step-text\">Est\u00e1 situado en el latera. Hay dos botones pulsadores, uno es el bot\u00f3n de funci\u00f3n, y otro el de selecci\u00f3n. Si el receptor utiliza una placa superior, estos botones tambi\u00e9n estar\u00e1n presentes en la placa de rel\u00e9s.<\/p> <\/li><li class=\"schema-how-to-step\" id=\"how-to-step-1645026354604\"><strong class=\"schema-how-to-step-name\">Pulsa el bot\u00f3n de funci\u00f3n una vez<\/strong> <p class=\"schema-how-to-step-text\">Para borrar los transmisores (mandos) pulsamos el bot\u00f3n de funci\u00f3n una vez. El LED rojo se encender\u00e1.<\/p> <\/li><li class=\"schema-how-to-step\" id=\"how-to-step-1645026428067\"><strong class=\"schema-how-to-step-name\">Pulsa el bot\u00f3n de selecci\u00f3n y mantenlo<\/strong> <p class=\"schema-how-to-step-text\">Mantenlo pulsado hasta que el LED rojo se apague.<\/p> <\/li><li class=\"schema-how-to-step\" id=\"how-to-step-1645026510883\"><strong class=\"schema-how-to-step-name\">El receptor se reinicia autom\u00e1ticamente<\/strong> <p class=\"schema-how-to-step-text\">El receptor se reinicia y los mandos ya se habr\u00e1n borrado de la memoria.<\/p> <\/li><\/ol><\/div>\n","protected":false},"excerpt":{"rendered":"<p>Como borrar la memoria de un receptor Tele Radio El borrado se realiza utilizando \u00fanicamente el receptor.<\/p>\n","protected":false},"author":54,"featured_media":0,"parent":93374,"menu_order":0,"comment_status":"closed","ping_status":"closed","template":"","meta":{"_acf_changed":false,"footnotes":""},"class_list":["post-92813","page","type-page","status-publish","hentry"],"acf":[],"_links":{"self":[{"href":"https:\/\/www.tele-radio.com\/es\/wp-json\/wp\/v2\/pages\/92813","targetHints":{"allow":["GET"]}}],"collection":[{"href":"https:\/\/www.tele-radio.com\/es\/wp-json\/wp\/v2\/pages"}],"about":[{"href":"https:\/\/www.tele-radio.com\/es\/wp-json\/wp\/v2\/types\/page"}],"author":[{"embeddable":true,"href":"https:\/\/www.tele-radio.com\/es\/wp-json\/wp\/v2\/users\/54"}],"replies":[{"embeddable":true,"href":"https:\/\/www.tele-radio.com\/es\/wp-json\/wp\/v2\/comments?post=92813"}],"version-history":[{"count":4,"href":"https:\/\/www.tele-radio.com\/es\/wp-json\/wp\/v2\/pages\/92813\/revisions"}],"predecessor-version":[{"id":92989,"href":"https:\/\/www.tele-radio.com\/es\/wp-json\/wp\/v2\/pages\/92813\/revisions\/92989"}],"up":[{"embeddable":true,"href":"https:\/\/www.tele-radio.com\/es\/wp-json\/wp\/v2\/pages\/93374"}],"wp:attachment":[{"href":"https:\/\/www.tele-radio.com\/es\/wp-json\/wp\/v2\/media?parent=92813"}],"curies":[{"name":"wp","href":"https:\/\/api.w.org\/{rel}","templated":true}]}}