{"id":88280,"date":"2022-01-10T13:02:18","date_gmt":"2022-01-10T13:02:18","guid":{"rendered":"https:\/\/www.tele-radio.com\/?page_id=88280"},"modified":"2022-06-02T10:00:17","modified_gmt":"2022-06-02T10:00:17","slug":"politica-de-privacidad-y-cookies","status":"publish","type":"page","link":"https:\/\/www.tele-radio.com\/es\/politica-de-privacidad-y-cookies\/","title":{"rendered":"Pol\u00edtica de privacidad y cookies"},"content":{"rendered":"\n<h1 class=\"wp-block-heading\"><strong>Pol\u00edtica de privacidad y cookies<\/strong><\/h1>\n\n\n\n<p>Tele Radio se compromete a proteger la privacidad y confidencialidad de la informaci\u00f3n que se nos conf\u00eda. Esto significa que haremos lo posible por proteger y hacer un uso correcto de la informaci\u00f3n que te identifique como individuo (la informaci\u00f3n llamada &#8220;informaci\u00f3n personal&#8221;).<\/p>\n\n\n\n<p>Esta pol\u00edtica de privacidad se aplica a las webs de Tele Radio. El objetivo es informar a los visitantes de la web y los usuarios de los servicios e informaci\u00f3n que proveemos, sobre c\u00f3mo Tele Radio hace uso de la informaci\u00f3n personal, as\u00ed sobre c\u00f3mo recopilamos, compartimos y protegemos la informaci\u00f3n personal.<\/p>\n\n\n\n<h3 class=\"wp-block-heading\">\u00bf<strong>Qu\u00e9 informaci\u00f3n recopilamos?<\/strong><\/h3>\n\n\n\n<p>Tele Radio le ofrece la oportunidad de solicitar productos y servicios, realizar consultas o registrarse para recibir diversos tipos de materiales, a trav\u00e9s de nuestro sitio web, el tel\u00e9fono o el correo electr\u00f3nico. Esto nos proporciona informaci\u00f3n como su nombre, c\u00f3mo comunicarnos con usted, e informaci\u00f3n necesaria para la facturaci\u00f3n y la entrega de productos o prestaci\u00f3n del servicio. Tambi\u00e9n recibimos informaci\u00f3n sobre la transacci\u00f3n comercial. Adem\u00e1s de la informaci\u00f3n anterior, es posible que tambi\u00e9n le solicitemos que proporcione informaci\u00f3n sobre sus intereses profesionales, para que podamos mejorar nuestros productos y servicios, y\/o personalizar nuestra comunicaci\u00f3n con usted.<\/p>\n\n\n\n<p>Tele Radio utiliza la informaci\u00f3n recopilada con diferentes objetivos:<\/p>\n\n\n\n<ul class=\"wp-block-list\"><li>Proveer y mantener nuestro servicio.<\/li><li>Notificarle sobre cambios en el servicio.<\/li><li>Permitirle participar en caracter\u00edsticas interactivas de nuestro servicio cuando usted elija hacerlo.<\/li><li>Dar soporte y servicio t\u00e9cnico.<\/li><li>Recopilar informaci\u00f3n \u00fatil de forma anal\u00edtica para mejorar nuestro servicio.<\/li><li>Monitorizar el uso que se hace de nuestro servicio.<\/li><li>Detectar, prevenir y gestionar incidencias t\u00e9cnicas.<\/li><li>Proveer noticias, ofertas e informaci\u00f3n general sobre otros bienes, servicios y eventos que tambi\u00e9n ofrecemos y que son similares a aquellos que se han comprado o adquirido, a menos que expl\u00edcitamente haya elegido no recibir dicha informaci\u00f3n.<\/li><\/ul>\n\n\n\n<h2 class=\"wp-block-heading\"><strong>Nuestro uso de Cookies<\/strong><\/h2>\n\n\n\n<h3 class=\"wp-block-heading\"><strong>Google Analytics<\/strong><\/h3>\n\n\n\n<p>Tele Radio utiliza Google Analytics para analizar c\u00f3mo usan los usuarios nuestro sitio web. Esta herramienta hace uso de los &#8216;cookies&#8217;, que son peque\u00f1os archivos de texto que se almacenan en tu ordenador, para recopilar informaci\u00f3n est\u00e1ndar sobre internet y su comportamiento de una forma an\u00f3nima.<\/p>\n\n\n\n<p>La informaci\u00f3n que se genera por la cookie sobre su uso de la p\u00e1gina web (incluida tu direcci\u00f3n IP) se env\u00eda a Google. Tras esto, dicha informaci\u00f3n se utiliza para evaluar su uso en la p\u00e1gina web y recopilar informes estad\u00edsticos sobre la actividad en el sitio web de Tele Radio.<\/p>\n\n\n\n<p>Tele Radio no utilizar\u00e1 la herramienta (ni dejar\u00e1 a otra empresa hacerlo) para hacer un seguimiento o recopilar ninguna informaci\u00f3n personal que le identifique. No asociaremos la informaci\u00f3n recibida de esta herramienta con su informaci\u00f3n personal en nuestro uso de esta herramienta.<\/p>\n\n\n\n<p>Google no asociar\u00e1 su direcci\u00f3n IP con ning\u00fana otra informaci\u00f3n de la que Google disponga. Tampoco Tele Radio ni Google enlazar\u00e1n una IP con el usuario identificativo de un ordenador.<\/p>\n\n\n\n<p>Al acceder a nuestro sitio web, aceptas que procesemos informaci\u00f3n sobre ti por Google con los objetivos citados m\u00e1s arriba. Puede ver las <a aria-label=\"undefined (opens in a new tab)\" href=\"https:\/\/support.google.com\/analytics\/answer\/6004245?hl=es\" target=\"_blank\" rel=\"noreferrer noopener nofollow\">medidas de protecci\u00f3n de datos de Google<\/a> para ampliar informaci\u00f3n.<\/p>\n\n\n\n<h3 class=\"wp-block-heading\"><strong>Google Ads<\/strong><\/h3>\n\n\n\n<p>Tele Radio utiliza las cookies de Google Analytics para recopilar informaci\u00f3n an\u00f3nima del comportamiento de los usuarios en el sitio web. Esta informaci\u00f3n se utiliza para crear audiencias de remarketing basadas en determinados comportamientos, intereses o datos demogr\u00e1ficos. Estas listas son compartidas con la herramienta Google Ads.<\/p>\n\n\n\n<p>Estas audiencias pueden ser despu\u00e9s objeto de campa\u00f1as publicitarias online a trav\u00e9s de Google Ads cuando los visitantes est\u00e1n navegando en Google o p\u00e1ginas web asociadas.<\/p>\n\n\n\n<p>Tele Radio no utilizar\u00e1 la herramienta (ni dejar\u00e1 a otra empresa hacerlo) para hacer un seguimiento o recopilar ninguna informaci\u00f3n personal que le identifique. No asociaremos la informaci\u00f3n recibida de esta herramienta con su informaci\u00f3n personal en nuestro uso de esta herramienta. <\/p>\n\n\n\n<p>Ampl\u00ede m\u00e1s <a href=\"https:\/\/support.google.com\/ads\/answer\/2662922?hl=es\" target=\"_blank\" aria-label=\"undefined (opens in a new tab)\" rel=\"noreferrer noopener nofollow\">informaci\u00f3n de Google sobre como dejar de ver anuncios personalizados online<\/a>.<\/p>\n\n\n\n<h3 class=\"wp-block-heading\">Facebook<\/h3>\n\n\n\n<p>Tele Radio utilizar\u00e1 una cookie de Facebook que enlaza tu visita a esta web con Facebook. Esto nos ayuda a mostrar contenido relevante en Facebook y aprender c\u00f3mo interact\u00faan y utilizan los usuarios nuestro contenido. Puede ver m\u00e1s informaci\u00f3n sobre <a href=\"https:\/\/www.facebook.com\/about\/privacy\">c\u00f3mo Facebook utiliza la informaci\u00f3n que recopila aqu\u00ed<\/a>. M\u00e1s abajo se explica c\u00f3mo puede desactivar esta cookie si lo desea.<\/p>\n\n\n\n<h3 class=\"wp-block-heading\">LEADINFO<\/h3>\n\n\n\n<p>A trav\u00e9s de este servicio online, Leadinfo procesar\u00e1 datos sensibles o personales. Leadinfo es consciente de lo delicado que puede ser esta informaci\u00f3n y se preocupa de procesarlos y protegerlos debidamente.<\/p>\n\n\n\n<p>Durante el procesado de la informaci\u00f3n, cumplen con los requerimientos de la legislaci\u00f3n de protecci\u00f3n de datos aplicable, lo que significa que:<\/p>\n\n\n\n<ul class=\"wp-block-list\"><li><strong>Especifican sus objetivos<\/strong> antes de procesar informaci\u00f3n personal.<\/li><li><strong>Limitan la cantidad de datos personales que recopilan<\/strong>, recogiendo solo la informaci\u00f3n personal que necesitan para los objetivos que persiguen.<\/li><li>Primero <strong>preguntan expl\u00edcitamente por permiso<\/strong> para procesar tu informaci\u00f3n personal en aquellos casos en los que es necesario pedirlo.<\/li><li>Toman las <strong>medidas de seguridad necesarias<\/strong> para proteger la informaci\u00f3n personal, y demandan lo mismo de las empresas que hacen un tratamiento de dichos datos en nuestro nombre.<\/li><li><strong>Respetan <\/strong>su derechos a acceder, corregir y eliminar los datos que mantengan sobre usted.<\/li><\/ul>\n\n\n\n<p>Utilizando este servicio, proveemos cierta informaci\u00f3n a leadinfo, la cual puede ser de car\u00e1cter personal. Ellos solo conservan y usan los datos personales que les proveemos.<\/p>\n\n\n\n<p>Estos son los datos que utilizan para los objetivos que mencionan en su pol\u00edtica de privacidad:<\/p>\n\n\n\n<ul class=\"wp-block-list\"><li>Nombre y direcci\u00f3n<\/li><li>N\u00famero de tel\u00e9fono<\/li><li>Direcci\u00f3n de facturaci\u00f3n<\/li><li>Direcci\u00f3n de email<\/li><li>Detalles de pago<\/li><li>Direcci\u00f3n IP<\/li><\/ul>\n\n\n\n<h2 class=\"wp-block-heading\"><strong>Confidencialidad y seguridad<\/strong><\/h2>\n\n\n\n<ul class=\"wp-block-list\"><li>Para proteger su seguridad y privacidad, su informaci\u00f3n estar\u00e1 protegida por una contrase\u00f1a.<\/li><li>Limitamos el acceso a la informaci\u00f3n personal a aquellos empleados que creemos que necesitan acceder a ella pera proveerle productos o servicios para que puedan desempe\u00f1ar su trabajo.<\/li><li>Tomaremos las medidas razonables y apropiadas (f\u00edsicas y de seguridad) que cumplan con las leyes aplicables en materia de protecci\u00f3n de datos y privacidad, para as\u00ed proteger su informaci\u00f3n personal.<\/li><li>A pesar de que nosotros tomemos estas medidas, considere que ning\u00fan sistema o tecnolog\u00eda es segura al 100%. Si encuentra alguna vulnerabilidad en nuestro sitio web, por favor, p\u00f3ngase en contacto con nosotros de forma privada para reportarla.<\/li><\/ul>\n\n\n\n<p><\/p>\n\n\n\n<h2 class=\"wp-block-heading\"><strong>Control y acceso a su informaci\u00f3n<\/strong><\/h2>\n\n\n\n<p>Puede contactarnos si tiene alguna duda o solicitud sobre la informaci\u00f3n personal que hayamos recopilado sobre usted, ejerciendo sus derechos de acceso, correcci\u00f3n, descarga, o borrado de toda o parte de su informaci\u00f3n personal.<\/p>\n\n\n\n<p>Si no podemos eliminar alguna informaci\u00f3n personal, le explicaremos por qu\u00e9. Si se ha suscrito a newsletters o emails de marketing, puede darse de baja f\u00e1cilmente desde cualquiera de estos emails que haya recibido haciendo clic en el bot\u00f3n pertinente.<br><br>Si tiene dudas, comentarios o le gustar\u00eda contactar con nosotros sobre su informaci\u00f3n personal o esta pol\u00edtica de privacidad, por favor contactenos usando alguno de los siguientes m\u00e9todos:<\/p>\n\n\n\n<p>Tel\u00e9fono: +34 93 575 06 60<br>Email: contactoweb@teleradio.com<br>Direcci\u00f3n: C\/ Beat Oriol, 1; Planta 2-12 Montcada i Reixac, Barcelona &#8211; 08110, Espa\u00f1a.<\/p>\n","protected":false},"excerpt":{"rendered":"<p>Pol\u00edtica de privacidad y cookies Tele Radio se compromete a proteger la privacidad y confidencialidad de la informaci\u00f3n que se nos conf\u00eda. Esto significa que haremos lo posible por proteger y hacer un uso correcto de la informaci\u00f3n que te identifique como individuo (la informaci\u00f3n llamada &#8220;informaci\u00f3n personal&#8221;). Esta pol\u00edtica de privacidad se aplica a [&hellip;]<\/p>\n","protected":false},"author":54,"featured_media":0,"parent":0,"menu_order":0,"comment_status":"closed","ping_status":"closed","template":"","meta":{"_acf_changed":false,"footnotes":""},"class_list":["post-88280","page","type-page","status-publish","hentry"],"acf":[],"_links":{"self":[{"href":"https:\/\/www.tele-radio.com\/es\/wp-json\/wp\/v2\/pages\/88280","targetHints":{"allow":["GET"]}}],"collection":[{"href":"https:\/\/www.tele-radio.com\/es\/wp-json\/wp\/v2\/pages"}],"about":[{"href":"https:\/\/www.tele-radio.com\/es\/wp-json\/wp\/v2\/types\/page"}],"author":[{"embeddable":true,"href":"https:\/\/www.tele-radio.com\/es\/wp-json\/wp\/v2\/users\/54"}],"replies":[{"embeddable":true,"href":"https:\/\/www.tele-radio.com\/es\/wp-json\/wp\/v2\/comments?post=88280"}],"version-history":[{"count":6,"href":"https:\/\/www.tele-radio.com\/es\/wp-json\/wp\/v2\/pages\/88280\/revisions"}],"predecessor-version":[{"id":104010,"href":"https:\/\/www.tele-radio.com\/es\/wp-json\/wp\/v2\/pages\/88280\/revisions\/104010"}],"wp:attachment":[{"href":"https:\/\/www.tele-radio.com\/es\/wp-json\/wp\/v2\/media?parent=88280"}],"curies":[{"name":"wp","href":"https:\/\/api.w.org\/{rel}","templated":true}]}}