{"id":87616,"date":"2021-12-03T11:33:07","date_gmt":"2021-12-03T11:33:07","guid":{"rendered":"https:\/\/www.tele-radio.com\/?page_id=87616"},"modified":"2022-07-13T14:59:57","modified_gmt":"2022-07-13T14:59:57","slug":"teq-control-remoto-para-camiones","status":"publish","type":"page","link":"https:\/\/www.tele-radio.com\/es\/teq-control-remoto-para-camiones\/","title":{"rendered":"TEQ, control remoto para camiones"},"content":{"rendered":"\n<div style=\"height:20px\" aria-hidden=\"true\" class=\"wp-block-spacer\"><\/div>\n\n\n\n<h1 class=\"wp-block-heading\">Sistema TEQ de Control Remoto para Camiones<\/h1>\n\n\n\n<div class=\"wp-block-columns is-layout-flex wp-container-core-columns-is-layout-9d6595d7 wp-block-columns-is-layout-flex\">\n<div class=\"wp-block-column is-layout-flow wp-block-column-is-layout-flow\" style=\"flex-basis:55%\">\n<p>TEQ es un sistema inal\u00e1mbrico de Tele Radio capaz de trabajar con camiones Volvo trucks que usan la interfaz <em>external steering (conocida como EXSTER<\/em>).<\/p>\n\n\n\n<p>El mando o transmisor puede ser est\u00e1ndar o personalizado. La versi\u00f3n est\u00e1ndar permite controlar el cami\u00f3n: arrancar\/parar, giro del volante, mover hacia delante\/atr\u00e1s, claxon, freno de mano, intermitentes, luces, etc. Sin embargo, con un mando personalizado se pueden a\u00f1adir y controlar funciones especiales de la carrocer\u00eda.<\/p>\n\n\n\n<p>Por otro lado, el receptor y sus conectores hacen que la instalaci\u00f3n sea sencilla y r\u00e1pida.<\/p>\n<\/div>\n\n\n\n<div class=\"wp-block-column is-layout-flow wp-block-column-is-layout-flow\" style=\"flex-basis:40%\">\n<div class=\"wp-block-image\"><figure class=\"aligncenter size-large\"><img loading=\"lazy\" decoding=\"async\" width=\"500\" height=\"287\" src=\"https:\/\/www.tele-radio.com\/app\/uploads\/puma-volvo-control-remoto-volquete.png\" alt=\"Control remoto para camiones\" class=\"wp-image-61142\" srcset=\"https:\/\/www.tele-radio.com\/app\/uploads\/puma-volvo-control-remoto-volquete.png 500w, https:\/\/www.tele-radio.com\/app\/uploads\/puma-volvo-control-remoto-volquete-400x230.png 400w\" sizes=\"auto, (max-width: 500px) 100vw, 500px\" \/><\/figure><\/div>\n<\/div>\n<\/div>\n\n\n\n<div style=\"height:20px\" aria-hidden=\"true\" class=\"wp-block-spacer\"><\/div>\n\n\n\n<div class=\"wp-block-group has-background\" style=\"background-color:#f3f3f3\"><div class=\"wp-block-group__inner-container is-layout-flow wp-block-group-is-layout-flow\">\n<div style=\"height:40px\" aria-hidden=\"true\" class=\"wp-block-spacer\"><\/div>\n\n\n\n<h2 class=\"has-text-align-center wp-block-heading\">Caracter\u00edsticas del control remoto para camiones<\/h2>\n\n\n\n<div style=\"height:35px\" aria-hidden=\"true\" class=\"wp-block-spacer\"><\/div>\n\n\n\n<div class=\"wp-block-columns is-layout-flex wp-container-core-columns-is-layout-9d6595d7 wp-block-columns-is-layout-flex\">\n<div class=\"wp-block-column is-layout-flow wp-block-column-is-layout-flow\">\n<div class=\"wp-block-image\"><figure class=\"aligncenter size-large\"><img loading=\"lazy\" decoding=\"async\" width=\"64\" height=\"64\" src=\"https:\/\/www.tele-radio.com\/app\/uploads\/frequency-1.png\" alt=\"Cobertura inal\u00e1mbrica\" class=\"wp-image-48886\"\/><\/figure><\/div>\n\n\n\n<p class=\"has-text-align-center\">2.4 GHz, libre de interferencias<\/p>\n<\/div>\n\n\n\n<div class=\"wp-block-column is-layout-flow wp-block-column-is-layout-flow\">\n<div class=\"wp-block-image\"><figure class=\"aligncenter size-full is-resized\"><img loading=\"lazy\" decoding=\"async\" src=\"https:\/\/www.tele-radio.com\/app\/uploads\/transmitter-puma-t24-bellybox-shield-1.png\" alt=\"Resistente a polvo y agua\" class=\"wp-image-86888\" width=\"64\" height=\"64\"\/><\/figure><\/div>\n\n\n\n<p class=\"has-text-align-center\">Protecci\u00f3n contra polvo y agua (IP65)<\/p>\n<\/div>\n\n\n\n<div class=\"wp-block-column is-layout-flow wp-block-column-is-layout-flow\">\n<div class=\"wp-block-image\"><figure class=\"aligncenter size-full is-resized\"><img loading=\"lazy\" decoding=\"async\" src=\"https:\/\/www.tele-radio.com\/app\/uploads\/transmitter-puma-t24-bellybox-fall-1.png\" alt=\"Sensor de ca\u00edda en mando inal\u00e1mbrico\" class=\"wp-image-86936\" width=\"64\" height=\"64\"\/><\/figure><\/div>\n\n\n\n<p class=\"has-text-align-center\">Sensor de ca\u00edda<\/p>\n<\/div>\n\n\n\n<div class=\"wp-block-column is-layout-flow wp-block-column-is-layout-flow\">\n<div class=\"wp-block-image\"><figure class=\"aligncenter size-full is-resized\"><img loading=\"lazy\" decoding=\"async\" src=\"https:\/\/www.tele-radio.com\/app\/uploads\/transmitter-puma-t24-bellybox-wrench-1.png\" alt=\"Telemando personalizable\" class=\"wp-image-87063\" width=\"64\" height=\"64\"\/><\/figure><\/div>\n\n\n\n<p class=\"has-text-align-center\">Completamente personalizable<\/p>\n<\/div>\n<\/div>\n\n\n\n<div style=\"height:15px\" aria-hidden=\"true\" class=\"wp-block-spacer\"><\/div>\n\n\n\n<p><\/p>\n<\/div><\/div>\n\n\n\n<div style=\"height:60px\" aria-hidden=\"true\" class=\"wp-block-spacer\"><\/div>\n\n\n\n<div class=\"wp-block-media-text alignwide has-media-on-the-right is-stacked-on-mobile has-black-color has-luminous-vivid-amber-background-color has-text-color has-background\"><figure class=\"wp-block-media-text__media\"><img loading=\"lazy\" decoding=\"async\" width=\"800\" height=\"600\" src=\"https:\/\/www.tele-radio.com\/app\/uploads\/custom-exster-transmitter-dump-trailer-edited.webp\" alt=\"Telemando de pupitre\" class=\"wp-image-86753 size-full\" srcset=\"https:\/\/www.tele-radio.com\/app\/uploads\/custom-exster-transmitter-dump-trailer-edited.webp 800w, https:\/\/www.tele-radio.com\/app\/uploads\/custom-exster-transmitter-dump-trailer-edited-400x300.webp 400w, https:\/\/www.tele-radio.com\/app\/uploads\/custom-exster-transmitter-dump-trailer-edited-768x576.webp 768w, https:\/\/www.tele-radio.com\/app\/uploads\/custom-exster-transmitter-dump-trailer-edited-750x563.webp 750w, https:\/\/www.tele-radio.com\/app\/uploads\/custom-exster-transmitter-dump-trailer-edited-500x375.webp 500w\" sizes=\"auto, (max-width: 800px) 100vw, 800px\" \/><\/figure><div class=\"wp-block-media-text__content\">\n<h2 class=\"wp-block-heading\">TEQ con funciones de carrocer\u00eda<\/h2>\n\n\n\n<div style=\"height:10px\" aria-hidden=\"true\" class=\"wp-block-spacer\"><\/div>\n\n\n\n<p>Aqu\u00ed es cuando el verdadero potencial del sistema TEQ entra en juego en el control remoto para camiones.<\/p>\n\n\n\n<p>Los carroceros pueden comunicarse con el receptor usando comunicaci\u00f3n BUS. Esto permite que nuestro sistema inal\u00e1mbrico controle las funciones de la carrocer\u00eda, adem\u00e1s de las propias del cami\u00f3n. Todo desde el mismo mando. <\/p>\n\n\n\n<p>Para ello, el mando se personaliza con elementos que permitan un control preciso de dichas funciones: joysticks adicionales, paletas, selectores, botones, etc. Tambi\u00e9n se personaliza la informaci\u00f3n mostrada en pantalla.<\/p>\n<\/div><\/div>\n\n\n\n<div style=\"height:100px\" aria-hidden=\"true\" class=\"wp-block-spacer\"><\/div>\n\n\n\n<h2 class=\"has-text-align-center wp-block-heading\">Ejemplos del uso inal\u00e1mbrico<\/h2>\n\n\n\n<p class=\"has-text-align-center\">Hemos desarrollado proyectos de control remoto para camiones con \u00e9xito en muchos pa\u00edses<\/p>\n\n\n\n<div style=\"height:30px\" aria-hidden=\"true\" class=\"wp-block-spacer\"><\/div>\n\n\n\n<div class=\"wp-block-columns is-layout-flex wp-container-core-columns-is-layout-9d6595d7 wp-block-columns-is-layout-flex\">\n<div class=\"wp-block-column is-layout-flow wp-block-column-is-layout-flow\" style=\"flex-basis:50%\">\n<h3 class=\"has-text-align-center wp-block-heading\">TEQ en Cami\u00f3n Hormigonera<\/h3>\n\n\n\n<figure class=\"wp-block-video\"><video controls poster=\"https:\/\/www.tele-radio.com\/app\/uploads\/preview-video-volvo-frumecar-tr.jpg\" src=\"https:\/\/www.tele-radio.com\/app\/uploads\/VIDEO-HORMIGONERA-REMOTO-V4_1-compress.mp4\"><\/video><\/figure>\n\n\n\n<p class=\"has-text-align-center has-small-font-size\"><em>Proyecto desarrollado en Espa\u00f1a<\/em><\/p>\n<\/div>\n\n\n\n<div class=\"wp-block-column is-layout-flow wp-block-column-is-layout-flow\" style=\"flex-basis:50%\">\n<h3 class=\"has-text-align-center wp-block-heading\">TEQ en Cami\u00f3n Volquete<\/h3>\n\n\n\n<figure class=\"wp-block-video\"><video controls poster=\"https:\/\/www.tele-radio.com\/app\/uploads\/ss-puma-exster-dump-trucks-tippers-preview-1.jpg\" src=\"https:\/\/www.tele-radio.com\/app\/uploads\/Puma-Exster-tippers.mp4\"><\/video><\/figure>\n\n\n\n<p class=\"has-text-align-center has-small-font-size\"><em> <em>Proyecto desarrollado en Suecia<\/em><\/em><\/p>\n<\/div>\n<\/div>\n\n\n\n<div style=\"height:10px\" aria-hidden=\"true\" class=\"wp-block-spacer\"><\/div>\n\n\n\n<div class=\"wp-block-columns is-layout-flex wp-container-core-columns-is-layout-9d6595d7 wp-block-columns-is-layout-flex\">\n<div class=\"wp-block-column is-layout-flow wp-block-column-is-layout-flow\" style=\"flex-basis:50%\">\n<h3 class=\"has-text-align-center wp-block-heading\"> TEQ en Cami\u00f3n Volquete<\/h3>\n\n\n\n<figure class=\"wp-block-video\"><video controls src=\"https:\/\/www.tele-radio.com\/app\/uploads\/Volvo-trucks-teleradio-trfin-dumptrailer.mp4\"><\/video><\/figure>\n\n\n\n<p class=\"has-text-align-center has-small-font-size\"><em> <em> <em>Proyecto desarrollado en Finlandia<\/em><\/em><\/em><\/p>\n<\/div>\n\n\n\n<div class=\"wp-block-column is-layout-flow wp-block-column-is-layout-flow\" style=\"flex-basis:50%\">\n<h3 class=\"has-text-align-center wp-block-heading\">TEQ en Camiones con Gr\u00faa<\/h3>\n\n\n\n<figure class=\"wp-block-video\"><video controls src=\"https:\/\/www.tele-radio.com\/app\/uploads\/control-remoto-teleradio-volvo-camion-grua.mp4\"><\/video><\/figure>\n\n\n\n<p class=\"has-text-align-center has-small-font-size\"><em> <em>Proyecto desarrollado en Espa\u00f1a<\/em> <\/em><\/p>\n<\/div>\n<\/div>\n\n\n\n<div style=\"height:10px\" aria-hidden=\"true\" class=\"wp-block-spacer\"><\/div>\n\n\n\n<div class=\"wp-block-columns is-layout-flex wp-container-core-columns-is-layout-9d6595d7 wp-block-columns-is-layout-flex\">\n<div class=\"wp-block-column is-layout-flow wp-block-column-is-layout-flow\" style=\"flex-basis:50%\">\n<h3 class=\"has-text-align-center wp-block-heading\"> TEQ en Cami\u00f3n Cargador de \u00c1rboles<\/h3>\n\n\n\n<figure class=\"wp-block-video\"><video controls poster=\"\" src=\"https:\/\/www.tele-radio.com\/app\/uploads\/ammattilehtifi-KATSO-VIDEO-Kuljetus-S-Simpasen-Volvo.mp4\"><\/video><\/figure>\n\n\n\n<p class=\"has-text-align-center has-small-font-size\"><em> <em>Proyecto desarrollado en Finlandia<\/em><\/em><\/p>\n<\/div>\n\n\n\n<div class=\"wp-block-column is-layout-flow wp-block-column-is-layout-flow\" style=\"flex-basis:50%\">\n<h3 class=\"has-text-align-center wp-block-heading\">TEQ en un cami\u00f3n est\u00e1ndar Volvo<\/h3>\n\n\n\n<figure class=\"wp-block-video\"><video controls poster=\"\" src=\"https:\/\/www.tele-radio.com\/app\/uploads\/Remote-controlled-truck.-To-proste-Zdalnie-sterowane-Volvo-FH-z-Tele-Radio.mp4\"><\/video><\/figure>\n\n\n\n<p class=\"has-text-align-center has-small-font-size\"><em> <em> <em>Proyecto desarrollado en Polonia<\/em><\/em><\/em><\/p>\n<\/div>\n<\/div>\n\n\n\n<div style=\"height:60px\" aria-hidden=\"true\" class=\"wp-block-spacer\"><\/div>\n\n\n\n<h2 class=\"has-text-align-center wp-block-heading\">Casos de clientes<\/h2>\n\n\n\n<p class=\"has-text-align-center\">Aqu\u00ed mostramos algunos casos de \u00e9xito de clientes utilizando nuestra soluci\u00f3n TEQ para camiones.<\/p>\n\n\n\n<div class=\"wp-block-columns is-layout-flex wp-container-core-columns-is-layout-9d6595d7 wp-block-columns-is-layout-flex\">\n<div class=\"wp-block-column is-layout-flow wp-block-column-is-layout-flow\">\n<div class=\"wp-block-cover has-background-dim\"><img loading=\"lazy\" decoding=\"async\" width=\"1000\" height=\"564\" class=\"wp-block-cover__image-background wp-image-86776\" alt=\"\" src=\"https:\/\/www.tele-radio.com\/app\/uploads\/exster-segre-customer-case.webp\" style=\"object-position:0% 50%\" data-object-fit=\"cover\" data-object-position=\"0% 50%\" srcset=\"https:\/\/www.tele-radio.com\/app\/uploads\/exster-segre-customer-case.webp 1000w, https:\/\/www.tele-radio.com\/app\/uploads\/exster-segre-customer-case-400x226.webp 400w, https:\/\/www.tele-radio.com\/app\/uploads\/exster-segre-customer-case-768x433.webp 768w, https:\/\/www.tele-radio.com\/app\/uploads\/exster-segre-customer-case-750x423.webp 750w, https:\/\/www.tele-radio.com\/app\/uploads\/exster-segre-customer-case-500x282.webp 500w, https:\/\/www.tele-radio.com\/app\/uploads\/exster-segre-customer-case-800x451.webp 800w\" sizes=\"auto, (max-width: 1000px) 100vw, 1000px\" \/><div class=\"wp-block-cover__inner-container is-layout-flow wp-block-cover-is-layout-flow\">\n<p class=\"has-text-align-center has-large-font-size\">Cubas Segre<\/p>\n\n\n\n<p class=\"has-text-align-center has-medium-font-size\">Cami\u00f3n para alimentar ganado<\/p>\n\n\n\n<p class=\"has-text-align-center\"><a href=\"https:\/\/www.tele-radio.com\/es\/volvo-trucks-reus-fleming-tele-radio\/\">Leer m\u00e1s <\/a><a href=\"https:\/\/www.tele-radio.com\/es\/smopyc-2021-un-exito-para-tele-radio\/\">\u2192<\/a><\/p>\n<\/div><\/div>\n<\/div>\n\n\n\n<div class=\"wp-block-column is-layout-flow wp-block-column-is-layout-flow\">\n<div class=\"wp-block-cover has-background-dim\"><img loading=\"lazy\" decoding=\"async\" width=\"600\" height=\"450\" class=\"wp-block-cover__image-background wp-image-86544\" alt=\"\" src=\"https:\/\/www.tele-radio.com\/app\/uploads\/customer-case-frumecar-tr.webp\" style=\"object-position:0% 50%\" data-object-fit=\"cover\" data-object-position=\"0% 50%\" srcset=\"https:\/\/www.tele-radio.com\/app\/uploads\/customer-case-frumecar-tr.webp 600w, https:\/\/www.tele-radio.com\/app\/uploads\/customer-case-frumecar-tr-400x300.webp 400w, https:\/\/www.tele-radio.com\/app\/uploads\/customer-case-frumecar-tr-500x375.webp 500w\" sizes=\"auto, (max-width: 600px) 100vw, 600px\" \/><div class=\"wp-block-cover__inner-container is-layout-flow wp-block-cover-is-layout-flow\">\n<p class=\"has-text-align-center has-large-font-size\">Frumecar<\/p>\n\n\n\n<p class=\"has-text-align-center has-medium-font-size\">Cami\u00f3n hormigonera<\/p>\n\n\n\n<p class=\"has-text-align-center\"><a href=\"https:\/\/www.tele-radio.com\/es\/smopyc-2021-un-exito-para-tele-radio\/\">Leer m\u00e1s \u2192<\/a><\/p>\n<\/div><\/div>\n<\/div>\n\n\n\n<div class=\"wp-block-column is-layout-flow wp-block-column-is-layout-flow\">\n<div class=\"wp-block-cover has-background-dim\"><img loading=\"lazy\" decoding=\"async\" width=\"800\" height=\"450\" class=\"wp-block-cover__image-background wp-image-86799\" alt=\"\" src=\"https:\/\/www.tele-radio.com\/app\/uploads\/exster-salavedra-customer-case.webp\" style=\"object-position:73% 50%\" data-object-fit=\"cover\" data-object-position=\"73% 50%\" srcset=\"https:\/\/www.tele-radio.com\/app\/uploads\/exster-salavedra-customer-case.webp 800w, https:\/\/www.tele-radio.com\/app\/uploads\/exster-salavedra-customer-case-400x225.webp 400w, https:\/\/www.tele-radio.com\/app\/uploads\/exster-salavedra-customer-case-768x432.webp 768w, https:\/\/www.tele-radio.com\/app\/uploads\/exster-salavedra-customer-case-750x422.webp 750w, https:\/\/www.tele-radio.com\/app\/uploads\/exster-salavedra-customer-case-500x281.webp 500w\" sizes=\"auto, (max-width: 800px) 100vw, 800px\" \/><div class=\"wp-block-cover__inner-container is-layout-flow wp-block-cover-is-layout-flow\">\n<p class=\"has-text-align-center has-large-font-size\">Transgr\u00faas J. Salavedra<\/p>\n\n\n\n<p class=\"has-text-align-center has-medium-font-size\">Cami\u00f3n con gr\u00faa<\/p>\n\n\n\n<p class=\"has-text-align-center\"><a href=\"https:\/\/www.tele-radio.com\/es\/caso-exito-tele-radio-volvo-camion-grua\/\">Leer m\u00e1s \u2192<\/a><\/p>\n<\/div><\/div>\n<\/div>\n<\/div>\n\n\n\n<div style=\"height:40px\" aria-hidden=\"true\" class=\"wp-block-spacer\"><\/div>\n\n\n\n<p class=\"has-text-align-center has-large-font-size\">Solicite informaci\u00f3n<\/p>\n\n\n\n<div class=\"wp-block-columns is-layout-flex wp-container-core-columns-is-layout-9d6595d7 wp-block-columns-is-layout-flex\">\n<div class=\"wp-block-column is-layout-flow wp-block-column-is-layout-flow\" style=\"flex-basis:20%\"><\/div>\n\n\n\n<div class=\"wp-block-column is-layout-flow wp-block-column-is-layout-flow\" style=\"flex-basis:60%\">\n<div class=\"wpcf7 no-js\" id=\"wpcf7-f45404-o1\" lang=\"en-EN\" dir=\"ltr\" data-wpcf7-id=\"45404\">\n<div class=\"screen-reader-response\"><p role=\"status\" aria-live=\"polite\" aria-atomic=\"true\"><\/p> <ul><\/ul><\/div>\n<form action=\"\/es\/wp-json\/wp\/v2\/pages\/87616#wpcf7-f45404-o1\" method=\"post\" class=\"wpcf7-form init\" aria-label=\"Contact form\" novalidate=\"novalidate\" data-status=\"init\">\n<fieldset class=\"hidden-fields-container\"><input type=\"hidden\" name=\"_wpcf7\" value=\"45404\" \/><input type=\"hidden\" name=\"_wpcf7_version\" value=\"6.1\" \/><input type=\"hidden\" name=\"_wpcf7_locale\" value=\"en_EN\" \/><input type=\"hidden\" name=\"_wpcf7_unit_tag\" value=\"wpcf7-f45404-o1\" \/><input type=\"hidden\" name=\"_wpcf7_container_post\" value=\"0\" \/><input type=\"hidden\" name=\"_wpcf7_posted_data_hash\" value=\"\" \/><input type=\"hidden\" name=\"_wpcf7_recaptcha_response\" value=\"\" \/>\n<\/fieldset>\n<p><label> Nombre*<br \/>\n<span class=\"wpcf7-form-control-wrap\" data-name=\"nombre\"><input size=\"40\" maxlength=\"400\" class=\"wpcf7-form-control wpcf7-text wpcf7-validates-as-required\" aria-required=\"true\" aria-invalid=\"false\" placeholder=\"Su nombre\" value=\"\" type=\"text\" name=\"nombre\" \/><\/span> <\/label>\n<\/p>\n<p><label> Email*<br \/>\n<span class=\"wpcf7-form-control-wrap\" data-name=\"tu-email\"><input size=\"40\" maxlength=\"400\" class=\"wpcf7-form-control wpcf7-email wpcf7-validates-as-required wpcf7-text wpcf7-validates-as-email\" aria-required=\"true\" aria-invalid=\"false\" placeholder=\"Su email\" value=\"\" type=\"email\" name=\"tu-email\" \/><\/span> <\/label>\n<\/p>\n<p><label> Tel\u00e9fono<br \/>\n<span class=\"wpcf7-form-control-wrap\" data-name=\"tu-tfno\"><input size=\"40\" maxlength=\"400\" class=\"wpcf7-form-control wpcf7-tel wpcf7-text wpcf7-validates-as-tel\" aria-invalid=\"false\" placeholder=\"Tel\u00e9fono de contacto\" value=\"\" type=\"tel\" name=\"tu-tfno\" \/><\/span> <\/label>\n<\/p>\n<p><label> Provincia*<br \/>\n<span class=\"wpcf7-form-control-wrap\" data-name=\"Provincia\"><select class=\"wpcf7-form-control wpcf7-select\" aria-invalid=\"false\" name=\"Provincia\"><option value=\"\">&#8212;Please choose an option&#8212;<\/option><option value=\"A Coru\u00f1a\">A Coru\u00f1a<\/option><option value=\"\u00c1lava\">\u00c1lava<\/option><option value=\"Albacete\">Albacete<\/option><option value=\"Alicante\">Alicante<\/option><option value=\"Almer\u00eda\">Almer\u00eda<\/option><option value=\"Asturias\">Asturias<\/option><option value=\"\u00c1vila\">\u00c1vila<\/option><option value=\"Badajoz\">Badajoz<\/option><option value=\"Baleares\">Baleares<\/option><option value=\"Barcelona\">Barcelona<\/option><option value=\"Bizkaia\">Bizkaia<\/option><option value=\"Burgos\">Burgos<\/option><option value=\"C\u00e1ceres\">C\u00e1ceres<\/option><option value=\"C\u00e1diz\">C\u00e1diz<\/option><option value=\"Cantabria\">Cantabria<\/option><option value=\"Castell\u00f3n\">Castell\u00f3n<\/option><option value=\"Ceuta\">Ceuta<\/option><option value=\"Ciudad Real\">Ciudad Real<\/option><option value=\"C\u00f3rdoba\">C\u00f3rdoba<\/option><option value=\"Cuenca\">Cuenca<\/option><option value=\"Girona\">Girona<\/option><option value=\"Granada\">Granada<\/option><option value=\"Guadalajara\">Guadalajara<\/option><option value=\"Gipuzkoa\">Gipuzkoa<\/option><option value=\"Huelva\">Huelva<\/option><option value=\"Huesca\">Huesca<\/option><option value=\"Ja\u00e9n\">Ja\u00e9n<\/option><option value=\"La Rioja\">La Rioja<\/option><option value=\"Las Palmas\">Las Palmas<\/option><option value=\"Le\u00f3n\">Le\u00f3n<\/option><option value=\"L\u00e9rida\">L\u00e9rida<\/option><option value=\"Lugo\">Lugo<\/option><option value=\"Madrid\">Madrid<\/option><option value=\"M\u00e1laga\">M\u00e1laga<\/option><option value=\"Melilla\">Melilla<\/option><option value=\"Murcia\">Murcia<\/option><option value=\"Navarra\">Navarra<\/option><option value=\"Ourense\">Ourense<\/option><option value=\"Palencia\">Palencia<\/option><option value=\"Pontevedra\">Pontevedra<\/option><option value=\"Salamanca\">Salamanca<\/option><option value=\"Segovia\">Segovia<\/option><option value=\"Sevilla\">Sevilla<\/option><option value=\"Soria\">Soria<\/option><option value=\"Tarragona\">Tarragona<\/option><option value=\"Santa Cruz de Tenerife\">Santa Cruz de Tenerife<\/option><option value=\"Teruel\">Teruel<\/option><option value=\"Toledo\">Toledo<\/option><option value=\"Valencia\">Valencia<\/option><option value=\"Valladolid\">Valladolid<\/option><option value=\"Zamora\">Zamora<\/option><option value=\"Zaragoza\">Zaragoza<\/option><\/select><\/span> <\/label>\n<\/p>\n<p><label> Tu mensaje*<br \/>\n<span class=\"wpcf7-form-control-wrap\" data-name=\"your-message\"><textarea cols=\"40\" rows=\"10\" maxlength=\"2000\" class=\"wpcf7-form-control wpcf7-textarea wpcf7-validates-as-required\" aria-required=\"true\" aria-invalid=\"false\" placeholder=\"Escriba aqu\u00ed en qu\u00e9 mando, equipo o aplicaci\u00f3n est\u00e1 interesado; o si tiene alguna duda.\" name=\"your-message\"><\/textarea><\/span> <\/label>\n<\/p>\n<p><span class=\"wpcf7-form-control-wrap\" data-name=\"acceptance-322\"><span class=\"wpcf7-form-control wpcf7-acceptance\"><span class=\"wpcf7-list-item\"><label><input type=\"checkbox\" name=\"acceptance-322\" value=\"1\" aria-invalid=\"false\" \/><span class=\"wpcf7-list-item-label\">He le\u00eddo y acepto las <a href=\"https:\/\/www.tele-radio.com\/es\/politica-de-privacidad-y-cookies\/\" target=\"_blank\">condiciones de privacidad<\/a>.*<\/span><\/label><\/span><\/span><\/span>\n<\/p>\n<p><input class=\"wpcf7-form-control wpcf7-submit has-spinner\" type=\"submit\" value=\"Enviar\" \/>\n<\/p><div class=\"wpcf7-response-output\" aria-hidden=\"true\"><\/div>\n<\/form>\n<\/div>\n\r\n\t\t\t\t<script>\r\n\t\t\t\tif ( typeof huOptions !== 'undefined' ) {\r\n\t\t\t\t\tvar huFormData = {\"source\":\"contactform7\",\"id\":45404,\"title\":\"TRESP-comercial\",\"fields\":{\"subject\":{\"first_name\":\"your-name\",\"email\":\"your-email\"},\"preferences\":{\"terms\":\"your-consent\"}}};\r\n\t\t\t\t\tvar huFormNode = document.querySelector( '[id^=\"wpcf7-f45404-\"] form' );\r\n\r\n\t\t\t\t\thuFormData['node'] = huFormNode;\r\n\t\t\t\t\thuOptions['forms'].push( huFormData );\r\n\t\t\t\t}\r\n\t\t\t\t<\/script>\n<\/div>\n\n\n\n<div class=\"wp-block-column is-layout-flow wp-block-column-is-layout-flow\" style=\"flex-basis:20%\"><\/div>\n<\/div>\n\n\n\n<div style=\"height:40px\" aria-hidden=\"true\" class=\"wp-block-spacer\"><\/div>\n\n\n\n<p class=\"has-text-align-center has-large-font-size\">Volvo Partners<\/p>\n\n\n\n<div class=\"wp-block-image\"><figure class=\"aligncenter size-full is-resized\"><a href=\"https:\/\/www.volvo.com\/en\/\" target=\"_blank\" rel=\"nofollow noopener\"><img loading=\"lazy\" decoding=\"async\" src=\"https:\/\/www.tele-radio.com\/app\/uploads\/volvo-nuevo-logo-2023-1632412589.webp\" alt=\"Logo Volvo\" class=\"wp-image-86989\" width=\"123\" height=\"123\" srcset=\"https:\/\/www.tele-radio.com\/app\/uploads\/volvo-nuevo-logo-2023-1632412589.webp 491w, https:\/\/www.tele-radio.com\/app\/uploads\/volvo-nuevo-logo-2023-1632412589-400x400.webp 400w, https:\/\/www.tele-radio.com\/app\/uploads\/volvo-nuevo-logo-2023-1632412589-150x150.webp 150w, https:\/\/www.tele-radio.com\/app\/uploads\/volvo-nuevo-logo-2023-1632412589-250x250.webp 250w\" sizes=\"auto, (max-width: 123px) 100vw, 123px\" \/><\/a><\/figure><\/div>\n\n\n\n<div style=\"height:40px\" aria-hidden=\"true\" class=\"wp-block-spacer\"><\/div>\n","protected":false},"excerpt":{"rendered":"<p>Sistema TEQ de Control Remoto para Camiones TEQ es un sistema inal\u00e1mbrico de Tele Radio capaz de trabajar con camiones Volvo trucks que usan la interfaz external steering (conocida como EXSTER). El mando o transmisor puede ser est\u00e1ndar o personalizado. La versi\u00f3n est\u00e1ndar permite controlar el cami\u00f3n: arrancar\/parar, giro del volante, mover hacia delante\/atr\u00e1s, claxon, [&hellip;]<\/p>\n","protected":false},"author":54,"featured_media":0,"parent":0,"menu_order":0,"comment_status":"closed","ping_status":"closed","template":"","meta":{"_acf_changed":false,"footnotes":""},"class_list":["post-87616","page","type-page","status-publish","hentry"],"acf":[],"_links":{"self":[{"href":"https:\/\/www.tele-radio.com\/es\/wp-json\/wp\/v2\/pages\/87616","targetHints":{"allow":["GET"]}}],"collection":[{"href":"https:\/\/www.tele-radio.com\/es\/wp-json\/wp\/v2\/pages"}],"about":[{"href":"https:\/\/www.tele-radio.com\/es\/wp-json\/wp\/v2\/types\/page"}],"author":[{"embeddable":true,"href":"https:\/\/www.tele-radio.com\/es\/wp-json\/wp\/v2\/users\/54"}],"replies":[{"embeddable":true,"href":"https:\/\/www.tele-radio.com\/es\/wp-json\/wp\/v2\/comments?post=87616"}],"version-history":[{"count":11,"href":"https:\/\/www.tele-radio.com\/es\/wp-json\/wp\/v2\/pages\/87616\/revisions"}],"predecessor-version":[{"id":111003,"href":"https:\/\/www.tele-radio.com\/es\/wp-json\/wp\/v2\/pages\/87616\/revisions\/111003"}],"wp:attachment":[{"href":"https:\/\/www.tele-radio.com\/es\/wp-json\/wp\/v2\/media?parent=87616"}],"curies":[{"name":"wp","href":"https:\/\/api.w.org\/{rel}","templated":true}]}}