{"id":7028,"date":"2018-05-04T14:46:49","date_gmt":"2018-05-04T14:46:49","guid":{"rendered":"https:\/\/www.tele-radio.com\/contact-us\/"},"modified":"2023-03-08T09:10:40","modified_gmt":"2023-03-08T09:10:40","slug":"contactanos","status":"publish","type":"page","link":"https:\/\/www.tele-radio.com\/es\/contactanos\/","title":{"rendered":"Cont\u00e1ctanos"},"content":{"rendered":"\n<div style=\"padding-bottom: 45%;\">\n<iframe src=\"https:\/\/www.google.com\/maps\/d\/u\/0\/embed?mid=1lTtAGS9lmdIH3yaMFZkezffygP99mDY&amp;ehbc=2E312F\" aria-hidden=\"true\" frameborder=\"0\" tabindex=\"-1\" style=\"position: absolute; width: 100%; height: 65%; top: 0px; left: 0px; border: none;\"><\/iframe><\/div>\n\n\n\n<div style=\"height:10px\" aria-hidden=\"true\" class=\"wp-block-spacer\"><\/div>\n\n\n\n<div class=\"wp-block-columns is-layout-flex wp-container-core-columns-is-layout-9d6595d7 wp-block-columns-is-layout-flex\">\n<div class=\"wp-block-column is-layout-flow wp-block-column-is-layout-flow\" style=\"flex-basis:33.34%\">\n<div class=\"wp-block-cover aligncenter is-light\" style=\"min-height:250px;aspect-ratio:unset;\"><span aria-hidden=\"true\" class=\"has-background-dim-100 wp-block-cover__gradient-background has-background-dim\" style=\"background-color:#efefef\"><\/span><div class=\"wp-block-cover__inner-container is-layout-flow wp-block-cover-is-layout-flow\">\n<div class=\"wp-block-image\"><figure class=\"aligncenter size-full is-resized\"><a href=\"mailto:contactoweb@teleradio.com\"><img loading=\"lazy\" decoding=\"async\" src=\"https:\/\/www.tele-radio.com\/app\/uploads\/email.webp\" alt=\"\" class=\"wp-image-84295\" width=\"48\" height=\"48\"\/><\/a><\/figure><\/div>\n\n\n\n<p align=\"center\"><strong><a href=\"mailto:contactoweb@teleradio.com\" style=\"color: #000000;\">contactoweb@teleradio.com<\/a><\/strong><\/p>\n<\/div><\/div>\n<\/div>\n\n\n\n<div class=\"wp-block-column is-layout-flow wp-block-column-is-layout-flow\" style=\"flex-basis:33.34%\">\n<div class=\"wp-block-cover aligncenter is-light\" style=\"min-height:250px;aspect-ratio:unset;\"><span aria-hidden=\"true\" class=\"has-background-dim-100 wp-block-cover__gradient-background has-background-dim\" style=\"background-color:#efefef\"><\/span><div class=\"wp-block-cover__inner-container is-layout-flow wp-block-cover-is-layout-flow\">\n<div class=\"wp-block-image\"><figure class=\"aligncenter size-full is-resized\"><a href=\"tel:+34935750660\"><img loading=\"lazy\" decoding=\"async\" src=\"https:\/\/www.tele-radio.com\/app\/uploads\/call.webp\" alt=\"\" class=\"wp-image-84249\" width=\"48\" height=\"48\"\/><\/a><\/figure><\/div>\n\n\n\n<p align=\"center\"><strong><a href=\"tel:+34935750660\" style=\"color: #000000;\">+34 935 75 06 60<\/a><\/strong><\/p>\n\n\n\n<p style=\"font-size:16px\">Lunes a Jueves: 8:30-17:00<br>Viernes: 7:30-16:00<\/p>\n<\/div><\/div>\n<\/div>\n\n\n\n<div class=\"wp-block-column is-layout-flow wp-block-column-is-layout-flow\" style=\"flex-basis:33.33%\">\n<div class=\"wp-block-cover aligncenter is-light\" style=\"min-height:250px;aspect-ratio:unset;\"><span aria-hidden=\"true\" class=\"has-background-dim-100 wp-block-cover__gradient-background has-background-dim\" style=\"background-color:#efefef\"><\/span><div class=\"wp-block-cover__inner-container is-layout-flow wp-block-cover-is-layout-flow\">\n<div class=\"wp-block-image\"><figure class=\"aligncenter size-full is-resized\"><a href=\"https:\/\/goo.gl\/maps\/ymLdtzqgz7hmmefz8\" target=\"_blank\" rel=\"noopener\"><img loading=\"lazy\" decoding=\"async\" src=\"https:\/\/www.tele-radio.com\/app\/uploads\/maps-and-flags.webp\" alt=\"\" class=\"wp-image-84272\" width=\"48\" height=\"48\"\/><\/a><\/figure><\/div>\n\n\n\n<p align=\"center\"><strong><a href=\"https:\/\/goo.gl\/maps\/ymLdtzqgz7hmmefz8\" target=\"_blank\" aria-label=\"undefined (opens in a new tab)\" rel=\"noreferrer noopener\" style=\"color: #000000;\">Tele Radio SL<\/a><\/strong><\/p>\n\n\n\n<p style=\"font-size:16px\">C\/ Beat Oriol, 1; Planta 2-12<br>Montcada i Reixac, Barcelona \u2013 08110, Espa\u00f1a<\/p>\n<\/div><\/div>\n<\/div>\n<\/div>\n\n\n\n<div style=\"height:30px\" aria-hidden=\"true\" class=\"wp-block-spacer\"><\/div>\n\n\n\n<div class=\"wp-block-columns are-vertically-aligned-bottom is-layout-flex wp-container-core-columns-is-layout-9d6595d7 wp-block-columns-is-layout-flex\">\n<div class=\"wp-block-column is-vertically-aligned-bottom is-layout-flow wp-block-column-is-layout-flow\">\n<div class=\"wp-block-image\"><figure class=\"aligncenter size-full\"><img loading=\"lazy\" decoding=\"async\" width=\"500\" height=\"250\" src=\"https:\/\/www.tele-radio.com\/app\/uploads\/Miguel-Tellez.jpg\" alt=\"\" class=\"wp-image-12713\" srcset=\"https:\/\/www.tele-radio.com\/app\/uploads\/Miguel-Tellez.jpg 500w, https:\/\/www.tele-radio.com\/app\/uploads\/Miguel-Tellez-400x200.jpg 400w, https:\/\/www.tele-radio.com\/app\/uploads\/Miguel-Tellez-360x180.jpg 360w\" sizes=\"auto, (max-width: 500px) 100vw, 500px\" \/><\/figure><\/div>\n\n\n\n<p style=\"font-size:16px\"><strong>Miguel \u00c1ngel T\u00e9llez<\/strong><br>Managing director<\/p>\n<\/div>\n\n\n\n<div class=\"wp-block-column is-vertically-aligned-bottom is-layout-flow wp-block-column-is-layout-flow\">\n<div class=\"wp-block-image\"><figure class=\"aligncenter size-full\"><img loading=\"lazy\" decoding=\"async\" width=\"720\" height=\"360\" src=\"https:\/\/www.tele-radio.com\/app\/uploads\/alex-tellez-1.jpg\" alt=\"\" class=\"wp-image-82700\" srcset=\"https:\/\/www.tele-radio.com\/app\/uploads\/alex-tellez-1.jpg 720w, https:\/\/www.tele-radio.com\/app\/uploads\/alex-tellez-1-400x200.jpg 400w, https:\/\/www.tele-radio.com\/app\/uploads\/alex-tellez-1-360x180.jpg 360w, https:\/\/www.tele-radio.com\/app\/uploads\/alex-tellez-1-500x250.jpg 500w\" sizes=\"auto, (max-width: 720px) 100vw, 720px\" \/><\/figure><\/div>\n\n\n\n<p style=\"font-size:16px\"><strong>\u00c1lex T\u00e9llez<\/strong><br>Deputy manager<\/p>\n<\/div>\n\n\n\n<div class=\"wp-block-column is-vertically-aligned-bottom is-layout-flow wp-block-column-is-layout-flow\">\n<div class=\"wp-block-image\"><figure class=\"aligncenter size-full\"><img loading=\"lazy\" decoding=\"async\" width=\"500\" height=\"250\" src=\"https:\/\/www.tele-radio.com\/app\/uploads\/Dario-Villuendas.jpg\" alt=\"\" class=\"wp-image-12695\" srcset=\"https:\/\/www.tele-radio.com\/app\/uploads\/Dario-Villuendas.jpg 500w, https:\/\/www.tele-radio.com\/app\/uploads\/Dario-Villuendas-400x200.jpg 400w, https:\/\/www.tele-radio.com\/app\/uploads\/Dario-Villuendas-360x180.jpg 360w\" sizes=\"auto, (max-width: 500px) 100vw, 500px\" \/><\/figure><\/div>\n\n\n\n<p style=\"font-size:16px\"><strong>Dar\u00edo Villuendas<\/strong><br>Financial administration<\/p>\n<\/div>\n\n\n\n<div class=\"wp-block-column is-vertically-aligned-bottom is-layout-flow wp-block-column-is-layout-flow\">\n<div class=\"wp-block-image\"><figure class=\"aligncenter size-full\"><img loading=\"lazy\" decoding=\"async\" width=\"500\" height=\"250\" src=\"https:\/\/www.tele-radio.com\/app\/uploads\/Moises-Prados.jpg\" alt=\"\" class=\"wp-image-12731\" srcset=\"https:\/\/www.tele-radio.com\/app\/uploads\/Moises-Prados.jpg 500w, https:\/\/www.tele-radio.com\/app\/uploads\/Moises-Prados-400x200.jpg 400w, https:\/\/www.tele-radio.com\/app\/uploads\/Moises-Prados-360x180.jpg 360w\" sizes=\"auto, (max-width: 500px) 100vw, 500px\" \/><\/figure><\/div>\n\n\n\n<p style=\"font-size:16px\"><strong>Mois\u00e9s Prados<\/strong><br>Chief technical &amp; service support<\/p>\n<\/div>\n<\/div>\n\n\n\n<div class=\"wp-block-columns are-vertically-aligned-bottom is-layout-flex wp-container-core-columns-is-layout-9d6595d7 wp-block-columns-is-layout-flex\">\n<div class=\"wp-block-column is-vertically-aligned-bottom is-layout-flow wp-block-column-is-layout-flow\">\n<div class=\"wp-block-image\"><figure class=\"aligncenter size-full\"><img loading=\"lazy\" decoding=\"async\" width=\"500\" height=\"250\" src=\"https:\/\/www.tele-radio.com\/app\/uploads\/Daniel-Fuentes.jpg\" alt=\"\" class=\"wp-image-12677\" srcset=\"https:\/\/www.tele-radio.com\/app\/uploads\/Daniel-Fuentes.jpg 500w, https:\/\/www.tele-radio.com\/app\/uploads\/Daniel-Fuentes-400x200.jpg 400w, https:\/\/www.tele-radio.com\/app\/uploads\/Daniel-Fuentes-360x180.jpg 360w\" sizes=\"auto, (max-width: 500px) 100vw, 500px\" \/><\/figure><\/div>\n\n\n\n<p style=\"font-size:16px\"><strong>Daniel Fuentes<\/strong><br>Technical &amp; service support<\/p>\n<\/div>\n\n\n\n<div class=\"wp-block-column is-vertically-aligned-bottom is-layout-flow wp-block-column-is-layout-flow\">\n<div class=\"wp-block-image\"><figure class=\"aligncenter size-full\"><img loading=\"lazy\" decoding=\"async\" width=\"480\" height=\"240\" src=\"https:\/\/www.tele-radio.com\/app\/uploads\/ferran-1.webp\" alt=\"\" class=\"wp-image-79957\" srcset=\"https:\/\/www.tele-radio.com\/app\/uploads\/ferran-1.webp 480w, https:\/\/www.tele-radio.com\/app\/uploads\/ferran-1-400x200.webp 400w, https:\/\/www.tele-radio.com\/app\/uploads\/ferran-1-360x180.webp 360w\" sizes=\"auto, (max-width: 480px) 100vw, 480px\" \/><\/figure><\/div>\n\n\n\n<p style=\"font-size:16px\"><strong>Ferr\u00e1n Riera<\/strong><br>Sales<\/p>\n<\/div>\n\n\n\n<div class=\"wp-block-column is-vertically-aligned-bottom is-layout-flow wp-block-column-is-layout-flow\">\n<div class=\"wp-block-image\"><figure class=\"aligncenter size-full\"><img loading=\"lazy\" decoding=\"async\" width=\"1090\" height=\"540\" src=\"https:\/\/www.tele-radio.com\/app\/uploads\/ivan-web.jpg\" alt=\"\" class=\"wp-image-98349\" srcset=\"https:\/\/www.tele-radio.com\/app\/uploads\/ivan-web.jpg 1090w, https:\/\/www.tele-radio.com\/app\/uploads\/ivan-web-400x198.jpg 400w, https:\/\/www.tele-radio.com\/app\/uploads\/ivan-web-768x380.jpg 768w, https:\/\/www.tele-radio.com\/app\/uploads\/ivan-web-750x372.jpg 750w, https:\/\/www.tele-radio.com\/app\/uploads\/ivan-web-500x248.jpg 500w, https:\/\/www.tele-radio.com\/app\/uploads\/ivan-web-800x396.jpg 800w\" sizes=\"auto, (max-width: 1090px) 100vw, 1090px\" \/><\/figure><\/div>\n\n\n\n<p style=\"font-size:16px\"><strong>Iv\u00e1n Almellones<\/strong><br>Marketing<\/p>\n<\/div>\n\n\n\n<div class=\"wp-block-column is-vertically-aligned-bottom is-layout-flow wp-block-column-is-layout-flow\">\n<figure class=\"wp-block-image size-full\"><img loading=\"lazy\" decoding=\"async\" width=\"1000\" height=\"563\" src=\"https:\/\/www.tele-radio.com\/app\/uploads\/pau-1-edited.jpg\" alt=\"\" class=\"wp-image-146857\" srcset=\"https:\/\/www.tele-radio.com\/app\/uploads\/pau-1-edited.jpg 1000w, https:\/\/www.tele-radio.com\/app\/uploads\/pau-1-edited-400x225.jpg 400w, https:\/\/www.tele-radio.com\/app\/uploads\/pau-1-edited-768x432.jpg 768w, https:\/\/www.tele-radio.com\/app\/uploads\/pau-1-edited-750x422.jpg 750w, https:\/\/www.tele-radio.com\/app\/uploads\/pau-1-edited-500x282.jpg 500w, https:\/\/www.tele-radio.com\/app\/uploads\/pau-1-edited-800x450.jpg 800w\" sizes=\"auto, (max-width: 1000px) 100vw, 1000px\" \/><\/figure>\n\n\n\n<p style=\"font-size:16px\"><strong>Pau Gal\u00e9s<\/strong><br>Administrative &amp; logistics<\/p>\n<\/div>\n<\/div>\n\n\n\n<div class=\"wp-block-columns are-vertically-aligned-bottom is-layout-flex wp-container-core-columns-is-layout-9d6595d7 wp-block-columns-is-layout-flex\">\n<div class=\"wp-block-column is-vertically-aligned-bottom is-layout-flow wp-block-column-is-layout-flow\">\n<div class=\"wp-block-image\"><figure class=\"aligncenter size-large\"><img loading=\"lazy\" decoding=\"async\" width=\"1200\" height=\"600\" src=\"https:\/\/www.tele-radio.com\/app\/uploads\/\/Foto-David-Prados-1200x600.jpg\" alt=\"David Prados\" class=\"wp-image-144772\" srcset=\"https:\/\/www.tele-radio.com\/app\/uploads\/Foto-David-Prados-1200x600.jpg 1200w, https:\/\/www.tele-radio.com\/app\/uploads\/Foto-David-Prados-400x200.jpg 400w, https:\/\/www.tele-radio.com\/app\/uploads\/Foto-David-Prados-768x384.jpg 768w, https:\/\/www.tele-radio.com\/app\/uploads\/Foto-David-Prados-1536x768.jpg 1536w, https:\/\/www.tele-radio.com\/app\/uploads\/Foto-David-Prados-2048x1024.jpg 2048w, https:\/\/www.tele-radio.com\/app\/uploads\/Foto-David-Prados-360x180.jpg 360w, https:\/\/www.tele-radio.com\/app\/uploads\/Foto-David-Prados-750x375.jpg 750w, https:\/\/www.tele-radio.com\/app\/uploads\/Foto-David-Prados-500x250.jpg 500w, https:\/\/www.tele-radio.com\/app\/uploads\/Foto-David-Prados-1600x800.jpg 1600w, https:\/\/www.tele-radio.com\/app\/uploads\/Foto-David-Prados-800x400.jpg 800w\" sizes=\"auto, (max-width: 1200px) 100vw, 1200px\" \/><\/figure><\/div>\n\n\n\n<p style=\"font-size:16px\"><strong>David Prados<\/strong><br>Production<\/p>\n<\/div>\n\n\n\n<div class=\"wp-block-column is-vertically-aligned-bottom is-layout-flow wp-block-column-is-layout-flow\"><\/div>\n\n\n\n<div class=\"wp-block-column is-vertically-aligned-bottom is-layout-flow wp-block-column-is-layout-flow\"><\/div>\n\n\n\n<div class=\"wp-block-column is-vertically-aligned-bottom is-layout-flow wp-block-column-is-layout-flow\"><\/div>\n<\/div>\n\n\n\n<div style=\"height:30px\" aria-hidden=\"true\" class=\"wp-block-spacer\"><\/div>\n\n\n\n<div class=\"wp-block-cover is-light\" style=\"min-height:250px;aspect-ratio:unset;\"><span aria-hidden=\"true\" class=\"has-background-dim-100 wp-block-cover__gradient-background has-background-dim\" style=\"background-color:#ffb300\"><\/span><div class=\"wp-block-cover__inner-container is-layout-flow wp-block-cover-is-layout-flow\">\n<div class=\"wp-block-image\"><figure class=\"aligncenter size-full is-resized\"><img loading=\"lazy\" decoding=\"async\" src=\"https:\/\/www.tele-radio.com\/app\/uploads\/navigation.png\" alt=\"\" class=\"wp-image-84339\" width=\"64\" height=\"64\"\/><\/figure><\/div>\n\n\n\n<p class=\"has-text-align-center has-medium-font-size\"><strong>\u00bfBuscas otra filial?<\/strong><\/p>\n\n\n\n<div class=\"wp-block-buttons is-content-justification-center is-layout-flex wp-container-core-buttons-is-layout-16018d1d wp-block-buttons-is-layout-flex\">\n<div class=\"wp-block-button\"><a class=\"wp-block-button__link\" href=\"https:\/\/www.tele-radio.com\/es\/contactanos\/\" style=\"border-radius:10px\"><strong>Contacto global<\/strong><\/a><\/div>\n<\/div>\n<\/div><\/div>\n\n\n\n<p><\/p>\n","protected":false},"excerpt":{"rendered":"<p>Miguel \u00c1ngel T\u00e9llezManaging director \u00c1lex T\u00e9llezDeputy manager Dar\u00edo VilluendasFinancial administration Mois\u00e9s PradosChief technical &amp; service support Daniel FuentesTechnical &amp; service support Ferr\u00e1n RieraSales Iv\u00e1n AlmellonesMarketing Pau Gal\u00e9sAdministrative &amp; logistics David PradosProduction<\/p>\n","protected":false},"author":1,"featured_media":0,"parent":0,"menu_order":0,"comment_status":"closed","ping_status":"closed","template":"page-templates\/sales.php","meta":{"_acf_changed":false,"footnotes":""},"class_list":["post-7028","page","type-page","status-publish","hentry"],"acf":[],"_links":{"self":[{"href":"https:\/\/www.tele-radio.com\/es\/wp-json\/wp\/v2\/pages\/7028","targetHints":{"allow":["GET"]}}],"collection":[{"href":"https:\/\/www.tele-radio.com\/es\/wp-json\/wp\/v2\/pages"}],"about":[{"href":"https:\/\/www.tele-radio.com\/es\/wp-json\/wp\/v2\/types\/page"}],"author":[{"embeddable":true,"href":"https:\/\/www.tele-radio.com\/es\/wp-json\/wp\/v2\/users\/1"}],"replies":[{"embeddable":true,"href":"https:\/\/www.tele-radio.com\/es\/wp-json\/wp\/v2\/comments?post=7028"}],"version-history":[{"count":14,"href":"https:\/\/www.tele-radio.com\/es\/wp-json\/wp\/v2\/pages\/7028\/revisions"}],"predecessor-version":[{"id":146909,"href":"https:\/\/www.tele-radio.com\/es\/wp-json\/wp\/v2\/pages\/7028\/revisions\/146909"}],"wp:attachment":[{"href":"https:\/\/www.tele-radio.com\/es\/wp-json\/wp\/v2\/media?parent=7028"}],"curies":[{"name":"wp","href":"https:\/\/api.w.org\/{rel}","templated":true}]}}