{"id":6968,"date":"2018-05-04T14:35:06","date_gmt":"2018-05-04T14:35:06","guid":{"rendered":"https:\/\/www.tele-radio.com\/start\/"},"modified":"2025-12-10T16:57:15","modified_gmt":"2025-12-10T16:57:15","slug":"start","status":"publish","type":"page","link":"https:\/\/www.tele-radio.com\/es\/","title":{"rendered":"Inicio"},"content":{"rendered":"\n<h2 class=\"wp-block-heading has-text-align-left\">Telemandos industriales<\/h2>\n\n\n\n<p class=\"has-text-align-left\">Los sistemas de control remoto industrial, tambi\u00e9n denominados telemandos industriales, mando a distancia industrial o radiocontrol industrial est\u00e1n fabricados para trabajar en entornos hostiles con la gama m\u00e1s amplia del mercado en transmisores y receptores robustos y duraderos.<\/p>\n\n\n\n<figure class=\"wp-block-image size-large\"><img loading=\"lazy\" decoding=\"async\" width=\"1200\" height=\"239\" src=\"https:\/\/www.tele-radio.com\/app\/uploads\/Controles-remotos-industriales-teleradio.jpg\" alt=\"Telemandos industriales Tele Radio\" class=\"wp-image-61011\" srcset=\"https:\/\/www.tele-radio.com\/app\/uploads\/Controles-remotos-industriales-teleradio.jpg 1200w, https:\/\/www.tele-radio.com\/app\/uploads\/Controles-remotos-industriales-teleradio-400x80.jpg 400w, https:\/\/www.tele-radio.com\/app\/uploads\/Controles-remotos-industriales-teleradio-768x153.jpg 768w, https:\/\/www.tele-radio.com\/app\/uploads\/Controles-remotos-industriales-teleradio-750x149.jpg 750w, https:\/\/www.tele-radio.com\/app\/uploads\/Controles-remotos-industriales-teleradio-500x100.jpg 500w, https:\/\/www.tele-radio.com\/app\/uploads\/Controles-remotos-industriales-teleradio-800x159.jpg 800w\" sizes=\"auto, (max-width: 1200px) 100vw, 1200px\" \/><\/figure>\n\n\n\n<p class=\"has-text-align-left\">Nuestros <strong>telemandos industriales&nbsp;<\/strong>est\u00e1n dise\u00f1ados de acuerdo a la mayor calidad y teniendo en cuenta la seguridad de los operadores y viandantes en todo momento. Adem\u00e1s, los accesorios est\u00e1n pensados para aumentar estas caracter\u00edsticas y mejorar los beneficios del control remoto.<\/p>\n\n\n\n<div class=\"wp-block-buttons is-horizontal is-content-justification-center is-layout-flex wp-container-core-buttons-is-layout-499968f5 wp-block-buttons-is-layout-flex\">\n<div class=\"wp-block-button\"><a class=\"wp-block-button__link wp-element-button\" href=\"https:\/\/www.tele-radio.com\/es\/productos\/\"><strong>Ver todos los telemandos industriales y accesorios<\/strong><\/a><\/div>\n<\/div>\n\n\n\n<div style=\"height:30px\" aria-hidden=\"true\" class=\"wp-block-spacer\"><\/div>\n\n\n\n<h2 class=\"wp-block-heading\">Realizamos nuestra propia investigaci\u00f3n y desarrollo de telemandos industriales<\/h2>\n\n\n\n<p>Con m\u00e1s de 65 a\u00f1os de experiencia, disponemos de un s\u00f3lido conocimiento y amplia experiencia contrastada en sistemas de <strong>control remoto industrial<\/strong>. Nuestra misi\u00f3n es proporcionar soluciones inal\u00e1mbricas para entornos industriales, con productos robustos y fiables, utilizando la tecnolog\u00eda m\u00e1s avanzada para una mejor experiencia controlando su aplicaci\u00f3n de forma segura.<\/p>\n\n\n\n<div class=\"wp-block-columns is-layout-flex wp-container-core-columns-is-layout-9d6595d7 wp-block-columns-is-layout-flex\">\n<div class=\"wp-block-column yellcolumns is-layout-flow wp-block-column-is-layout-flow\"><div class=\"wp-block-image\">\n<figure class=\"aligncenter\"><img decoding=\"async\" src=\"https:\/\/www.tele-radio.com\/app\/uploads\/reparar-control-remoto-espa\u00f1a-teleradio.png\" alt=\"Fabricantes de Telemandos Industriales Espa\u00f1a\" class=\"wp-image-36128\"\/><\/figure><\/div>\n\n\n<h2 class=\"wp-block-heading has-text-align-center has-very-dark-gray-color has-text-color\">Somos Fabricantes<\/h2>\n\n\n\n<p class=\"has-text-align-center has-very-dark-gray-color has-text-color\">Disponemos de stock y servicio t\u00e9cnico <strong>directo<\/strong><br>para Espa\u00f1a y Portugal<\/p>\n<\/div>\n\n\n\n<div class=\"wp-block-column yellcolumns is-layout-flow wp-block-column-is-layout-flow\"><div class=\"wp-block-image\">\n<figure class=\"aligncenter size-full is-resized\"><img loading=\"lazy\" decoding=\"async\" width=\"230\" height=\"140\" src=\"https:\/\/www.tele-radio.com\/app\/uploads\/stock-inmediato.png\" alt=\"Env\u00edo inmediato\" class=\"wp-image-36188\" style=\"width:173px;height:105px\"\/><\/figure><\/div>\n\n\n<h2 class=\"wp-block-heading has-text-align-center has-very-dark-gray-color has-text-color\">Stock Permanente<\/h2>\n\n\n\n<p class=\"has-text-align-center has-very-dark-gray-color has-text-color\"><strong>Env\u00edo inmediato<\/strong> de sistemas de control remoto industrial.<br>Aproximadamente 8 semanas en equipos de pupitre personalizados<\/p>\n<\/div>\n\n\n\n<div class=\"wp-block-column yellcolumns is-layout-flow wp-block-column-is-layout-flow\"><div class=\"wp-block-image\">\n<figure class=\"aligncenter\"><img loading=\"lazy\" decoding=\"async\" width=\"100\" height=\"100\" src=\"https:\/\/www.tele-radio.com\/app\/uploads\/soporte-local-teleradio.png\" alt=\"Servicio t\u00e9cnico en Espa\u00f1a de Telemandos Industriales\" class=\"wp-image-36148\"\/><\/figure><\/div>\n\n\n<h2 class=\"wp-block-heading has-text-align-center has-very-dark-gray-color has-text-color\">Soporte Local<\/h2>\n\n\n\n<p class=\"has-text-align-center has-very-dark-gray-color has-text-color\"><strong>Reparaciones desde Espa\u00f1a<\/strong> de Telemandos Industriales<br>en tan solo 24-48h<\/p>\n<\/div>\n<\/div>\n\n\n\n<h2 class=\"wp-block-heading\">Sistemas de control remoto industrial seguro<\/h2>\n\n\n\n<div class=\"wp-block-columns are-vertically-aligned-center is-layout-flex wp-container-core-columns-is-layout-9d6595d7 wp-block-columns-is-layout-flex\">\n<div class=\"wp-block-column is-vertically-aligned-center is-layout-flow wp-block-column-is-layout-flow\" style=\"flex-basis:25%\"><div class=\"wp-block-image\">\n<figure class=\"alignleft size-large\"><img loading=\"lazy\" decoding=\"async\" width=\"293\" height=\"184\" src=\"https:\/\/www.tele-radio.com\/app\/uploads\/tiger_group-e1526210190711.png\" alt=\"Telemandos Industriales\" class=\"wp-image-9293\"\/><\/figure><\/div>\n\n\n<p><\/p>\n<\/div>\n\n\n\n<div class=\"wp-block-column is-vertically-aligned-center is-layout-flow wp-block-column-is-layout-flow\" style=\"flex-basis:75%\">\n<p>La seguridad es nuestra gran preocupaci\u00f3n, siendo una empresa sueca y dedic\u00e1ndonos al entorno industrial, la seguridad es parte de nuestra esencia. Realizamos un gran esfuerzo para que nuestros productos sean lo m\u00e1s seguros posible y para que cada&nbsp;<strong>telemando industrial<\/strong>&nbsp;que desarrollamos, cumpla con los m\u00e1s altos est\u00e1ndares de seguridad. Adem\u00e1s, disponemos de los certificados oficiales para respaldar dichas afirmaciones.<\/p>\n\n\n\n<p>Nuestros <strong>sistemas de control remoto <\/strong>tambi\u00e9n son robustos y resistentes. Sabemos que nuestros transmisores industriales se suelen caer, o recibir golpes y salpicaduras debido al entorno donde trabajan, o incluso atropellos. Por ello, lo tuvimos en cuenta cuando los dise\u00f1amos. Est\u00e1n pensados y fabricados para ser utilizados en condiciones extremas en su d\u00eda a d\u00eda.<\/p>\n<\/div>\n<\/div>\n","protected":false},"excerpt":{"rendered":"<p>Telemandos industriales Los sistemas de control remoto industrial, tambi\u00e9n denominados telemandos industriales, mando a distancia industrial o radiocontrol industrial est\u00e1n fabricados para trabajar en entornos hostiles con la gama m\u00e1s amplia del mercado en transmisores y receptores robustos y duraderos. Nuestros telemandos industriales&nbsp;est\u00e1n dise\u00f1ados de acuerdo a la mayor calidad y teniendo en cuenta la [&hellip;]<\/p>\n","protected":false},"author":1,"featured_media":24958,"parent":0,"menu_order":0,"comment_status":"closed","ping_status":"closed","template":"","meta":{"_acf_changed":false,"footnotes":""},"class_list":["post-6968","page","type-page","status-publish","has-post-thumbnail","hentry"],"acf":[],"_links":{"self":[{"href":"https:\/\/www.tele-radio.com\/es\/wp-json\/wp\/v2\/pages\/6968","targetHints":{"allow":["GET"]}}],"collection":[{"href":"https:\/\/www.tele-radio.com\/es\/wp-json\/wp\/v2\/pages"}],"about":[{"href":"https:\/\/www.tele-radio.com\/es\/wp-json\/wp\/v2\/types\/page"}],"author":[{"embeddable":true,"href":"https:\/\/www.tele-radio.com\/es\/wp-json\/wp\/v2\/users\/1"}],"replies":[{"embeddable":true,"href":"https:\/\/www.tele-radio.com\/es\/wp-json\/wp\/v2\/comments?post=6968"}],"version-history":[{"count":197,"href":"https:\/\/www.tele-radio.com\/es\/wp-json\/wp\/v2\/pages\/6968\/revisions"}],"predecessor-version":[{"id":275389,"href":"https:\/\/www.tele-radio.com\/es\/wp-json\/wp\/v2\/pages\/6968\/revisions\/275389"}],"wp:featuredmedia":[{"embeddable":true,"href":"https:\/\/www.tele-radio.com\/es\/wp-json\/wp\/v2\/media\/24958"}],"wp:attachment":[{"href":"https:\/\/www.tele-radio.com\/es\/wp-json\/wp\/v2\/media?parent=6968"}],"curies":[{"name":"wp","href":"https:\/\/api.w.org\/{rel}","templated":true}]}}