{"id":6547,"date":"2018-05-14T06:12:23","date_gmt":"2018-05-14T06:12:23","guid":{"rendered":"https:\/\/www.tele-radio.com\/thames-reinforcements-ltd\/"},"modified":"2019-12-18T11:46:18","modified_gmt":"2019-12-18T11:46:18","slug":"thames-reinforcements-ltd","status":"publish","type":"page","link":"https:\/\/www.tele-radio.com\/es\/thames-reinforcements-ltd\/","title":{"rendered":"Thames Reinforcements Ltd"},"content":{"rendered":"<h1>Reemplazando otras marcas<\/h1>\n<p>Thames Reinforcements Ltd es una f\u00e1brica sita en Sheerness, Kent, construida con el \u00fanico prop\u00f3sito de fabricar barras de refuerzo de acero. La capacidad de la f\u00e1brica alcanza 1500 toneladas de refuerzos de acero cortados y doblados aprobados por CARES cada semana. Thames comenz\u00f3 con un control remoto de otra marca, pero descubrieron que el duro ambiente en la producci\u00f3n de acero es muy exigente para los controles remotos. Despu\u00e9s de percatarse que los controles remotos apenas duraban un mes, comenzaron a buscar un reemplazo de calidad. Decidieron probar Tele Radio e instalaron el sistema Tiger en sus gr\u00faas. Optaron por el transmisor Tiger T9-1 y utilizaron dos transmisores para cada gr\u00faa debido a los turnos de trabajo de 24 horas. En total, la f\u00e1brica tiene tres puentes gr\u00faas, cada una equipada con un sistema Tiger.<\/p>\n<p>Tras un a\u00f1o de funcionamiento las 24 horas del d\u00eda, solo se necesitaron reemplazar dos transmisores. Las gr\u00faas fueron reemplazadas y trasladadas a su planta de Nottingham, donde los sistemas contin\u00faan funcionando sin fallas. Se instalaron nuevas gr\u00faas Demag en la planta de Kent que ven\u00edan con la soluci\u00f3n de radio control est\u00e1ndar. Despu\u00e9s de s\u00f3lo un mes, el primer control remoto se rompi\u00f3, lo que llev\u00f3 a Tomasz Fraczek, gerente de mantenimiento, a comunicarse con Tele Radio para reemplazar los radio controles est\u00e1ndar por sistemas Tele Radio en su lugar.<\/p>\n<blockquote><p>&#8220;Los controles remotos Tele Radio pueden soportar innumerables abusos mec\u00e1nicos sin romperse y el tiempo de bater\u00eda es impresionante&#8221;.<\/p><\/blockquote>\n<p>Esta vez, Tele Radio instal\u00f3 una soluci\u00f3n Panther con bater\u00edas de Litio extra\u00edbles y recargables para ayudar con el servicio ininterrumpido. La bater\u00eda llega a aguantar m\u00e1s de 100 horas de servicio, un n\u00famero al que nadie m\u00e1s se acerca. Estos sistemas han estado funcionando durante meses sin falla alguna.<\/p>\n<p>Puedes leer tambi\u00e9n sobre \u00a0<a href=\"https:\/\/www.tele-radio.com\/munck-cranes-a-s\/\">las gr\u00faas Munck<\/a>\u00a0y por qu\u00e9 decidieron utilizar Tele Radio.<\/p>\n","protected":false},"excerpt":{"rendered":"<p>Reemplazando otras marcas Thames Reinforcements Ltd es una f\u00e1brica sita en Sheerness, Kent, construida con el \u00fanico prop\u00f3sito de fabricar barras de refuerzo de acero. La capacidad de la f\u00e1brica alcanza 1500 toneladas de refuerzos de acero cortados y doblados aprobados por CARES cada semana. Thames comenz\u00f3 con un control remoto de otra marca, pero [&hellip;]<\/p>\n","protected":false},"author":29,"featured_media":9761,"parent":0,"menu_order":0,"comment_status":"closed","ping_status":"closed","template":"","meta":{"_acf_changed":false,"footnotes":""},"class_list":["post-6547","page","type-page","status-publish","has-post-thumbnail","hentry"],"acf":[],"_links":{"self":[{"href":"https:\/\/www.tele-radio.com\/es\/wp-json\/wp\/v2\/pages\/6547","targetHints":{"allow":["GET"]}}],"collection":[{"href":"https:\/\/www.tele-radio.com\/es\/wp-json\/wp\/v2\/pages"}],"about":[{"href":"https:\/\/www.tele-radio.com\/es\/wp-json\/wp\/v2\/types\/page"}],"author":[{"embeddable":true,"href":"https:\/\/www.tele-radio.com\/es\/wp-json\/wp\/v2\/users\/29"}],"replies":[{"embeddable":true,"href":"https:\/\/www.tele-radio.com\/es\/wp-json\/wp\/v2\/comments?post=6547"}],"version-history":[{"count":5,"href":"https:\/\/www.tele-radio.com\/es\/wp-json\/wp\/v2\/pages\/6547\/revisions"}],"predecessor-version":[{"id":16826,"href":"https:\/\/www.tele-radio.com\/es\/wp-json\/wp\/v2\/pages\/6547\/revisions\/16826"}],"wp:featuredmedia":[{"embeddable":true,"href":"https:\/\/www.tele-radio.com\/es\/wp-json\/wp\/v2\/media\/9761"}],"wp:attachment":[{"href":"https:\/\/www.tele-radio.com\/es\/wp-json\/wp\/v2\/media?parent=6547"}],"curies":[{"name":"wp","href":"https:\/\/api.w.org\/{rel}","templated":true}]}}